{"id":1002,"date":"2021-06-02T19:55:38","date_gmt":"2021-06-02T22:55:38","guid":{"rendered":"https:\/\/mhthobbyracing.com.ar\/?post_type=product&#038;p=1002"},"modified":"2026-03-12T14:18:54","modified_gmt":"2026-03-12T17:18:54","slug":"nitrolux-fuel-off-road-5l","status":"publish","type":"product","link":"https:\/\/mhthobbyracing.com.ar\/index.php\/producto\/nitrolux-fuel-off-road-5l\/","title":{"rendered":"Nitrolux Fuel Off-Road  25% 5L"},"content":{"rendered":"<p>Nitrolux Fuel Off-Road 5L<\/p>\n<p class=\"title-content-description\">INFORMACI\u00d3N DEL PRODUCTO:<\/p>\n<p>Modelix Racing lleva fabricando combustible para radio control desde 1999 bajo la prestigiosa marca Ultimate Fuel.<\/p>\n<p>Nitrolux es una marca de combustible para motores de radio control desarrollada a partir de la experiencia en las competiciones m\u00e1s exigentes.<\/p>\n<p>En 2012 desarrollamos una nueva f\u00f3rmula llamada ENERGY de la cual estamos muy orgullosos porqu\u00e9 nos ha permitido conseguir grandes \u00e9xitos y tener presencia en numerosos pa\u00edses del mundo.<\/p>\n<p>Transcurridos unos a\u00f1os y aprovechando los importantes avances tecnol\u00f3gicos que ha habido a todos los niveles en los \u00faltimos a\u00f1os, hemos desarrollado una nueva l\u00ednea de combustibles llamada ENERGY2.<\/p>\n<p>EL objetivo de esta nueva l\u00ednea es sacar el m\u00e1ximo rendimiento de cada veh\u00edculo\/categor\u00eda de RC , por lo tanto esto requiere una f\u00f3rmula diferente para sacar el m\u00e1ximo de cada motor RC.<\/p>\n<p>Con esta nueva l\u00ednea podemos afirmar que hemos conseguido este objetivo y vamos a ofrecer lo que todo fabricante de carburantes busca para cada modelo\/categor\u00eda de RC.<\/p>\n<p>Alto rendimiento, m\u00e1xima potencia, bajo consumo, estabilidad y lo m\u00e1s importante, cuidar los motores ampliando sus vidas.<\/p>\n<p>4 Botellas \/ caja<\/p>\n<p>Aspecto: L\u00edquido dorado transl\u00facido.<\/p>\n<p>Envase: Botella\/bid\u00f3n de pl\u00e1stico negro de 1, 2 y 5L.<\/p>\n<p>Barrera U.V.<\/p>\n<p>Seg\u00fan legislaci\u00f3n actual, con indicaci\u00f3n t\u00e1ctil para personas ciegas, tap\u00f3n de seguridad para ni\u00f1os y la informaci\u00f3n del producto en la etiqueta de la botella\/bid\u00f3n.<\/p>\n<p>Composici\u00f3n: Metanol CH3OH, Nitrometano CH3NO2, aceite sint\u00e9tico con aditivos y aceite de ricino.<\/p>\n<p>Pureza del Nitrometano: &gt; 99,95%<\/p>\n<p>Uso: Coches Off-Road- ENTRENOS Y COMPETICION.<\/p>\n<p>&nbsp;<\/p>\n<p>Nitrolux Fuel Off-Road 5L<\/p>\n<p>Visit\u00e1: <a href=\"https:\/\/modelixracing.com\/es\/210-nitrolux\">https:\/\/modelixracing.com\/es\/210-nitrolux<\/a><\/p>\n<p>Te puede interesar: <a href=\"https:\/\/mhthobbyracing.com.ar\/\">https:\/\/mhthobbyracing.com.ar\/<\/a><\/p>\n<p>&nbsp;<\/p>\n","protected":false},"excerpt":{"rendered":"<p>Consultar precio!!!!<\/p>\n","protected":false},"featured_media":1003,"comment_status":"open","ping_status":"closed","template":"","meta":{"site-sidebar-layout":"default","site-content-layout":"default","ast-site-content-layout":"","site-content-style":"default","site-sidebar-style":"default","ast-global-header-display":"","ast-banner-title-visibility":"","ast-main-header-display":"","ast-hfb-above-header-display":"","ast-hfb-below-header-display":"","ast-hfb-mobile-header-display":"","site-post-title":"","ast-breadcrumbs-content":"","ast-featured-img":"","footer-sml-layout":"","theme-transparent-header-meta":"default","adv-header-id-meta":"","stick-header-meta":"","header-above-stick-meta":"","header-main-stick-meta":"","header-below-stick-meta":"","astra-migrate-meta-layouts":"default","ast-page-background-enabled":"default","ast-page-background-meta":{"desktop":{"background-color":"","background-image":"","background-repeat":"repeat","background-position":"center center","background-size":"auto","background-attachment":"scroll","background-type":"","background-media":"","overlay-type":"","overlay-color":"","overlay-opacity":"","overlay-gradient":""},"tablet":{"background-color":"","background-image":"","background-repeat":"repeat","background-position":"center center","background-size":"auto","background-attachment":"scroll","background-type":"","background-media":"","overlay-type":"","overlay-color":"","overlay-opacity":"","overlay-gradient":""},"mobile":{"background-color":"","background-image":"","background-repeat":"repeat","background-position":"center center","background-size":"auto","background-attachment":"scroll","background-type":"","background-media":"","overlay-type":"","overlay-color":"","overlay-opacity":"","overlay-gradient":""}},"ast-content-background-meta":{"desktop":{"background-color":"var(--ast-global-color-5)","background-image":"","background-repeat":"repeat","background-position":"center center","background-size":"auto","background-attachment":"scroll","background-type":"","background-media":"","overlay-type":"","overlay-color":"","overlay-opacity":"","overlay-gradient":""},"tablet":{"background-color":"var(--ast-global-color-5)","background-image":"","background-repeat":"repeat","background-position":"center center","background-size":"auto","background-attachment":"scroll","background-type":"","background-media":"","overlay-type":"","overlay-color":"","overlay-opacity":"","overlay-gradient":""},"mobile":{"background-color":"var(--ast-global-color-5)","background-image":"","background-repeat":"repeat","background-position":"center center","background-size":"auto","background-attachment":"scroll","background-type":"","background-media":"","overlay-type":"","overlay-color":"","overlay-opacity":"","overlay-gradient":""}},"_joinchat":[]},"product_brand":[],"product_cat":[34],"product_tag":[178],"class_list":{"0":"post-1002","1":"product","2":"type-product","3":"status-publish","4":"has-post-thumbnail","6":"product_cat-combustible","7":"product_tag-nitrolux-fuel","8":"desktop-align-left","9":"tablet-align-left","10":"mobile-align-left","12":"first","13":"instock","14":"shipping-taxable","15":"purchasable","16":"product-type-simple"},"yoast_head":"<!-- This site is optimized with the Yoast SEO plugin v27.5 - https:\/\/yoast.com\/product\/yoast-seo-wordpress\/ -->\n<title>Nitrolux Fuel Off-Road 5L - encontralo en MHTHOBBY Puerto Madryn<\/title>\n<meta name=\"description\" content=\"Nitrolux Fuel Off-Road 5L - La seriePro-Racing, incorpora las \u00faltimas t\u00e9cnicas disponibles,para asegurar su \u00e9xito en competici\u00f3n.\" \/>\n<meta name=\"robots\" content=\"index, follow, max-snippet:-1, max-image-preview:large, max-video-preview:-1\" \/>\n<link rel=\"canonical\" href=\"https:\/\/mhthobbyracing.com.ar\/index.php\/producto\/nitrolux-fuel-off-road-5l\/\" \/>\n<meta property=\"og:locale\" content=\"es_ES\" \/>\n<meta property=\"og:type\" content=\"article\" \/>\n<meta property=\"og:title\" content=\"Nitrolux Fuel Off-Road 5L - encontralo en MHTHOBBY Puerto Madryn\" \/>\n<meta property=\"og:description\" content=\"Nitrolux Fuel Off-Road 5L - La seriePro-Racing, incorpora las \u00faltimas t\u00e9cnicas disponibles,para asegurar su \u00e9xito en competici\u00f3n.\" \/>\n<meta property=\"og:url\" content=\"https:\/\/mhthobbyracing.com.ar\/index.php\/producto\/nitrolux-fuel-off-road-5l\/\" \/>\n<meta property=\"og:site_name\" content=\"Racing Team\" \/>\n<meta property=\"article:modified_time\" content=\"2026-03-12T17:18:54+00:00\" \/>\n<meta property=\"og:image\" content=\"https:\/\/mhthobbyracing.com.ar\/wp-content\/uploads\/2021\/06\/e0d2b48e-fcda-418f-af35-6c055ad7310c_fbb0fb5f-7cb1-434c-b465-9aa0969d83ff_grande.jpg\" \/>\n\t<meta property=\"og:image:width\" content=\"600\" \/>\n\t<meta property=\"og:image:height\" content=\"600\" \/>\n\t<meta property=\"og:image:type\" content=\"image\/jpeg\" \/>\n<meta name=\"twitter:card\" content=\"summary_large_image\" \/>\n<meta name=\"twitter:label1\" content=\"Tiempo de lectura\" \/>\n\t<meta name=\"twitter:data1\" content=\"2 minutos\" \/>\n<script type=\"application\/ld+json\" class=\"yoast-schema-graph\">{\"@context\":\"https:\\\/\\\/schema.org\",\"@graph\":[{\"@type\":\"WebPage\",\"@id\":\"https:\\\/\\\/mhthobbyracing.com.ar\\\/index.php\\\/producto\\\/nitrolux-fuel-off-road-5l\\\/\",\"url\":\"https:\\\/\\\/mhthobbyracing.com.ar\\\/index.php\\\/producto\\\/nitrolux-fuel-off-road-5l\\\/\",\"name\":\"Nitrolux Fuel Off-Road 5L - encontralo en MHTHOBBY Puerto Madryn\",\"isPartOf\":{\"@id\":\"https:\\\/\\\/mhthobbyracing.com.ar\\\/#website\"},\"primaryImageOfPage\":{\"@id\":\"https:\\\/\\\/mhthobbyracing.com.ar\\\/index.php\\\/producto\\\/nitrolux-fuel-off-road-5l\\\/#primaryimage\"},\"image\":{\"@id\":\"https:\\\/\\\/mhthobbyracing.com.ar\\\/index.php\\\/producto\\\/nitrolux-fuel-off-road-5l\\\/#primaryimage\"},\"thumbnailUrl\":\"https:\\\/\\\/mhthobbyracing.com.ar\\\/wp-content\\\/uploads\\\/2021\\\/06\\\/e0d2b48e-fcda-418f-af35-6c055ad7310c_fbb0fb5f-7cb1-434c-b465-9aa0969d83ff_grande.jpg\",\"datePublished\":\"2021-06-02T22:55:38+00:00\",\"dateModified\":\"2026-03-12T17:18:54+00:00\",\"description\":\"Nitrolux Fuel Off-Road 5L - La seriePro-Racing, incorpora las \u00faltimas t\u00e9cnicas disponibles,para asegurar su \u00e9xito en competici\u00f3n.\",\"breadcrumb\":{\"@id\":\"https:\\\/\\\/mhthobbyracing.com.ar\\\/index.php\\\/producto\\\/nitrolux-fuel-off-road-5l\\\/#breadcrumb\"},\"inLanguage\":\"es-AR\",\"potentialAction\":[{\"@type\":\"ReadAction\",\"target\":[\"https:\\\/\\\/mhthobbyracing.com.ar\\\/index.php\\\/producto\\\/nitrolux-fuel-off-road-5l\\\/\"]}]},{\"@type\":\"ImageObject\",\"inLanguage\":\"es-AR\",\"@id\":\"https:\\\/\\\/mhthobbyracing.com.ar\\\/index.php\\\/producto\\\/nitrolux-fuel-off-road-5l\\\/#primaryimage\",\"url\":\"https:\\\/\\\/mhthobbyracing.com.ar\\\/wp-content\\\/uploads\\\/2021\\\/06\\\/e0d2b48e-fcda-418f-af35-6c055ad7310c_fbb0fb5f-7cb1-434c-b465-9aa0969d83ff_grande.jpg\",\"contentUrl\":\"https:\\\/\\\/mhthobbyracing.com.ar\\\/wp-content\\\/uploads\\\/2021\\\/06\\\/e0d2b48e-fcda-418f-af35-6c055ad7310c_fbb0fb5f-7cb1-434c-b465-9aa0969d83ff_grande.jpg\",\"width\":600,\"height\":600,\"caption\":\"Nitrolux Fuel 5L\"},{\"@type\":\"BreadcrumbList\",\"@id\":\"https:\\\/\\\/mhthobbyracing.com.ar\\\/index.php\\\/producto\\\/nitrolux-fuel-off-road-5l\\\/#breadcrumb\",\"itemListElement\":[{\"@type\":\"ListItem\",\"position\":1,\"name\":\"Inicio\",\"item\":\"https:\\\/\\\/mhthobbyracing.com.ar\\\/\"},{\"@type\":\"ListItem\",\"position\":2,\"name\":\"Productos\",\"item\":\"https:\\\/\\\/mhthobbyracing.com.ar\\\/index.php\\\/inicio\\\/tienda\\\/\"},{\"@type\":\"ListItem\",\"position\":3,\"name\":\"Nitrolux Fuel Off-Road 25% 5L\"}]},{\"@type\":\"WebSite\",\"@id\":\"https:\\\/\\\/mhthobbyracing.com.ar\\\/#website\",\"url\":\"https:\\\/\\\/mhthobbyracing.com.ar\\\/\",\"name\":\"MHT-Hobby- Racing Team\",\"description\":\"Hobby Automodelismo\",\"publisher\":{\"@id\":\"https:\\\/\\\/mhthobbyracing.com.ar\\\/#\\\/schema\\\/person\\\/a6a6ed9c2713fc1826eb2541c6a3e9d1\"},\"potentialAction\":[{\"@type\":\"SearchAction\",\"target\":{\"@type\":\"EntryPoint\",\"urlTemplate\":\"https:\\\/\\\/mhthobbyracing.com.ar\\\/?s={search_term_string}\"},\"query-input\":{\"@type\":\"PropertyValueSpecification\",\"valueRequired\":true,\"valueName\":\"search_term_string\"}}],\"inLanguage\":\"es-AR\"},{\"@type\":[\"Person\",\"Organization\"],\"@id\":\"https:\\\/\\\/mhthobbyracing.com.ar\\\/#\\\/schema\\\/person\\\/a6a6ed9c2713fc1826eb2541c6a3e9d1\",\"name\":\"ecomusicpm\",\"image\":{\"@type\":\"ImageObject\",\"inLanguage\":\"es-AR\",\"@id\":\"https:\\\/\\\/mhthobbyracing.com.ar\\\/wp-content\\\/uploads\\\/2020\\\/05\\\/cropped-LOGO-MHT16523-1.png\",\"url\":\"https:\\\/\\\/mhthobbyracing.com.ar\\\/wp-content\\\/uploads\\\/2020\\\/05\\\/cropped-LOGO-MHT16523-1.png\",\"contentUrl\":\"https:\\\/\\\/mhthobbyracing.com.ar\\\/wp-content\\\/uploads\\\/2020\\\/05\\\/cropped-LOGO-MHT16523-1.png\",\"width\":1578,\"height\":564,\"caption\":\"ecomusicpm\"},\"logo\":{\"@id\":\"https:\\\/\\\/mhthobbyracing.com.ar\\\/wp-content\\\/uploads\\\/2020\\\/05\\\/cropped-LOGO-MHT16523-1.png\"},\"sameAs\":[\"http:\\\/\\\/mhthobbyracing.com.ar\"]}]}<\/script>\n<!-- \/ Yoast SEO plugin. -->","yoast_head_json":{"title":"Nitrolux Fuel Off-Road 5L - encontralo en MHTHOBBY Puerto Madryn","description":"Nitrolux Fuel Off-Road 5L - La seriePro-Racing, incorpora las \u00faltimas t\u00e9cnicas disponibles,para asegurar su \u00e9xito en competici\u00f3n.","robots":{"index":"index","follow":"follow","max-snippet":"max-snippet:-1","max-image-preview":"max-image-preview:large","max-video-preview":"max-video-preview:-1"},"canonical":"https:\/\/mhthobbyracing.com.ar\/index.php\/producto\/nitrolux-fuel-off-road-5l\/","og_locale":"es_ES","og_type":"article","og_title":"Nitrolux Fuel Off-Road 5L - encontralo en MHTHOBBY Puerto Madryn","og_description":"Nitrolux Fuel Off-Road 5L - La seriePro-Racing, incorpora las \u00faltimas t\u00e9cnicas disponibles,para asegurar su \u00e9xito en competici\u00f3n.","og_url":"https:\/\/mhthobbyracing.com.ar\/index.php\/producto\/nitrolux-fuel-off-road-5l\/","og_site_name":"Racing Team","article_modified_time":"2026-03-12T17:18:54+00:00","og_image":[{"width":600,"height":600,"url":"https:\/\/mhthobbyracing.com.ar\/wp-content\/uploads\/2021\/06\/e0d2b48e-fcda-418f-af35-6c055ad7310c_fbb0fb5f-7cb1-434c-b465-9aa0969d83ff_grande.jpg","type":"image\/jpeg"}],"twitter_card":"summary_large_image","twitter_misc":{"Tiempo de lectura":"2 minutos"},"schema":{"@context":"https:\/\/schema.org","@graph":[{"@type":"WebPage","@id":"https:\/\/mhthobbyracing.com.ar\/index.php\/producto\/nitrolux-fuel-off-road-5l\/","url":"https:\/\/mhthobbyracing.com.ar\/index.php\/producto\/nitrolux-fuel-off-road-5l\/","name":"Nitrolux Fuel Off-Road 5L - encontralo en MHTHOBBY Puerto Madryn","isPartOf":{"@id":"https:\/\/mhthobbyracing.com.ar\/#website"},"primaryImageOfPage":{"@id":"https:\/\/mhthobbyracing.com.ar\/index.php\/producto\/nitrolux-fuel-off-road-5l\/#primaryimage"},"image":{"@id":"https:\/\/mhthobbyracing.com.ar\/index.php\/producto\/nitrolux-fuel-off-road-5l\/#primaryimage"},"thumbnailUrl":"https:\/\/mhthobbyracing.com.ar\/wp-content\/uploads\/2021\/06\/e0d2b48e-fcda-418f-af35-6c055ad7310c_fbb0fb5f-7cb1-434c-b465-9aa0969d83ff_grande.jpg","datePublished":"2021-06-02T22:55:38+00:00","dateModified":"2026-03-12T17:18:54+00:00","description":"Nitrolux Fuel Off-Road 5L - La seriePro-Racing, incorpora las \u00faltimas t\u00e9cnicas disponibles,para asegurar su \u00e9xito en competici\u00f3n.","breadcrumb":{"@id":"https:\/\/mhthobbyracing.com.ar\/index.php\/producto\/nitrolux-fuel-off-road-5l\/#breadcrumb"},"inLanguage":"es-AR","potentialAction":[{"@type":"ReadAction","target":["https:\/\/mhthobbyracing.com.ar\/index.php\/producto\/nitrolux-fuel-off-road-5l\/"]}]},{"@type":"ImageObject","inLanguage":"es-AR","@id":"https:\/\/mhthobbyracing.com.ar\/index.php\/producto\/nitrolux-fuel-off-road-5l\/#primaryimage","url":"https:\/\/mhthobbyracing.com.ar\/wp-content\/uploads\/2021\/06\/e0d2b48e-fcda-418f-af35-6c055ad7310c_fbb0fb5f-7cb1-434c-b465-9aa0969d83ff_grande.jpg","contentUrl":"https:\/\/mhthobbyracing.com.ar\/wp-content\/uploads\/2021\/06\/e0d2b48e-fcda-418f-af35-6c055ad7310c_fbb0fb5f-7cb1-434c-b465-9aa0969d83ff_grande.jpg","width":600,"height":600,"caption":"Nitrolux Fuel 5L"},{"@type":"BreadcrumbList","@id":"https:\/\/mhthobbyracing.com.ar\/index.php\/producto\/nitrolux-fuel-off-road-5l\/#breadcrumb","itemListElement":[{"@type":"ListItem","position":1,"name":"Inicio","item":"https:\/\/mhthobbyracing.com.ar\/"},{"@type":"ListItem","position":2,"name":"Productos","item":"https:\/\/mhthobbyracing.com.ar\/index.php\/inicio\/tienda\/"},{"@type":"ListItem","position":3,"name":"Nitrolux Fuel Off-Road 25% 5L"}]},{"@type":"WebSite","@id":"https:\/\/mhthobbyracing.com.ar\/#website","url":"https:\/\/mhthobbyracing.com.ar\/","name":"MHT-Hobby- Racing Team","description":"Hobby Automodelismo","publisher":{"@id":"https:\/\/mhthobbyracing.com.ar\/#\/schema\/person\/a6a6ed9c2713fc1826eb2541c6a3e9d1"},"potentialAction":[{"@type":"SearchAction","target":{"@type":"EntryPoint","urlTemplate":"https:\/\/mhthobbyracing.com.ar\/?s={search_term_string}"},"query-input":{"@type":"PropertyValueSpecification","valueRequired":true,"valueName":"search_term_string"}}],"inLanguage":"es-AR"},{"@type":["Person","Organization"],"@id":"https:\/\/mhthobbyracing.com.ar\/#\/schema\/person\/a6a6ed9c2713fc1826eb2541c6a3e9d1","name":"ecomusicpm","image":{"@type":"ImageObject","inLanguage":"es-AR","@id":"https:\/\/mhthobbyracing.com.ar\/wp-content\/uploads\/2020\/05\/cropped-LOGO-MHT16523-1.png","url":"https:\/\/mhthobbyracing.com.ar\/wp-content\/uploads\/2020\/05\/cropped-LOGO-MHT16523-1.png","contentUrl":"https:\/\/mhthobbyracing.com.ar\/wp-content\/uploads\/2020\/05\/cropped-LOGO-MHT16523-1.png","width":1578,"height":564,"caption":"ecomusicpm"},"logo":{"@id":"https:\/\/mhthobbyracing.com.ar\/wp-content\/uploads\/2020\/05\/cropped-LOGO-MHT16523-1.png"},"sameAs":["http:\/\/mhthobbyracing.com.ar"]}]}},"_links":{"self":[{"href":"https:\/\/mhthobbyracing.com.ar\/index.php\/wp-json\/wp\/v2\/product\/1002","targetHints":{"allow":["GET"]}}],"collection":[{"href":"https:\/\/mhthobbyracing.com.ar\/index.php\/wp-json\/wp\/v2\/product"}],"about":[{"href":"https:\/\/mhthobbyracing.com.ar\/index.php\/wp-json\/wp\/v2\/types\/product"}],"replies":[{"embeddable":true,"href":"https:\/\/mhthobbyracing.com.ar\/index.php\/wp-json\/wp\/v2\/comments?post=1002"}],"wp:featuredmedia":[{"embeddable":true,"href":"https:\/\/mhthobbyracing.com.ar\/index.php\/wp-json\/wp\/v2\/media\/1003"}],"wp:attachment":[{"href":"https:\/\/mhthobbyracing.com.ar\/index.php\/wp-json\/wp\/v2\/media?parent=1002"}],"wp:term":[{"taxonomy":"product_brand","embeddable":true,"href":"https:\/\/mhthobbyracing.com.ar\/index.php\/wp-json\/wp\/v2\/product_brand?post=1002"},{"taxonomy":"product_cat","embeddable":true,"href":"https:\/\/mhthobbyracing.com.ar\/index.php\/wp-json\/wp\/v2\/product_cat?post=1002"},{"taxonomy":"product_tag","embeddable":true,"href":"https:\/\/mhthobbyracing.com.ar\/index.php\/wp-json\/wp\/v2\/product_tag?post=1002"}],"curies":[{"name":"wp","href":"https:\/\/api.w.org\/{rel}","templated":true}]}}