{"id":1027,"date":"2021-06-21T20:33:11","date_gmt":"2021-06-21T23:33:11","guid":{"rendered":"https:\/\/mhthobbyracing.com.ar\/?post_type=product&#038;p=1027"},"modified":"2025-12-03T12:16:25","modified_gmt":"2025-12-03T15:16:25","slug":"motor-buggy-sonic-866","status":"publish","type":"product","link":"https:\/\/mhthobbyracing.com.ar\/index.php\/producto\/motor-buggy-sonic-866\/","title":{"rendered":"Motor Buggy Sonic 866"},"content":{"rendered":"<p>Motor Buggy Sonic 866<\/p>\n<p><strong>Construido seg\u00fan las especificaciones de ROAR<\/strong><\/p>\n<p>\u00a1Por fin han llegado los nuevos motores de competici\u00f3n Sonic 866 y 877 de Reedy para eBuggy y eTruggy 1: 8!<\/p>\n<p>Varios meses de desarrollo por parte de nuestro personal de ingenier\u00eda y los conductores del equipo de f\u00e1brica han dado como resultado motores que ofrecen un rendimiento que supera lo que se requiere en el m\u00e1s alto nivel de competencia.<\/p>\n<p>El Sonic 866, disponible en dos versiones kV, est\u00e1 dise\u00f1ado para eBuggy 1: 8, mientras que su hermano ligeramente m\u00e1s largo, el Sonic 877, est\u00e1 dise\u00f1ado para servicio eTruggy 1: 8.<\/p>\n<p>Sin embargo, los motores son intercambiables entre los tipos de chasis para crear una amplia gama de opciones de rendimiento adecuadas para una amplia variedad de condiciones de pista.<\/p>\n<p>Motor Buggy Sonic 866<\/p>\n<p>Todas las versiones cuentan con una carcasa mecanizada con precisi\u00f3n con un disipador de calor integrado para reducir las temperaturas de funcionamiento.<\/p>\n<p>Esto da como resultado menos desvanecimiento en el transcurso de una carrera, tiempos de ejecuci\u00f3n m\u00e1s largos y una mayor vida \u00fatil del motor.<\/p>\n<p>La operaci\u00f3n con sensor da como resultado una banda de potencia suave y controlable, mientras que un potente rotor de 4 polos est\u00e1 apoyado por rodamientos de bolas de precisi\u00f3n para una m\u00e1xima potencia de salida y confiabilidad.<\/p>\n<table class=\"table table-sm table-responsive\">\n<tbody>\n<tr>\n<th>C\u00e9lulas:<\/th>\n<td>LiPo 2-6S<\/td>\n<\/tr>\n<tr>\n<th>Di\u00e1metro (mm):<\/th>\n<td>40,0 \/ 42,5<\/td>\n<\/tr>\n<tr>\n<th>Longitud (mm):<\/th>\n<td>65,0<\/td>\n<\/tr>\n<tr>\n<th>Di\u00e1metro del eje (mm):<\/th>\n<td>5,0<\/td>\n<\/tr>\n<tr>\n<th>Peso (gramos):<\/th>\n<td>328<\/td>\n<\/tr>\n<\/tbody>\n<\/table>\n<p>Visit\u00e1:<a href=\"https:\/\/www.associatedelectrics.com\/reedy\/parts\/details\/27405-ASC27405-sonic_866_competition_1_8_buggy_motor_1900kv\/\">https:\/\/www.associatedelectrics.com\/reedy\/parts\/details\/27405-ASC27405-sonic_866_competition_1_8_buggy_motor_1900kv\/<\/a><\/p>\n<p>Te puede interesar:<a href=\"https:\/\/mhthobbyracing.com.ar\/\">https:\/\/mhthobbyracing.com.ar\/<\/a><\/p>\n","protected":false},"excerpt":{"rendered":"<p>Hay stock<\/p>\n","protected":false},"featured_media":1028,"comment_status":"open","ping_status":"closed","template":"","meta":{"site-sidebar-layout":"default","site-content-layout":"default","ast-site-content-layout":"","site-content-style":"default","site-sidebar-style":"default","ast-global-header-display":"","ast-banner-title-visibility":"","ast-main-header-display":"","ast-hfb-above-header-display":"","ast-hfb-below-header-display":"","ast-hfb-mobile-header-display":"","site-post-title":"","ast-breadcrumbs-content":"","ast-featured-img":"","footer-sml-layout":"","theme-transparent-header-meta":"default","adv-header-id-meta":"","stick-header-meta":"","header-above-stick-meta":"","header-main-stick-meta":"","header-below-stick-meta":"","astra-migrate-meta-layouts":"default","ast-page-background-enabled":"default","ast-page-background-meta":{"desktop":{"background-color":"","background-image":"","background-repeat":"repeat","background-position":"center center","background-size":"auto","background-attachment":"scroll","background-type":"","background-media":"","overlay-type":"","overlay-color":"","overlay-opacity":"","overlay-gradient":""},"tablet":{"background-color":"","background-image":"","background-repeat":"repeat","background-position":"center center","background-size":"auto","background-attachment":"scroll","background-type":"","background-media":"","overlay-type":"","overlay-color":"","overlay-opacity":"","overlay-gradient":""},"mobile":{"background-color":"","background-image":"","background-repeat":"repeat","background-position":"center center","background-size":"auto","background-attachment":"scroll","background-type":"","background-media":"","overlay-type":"","overlay-color":"","overlay-opacity":"","overlay-gradient":""}},"ast-content-background-meta":{"desktop":{"background-color":"var(--ast-global-color-5)","background-image":"","background-repeat":"repeat","background-position":"center center","background-size":"auto","background-attachment":"scroll","background-type":"","background-media":"","overlay-type":"","overlay-color":"","overlay-opacity":"","overlay-gradient":""},"tablet":{"background-color":"var(--ast-global-color-5)","background-image":"","background-repeat":"repeat","background-position":"center center","background-size":"auto","background-attachment":"scroll","background-type":"","background-media":"","overlay-type":"","overlay-color":"","overlay-opacity":"","overlay-gradient":""},"mobile":{"background-color":"var(--ast-global-color-5)","background-image":"","background-repeat":"repeat","background-position":"center center","background-size":"auto","background-attachment":"scroll","background-type":"","background-media":"","overlay-type":"","overlay-color":"","overlay-opacity":"","overlay-gradient":""}},"_joinchat":[]},"product_brand":[275],"product_cat":[174],"product_tag":[185],"class_list":{"0":"post-1027","1":"product","2":"type-product","3":"status-publish","4":"has-post-thumbnail","6":"product_brand-reedy","7":"product_cat-motores-electricos","8":"product_tag-sonic-866","9":"desktop-align-left","10":"tablet-align-left","11":"mobile-align-left","13":"first","14":"instock","15":"shipping-taxable","16":"purchasable","17":"product-type-simple"},"yoast_head":"<!-- This site is optimized with the Yoast SEO plugin v27.5 - https:\/\/yoast.com\/product\/yoast-seo-wordpress\/ -->\n<title>Motor Buggy Sonic 866 - encontralo en MHTHOBBY Puerto Madryn<\/title>\n<meta name=\"description\" content=\"Motor Buggy Sonic 866 - nuevos motores de competici\u00f3n Sonic 866 y 877 de Reedy para eBuggy y eTruggy 1: 8!. est\u00e1n disponibles en MHTHOBBY\" \/>\n<meta name=\"robots\" content=\"index, follow, max-snippet:-1, max-image-preview:large, max-video-preview:-1\" \/>\n<link rel=\"canonical\" href=\"https:\/\/mhthobbyracing.com.ar\/index.php\/producto\/motor-buggy-sonic-866\/\" \/>\n<meta property=\"og:locale\" content=\"es_ES\" \/>\n<meta property=\"og:type\" content=\"article\" \/>\n<meta property=\"og:title\" content=\"Motor Buggy Sonic 866 - encontralo en MHTHOBBY Puerto Madryn\" \/>\n<meta property=\"og:description\" content=\"Motor Buggy Sonic 866 - nuevos motores de competici\u00f3n Sonic 866 y 877 de Reedy para eBuggy y eTruggy 1: 8!. est\u00e1n disponibles en MHTHOBBY\" \/>\n<meta property=\"og:url\" content=\"https:\/\/mhthobbyracing.com.ar\/index.php\/producto\/motor-buggy-sonic-866\/\" \/>\n<meta property=\"og:site_name\" content=\"Racing Team\" \/>\n<meta property=\"article:modified_time\" content=\"2025-12-03T15:16:25+00:00\" \/>\n<meta property=\"og:image\" content=\"https:\/\/mhthobbyracing.com.ar\/wp-content\/uploads\/2021\/06\/27405_lg.jpg\" \/>\n\t<meta property=\"og:image:width\" content=\"1500\" \/>\n\t<meta property=\"og:image:height\" content=\"1166\" \/>\n\t<meta property=\"og:image:type\" content=\"image\/jpeg\" \/>\n<meta name=\"twitter:card\" content=\"summary_large_image\" \/>\n<meta name=\"twitter:label1\" content=\"Tiempo de lectura\" \/>\n\t<meta name=\"twitter:data1\" content=\"2 minutos\" \/>\n<script type=\"application\/ld+json\" class=\"yoast-schema-graph\">{\"@context\":\"https:\\\/\\\/schema.org\",\"@graph\":[{\"@type\":\"WebPage\",\"@id\":\"https:\\\/\\\/mhthobbyracing.com.ar\\\/index.php\\\/producto\\\/motor-buggy-sonic-866\\\/\",\"url\":\"https:\\\/\\\/mhthobbyracing.com.ar\\\/index.php\\\/producto\\\/motor-buggy-sonic-866\\\/\",\"name\":\"Motor Buggy Sonic 866 - encontralo en MHTHOBBY Puerto Madryn\",\"isPartOf\":{\"@id\":\"https:\\\/\\\/mhthobbyracing.com.ar\\\/#website\"},\"primaryImageOfPage\":{\"@id\":\"https:\\\/\\\/mhthobbyracing.com.ar\\\/index.php\\\/producto\\\/motor-buggy-sonic-866\\\/#primaryimage\"},\"image\":{\"@id\":\"https:\\\/\\\/mhthobbyracing.com.ar\\\/index.php\\\/producto\\\/motor-buggy-sonic-866\\\/#primaryimage\"},\"thumbnailUrl\":\"https:\\\/\\\/mhthobbyracing.com.ar\\\/wp-content\\\/uploads\\\/2021\\\/06\\\/27405_lg.jpg\",\"datePublished\":\"2021-06-21T23:33:11+00:00\",\"dateModified\":\"2025-12-03T15:16:25+00:00\",\"description\":\"Motor Buggy Sonic 866 - nuevos motores de competici\u00f3n Sonic 866 y 877 de Reedy para eBuggy y eTruggy 1: 8!. est\u00e1n disponibles en MHTHOBBY\",\"breadcrumb\":{\"@id\":\"https:\\\/\\\/mhthobbyracing.com.ar\\\/index.php\\\/producto\\\/motor-buggy-sonic-866\\\/#breadcrumb\"},\"inLanguage\":\"es-AR\",\"potentialAction\":[{\"@type\":\"ReadAction\",\"target\":[\"https:\\\/\\\/mhthobbyracing.com.ar\\\/index.php\\\/producto\\\/motor-buggy-sonic-866\\\/\"]}]},{\"@type\":\"ImageObject\",\"inLanguage\":\"es-AR\",\"@id\":\"https:\\\/\\\/mhthobbyracing.com.ar\\\/index.php\\\/producto\\\/motor-buggy-sonic-866\\\/#primaryimage\",\"url\":\"https:\\\/\\\/mhthobbyracing.com.ar\\\/wp-content\\\/uploads\\\/2021\\\/06\\\/27405_lg.jpg\",\"contentUrl\":\"https:\\\/\\\/mhthobbyracing.com.ar\\\/wp-content\\\/uploads\\\/2021\\\/06\\\/27405_lg.jpg\",\"width\":1500,\"height\":1166,\"caption\":\"Sonic 866\"},{\"@type\":\"BreadcrumbList\",\"@id\":\"https:\\\/\\\/mhthobbyracing.com.ar\\\/index.php\\\/producto\\\/motor-buggy-sonic-866\\\/#breadcrumb\",\"itemListElement\":[{\"@type\":\"ListItem\",\"position\":1,\"name\":\"Inicio\",\"item\":\"https:\\\/\\\/mhthobbyracing.com.ar\\\/\"},{\"@type\":\"ListItem\",\"position\":2,\"name\":\"Productos\",\"item\":\"https:\\\/\\\/mhthobbyracing.com.ar\\\/index.php\\\/inicio\\\/tienda\\\/\"},{\"@type\":\"ListItem\",\"position\":3,\"name\":\"Motor Buggy Sonic 866\"}]},{\"@type\":\"WebSite\",\"@id\":\"https:\\\/\\\/mhthobbyracing.com.ar\\\/#website\",\"url\":\"https:\\\/\\\/mhthobbyracing.com.ar\\\/\",\"name\":\"MHT-Hobby- Racing Team\",\"description\":\"Hobby Automodelismo\",\"publisher\":{\"@id\":\"https:\\\/\\\/mhthobbyracing.com.ar\\\/#\\\/schema\\\/person\\\/a6a6ed9c2713fc1826eb2541c6a3e9d1\"},\"potentialAction\":[{\"@type\":\"SearchAction\",\"target\":{\"@type\":\"EntryPoint\",\"urlTemplate\":\"https:\\\/\\\/mhthobbyracing.com.ar\\\/?s={search_term_string}\"},\"query-input\":{\"@type\":\"PropertyValueSpecification\",\"valueRequired\":true,\"valueName\":\"search_term_string\"}}],\"inLanguage\":\"es-AR\"},{\"@type\":[\"Person\",\"Organization\"],\"@id\":\"https:\\\/\\\/mhthobbyracing.com.ar\\\/#\\\/schema\\\/person\\\/a6a6ed9c2713fc1826eb2541c6a3e9d1\",\"name\":\"ecomusicpm\",\"image\":{\"@type\":\"ImageObject\",\"inLanguage\":\"es-AR\",\"@id\":\"https:\\\/\\\/mhthobbyracing.com.ar\\\/wp-content\\\/uploads\\\/2020\\\/05\\\/cropped-LOGO-MHT16523-1.png\",\"url\":\"https:\\\/\\\/mhthobbyracing.com.ar\\\/wp-content\\\/uploads\\\/2020\\\/05\\\/cropped-LOGO-MHT16523-1.png\",\"contentUrl\":\"https:\\\/\\\/mhthobbyracing.com.ar\\\/wp-content\\\/uploads\\\/2020\\\/05\\\/cropped-LOGO-MHT16523-1.png\",\"width\":1578,\"height\":564,\"caption\":\"ecomusicpm\"},\"logo\":{\"@id\":\"https:\\\/\\\/mhthobbyracing.com.ar\\\/wp-content\\\/uploads\\\/2020\\\/05\\\/cropped-LOGO-MHT16523-1.png\"},\"sameAs\":[\"http:\\\/\\\/mhthobbyracing.com.ar\"]}]}<\/script>\n<!-- \/ Yoast SEO plugin. -->","yoast_head_json":{"title":"Motor Buggy Sonic 866 - encontralo en MHTHOBBY Puerto Madryn","description":"Motor Buggy Sonic 866 - nuevos motores de competici\u00f3n Sonic 866 y 877 de Reedy para eBuggy y eTruggy 1: 8!. est\u00e1n disponibles en MHTHOBBY","robots":{"index":"index","follow":"follow","max-snippet":"max-snippet:-1","max-image-preview":"max-image-preview:large","max-video-preview":"max-video-preview:-1"},"canonical":"https:\/\/mhthobbyracing.com.ar\/index.php\/producto\/motor-buggy-sonic-866\/","og_locale":"es_ES","og_type":"article","og_title":"Motor Buggy Sonic 866 - encontralo en MHTHOBBY Puerto Madryn","og_description":"Motor Buggy Sonic 866 - nuevos motores de competici\u00f3n Sonic 866 y 877 de Reedy para eBuggy y eTruggy 1: 8!. est\u00e1n disponibles en MHTHOBBY","og_url":"https:\/\/mhthobbyracing.com.ar\/index.php\/producto\/motor-buggy-sonic-866\/","og_site_name":"Racing Team","article_modified_time":"2025-12-03T15:16:25+00:00","og_image":[{"width":1500,"height":1166,"url":"https:\/\/mhthobbyracing.com.ar\/wp-content\/uploads\/2021\/06\/27405_lg.jpg","type":"image\/jpeg"}],"twitter_card":"summary_large_image","twitter_misc":{"Tiempo de lectura":"2 minutos"},"schema":{"@context":"https:\/\/schema.org","@graph":[{"@type":"WebPage","@id":"https:\/\/mhthobbyracing.com.ar\/index.php\/producto\/motor-buggy-sonic-866\/","url":"https:\/\/mhthobbyracing.com.ar\/index.php\/producto\/motor-buggy-sonic-866\/","name":"Motor Buggy Sonic 866 - encontralo en MHTHOBBY Puerto Madryn","isPartOf":{"@id":"https:\/\/mhthobbyracing.com.ar\/#website"},"primaryImageOfPage":{"@id":"https:\/\/mhthobbyracing.com.ar\/index.php\/producto\/motor-buggy-sonic-866\/#primaryimage"},"image":{"@id":"https:\/\/mhthobbyracing.com.ar\/index.php\/producto\/motor-buggy-sonic-866\/#primaryimage"},"thumbnailUrl":"https:\/\/mhthobbyracing.com.ar\/wp-content\/uploads\/2021\/06\/27405_lg.jpg","datePublished":"2021-06-21T23:33:11+00:00","dateModified":"2025-12-03T15:16:25+00:00","description":"Motor Buggy Sonic 866 - nuevos motores de competici\u00f3n Sonic 866 y 877 de Reedy para eBuggy y eTruggy 1: 8!. est\u00e1n disponibles en MHTHOBBY","breadcrumb":{"@id":"https:\/\/mhthobbyracing.com.ar\/index.php\/producto\/motor-buggy-sonic-866\/#breadcrumb"},"inLanguage":"es-AR","potentialAction":[{"@type":"ReadAction","target":["https:\/\/mhthobbyracing.com.ar\/index.php\/producto\/motor-buggy-sonic-866\/"]}]},{"@type":"ImageObject","inLanguage":"es-AR","@id":"https:\/\/mhthobbyracing.com.ar\/index.php\/producto\/motor-buggy-sonic-866\/#primaryimage","url":"https:\/\/mhthobbyracing.com.ar\/wp-content\/uploads\/2021\/06\/27405_lg.jpg","contentUrl":"https:\/\/mhthobbyracing.com.ar\/wp-content\/uploads\/2021\/06\/27405_lg.jpg","width":1500,"height":1166,"caption":"Sonic 866"},{"@type":"BreadcrumbList","@id":"https:\/\/mhthobbyracing.com.ar\/index.php\/producto\/motor-buggy-sonic-866\/#breadcrumb","itemListElement":[{"@type":"ListItem","position":1,"name":"Inicio","item":"https:\/\/mhthobbyracing.com.ar\/"},{"@type":"ListItem","position":2,"name":"Productos","item":"https:\/\/mhthobbyracing.com.ar\/index.php\/inicio\/tienda\/"},{"@type":"ListItem","position":3,"name":"Motor Buggy Sonic 866"}]},{"@type":"WebSite","@id":"https:\/\/mhthobbyracing.com.ar\/#website","url":"https:\/\/mhthobbyracing.com.ar\/","name":"MHT-Hobby- Racing Team","description":"Hobby Automodelismo","publisher":{"@id":"https:\/\/mhthobbyracing.com.ar\/#\/schema\/person\/a6a6ed9c2713fc1826eb2541c6a3e9d1"},"potentialAction":[{"@type":"SearchAction","target":{"@type":"EntryPoint","urlTemplate":"https:\/\/mhthobbyracing.com.ar\/?s={search_term_string}"},"query-input":{"@type":"PropertyValueSpecification","valueRequired":true,"valueName":"search_term_string"}}],"inLanguage":"es-AR"},{"@type":["Person","Organization"],"@id":"https:\/\/mhthobbyracing.com.ar\/#\/schema\/person\/a6a6ed9c2713fc1826eb2541c6a3e9d1","name":"ecomusicpm","image":{"@type":"ImageObject","inLanguage":"es-AR","@id":"https:\/\/mhthobbyracing.com.ar\/wp-content\/uploads\/2020\/05\/cropped-LOGO-MHT16523-1.png","url":"https:\/\/mhthobbyracing.com.ar\/wp-content\/uploads\/2020\/05\/cropped-LOGO-MHT16523-1.png","contentUrl":"https:\/\/mhthobbyracing.com.ar\/wp-content\/uploads\/2020\/05\/cropped-LOGO-MHT16523-1.png","width":1578,"height":564,"caption":"ecomusicpm"},"logo":{"@id":"https:\/\/mhthobbyracing.com.ar\/wp-content\/uploads\/2020\/05\/cropped-LOGO-MHT16523-1.png"},"sameAs":["http:\/\/mhthobbyracing.com.ar"]}]}},"_links":{"self":[{"href":"https:\/\/mhthobbyracing.com.ar\/index.php\/wp-json\/wp\/v2\/product\/1027","targetHints":{"allow":["GET"]}}],"collection":[{"href":"https:\/\/mhthobbyracing.com.ar\/index.php\/wp-json\/wp\/v2\/product"}],"about":[{"href":"https:\/\/mhthobbyracing.com.ar\/index.php\/wp-json\/wp\/v2\/types\/product"}],"replies":[{"embeddable":true,"href":"https:\/\/mhthobbyracing.com.ar\/index.php\/wp-json\/wp\/v2\/comments?post=1027"}],"wp:featuredmedia":[{"embeddable":true,"href":"https:\/\/mhthobbyracing.com.ar\/index.php\/wp-json\/wp\/v2\/media\/1028"}],"wp:attachment":[{"href":"https:\/\/mhthobbyracing.com.ar\/index.php\/wp-json\/wp\/v2\/media?parent=1027"}],"wp:term":[{"taxonomy":"product_brand","embeddable":true,"href":"https:\/\/mhthobbyracing.com.ar\/index.php\/wp-json\/wp\/v2\/product_brand?post=1027"},{"taxonomy":"product_cat","embeddable":true,"href":"https:\/\/mhthobbyracing.com.ar\/index.php\/wp-json\/wp\/v2\/product_cat?post=1027"},{"taxonomy":"product_tag","embeddable":true,"href":"https:\/\/mhthobbyracing.com.ar\/index.php\/wp-json\/wp\/v2\/product_tag?post=1027"}],"curies":[{"name":"wp","href":"https:\/\/api.w.org\/{rel}","templated":true}]}}