{"id":1041,"date":"2021-06-28T20:29:31","date_gmt":"2021-06-28T23:29:31","guid":{"rendered":"https:\/\/mhthobbyracing.com.ar\/?post_type=product&#038;p=1041"},"modified":"2025-12-03T12:15:46","modified_gmt":"2025-12-03T15:15:46","slug":"st-a3-25bf","status":"publish","type":"product","link":"https:\/\/mhthobbyracing.com.ar\/index.php\/producto\/st-a3-25bf\/","title":{"rendered":"OMG ST-A3-25BF"},"content":{"rendered":"<p>ST-A3-25BF<\/p>\n<p>OMG-ST-25BF\/A3-25RC OMG 25kg Brushless Digital Servo A3-25S Special Edition Full Metal HV Standard Brushless Digital Ser<\/p>\n<p>Caracter\u00edsticas<br \/>\nEngranaje: Conjunto completo de engranajes de acero inoxidable<\/p>\n<p>Idoneidad: Tim\u00f3n r\u00e1pido, para coches modelo y control del acelerador de aeronaves<\/p>\n<p>Cubierta superior: Use la cubierta de metal bisela espec\u00edfica de OMG (m\u00e1s conveniente para algunos modelos para instalar)<\/p>\n<p>1, guardar condiciones<\/p>\n<p>Temperatura de ahorro: -20C a 80C<\/p>\n<p>Ahorre humedad: 30%-80%<\/p>\n<p>2, condiciones de prueba<\/p>\n<p>Ambiente de prueba: 25 \u00b1 5 grados C, humedad relativa 60 \u00b1 10%<\/p>\n<p>Rango de voltaje de funcionamiento: DC 5.0-7.4V-8.4V<\/p>\n<p>3, caracter\u00edsticas mec\u00e1nicas<\/p>\n<p>Tama\u00f1o de apariencia: 40.7&#215;20.5&#215;35.2mm<\/p>\n<p>Peso: 73g\u00b11g<\/p>\n<p>\u00c1ngulo l\u00edmite mec\u00e1nico: 180 grados \u00b1 5 grados<\/p>\n<p>L\u00ednea de se\u00f1al: negro-negro-negro-y-blanco \/ 60-core 3P paralelo 260mm (L)<\/p>\n<p>Tipo de brazo del tim\u00f3n: Brazo pl\u00e1stico del tim\u00f3n<\/p>\n<p>Tama\u00f1o del eje de salida: o5.9x25T<\/p>\n<p>Material del engranaje: Sistema de engranajes totalmente de acero<\/p>\n<p>Material de la carcasa: totalmente met\u00e1lico (CNC de alta precisi\u00f3n en el hogar)<\/p>\n<p>Tipo de motor: Motor sin escobillas<\/p>\n<p>Potencialr: Potencial de detecci\u00f3n magn\u00e9tica<\/p>\n<p>4, caracter\u00edsticas electr\u00f3nicas<\/p>\n<p>Art\u00edculo 6.0V 7.4V 8.4V<\/p>\n<p>Velocidad sec\/60 grados 0.065 0.05 0.047<\/p>\n<p>Efectivos kgf.cm 18,5 22 23,8<\/p>\n<p>Corriente vac\u00eda mA 550Max (tim\u00f3n que funciona sin carga cuando se define la media)<\/p>\n<p>Corriente de carga A 4.5Max<\/p>\n<p>5, caracter\u00edsticas de funcionamiento<\/p>\n<p>Modo de control de se\u00f1al: control anal\u00f3gico PWM<\/p>\n<p>\u00c1ngulo de funcionamiento: 180 grados \u00b1 10 grados<\/p>\n<p>Posici\u00f3n neutra de la se\u00f1al: 1520us\/333Hz<\/p>\n<p>Rango de ancho de pulso: 500\u223d2500 us \/ 0.2us (los datos de \u00e1ngulo correspondientes se pueden tomar seg\u00fan sea necesario)<\/p>\n<p>Direcci\u00f3n de rotaci\u00f3n del eje de salida: CCW en el sentido de las agujas del reloj<\/p>\n<p>ST-A3-25BF<\/p>\n","protected":false},"excerpt":{"rendered":"<p>En Stock!!<\/p>\n","protected":false},"featured_media":1042,"comment_status":"open","ping_status":"closed","template":"","meta":{"site-sidebar-layout":"default","site-content-layout":"default","ast-site-content-layout":"","site-content-style":"default","site-sidebar-style":"default","ast-global-header-display":"","ast-banner-title-visibility":"","ast-main-header-display":"","ast-hfb-above-header-display":"","ast-hfb-below-header-display":"","ast-hfb-mobile-header-display":"","site-post-title":"","ast-breadcrumbs-content":"","ast-featured-img":"","footer-sml-layout":"","theme-transparent-header-meta":"default","adv-header-id-meta":"","stick-header-meta":"","header-above-stick-meta":"","header-main-stick-meta":"","header-below-stick-meta":"","astra-migrate-meta-layouts":"default","ast-page-background-enabled":"default","ast-page-background-meta":{"desktop":{"background-color":"","background-image":"","background-repeat":"repeat","background-position":"center center","background-size":"auto","background-attachment":"scroll","background-type":"","background-media":"","overlay-type":"","overlay-color":"","overlay-opacity":"","overlay-gradient":""},"tablet":{"background-color":"","background-image":"","background-repeat":"repeat","background-position":"center center","background-size":"auto","background-attachment":"scroll","background-type":"","background-media":"","overlay-type":"","overlay-color":"","overlay-opacity":"","overlay-gradient":""},"mobile":{"background-color":"","background-image":"","background-repeat":"repeat","background-position":"center center","background-size":"auto","background-attachment":"scroll","background-type":"","background-media":"","overlay-type":"","overlay-color":"","overlay-opacity":"","overlay-gradient":""}},"ast-content-background-meta":{"desktop":{"background-color":"var(--ast-global-color-5)","background-image":"","background-repeat":"repeat","background-position":"center center","background-size":"auto","background-attachment":"scroll","background-type":"","background-media":"","overlay-type":"","overlay-color":"","overlay-opacity":"","overlay-gradient":""},"tablet":{"background-color":"var(--ast-global-color-5)","background-image":"","background-repeat":"repeat","background-position":"center center","background-size":"auto","background-attachment":"scroll","background-type":"","background-media":"","overlay-type":"","overlay-color":"","overlay-opacity":"","overlay-gradient":""},"mobile":{"background-color":"var(--ast-global-color-5)","background-image":"","background-repeat":"repeat","background-position":"center center","background-size":"auto","background-attachment":"scroll","background-type":"","background-media":"","overlay-type":"","overlay-color":"","overlay-opacity":"","overlay-gradient":""}},"_joinchat":[]},"product_brand":[273],"product_cat":[26],"product_tag":[189],"class_list":{"0":"post-1041","1":"product","2":"type-product","3":"status-publish","4":"has-post-thumbnail","6":"product_brand-omg","7":"product_cat-servos","8":"product_tag-st-a3-25bf","9":"desktop-align-left","10":"tablet-align-left","11":"mobile-align-left","13":"first","14":"instock","15":"shipping-taxable","16":"purchasable","17":"product-type-simple"},"yoast_head":"<!-- This site is optimized with the Yoast SEO plugin v27.4 - https:\/\/yoast.com\/product\/yoast-seo-wordpress\/ -->\n<title>ST-A3-25BF - Servo OMG encontralo en MHTHOBBY Pueeto Madryn<\/title>\n<meta name=\"description\" content=\"ST-A3-25BF - Servo OMG A3-25 BF -motor brushless 25KG de torque velocidad .075 sec\/60\u00ba Edici\u00e7on Especial, este servo y muchos m\u00e1s en MHTHOBBY\" \/>\n<meta name=\"robots\" content=\"index, follow, max-snippet:-1, max-image-preview:large, max-video-preview:-1\" \/>\n<link rel=\"canonical\" href=\"https:\/\/mhthobbyracing.com.ar\/index.php\/producto\/st-a3-25bf\/\" \/>\n<meta property=\"og:locale\" content=\"es_ES\" \/>\n<meta property=\"og:type\" content=\"article\" \/>\n<meta property=\"og:title\" content=\"ST-A3-25BF - Servo OMG encontralo en MHTHOBBY Pueeto Madryn\" \/>\n<meta property=\"og:description\" content=\"ST-A3-25BF - Servo OMG A3-25 BF -motor brushless 25KG de torque velocidad .075 sec\/60\u00ba Edici\u00e7on Especial, este servo y muchos m\u00e1s en MHTHOBBY\" \/>\n<meta property=\"og:url\" content=\"https:\/\/mhthobbyracing.com.ar\/index.php\/producto\/st-a3-25bf\/\" \/>\n<meta property=\"og:site_name\" content=\"Racing Team\" \/>\n<meta property=\"article:modified_time\" content=\"2025-12-03T15:15:46+00:00\" \/>\n<meta property=\"og:image\" content=\"https:\/\/mhthobbyracing.com.ar\/wp-content\/uploads\/2021\/06\/1__19955.1609387106.1280.1280-1.jpg\" \/>\n\t<meta property=\"og:image:width\" content=\"1080\" \/>\n\t<meta property=\"og:image:height\" content=\"1090\" \/>\n\t<meta property=\"og:image:type\" content=\"image\/jpeg\" \/>\n<meta name=\"twitter:card\" content=\"summary_large_image\" \/>\n<meta name=\"twitter:label1\" content=\"Tiempo de lectura\" \/>\n\t<meta name=\"twitter:data1\" content=\"2 minutos\" \/>\n<script type=\"application\/ld+json\" class=\"yoast-schema-graph\">{\"@context\":\"https:\\\/\\\/schema.org\",\"@graph\":[{\"@type\":\"WebPage\",\"@id\":\"https:\\\/\\\/mhthobbyracing.com.ar\\\/index.php\\\/producto\\\/st-a3-25bf\\\/\",\"url\":\"https:\\\/\\\/mhthobbyracing.com.ar\\\/index.php\\\/producto\\\/st-a3-25bf\\\/\",\"name\":\"ST-A3-25BF - Servo OMG encontralo en MHTHOBBY Pueeto Madryn\",\"isPartOf\":{\"@id\":\"https:\\\/\\\/mhthobbyracing.com.ar\\\/#website\"},\"primaryImageOfPage\":{\"@id\":\"https:\\\/\\\/mhthobbyracing.com.ar\\\/index.php\\\/producto\\\/st-a3-25bf\\\/#primaryimage\"},\"image\":{\"@id\":\"https:\\\/\\\/mhthobbyracing.com.ar\\\/index.php\\\/producto\\\/st-a3-25bf\\\/#primaryimage\"},\"thumbnailUrl\":\"https:\\\/\\\/mhthobbyracing.com.ar\\\/wp-content\\\/uploads\\\/2021\\\/06\\\/1__19955.1609387106.1280.1280-1.jpg\",\"datePublished\":\"2021-06-28T23:29:31+00:00\",\"dateModified\":\"2025-12-03T15:15:46+00:00\",\"description\":\"ST-A3-25BF - Servo OMG A3-25 BF -motor brushless 25KG de torque velocidad .075 sec\\\/60\u00ba Edici\u00e7on Especial, este servo y muchos m\u00e1s en MHTHOBBY\",\"breadcrumb\":{\"@id\":\"https:\\\/\\\/mhthobbyracing.com.ar\\\/index.php\\\/producto\\\/st-a3-25bf\\\/#breadcrumb\"},\"inLanguage\":\"es-AR\",\"potentialAction\":[{\"@type\":\"ReadAction\",\"target\":[\"https:\\\/\\\/mhthobbyracing.com.ar\\\/index.php\\\/producto\\\/st-a3-25bf\\\/\"]}]},{\"@type\":\"ImageObject\",\"inLanguage\":\"es-AR\",\"@id\":\"https:\\\/\\\/mhthobbyracing.com.ar\\\/index.php\\\/producto\\\/st-a3-25bf\\\/#primaryimage\",\"url\":\"https:\\\/\\\/mhthobbyracing.com.ar\\\/wp-content\\\/uploads\\\/2021\\\/06\\\/1__19955.1609387106.1280.1280-1.jpg\",\"contentUrl\":\"https:\\\/\\\/mhthobbyracing.com.ar\\\/wp-content\\\/uploads\\\/2021\\\/06\\\/1__19955.1609387106.1280.1280-1.jpg\",\"width\":1080,\"height\":1090,\"caption\":\"ST-A3-25BF\"},{\"@type\":\"BreadcrumbList\",\"@id\":\"https:\\\/\\\/mhthobbyracing.com.ar\\\/index.php\\\/producto\\\/st-a3-25bf\\\/#breadcrumb\",\"itemListElement\":[{\"@type\":\"ListItem\",\"position\":1,\"name\":\"Inicio\",\"item\":\"https:\\\/\\\/mhthobbyracing.com.ar\\\/\"},{\"@type\":\"ListItem\",\"position\":2,\"name\":\"Productos\",\"item\":\"https:\\\/\\\/mhthobbyracing.com.ar\\\/index.php\\\/inicio\\\/tienda\\\/\"},{\"@type\":\"ListItem\",\"position\":3,\"name\":\"OMG ST-A3-25BF\"}]},{\"@type\":\"WebSite\",\"@id\":\"https:\\\/\\\/mhthobbyracing.com.ar\\\/#website\",\"url\":\"https:\\\/\\\/mhthobbyracing.com.ar\\\/\",\"name\":\"MHT-Hobby- Racing Team\",\"description\":\"Hobby Automodelismo\",\"publisher\":{\"@id\":\"https:\\\/\\\/mhthobbyracing.com.ar\\\/#\\\/schema\\\/person\\\/a6a6ed9c2713fc1826eb2541c6a3e9d1\"},\"potentialAction\":[{\"@type\":\"SearchAction\",\"target\":{\"@type\":\"EntryPoint\",\"urlTemplate\":\"https:\\\/\\\/mhthobbyracing.com.ar\\\/?s={search_term_string}\"},\"query-input\":{\"@type\":\"PropertyValueSpecification\",\"valueRequired\":true,\"valueName\":\"search_term_string\"}}],\"inLanguage\":\"es-AR\"},{\"@type\":[\"Person\",\"Organization\"],\"@id\":\"https:\\\/\\\/mhthobbyracing.com.ar\\\/#\\\/schema\\\/person\\\/a6a6ed9c2713fc1826eb2541c6a3e9d1\",\"name\":\"ecomusicpm\",\"image\":{\"@type\":\"ImageObject\",\"inLanguage\":\"es-AR\",\"@id\":\"https:\\\/\\\/mhthobbyracing.com.ar\\\/wp-content\\\/uploads\\\/2020\\\/05\\\/cropped-LOGO-MHT16523-1.png\",\"url\":\"https:\\\/\\\/mhthobbyracing.com.ar\\\/wp-content\\\/uploads\\\/2020\\\/05\\\/cropped-LOGO-MHT16523-1.png\",\"contentUrl\":\"https:\\\/\\\/mhthobbyracing.com.ar\\\/wp-content\\\/uploads\\\/2020\\\/05\\\/cropped-LOGO-MHT16523-1.png\",\"width\":1578,\"height\":564,\"caption\":\"ecomusicpm\"},\"logo\":{\"@id\":\"https:\\\/\\\/mhthobbyracing.com.ar\\\/wp-content\\\/uploads\\\/2020\\\/05\\\/cropped-LOGO-MHT16523-1.png\"},\"sameAs\":[\"http:\\\/\\\/mhthobbyracing.com.ar\"]}]}<\/script>\n<!-- \/ Yoast SEO plugin. -->","yoast_head_json":{"title":"ST-A3-25BF - Servo OMG encontralo en MHTHOBBY Pueeto Madryn","description":"ST-A3-25BF - Servo OMG A3-25 BF -motor brushless 25KG de torque velocidad .075 sec\/60\u00ba Edici\u00e7on Especial, este servo y muchos m\u00e1s en MHTHOBBY","robots":{"index":"index","follow":"follow","max-snippet":"max-snippet:-1","max-image-preview":"max-image-preview:large","max-video-preview":"max-video-preview:-1"},"canonical":"https:\/\/mhthobbyracing.com.ar\/index.php\/producto\/st-a3-25bf\/","og_locale":"es_ES","og_type":"article","og_title":"ST-A3-25BF - Servo OMG encontralo en MHTHOBBY Pueeto Madryn","og_description":"ST-A3-25BF - Servo OMG A3-25 BF -motor brushless 25KG de torque velocidad .075 sec\/60\u00ba Edici\u00e7on Especial, este servo y muchos m\u00e1s en MHTHOBBY","og_url":"https:\/\/mhthobbyracing.com.ar\/index.php\/producto\/st-a3-25bf\/","og_site_name":"Racing Team","article_modified_time":"2025-12-03T15:15:46+00:00","og_image":[{"width":1080,"height":1090,"url":"https:\/\/mhthobbyracing.com.ar\/wp-content\/uploads\/2021\/06\/1__19955.1609387106.1280.1280-1.jpg","type":"image\/jpeg"}],"twitter_card":"summary_large_image","twitter_misc":{"Tiempo de lectura":"2 minutos"},"schema":{"@context":"https:\/\/schema.org","@graph":[{"@type":"WebPage","@id":"https:\/\/mhthobbyracing.com.ar\/index.php\/producto\/st-a3-25bf\/","url":"https:\/\/mhthobbyracing.com.ar\/index.php\/producto\/st-a3-25bf\/","name":"ST-A3-25BF - Servo OMG encontralo en MHTHOBBY Pueeto Madryn","isPartOf":{"@id":"https:\/\/mhthobbyracing.com.ar\/#website"},"primaryImageOfPage":{"@id":"https:\/\/mhthobbyracing.com.ar\/index.php\/producto\/st-a3-25bf\/#primaryimage"},"image":{"@id":"https:\/\/mhthobbyracing.com.ar\/index.php\/producto\/st-a3-25bf\/#primaryimage"},"thumbnailUrl":"https:\/\/mhthobbyracing.com.ar\/wp-content\/uploads\/2021\/06\/1__19955.1609387106.1280.1280-1.jpg","datePublished":"2021-06-28T23:29:31+00:00","dateModified":"2025-12-03T15:15:46+00:00","description":"ST-A3-25BF - Servo OMG A3-25 BF -motor brushless 25KG de torque velocidad .075 sec\/60\u00ba Edici\u00e7on Especial, este servo y muchos m\u00e1s en MHTHOBBY","breadcrumb":{"@id":"https:\/\/mhthobbyracing.com.ar\/index.php\/producto\/st-a3-25bf\/#breadcrumb"},"inLanguage":"es-AR","potentialAction":[{"@type":"ReadAction","target":["https:\/\/mhthobbyracing.com.ar\/index.php\/producto\/st-a3-25bf\/"]}]},{"@type":"ImageObject","inLanguage":"es-AR","@id":"https:\/\/mhthobbyracing.com.ar\/index.php\/producto\/st-a3-25bf\/#primaryimage","url":"https:\/\/mhthobbyracing.com.ar\/wp-content\/uploads\/2021\/06\/1__19955.1609387106.1280.1280-1.jpg","contentUrl":"https:\/\/mhthobbyracing.com.ar\/wp-content\/uploads\/2021\/06\/1__19955.1609387106.1280.1280-1.jpg","width":1080,"height":1090,"caption":"ST-A3-25BF"},{"@type":"BreadcrumbList","@id":"https:\/\/mhthobbyracing.com.ar\/index.php\/producto\/st-a3-25bf\/#breadcrumb","itemListElement":[{"@type":"ListItem","position":1,"name":"Inicio","item":"https:\/\/mhthobbyracing.com.ar\/"},{"@type":"ListItem","position":2,"name":"Productos","item":"https:\/\/mhthobbyracing.com.ar\/index.php\/inicio\/tienda\/"},{"@type":"ListItem","position":3,"name":"OMG ST-A3-25BF"}]},{"@type":"WebSite","@id":"https:\/\/mhthobbyracing.com.ar\/#website","url":"https:\/\/mhthobbyracing.com.ar\/","name":"MHT-Hobby- Racing Team","description":"Hobby Automodelismo","publisher":{"@id":"https:\/\/mhthobbyracing.com.ar\/#\/schema\/person\/a6a6ed9c2713fc1826eb2541c6a3e9d1"},"potentialAction":[{"@type":"SearchAction","target":{"@type":"EntryPoint","urlTemplate":"https:\/\/mhthobbyracing.com.ar\/?s={search_term_string}"},"query-input":{"@type":"PropertyValueSpecification","valueRequired":true,"valueName":"search_term_string"}}],"inLanguage":"es-AR"},{"@type":["Person","Organization"],"@id":"https:\/\/mhthobbyracing.com.ar\/#\/schema\/person\/a6a6ed9c2713fc1826eb2541c6a3e9d1","name":"ecomusicpm","image":{"@type":"ImageObject","inLanguage":"es-AR","@id":"https:\/\/mhthobbyracing.com.ar\/wp-content\/uploads\/2020\/05\/cropped-LOGO-MHT16523-1.png","url":"https:\/\/mhthobbyracing.com.ar\/wp-content\/uploads\/2020\/05\/cropped-LOGO-MHT16523-1.png","contentUrl":"https:\/\/mhthobbyracing.com.ar\/wp-content\/uploads\/2020\/05\/cropped-LOGO-MHT16523-1.png","width":1578,"height":564,"caption":"ecomusicpm"},"logo":{"@id":"https:\/\/mhthobbyracing.com.ar\/wp-content\/uploads\/2020\/05\/cropped-LOGO-MHT16523-1.png"},"sameAs":["http:\/\/mhthobbyracing.com.ar"]}]}},"_links":{"self":[{"href":"https:\/\/mhthobbyracing.com.ar\/index.php\/wp-json\/wp\/v2\/product\/1041","targetHints":{"allow":["GET"]}}],"collection":[{"href":"https:\/\/mhthobbyracing.com.ar\/index.php\/wp-json\/wp\/v2\/product"}],"about":[{"href":"https:\/\/mhthobbyracing.com.ar\/index.php\/wp-json\/wp\/v2\/types\/product"}],"replies":[{"embeddable":true,"href":"https:\/\/mhthobbyracing.com.ar\/index.php\/wp-json\/wp\/v2\/comments?post=1041"}],"wp:featuredmedia":[{"embeddable":true,"href":"https:\/\/mhthobbyracing.com.ar\/index.php\/wp-json\/wp\/v2\/media\/1042"}],"wp:attachment":[{"href":"https:\/\/mhthobbyracing.com.ar\/index.php\/wp-json\/wp\/v2\/media?parent=1041"}],"wp:term":[{"taxonomy":"product_brand","embeddable":true,"href":"https:\/\/mhthobbyracing.com.ar\/index.php\/wp-json\/wp\/v2\/product_brand?post=1041"},{"taxonomy":"product_cat","embeddable":true,"href":"https:\/\/mhthobbyracing.com.ar\/index.php\/wp-json\/wp\/v2\/product_cat?post=1041"},{"taxonomy":"product_tag","embeddable":true,"href":"https:\/\/mhthobbyracing.com.ar\/index.php\/wp-json\/wp\/v2\/product_tag?post=1041"}],"curies":[{"name":"wp","href":"https:\/\/api.w.org\/{rel}","templated":true}]}}