{"id":1201,"date":"2021-10-18T15:20:36","date_gmt":"2021-10-18T18:20:36","guid":{"rendered":"https:\/\/mhthobbyracing.com.ar\/?post_type=product&#038;p=1201"},"modified":"2026-03-04T14:07:20","modified_gmt":"2026-03-04T17:07:20","slug":"eagle-fuel-2","status":"publish","type":"product","link":"https:\/\/mhthobbyracing.com.ar\/index.php\/producto\/eagle-fuel-2\/","title":{"rendered":"Combustible Eagle Fuel 20% RTR"},"content":{"rendered":"<p>Combustible Eagle Fuel 20% RTR<\/p>\n<p>QUIENES SOMOS<\/p>\n<div id=\"SITE_PAGES\">\n<div id=\"flz48\" class=\"Ry26q\">\n<div class=\"_3K7uv\">\n<div id=\"Containerflz48\" class=\"_1KV2M\">\n<div class=\"\" data-mesh-id=\"Containerflz48inlineContent\" data-testid=\"inline-content\">\n<div data-mesh-id=\"Containerflz48inlineContent-gridContainer\" data-testid=\"mesh-container-content\">\n<div id=\"comp-kkzugf5i\" class=\"_1Q9if\" data-testid=\"richTextElement\">\n<p class=\"font_8\">Eagle Fuel es una marca brasile\u00f1a dedicada a desarrollar y producir combustible modelo con excelencia en calidad, brindando mejor desempe\u00f1o del motor y durabilidad mec\u00e1nica.<\/p>\n<p class=\"font_8\">Esto solo es posible gracias al riguroso est\u00e1ndar de calidad en cada etapa de producci\u00f3n combinado con la formaci\u00f3n constante de nuestros especialistas, con f\u00f3rmulas exclusivas, materia prima de calidad y responsabilidad sostenible.<\/p>\n<p class=\"font_8\">Despu\u00e9s de todo, sabemos que la fabricaci\u00f3n de modelos es m\u00e1s que un deporte o un pasatiempo. Es una pasion<\/p>\n<p class=\"font_8\">Experimente m\u00e1s rendimiento.<\/p>\n<p class=\"font_8\">Experimente m\u00e1s durabilidad.<\/p>\n<p class=\"font_8\">Prueba Eagle Fuel.<\/p>\n<\/div>\n<\/div>\n<\/div>\n<\/div>\n<\/div>\n<\/div>\n<\/div>\n<p>PRODUCIDO EN BRASIL CON EST\u00c1NDAR INTERNACIONAL<\/p>\n<div id=\"SITE_PAGES\">\n<div id=\"z9xh0\" class=\"Ry26q\">\n<div class=\"_3K7uv\">\n<div id=\"Containerz9xh0\" class=\"_1KV2M\">\n<div class=\"\" data-mesh-id=\"Containerz9xh0inlineContent\" data-testid=\"inline-content\">\n<div data-mesh-id=\"Containerz9xh0inlineContent-gridContainer\" data-testid=\"mesh-container-content\">\n<div id=\"comp-kkzr7bc7\" class=\"_1Q9if\" data-testid=\"richTextElement\">\n<p class=\"font_8\"><a href=\"http:\/\/www.arpol.com.br\/\" target=\"_blank\" rel=\"noopener\">Arpol Red Spot<\/a>\u00a0es una referencia en Brasil y Am\u00e9rica Latina con m\u00e1s de 35 a\u00f1os de experiencia y constante inversi\u00f3n en tecnolog\u00eda e innovaci\u00f3n.<\/p>\n<p class=\"font_8\">Con laboratorio propio, nuestros especialistas combinan f\u00f3rmulas exclusivas y estrictos est\u00e1ndares de calidad para ofrecer productos de alto rendimiento.<\/p>\n<p class=\"font_8\">Todos los procesos de la f\u00e1brica siguen un est\u00e1ndar de calidad internacional muy alto, que, a trav\u00e9s de pr\u00e1cticas rigurosas:<\/p>\n<p class=\"font_8\">da fe de los m\u00e9todos y est\u00e1ndares utilizados en toda la l\u00ednea de producci\u00f3n.<\/p>\n<p class=\"font_8\"><span class=\"wixGuard\">Somos un negocio operado y de propiedad familiar.<\/span><\/p>\n<p class=\"font_8\">Ubicado en un \u00e1rea de 8 mil m2, en Osasco, en el Gran S\u00e3o Paulo, Arpol Red Spot, con sede propia.<\/p>\n<p class=\"font_8\">Cuenta con modernos laboratorios, automatizaci\u00f3n de l\u00edneas de producci\u00f3n.<\/p>\n<p class=\"font_8\">Grandes stocks segmentados y m\u00e9todo de disposici\u00f3n consciente, adem\u00e1s de un sistema avanzado.<\/p>\n<p class=\"font_8\">sistema de contenci\u00f3n.<\/p>\n<p class=\"font_8\">Todo esto para asegurarnos de que nuestros combustibles le lleguen con la calidad y el rendimiento que su pasi\u00f3n por la maqueta se merece.<\/p>\n<\/div>\n<div id=\"comp-kl16dfxy\" class=\"XUUsC\" title=\"\">\n<div class=\"xQ_iF\" data-testid=\"linkElement\">\n<div class=\"_2tOYG\"><\/div>\n<\/div>\n<\/div>\n<\/div>\n<\/div>\n<\/div>\n<\/div>\n<\/div>\n<\/div>\n<p>Combustible Eagle Fuel 20% RTR<\/p>\n<p>Visit\u00e1:<a href=\"https:\/\/es.eaglefuel.com.br\/news\">https:\/\/es.eaglefuel.com.br\/news<\/a><\/p>\n","protected":false},"excerpt":{"rendered":"<p>En Stock!!!!!<\/p>\n","protected":false},"featured_media":1091,"comment_status":"open","ping_status":"closed","template":"","meta":{"site-sidebar-layout":"default","site-content-layout":"default","ast-site-content-layout":"","site-content-style":"default","site-sidebar-style":"default","ast-global-header-display":"","ast-banner-title-visibility":"","ast-main-header-display":"","ast-hfb-above-header-display":"","ast-hfb-below-header-display":"","ast-hfb-mobile-header-display":"","site-post-title":"","ast-breadcrumbs-content":"","ast-featured-img":"","footer-sml-layout":"","theme-transparent-header-meta":"default","adv-header-id-meta":"","stick-header-meta":"","header-above-stick-meta":"","header-main-stick-meta":"","header-below-stick-meta":"","astra-migrate-meta-layouts":"default","ast-page-background-enabled":"default","ast-page-background-meta":{"desktop":{"background-color":"","background-image":"","background-repeat":"repeat","background-position":"center center","background-size":"auto","background-attachment":"scroll","background-type":"","background-media":"","overlay-type":"","overlay-color":"","overlay-opacity":"","overlay-gradient":""},"tablet":{"background-color":"","background-image":"","background-repeat":"repeat","background-position":"center center","background-size":"auto","background-attachment":"scroll","background-type":"","background-media":"","overlay-type":"","overlay-color":"","overlay-opacity":"","overlay-gradient":""},"mobile":{"background-color":"","background-image":"","background-repeat":"repeat","background-position":"center center","background-size":"auto","background-attachment":"scroll","background-type":"","background-media":"","overlay-type":"","overlay-color":"","overlay-opacity":"","overlay-gradient":""}},"ast-content-background-meta":{"desktop":{"background-color":"var(--ast-global-color-5)","background-image":"","background-repeat":"repeat","background-position":"center center","background-size":"auto","background-attachment":"scroll","background-type":"","background-media":"","overlay-type":"","overlay-color":"","overlay-opacity":"","overlay-gradient":""},"tablet":{"background-color":"var(--ast-global-color-5)","background-image":"","background-repeat":"repeat","background-position":"center center","background-size":"auto","background-attachment":"scroll","background-type":"","background-media":"","overlay-type":"","overlay-color":"","overlay-opacity":"","overlay-gradient":""},"mobile":{"background-color":"var(--ast-global-color-5)","background-image":"","background-repeat":"repeat","background-position":"center center","background-size":"auto","background-attachment":"scroll","background-type":"","background-media":"","overlay-type":"","overlay-color":"","overlay-opacity":"","overlay-gradient":""}},"_joinchat":[]},"product_brand":[],"product_cat":[34],"product_tag":[200],"class_list":{"0":"post-1201","1":"product","2":"type-product","3":"status-publish","4":"has-post-thumbnail","6":"product_cat-combustible","7":"product_tag-eagle-fuel-rtr","8":"desktop-align-left","9":"tablet-align-left","10":"mobile-align-left","12":"first","13":"instock","14":"shipping-taxable","15":"purchasable","16":"product-type-simple"},"yoast_head":"<!-- This site is optimized with the Yoast SEO plugin v27.5 - https:\/\/yoast.com\/product\/yoast-seo-wordpress\/ -->\n<title>Combustible Eagle Fuel - Encontralo en MHTHOBBY Argentina<\/title>\n<meta name=\"description\" content=\"Eagle Fuel - Combustible Premiun para radio control , avi\u00f3nes, helic\u00f3pteros y automodelismo , todo terreno, pista y RTR -MHTHOBBY Argentina\" \/>\n<meta name=\"robots\" content=\"index, follow, max-snippet:-1, max-image-preview:large, max-video-preview:-1\" \/>\n<link rel=\"canonical\" href=\"https:\/\/mhthobbyracing.com.ar\/index.php\/producto\/eagle-fuel-2\/\" \/>\n<meta property=\"og:locale\" content=\"es_ES\" \/>\n<meta property=\"og:type\" content=\"article\" \/>\n<meta property=\"og:title\" content=\"Combustible Eagle Fuel - Encontralo en MHTHOBBY Argentina\" \/>\n<meta property=\"og:description\" content=\"Eagle Fuel - Combustible Premiun para radio control , avi\u00f3nes, helic\u00f3pteros y automodelismo , todo terreno, pista y RTR -MHTHOBBY Argentina\" \/>\n<meta property=\"og:url\" content=\"https:\/\/mhthobbyracing.com.ar\/index.php\/producto\/eagle-fuel-2\/\" \/>\n<meta property=\"og:site_name\" content=\"Racing Team\" \/>\n<meta property=\"article:modified_time\" content=\"2026-03-04T17:07:20+00:00\" \/>\n<meta property=\"og:image\" content=\"https:\/\/mhthobbyracing.com.ar\/wp-content\/uploads\/2021\/09\/101599959050de51a61.jpg\" \/>\n\t<meta property=\"og:image:width\" content=\"455\" \/>\n\t<meta property=\"og:image:height\" content=\"450\" \/>\n\t<meta property=\"og:image:type\" content=\"image\/jpeg\" \/>\n<meta name=\"twitter:card\" content=\"summary_large_image\" \/>\n<meta name=\"twitter:label1\" content=\"Tiempo de lectura\" \/>\n\t<meta name=\"twitter:data1\" content=\"2 minutos\" \/>\n<script type=\"application\/ld+json\" class=\"yoast-schema-graph\">{\"@context\":\"https:\\\/\\\/schema.org\",\"@graph\":[{\"@type\":\"WebPage\",\"@id\":\"https:\\\/\\\/mhthobbyracing.com.ar\\\/index.php\\\/producto\\\/eagle-fuel-2\\\/\",\"url\":\"https:\\\/\\\/mhthobbyracing.com.ar\\\/index.php\\\/producto\\\/eagle-fuel-2\\\/\",\"name\":\"Combustible Eagle Fuel - Encontralo en MHTHOBBY Argentina\",\"isPartOf\":{\"@id\":\"https:\\\/\\\/mhthobbyracing.com.ar\\\/#website\"},\"primaryImageOfPage\":{\"@id\":\"https:\\\/\\\/mhthobbyracing.com.ar\\\/index.php\\\/producto\\\/eagle-fuel-2\\\/#primaryimage\"},\"image\":{\"@id\":\"https:\\\/\\\/mhthobbyracing.com.ar\\\/index.php\\\/producto\\\/eagle-fuel-2\\\/#primaryimage\"},\"thumbnailUrl\":\"https:\\\/\\\/mhthobbyracing.com.ar\\\/wp-content\\\/uploads\\\/2021\\\/09\\\/101599959050de51a61.jpg\",\"datePublished\":\"2021-10-18T18:20:36+00:00\",\"dateModified\":\"2026-03-04T17:07:20+00:00\",\"description\":\"Eagle Fuel - Combustible Premiun para radio control , avi\u00f3nes, helic\u00f3pteros y automodelismo , todo terreno, pista y RTR -MHTHOBBY Argentina\",\"breadcrumb\":{\"@id\":\"https:\\\/\\\/mhthobbyracing.com.ar\\\/index.php\\\/producto\\\/eagle-fuel-2\\\/#breadcrumb\"},\"inLanguage\":\"es-AR\",\"potentialAction\":[{\"@type\":\"ReadAction\",\"target\":[\"https:\\\/\\\/mhthobbyracing.com.ar\\\/index.php\\\/producto\\\/eagle-fuel-2\\\/\"]}]},{\"@type\":\"ImageObject\",\"inLanguage\":\"es-AR\",\"@id\":\"https:\\\/\\\/mhthobbyracing.com.ar\\\/index.php\\\/producto\\\/eagle-fuel-2\\\/#primaryimage\",\"url\":\"https:\\\/\\\/mhthobbyracing.com.ar\\\/wp-content\\\/uploads\\\/2021\\\/09\\\/101599959050de51a61.jpg\",\"contentUrl\":\"https:\\\/\\\/mhthobbyracing.com.ar\\\/wp-content\\\/uploads\\\/2021\\\/09\\\/101599959050de51a61.jpg\",\"width\":455,\"height\":450,\"caption\":\"Eagle fuel\"},{\"@type\":\"BreadcrumbList\",\"@id\":\"https:\\\/\\\/mhthobbyracing.com.ar\\\/index.php\\\/producto\\\/eagle-fuel-2\\\/#breadcrumb\",\"itemListElement\":[{\"@type\":\"ListItem\",\"position\":1,\"name\":\"Inicio\",\"item\":\"https:\\\/\\\/mhthobbyracing.com.ar\\\/\"},{\"@type\":\"ListItem\",\"position\":2,\"name\":\"Productos\",\"item\":\"https:\\\/\\\/mhthobbyracing.com.ar\\\/index.php\\\/inicio\\\/tienda\\\/\"},{\"@type\":\"ListItem\",\"position\":3,\"name\":\"Combustible Eagle Fuel 20% RTR\"}]},{\"@type\":\"WebSite\",\"@id\":\"https:\\\/\\\/mhthobbyracing.com.ar\\\/#website\",\"url\":\"https:\\\/\\\/mhthobbyracing.com.ar\\\/\",\"name\":\"MHT-Hobby- Racing Team\",\"description\":\"Hobby Automodelismo\",\"publisher\":{\"@id\":\"https:\\\/\\\/mhthobbyracing.com.ar\\\/#\\\/schema\\\/person\\\/a6a6ed9c2713fc1826eb2541c6a3e9d1\"},\"potentialAction\":[{\"@type\":\"SearchAction\",\"target\":{\"@type\":\"EntryPoint\",\"urlTemplate\":\"https:\\\/\\\/mhthobbyracing.com.ar\\\/?s={search_term_string}\"},\"query-input\":{\"@type\":\"PropertyValueSpecification\",\"valueRequired\":true,\"valueName\":\"search_term_string\"}}],\"inLanguage\":\"es-AR\"},{\"@type\":[\"Person\",\"Organization\"],\"@id\":\"https:\\\/\\\/mhthobbyracing.com.ar\\\/#\\\/schema\\\/person\\\/a6a6ed9c2713fc1826eb2541c6a3e9d1\",\"name\":\"ecomusicpm\",\"image\":{\"@type\":\"ImageObject\",\"inLanguage\":\"es-AR\",\"@id\":\"https:\\\/\\\/mhthobbyracing.com.ar\\\/wp-content\\\/uploads\\\/2020\\\/05\\\/cropped-LOGO-MHT16523-1.png\",\"url\":\"https:\\\/\\\/mhthobbyracing.com.ar\\\/wp-content\\\/uploads\\\/2020\\\/05\\\/cropped-LOGO-MHT16523-1.png\",\"contentUrl\":\"https:\\\/\\\/mhthobbyracing.com.ar\\\/wp-content\\\/uploads\\\/2020\\\/05\\\/cropped-LOGO-MHT16523-1.png\",\"width\":1578,\"height\":564,\"caption\":\"ecomusicpm\"},\"logo\":{\"@id\":\"https:\\\/\\\/mhthobbyracing.com.ar\\\/wp-content\\\/uploads\\\/2020\\\/05\\\/cropped-LOGO-MHT16523-1.png\"},\"sameAs\":[\"http:\\\/\\\/mhthobbyracing.com.ar\"]}]}<\/script>\n<!-- \/ Yoast SEO plugin. -->","yoast_head_json":{"title":"Combustible Eagle Fuel - Encontralo en MHTHOBBY Argentina","description":"Eagle Fuel - Combustible Premiun para radio control , avi\u00f3nes, helic\u00f3pteros y automodelismo , todo terreno, pista y RTR -MHTHOBBY Argentina","robots":{"index":"index","follow":"follow","max-snippet":"max-snippet:-1","max-image-preview":"max-image-preview:large","max-video-preview":"max-video-preview:-1"},"canonical":"https:\/\/mhthobbyracing.com.ar\/index.php\/producto\/eagle-fuel-2\/","og_locale":"es_ES","og_type":"article","og_title":"Combustible Eagle Fuel - Encontralo en MHTHOBBY Argentina","og_description":"Eagle Fuel - Combustible Premiun para radio control , avi\u00f3nes, helic\u00f3pteros y automodelismo , todo terreno, pista y RTR -MHTHOBBY Argentina","og_url":"https:\/\/mhthobbyracing.com.ar\/index.php\/producto\/eagle-fuel-2\/","og_site_name":"Racing Team","article_modified_time":"2026-03-04T17:07:20+00:00","og_image":[{"width":455,"height":450,"url":"https:\/\/mhthobbyracing.com.ar\/wp-content\/uploads\/2021\/09\/101599959050de51a61.jpg","type":"image\/jpeg"}],"twitter_card":"summary_large_image","twitter_misc":{"Tiempo de lectura":"2 minutos"},"schema":{"@context":"https:\/\/schema.org","@graph":[{"@type":"WebPage","@id":"https:\/\/mhthobbyracing.com.ar\/index.php\/producto\/eagle-fuel-2\/","url":"https:\/\/mhthobbyracing.com.ar\/index.php\/producto\/eagle-fuel-2\/","name":"Combustible Eagle Fuel - Encontralo en MHTHOBBY Argentina","isPartOf":{"@id":"https:\/\/mhthobbyracing.com.ar\/#website"},"primaryImageOfPage":{"@id":"https:\/\/mhthobbyracing.com.ar\/index.php\/producto\/eagle-fuel-2\/#primaryimage"},"image":{"@id":"https:\/\/mhthobbyracing.com.ar\/index.php\/producto\/eagle-fuel-2\/#primaryimage"},"thumbnailUrl":"https:\/\/mhthobbyracing.com.ar\/wp-content\/uploads\/2021\/09\/101599959050de51a61.jpg","datePublished":"2021-10-18T18:20:36+00:00","dateModified":"2026-03-04T17:07:20+00:00","description":"Eagle Fuel - Combustible Premiun para radio control , avi\u00f3nes, helic\u00f3pteros y automodelismo , todo terreno, pista y RTR -MHTHOBBY Argentina","breadcrumb":{"@id":"https:\/\/mhthobbyracing.com.ar\/index.php\/producto\/eagle-fuel-2\/#breadcrumb"},"inLanguage":"es-AR","potentialAction":[{"@type":"ReadAction","target":["https:\/\/mhthobbyracing.com.ar\/index.php\/producto\/eagle-fuel-2\/"]}]},{"@type":"ImageObject","inLanguage":"es-AR","@id":"https:\/\/mhthobbyracing.com.ar\/index.php\/producto\/eagle-fuel-2\/#primaryimage","url":"https:\/\/mhthobbyracing.com.ar\/wp-content\/uploads\/2021\/09\/101599959050de51a61.jpg","contentUrl":"https:\/\/mhthobbyracing.com.ar\/wp-content\/uploads\/2021\/09\/101599959050de51a61.jpg","width":455,"height":450,"caption":"Eagle fuel"},{"@type":"BreadcrumbList","@id":"https:\/\/mhthobbyracing.com.ar\/index.php\/producto\/eagle-fuel-2\/#breadcrumb","itemListElement":[{"@type":"ListItem","position":1,"name":"Inicio","item":"https:\/\/mhthobbyracing.com.ar\/"},{"@type":"ListItem","position":2,"name":"Productos","item":"https:\/\/mhthobbyracing.com.ar\/index.php\/inicio\/tienda\/"},{"@type":"ListItem","position":3,"name":"Combustible Eagle Fuel 20% RTR"}]},{"@type":"WebSite","@id":"https:\/\/mhthobbyracing.com.ar\/#website","url":"https:\/\/mhthobbyracing.com.ar\/","name":"MHT-Hobby- Racing Team","description":"Hobby Automodelismo","publisher":{"@id":"https:\/\/mhthobbyracing.com.ar\/#\/schema\/person\/a6a6ed9c2713fc1826eb2541c6a3e9d1"},"potentialAction":[{"@type":"SearchAction","target":{"@type":"EntryPoint","urlTemplate":"https:\/\/mhthobbyracing.com.ar\/?s={search_term_string}"},"query-input":{"@type":"PropertyValueSpecification","valueRequired":true,"valueName":"search_term_string"}}],"inLanguage":"es-AR"},{"@type":["Person","Organization"],"@id":"https:\/\/mhthobbyracing.com.ar\/#\/schema\/person\/a6a6ed9c2713fc1826eb2541c6a3e9d1","name":"ecomusicpm","image":{"@type":"ImageObject","inLanguage":"es-AR","@id":"https:\/\/mhthobbyracing.com.ar\/wp-content\/uploads\/2020\/05\/cropped-LOGO-MHT16523-1.png","url":"https:\/\/mhthobbyracing.com.ar\/wp-content\/uploads\/2020\/05\/cropped-LOGO-MHT16523-1.png","contentUrl":"https:\/\/mhthobbyracing.com.ar\/wp-content\/uploads\/2020\/05\/cropped-LOGO-MHT16523-1.png","width":1578,"height":564,"caption":"ecomusicpm"},"logo":{"@id":"https:\/\/mhthobbyracing.com.ar\/wp-content\/uploads\/2020\/05\/cropped-LOGO-MHT16523-1.png"},"sameAs":["http:\/\/mhthobbyracing.com.ar"]}]}},"_links":{"self":[{"href":"https:\/\/mhthobbyracing.com.ar\/index.php\/wp-json\/wp\/v2\/product\/1201","targetHints":{"allow":["GET"]}}],"collection":[{"href":"https:\/\/mhthobbyracing.com.ar\/index.php\/wp-json\/wp\/v2\/product"}],"about":[{"href":"https:\/\/mhthobbyracing.com.ar\/index.php\/wp-json\/wp\/v2\/types\/product"}],"replies":[{"embeddable":true,"href":"https:\/\/mhthobbyracing.com.ar\/index.php\/wp-json\/wp\/v2\/comments?post=1201"}],"wp:featuredmedia":[{"embeddable":true,"href":"https:\/\/mhthobbyracing.com.ar\/index.php\/wp-json\/wp\/v2\/media\/1091"}],"wp:attachment":[{"href":"https:\/\/mhthobbyracing.com.ar\/index.php\/wp-json\/wp\/v2\/media?parent=1201"}],"wp:term":[{"taxonomy":"product_brand","embeddable":true,"href":"https:\/\/mhthobbyracing.com.ar\/index.php\/wp-json\/wp\/v2\/product_brand?post=1201"},{"taxonomy":"product_cat","embeddable":true,"href":"https:\/\/mhthobbyracing.com.ar\/index.php\/wp-json\/wp\/v2\/product_cat?post=1201"},{"taxonomy":"product_tag","embeddable":true,"href":"https:\/\/mhthobbyracing.com.ar\/index.php\/wp-json\/wp\/v2\/product_tag?post=1201"}],"curies":[{"name":"wp","href":"https:\/\/api.w.org\/{rel}","templated":true}]}}