{"id":1208,"date":"2021-11-11T21:17:52","date_gmt":"2021-11-12T00:17:52","guid":{"rendered":"https:\/\/mhthobbyracing.com.ar\/?post_type=product&#038;p=1208"},"modified":"2025-11-18T22:44:42","modified_gmt":"2025-11-19T01:44:42","slug":"eartec-ultralite-5s","status":"publish","type":"product","link":"https:\/\/mhthobbyracing.com.ar\/index.php\/producto\/eartec-ultralite-5s\/","title":{"rendered":"Eartec UltraLite 5S"},"content":{"rendered":"<p>Eartec UL5S Intercom<\/p>\n<h2>Eartec UL5S EU UltraLITE Sistema de auriculares para 5 personas.<\/h2>\n<p>El sistema de auriculares UL5S EU UltraLITE para 5 personas de Eartec incluye un auricular UltraLITE Single Master y cuatro auriculares UltraLITE Single Remote, 5 bater\u00edas, un cargador y un estuche para transporte en tela.<\/p>\n<p>Est\u00e1 dise\u00f1ado para llevar equipos de dos personas que necesitan comunicarse de forma inal\u00e1mbrica mientras trabajan simult\u00e1neamente con sus manos en producci\u00f3n.<\/p>\n<p>Los auriculares UltraLITE, sencillo incluido en este kit y uno master single oreja, tienen el transceiver incorporado en el interior de la oreja, lo que elimina los cables de los auriculares y las radios.<\/p>\n<p>Proporcionan comunicaci\u00f3n de voz bidireccional y el brazo del micr\u00f3fono puede girar 270 \u00b0. Este kit puede ser llevado hasta 4 usuarios agregando mas UltraLITE Single Remote.<\/p>\n<p><strong>Caracter\u00edsticas:<\/strong><\/p>\n<ul>\n<li>Proporciona comunicaci\u00f3n manos libres<\/li>\n<li>1 Master single \u00a0oreja + 4 UltraLITE Single Remote<\/li>\n<li>5 bater\u00edas recargables<\/li>\n<li>Micr\u00f3fonos\u00a0 flexibles<\/li>\n<li>Proporciona comunicaci\u00f3n manos libres<\/li>\n<li>No requiere de licencia FCC<\/li>\n<\/ul>\n<p>&nbsp;<\/p>\n<p><b><big>Comunicaci\u00f3n<br \/>\ninal\u00e1mbrica d\u00faplex completa sin estaci\u00f3n base<\/big><\/b><\/p>\n<p><b>Cuando su trabajo requiera coordinaci\u00f3n de una fracci\u00f3n de segundo,<\/b>\u00a0busque los auriculares aut\u00f3nomos UltraLITE y el contacto de voz inal\u00e1mbrico d\u00faplex completo y manos libres.<\/p>\n<p><b>UltraLITE son auriculares revolucionarios<\/b>\u00a0que eclipsan a todos los dem\u00e1s sistemas d\u00faplex completos por su rendimiento y comodidad porque el transceptor est\u00e1 construido justo dentro del auricular.<\/p>\n<p>Este dise\u00f1o aut\u00f3nomo &#8220;Todo en Uno&#8221; elimina los cables y las radios que se usan con cintur\u00f3n.<\/p>\n<p>Y dado que UltraLITE no requiere estaciones base complicadas, los usuarios pueden permanecer en contacto de voz d\u00faplex completo constante incluso mientras est\u00e1n en movimiento.<\/p>\n<p>&nbsp;<\/p>\n<p>Eartec UL5S Intercom<\/p>\n<p>Visit\u00e1:<a href=\"https:\/\/eartec.com\/ultralite-single-wireless-headsets\/\">https:\/\/eartec.com\/ultralite-single-wireless-headsets\/<\/a><\/p>\n<p>Te puede interesar:<a href=\"https:\/\/mhthobbyracing.com.ar\/index.php\/inicio\/tienda\/\">https:\/\/mhthobbyracing.com.ar\/index.php\/inicio\/tienda\/<\/a><\/p>\n","protected":false},"excerpt":{"rendered":"<p>En Stock!!!<\/p>\n","protected":false},"featured_media":1216,"comment_status":"open","ping_status":"closed","template":"","meta":{"site-sidebar-layout":"default","site-content-layout":"default","ast-site-content-layout":"","site-content-style":"default","site-sidebar-style":"default","ast-global-header-display":"","ast-banner-title-visibility":"","ast-main-header-display":"","ast-hfb-above-header-display":"","ast-hfb-below-header-display":"","ast-hfb-mobile-header-display":"","site-post-title":"","ast-breadcrumbs-content":"","ast-featured-img":"","footer-sml-layout":"","theme-transparent-header-meta":"default","adv-header-id-meta":"","stick-header-meta":"","header-above-stick-meta":"","header-main-stick-meta":"","header-below-stick-meta":"","astra-migrate-meta-layouts":"default","ast-page-background-enabled":"default","ast-page-background-meta":{"desktop":{"background-color":"","background-image":"","background-repeat":"repeat","background-position":"center center","background-size":"auto","background-attachment":"scroll","background-type":"","background-media":"","overlay-type":"","overlay-color":"","overlay-opacity":"","overlay-gradient":""},"tablet":{"background-color":"","background-image":"","background-repeat":"repeat","background-position":"center center","background-size":"auto","background-attachment":"scroll","background-type":"","background-media":"","overlay-type":"","overlay-color":"","overlay-opacity":"","overlay-gradient":""},"mobile":{"background-color":"","background-image":"","background-repeat":"repeat","background-position":"center center","background-size":"auto","background-attachment":"scroll","background-type":"","background-media":"","overlay-type":"","overlay-color":"","overlay-opacity":"","overlay-gradient":""}},"ast-content-background-meta":{"desktop":{"background-color":"var(--ast-global-color-5)","background-image":"","background-repeat":"repeat","background-position":"center center","background-size":"auto","background-attachment":"scroll","background-type":"","background-media":"","overlay-type":"","overlay-color":"","overlay-opacity":"","overlay-gradient":""},"tablet":{"background-color":"var(--ast-global-color-5)","background-image":"","background-repeat":"repeat","background-position":"center center","background-size":"auto","background-attachment":"scroll","background-type":"","background-media":"","overlay-type":"","overlay-color":"","overlay-opacity":"","overlay-gradient":""},"mobile":{"background-color":"var(--ast-global-color-5)","background-image":"","background-repeat":"repeat","background-position":"center center","background-size":"auto","background-attachment":"scroll","background-type":"","background-media":"","overlay-type":"","overlay-color":"","overlay-opacity":"","overlay-gradient":""}},"_joinchat":[]},"product_brand":[],"product_cat":[156],"product_tag":[204],"class_list":{"0":"post-1208","1":"product","2":"type-product","3":"status-publish","4":"has-post-thumbnail","6":"product_cat-intercomunicadores","7":"product_tag-ul5s","8":"desktop-align-left","9":"tablet-align-left","10":"mobile-align-left","12":"first","13":"instock","14":"shipping-taxable","15":"purchasable","16":"product-type-simple"},"yoast_head":"<!-- This site is optimized with the Yoast SEO plugin v27.5 - https:\/\/yoast.com\/product\/yoast-seo-wordpress\/ -->\n<title>Eartec UltraLite 5S - encontralos en MHTHOBBY Puerto Madryn Argentina<\/title>\n<meta name=\"description\" content=\"Eartec UltraLite 5S - Sistema de intercomunicadores bidireccionales , micr\u00f3fono flexible , bater\u00edas de litio de larga duraci\u00f3n. MHTHOBBY\" \/>\n<meta name=\"robots\" content=\"index, follow, max-snippet:-1, max-image-preview:large, max-video-preview:-1\" \/>\n<link rel=\"canonical\" href=\"https:\/\/mhthobbyracing.com.ar\/index.php\/producto\/eartec-ultralite-5s\/\" \/>\n<meta property=\"og:locale\" content=\"es_ES\" \/>\n<meta property=\"og:type\" content=\"article\" \/>\n<meta property=\"og:title\" content=\"Eartec UltraLite 5S - encontralos en MHTHOBBY Puerto Madryn Argentina\" \/>\n<meta property=\"og:description\" content=\"Eartec UltraLite 5S - Sistema de intercomunicadores bidireccionales , micr\u00f3fono flexible , bater\u00edas de litio de larga duraci\u00f3n. MHTHOBBY\" \/>\n<meta property=\"og:url\" content=\"https:\/\/mhthobbyracing.com.ar\/index.php\/producto\/eartec-ultralite-5s\/\" \/>\n<meta property=\"og:site_name\" content=\"Racing Team\" \/>\n<meta property=\"article:modified_time\" content=\"2025-11-19T01:44:42+00:00\" \/>\n<meta property=\"og:image\" content=\"https:\/\/mhthobbyracing.com.ar\/wp-content\/uploads\/2021\/11\/Eartec-UL5S.jpg\" \/>\n\t<meta property=\"og:image:width\" content=\"2500\" \/>\n\t<meta property=\"og:image:height\" content=\"2500\" \/>\n\t<meta property=\"og:image:type\" content=\"image\/jpeg\" \/>\n<meta name=\"twitter:card\" content=\"summary_large_image\" \/>\n<meta name=\"twitter:label1\" content=\"Tiempo de lectura\" \/>\n\t<meta name=\"twitter:data1\" content=\"2 minutos\" \/>\n<script type=\"application\/ld+json\" class=\"yoast-schema-graph\">{\"@context\":\"https:\\\/\\\/schema.org\",\"@graph\":[{\"@type\":\"WebPage\",\"@id\":\"https:\\\/\\\/mhthobbyracing.com.ar\\\/index.php\\\/producto\\\/eartec-ultralite-5s\\\/\",\"url\":\"https:\\\/\\\/mhthobbyracing.com.ar\\\/index.php\\\/producto\\\/eartec-ultralite-5s\\\/\",\"name\":\"Eartec UltraLite 5S - encontralos en MHTHOBBY Puerto Madryn Argentina\",\"isPartOf\":{\"@id\":\"https:\\\/\\\/mhthobbyracing.com.ar\\\/#website\"},\"primaryImageOfPage\":{\"@id\":\"https:\\\/\\\/mhthobbyracing.com.ar\\\/index.php\\\/producto\\\/eartec-ultralite-5s\\\/#primaryimage\"},\"image\":{\"@id\":\"https:\\\/\\\/mhthobbyracing.com.ar\\\/index.php\\\/producto\\\/eartec-ultralite-5s\\\/#primaryimage\"},\"thumbnailUrl\":\"https:\\\/\\\/mhthobbyracing.com.ar\\\/wp-content\\\/uploads\\\/2021\\\/11\\\/Eartec-UL5S.jpg\",\"datePublished\":\"2021-11-12T00:17:52+00:00\",\"dateModified\":\"2025-11-19T01:44:42+00:00\",\"description\":\"Eartec UltraLite 5S - Sistema de intercomunicadores bidireccionales , micr\u00f3fono flexible , bater\u00edas de litio de larga duraci\u00f3n. MHTHOBBY\",\"breadcrumb\":{\"@id\":\"https:\\\/\\\/mhthobbyracing.com.ar\\\/index.php\\\/producto\\\/eartec-ultralite-5s\\\/#breadcrumb\"},\"inLanguage\":\"es-AR\",\"potentialAction\":[{\"@type\":\"ReadAction\",\"target\":[\"https:\\\/\\\/mhthobbyracing.com.ar\\\/index.php\\\/producto\\\/eartec-ultralite-5s\\\/\"]}]},{\"@type\":\"ImageObject\",\"inLanguage\":\"es-AR\",\"@id\":\"https:\\\/\\\/mhthobbyracing.com.ar\\\/index.php\\\/producto\\\/eartec-ultralite-5s\\\/#primaryimage\",\"url\":\"https:\\\/\\\/mhthobbyracing.com.ar\\\/wp-content\\\/uploads\\\/2021\\\/11\\\/Eartec-UL5S.jpg\",\"contentUrl\":\"https:\\\/\\\/mhthobbyracing.com.ar\\\/wp-content\\\/uploads\\\/2021\\\/11\\\/Eartec-UL5S.jpg\",\"width\":2500,\"height\":2500,\"caption\":\"Eartec UltraLite 5S\"},{\"@type\":\"BreadcrumbList\",\"@id\":\"https:\\\/\\\/mhthobbyracing.com.ar\\\/index.php\\\/producto\\\/eartec-ultralite-5s\\\/#breadcrumb\",\"itemListElement\":[{\"@type\":\"ListItem\",\"position\":1,\"name\":\"Inicio\",\"item\":\"https:\\\/\\\/mhthobbyracing.com.ar\\\/\"},{\"@type\":\"ListItem\",\"position\":2,\"name\":\"Productos\",\"item\":\"https:\\\/\\\/mhthobbyracing.com.ar\\\/index.php\\\/inicio\\\/tienda\\\/\"},{\"@type\":\"ListItem\",\"position\":3,\"name\":\"Eartec UltraLite 5S\"}]},{\"@type\":\"WebSite\",\"@id\":\"https:\\\/\\\/mhthobbyracing.com.ar\\\/#website\",\"url\":\"https:\\\/\\\/mhthobbyracing.com.ar\\\/\",\"name\":\"MHT-Hobby- Racing Team\",\"description\":\"Hobby Automodelismo\",\"publisher\":{\"@id\":\"https:\\\/\\\/mhthobbyracing.com.ar\\\/#\\\/schema\\\/person\\\/a6a6ed9c2713fc1826eb2541c6a3e9d1\"},\"potentialAction\":[{\"@type\":\"SearchAction\",\"target\":{\"@type\":\"EntryPoint\",\"urlTemplate\":\"https:\\\/\\\/mhthobbyracing.com.ar\\\/?s={search_term_string}\"},\"query-input\":{\"@type\":\"PropertyValueSpecification\",\"valueRequired\":true,\"valueName\":\"search_term_string\"}}],\"inLanguage\":\"es-AR\"},{\"@type\":[\"Person\",\"Organization\"],\"@id\":\"https:\\\/\\\/mhthobbyracing.com.ar\\\/#\\\/schema\\\/person\\\/a6a6ed9c2713fc1826eb2541c6a3e9d1\",\"name\":\"ecomusicpm\",\"image\":{\"@type\":\"ImageObject\",\"inLanguage\":\"es-AR\",\"@id\":\"https:\\\/\\\/mhthobbyracing.com.ar\\\/wp-content\\\/uploads\\\/2020\\\/05\\\/cropped-LOGO-MHT16523-1.png\",\"url\":\"https:\\\/\\\/mhthobbyracing.com.ar\\\/wp-content\\\/uploads\\\/2020\\\/05\\\/cropped-LOGO-MHT16523-1.png\",\"contentUrl\":\"https:\\\/\\\/mhthobbyracing.com.ar\\\/wp-content\\\/uploads\\\/2020\\\/05\\\/cropped-LOGO-MHT16523-1.png\",\"width\":1578,\"height\":564,\"caption\":\"ecomusicpm\"},\"logo\":{\"@id\":\"https:\\\/\\\/mhthobbyracing.com.ar\\\/wp-content\\\/uploads\\\/2020\\\/05\\\/cropped-LOGO-MHT16523-1.png\"},\"sameAs\":[\"http:\\\/\\\/mhthobbyracing.com.ar\"]}]}<\/script>\n<!-- \/ Yoast SEO plugin. -->","yoast_head_json":{"title":"Eartec UltraLite 5S - encontralos en MHTHOBBY Puerto Madryn Argentina","description":"Eartec UltraLite 5S - Sistema de intercomunicadores bidireccionales , micr\u00f3fono flexible , bater\u00edas de litio de larga duraci\u00f3n. MHTHOBBY","robots":{"index":"index","follow":"follow","max-snippet":"max-snippet:-1","max-image-preview":"max-image-preview:large","max-video-preview":"max-video-preview:-1"},"canonical":"https:\/\/mhthobbyracing.com.ar\/index.php\/producto\/eartec-ultralite-5s\/","og_locale":"es_ES","og_type":"article","og_title":"Eartec UltraLite 5S - encontralos en MHTHOBBY Puerto Madryn Argentina","og_description":"Eartec UltraLite 5S - Sistema de intercomunicadores bidireccionales , micr\u00f3fono flexible , bater\u00edas de litio de larga duraci\u00f3n. MHTHOBBY","og_url":"https:\/\/mhthobbyracing.com.ar\/index.php\/producto\/eartec-ultralite-5s\/","og_site_name":"Racing Team","article_modified_time":"2025-11-19T01:44:42+00:00","og_image":[{"width":2500,"height":2500,"url":"https:\/\/mhthobbyracing.com.ar\/wp-content\/uploads\/2021\/11\/Eartec-UL5S.jpg","type":"image\/jpeg"}],"twitter_card":"summary_large_image","twitter_misc":{"Tiempo de lectura":"2 minutos"},"schema":{"@context":"https:\/\/schema.org","@graph":[{"@type":"WebPage","@id":"https:\/\/mhthobbyracing.com.ar\/index.php\/producto\/eartec-ultralite-5s\/","url":"https:\/\/mhthobbyracing.com.ar\/index.php\/producto\/eartec-ultralite-5s\/","name":"Eartec UltraLite 5S - encontralos en MHTHOBBY Puerto Madryn Argentina","isPartOf":{"@id":"https:\/\/mhthobbyracing.com.ar\/#website"},"primaryImageOfPage":{"@id":"https:\/\/mhthobbyracing.com.ar\/index.php\/producto\/eartec-ultralite-5s\/#primaryimage"},"image":{"@id":"https:\/\/mhthobbyracing.com.ar\/index.php\/producto\/eartec-ultralite-5s\/#primaryimage"},"thumbnailUrl":"https:\/\/mhthobbyracing.com.ar\/wp-content\/uploads\/2021\/11\/Eartec-UL5S.jpg","datePublished":"2021-11-12T00:17:52+00:00","dateModified":"2025-11-19T01:44:42+00:00","description":"Eartec UltraLite 5S - Sistema de intercomunicadores bidireccionales , micr\u00f3fono flexible , bater\u00edas de litio de larga duraci\u00f3n. MHTHOBBY","breadcrumb":{"@id":"https:\/\/mhthobbyracing.com.ar\/index.php\/producto\/eartec-ultralite-5s\/#breadcrumb"},"inLanguage":"es-AR","potentialAction":[{"@type":"ReadAction","target":["https:\/\/mhthobbyracing.com.ar\/index.php\/producto\/eartec-ultralite-5s\/"]}]},{"@type":"ImageObject","inLanguage":"es-AR","@id":"https:\/\/mhthobbyracing.com.ar\/index.php\/producto\/eartec-ultralite-5s\/#primaryimage","url":"https:\/\/mhthobbyracing.com.ar\/wp-content\/uploads\/2021\/11\/Eartec-UL5S.jpg","contentUrl":"https:\/\/mhthobbyracing.com.ar\/wp-content\/uploads\/2021\/11\/Eartec-UL5S.jpg","width":2500,"height":2500,"caption":"Eartec UltraLite 5S"},{"@type":"BreadcrumbList","@id":"https:\/\/mhthobbyracing.com.ar\/index.php\/producto\/eartec-ultralite-5s\/#breadcrumb","itemListElement":[{"@type":"ListItem","position":1,"name":"Inicio","item":"https:\/\/mhthobbyracing.com.ar\/"},{"@type":"ListItem","position":2,"name":"Productos","item":"https:\/\/mhthobbyracing.com.ar\/index.php\/inicio\/tienda\/"},{"@type":"ListItem","position":3,"name":"Eartec UltraLite 5S"}]},{"@type":"WebSite","@id":"https:\/\/mhthobbyracing.com.ar\/#website","url":"https:\/\/mhthobbyracing.com.ar\/","name":"MHT-Hobby- Racing Team","description":"Hobby Automodelismo","publisher":{"@id":"https:\/\/mhthobbyracing.com.ar\/#\/schema\/person\/a6a6ed9c2713fc1826eb2541c6a3e9d1"},"potentialAction":[{"@type":"SearchAction","target":{"@type":"EntryPoint","urlTemplate":"https:\/\/mhthobbyracing.com.ar\/?s={search_term_string}"},"query-input":{"@type":"PropertyValueSpecification","valueRequired":true,"valueName":"search_term_string"}}],"inLanguage":"es-AR"},{"@type":["Person","Organization"],"@id":"https:\/\/mhthobbyracing.com.ar\/#\/schema\/person\/a6a6ed9c2713fc1826eb2541c6a3e9d1","name":"ecomusicpm","image":{"@type":"ImageObject","inLanguage":"es-AR","@id":"https:\/\/mhthobbyracing.com.ar\/wp-content\/uploads\/2020\/05\/cropped-LOGO-MHT16523-1.png","url":"https:\/\/mhthobbyracing.com.ar\/wp-content\/uploads\/2020\/05\/cropped-LOGO-MHT16523-1.png","contentUrl":"https:\/\/mhthobbyracing.com.ar\/wp-content\/uploads\/2020\/05\/cropped-LOGO-MHT16523-1.png","width":1578,"height":564,"caption":"ecomusicpm"},"logo":{"@id":"https:\/\/mhthobbyracing.com.ar\/wp-content\/uploads\/2020\/05\/cropped-LOGO-MHT16523-1.png"},"sameAs":["http:\/\/mhthobbyracing.com.ar"]}]}},"_links":{"self":[{"href":"https:\/\/mhthobbyracing.com.ar\/index.php\/wp-json\/wp\/v2\/product\/1208","targetHints":{"allow":["GET"]}}],"collection":[{"href":"https:\/\/mhthobbyracing.com.ar\/index.php\/wp-json\/wp\/v2\/product"}],"about":[{"href":"https:\/\/mhthobbyracing.com.ar\/index.php\/wp-json\/wp\/v2\/types\/product"}],"replies":[{"embeddable":true,"href":"https:\/\/mhthobbyracing.com.ar\/index.php\/wp-json\/wp\/v2\/comments?post=1208"}],"wp:featuredmedia":[{"embeddable":true,"href":"https:\/\/mhthobbyracing.com.ar\/index.php\/wp-json\/wp\/v2\/media\/1216"}],"wp:attachment":[{"href":"https:\/\/mhthobbyracing.com.ar\/index.php\/wp-json\/wp\/v2\/media?parent=1208"}],"wp:term":[{"taxonomy":"product_brand","embeddable":true,"href":"https:\/\/mhthobbyracing.com.ar\/index.php\/wp-json\/wp\/v2\/product_brand?post=1208"},{"taxonomy":"product_cat","embeddable":true,"href":"https:\/\/mhthobbyracing.com.ar\/index.php\/wp-json\/wp\/v2\/product_cat?post=1208"},{"taxonomy":"product_tag","embeddable":true,"href":"https:\/\/mhthobbyracing.com.ar\/index.php\/wp-json\/wp\/v2\/product_tag?post=1208"}],"curies":[{"name":"wp","href":"https:\/\/api.w.org\/{rel}","templated":true}]}}