{"id":1210,"date":"2021-11-13T18:55:07","date_gmt":"2021-11-13T21:55:07","guid":{"rendered":"https:\/\/mhthobbyracing.com.ar\/?post_type=product&#038;p=1210"},"modified":"2025-11-17T16:33:07","modified_gmt":"2025-11-17T19:33:07","slug":"eartec-ultralite-ul3s","status":"publish","type":"product","link":"https:\/\/mhthobbyracing.com.ar\/index.php\/producto\/eartec-ultralite-ul3s\/","title":{"rendered":"Eartec Ultralite UL3S"},"content":{"rendered":"<p>Eartec Ultralite UL3S<\/p>\n<p>El\u00a0<b>sistema de auriculares para 3 personas UL3S UltraLITE<\/b>\u00a0de\u00a0<b>Eartec<\/b>\u00a0incluye un auricular UltraLITE Single Master, dos auriculares UltraLITE Single Remote, tres bater\u00edas, un cargador de dos puertos y una carcasa de lado blando medio.<\/p>\n<p>Est\u00e1 dise\u00f1ado para acomodar a tripulaciones de tres personas que necesitan comunicarse de forma inal\u00e1mbrica mientras trabajan simult\u00e1neamente con sus manos.<\/p>\n<p>Los auriculares simples y dobles UltraLITE tienen el tranceiver construido justo dentro del auricular, eliminando los cables de los auriculares y las radios que se usan en el cintur\u00f3n. Proporcionan comunicaci\u00f3n de voz bidireccional y el brazo del micr\u00f3fono puede girar 270 \u00b0.<\/p>\n<div class=\"featureHeader_BGP5ZCbKOY\">\n<h2 class=\"text_v_wGSQBcdt comfy_v_wGSQBcdt sizeTitle2_v_wGSQBcdt weightNormal_v_wGSQBcdt primary_aEALyqkgyT\">Eartec multicar cargador de 2 puertos<\/h2>\n<\/div>\n<div class=\"productDescription_BGP5ZCbKOY\" data-selenium=\"overviewLongDescription\">\n<div class=\"js-injected-html text_BGP5ZCbKOY\">\n<p>El\u00a0<strong>Eartec Multi-Charger de 2 puertos<\/strong> cuenta con dos bah\u00edas para recargar las bater\u00edas de UltraLITE, UltraPAK y HUB.<\/p>\n<p>Cuando las bater\u00edas alcanzan la carga completa, el LED correspondiente gira de rojo a verde, lo que indica que la bater\u00eda est\u00e1 cargada y lista para usar.<\/p>\n<p>El uso de bater\u00edas externas permite a los usuarios mantener sus sistemas en funcionamiento con un tiempo de inacci\u00f3n m\u00ednimo.<\/p>\n<p>El tiempo de carga es de aproximadamente tres horas.<\/p>\n<p>La base de carga se env\u00eda con un adaptador de CA.<\/p>\n<p><b>Cuando su trabajo requiera coordinaci\u00f3n de una fracci\u00f3n de segundo,<\/b>\u00a0busque los auriculares aut\u00f3nomos UltraLITE y el contacto de voz inal\u00e1mbrico d\u00faplex completo y manos libres.<\/p>\n<p><b>UltraLITE son auriculares revolucionarios<\/b>\u00a0que eclipsan a todos los dem\u00e1s sistemas d\u00faplex completos por su rendimiento y comodidad porque el transceptor est\u00e1 construido justo dentro del auricular.<\/p>\n<p>Este dise\u00f1o aut\u00f3nomo &#8220;Todo en Uno&#8221; elimina los cables y las radios que se usan con cintur\u00f3n.<\/p>\n<p>Y dado que UltraLITE no requiere estaciones base complicadas, los usuarios pueden permanecer en contacto de voz d\u00faplex completo constante incluso mientras est\u00e1n en movimiento.<\/p>\n<\/div>\n<\/div>\n<p>&nbsp;<\/p>\n<p>Eartec Ultralite UL3S<\/p>\n<p>Visit\u00e1:<a href=\"https:\/\/eartec.com\/\">https:\/\/eartec.com\/<\/a><\/p>\n<p>Te puede interesar:<a href=\"https:\/\/mhthobbyracing.com.ar\/\">https:\/\/mhthobbyracing.com.ar\/<\/a><\/p>\n","protected":false},"excerpt":{"rendered":"<p>En stock!!!<\/p>\n","protected":false},"featured_media":1211,"comment_status":"open","ping_status":"closed","template":"","meta":{"site-sidebar-layout":"default","site-content-layout":"default","ast-site-content-layout":"","site-content-style":"default","site-sidebar-style":"default","ast-global-header-display":"","ast-banner-title-visibility":"","ast-main-header-display":"","ast-hfb-above-header-display":"","ast-hfb-below-header-display":"","ast-hfb-mobile-header-display":"","site-post-title":"","ast-breadcrumbs-content":"","ast-featured-img":"","footer-sml-layout":"","theme-transparent-header-meta":"default","adv-header-id-meta":"","stick-header-meta":"","header-above-stick-meta":"","header-main-stick-meta":"","header-below-stick-meta":"","astra-migrate-meta-layouts":"default","ast-page-background-enabled":"default","ast-page-background-meta":{"desktop":{"background-color":"","background-image":"","background-repeat":"repeat","background-position":"center center","background-size":"auto","background-attachment":"scroll","background-type":"","background-media":"","overlay-type":"","overlay-color":"","overlay-opacity":"","overlay-gradient":""},"tablet":{"background-color":"","background-image":"","background-repeat":"repeat","background-position":"center center","background-size":"auto","background-attachment":"scroll","background-type":"","background-media":"","overlay-type":"","overlay-color":"","overlay-opacity":"","overlay-gradient":""},"mobile":{"background-color":"","background-image":"","background-repeat":"repeat","background-position":"center center","background-size":"auto","background-attachment":"scroll","background-type":"","background-media":"","overlay-type":"","overlay-color":"","overlay-opacity":"","overlay-gradient":""}},"ast-content-background-meta":{"desktop":{"background-color":"var(--ast-global-color-5)","background-image":"","background-repeat":"repeat","background-position":"center center","background-size":"auto","background-attachment":"scroll","background-type":"","background-media":"","overlay-type":"","overlay-color":"","overlay-opacity":"","overlay-gradient":""},"tablet":{"background-color":"var(--ast-global-color-5)","background-image":"","background-repeat":"repeat","background-position":"center center","background-size":"auto","background-attachment":"scroll","background-type":"","background-media":"","overlay-type":"","overlay-color":"","overlay-opacity":"","overlay-gradient":""},"mobile":{"background-color":"var(--ast-global-color-5)","background-image":"","background-repeat":"repeat","background-position":"center center","background-size":"auto","background-attachment":"scroll","background-type":"","background-media":"","overlay-type":"","overlay-color":"","overlay-opacity":"","overlay-gradient":""}},"_joinchat":[]},"product_brand":[],"product_cat":[156],"product_tag":[205],"class_list":{"0":"post-1210","1":"product","2":"type-product","3":"status-publish","4":"has-post-thumbnail","6":"product_cat-intercomunicadores","7":"product_tag-eartec-ultralite-ul3s","8":"desktop-align-left","9":"tablet-align-left","10":"mobile-align-left","12":"first","13":"instock","14":"shipping-taxable","15":"purchasable","16":"product-type-simple"},"yoast_head":"<!-- This site is optimized with the Yoast SEO plugin v27.5 - https:\/\/yoast.com\/product\/yoast-seo-wordpress\/ -->\n<title>Eartec Ultralite UL3S - encontralo en MHTHOBBY Argentina<\/title>\n<meta name=\"description\" content=\"Eartec Ultralite UL3S - sistema de auriculares para 3 personas incluye un auricular UltraLITE Single Master, y dos sat\u00e9lites Single MHTHOBBY\" \/>\n<meta name=\"robots\" content=\"index, follow, max-snippet:-1, max-image-preview:large, max-video-preview:-1\" \/>\n<link rel=\"canonical\" href=\"https:\/\/mhthobbyracing.com.ar\/index.php\/producto\/eartec-ultralite-ul3s\/\" \/>\n<meta property=\"og:locale\" content=\"es_ES\" \/>\n<meta property=\"og:type\" content=\"article\" \/>\n<meta property=\"og:title\" content=\"Eartec Ultralite UL3S - encontralo en MHTHOBBY Argentina\" \/>\n<meta property=\"og:description\" content=\"Eartec Ultralite UL3S - sistema de auriculares para 3 personas incluye un auricular UltraLITE Single Master, y dos sat\u00e9lites Single MHTHOBBY\" \/>\n<meta property=\"og:url\" content=\"https:\/\/mhthobbyracing.com.ar\/index.php\/producto\/eartec-ultralite-ul3s\/\" \/>\n<meta property=\"og:site_name\" content=\"Racing Team\" \/>\n<meta property=\"article:modified_time\" content=\"2025-11-17T19:33:07+00:00\" \/>\n<meta property=\"og:image\" content=\"https:\/\/mhthobbyracing.com.ar\/wp-content\/uploads\/2021\/11\/Eartec-UltraLITE-UL3S_o.jpg\" \/>\n\t<meta property=\"og:image:width\" content=\"1000\" \/>\n\t<meta property=\"og:image:height\" content=\"1000\" \/>\n\t<meta property=\"og:image:type\" content=\"image\/jpeg\" \/>\n<meta name=\"twitter:card\" content=\"summary_large_image\" \/>\n<meta name=\"twitter:label1\" content=\"Tiempo de lectura\" \/>\n\t<meta name=\"twitter:data1\" content=\"2 minutos\" \/>\n<script type=\"application\/ld+json\" class=\"yoast-schema-graph\">{\"@context\":\"https:\\\/\\\/schema.org\",\"@graph\":[{\"@type\":\"WebPage\",\"@id\":\"https:\\\/\\\/mhthobbyracing.com.ar\\\/index.php\\\/producto\\\/eartec-ultralite-ul3s\\\/\",\"url\":\"https:\\\/\\\/mhthobbyracing.com.ar\\\/index.php\\\/producto\\\/eartec-ultralite-ul3s\\\/\",\"name\":\"Eartec Ultralite UL3S - encontralo en MHTHOBBY Argentina\",\"isPartOf\":{\"@id\":\"https:\\\/\\\/mhthobbyracing.com.ar\\\/#website\"},\"primaryImageOfPage\":{\"@id\":\"https:\\\/\\\/mhthobbyracing.com.ar\\\/index.php\\\/producto\\\/eartec-ultralite-ul3s\\\/#primaryimage\"},\"image\":{\"@id\":\"https:\\\/\\\/mhthobbyracing.com.ar\\\/index.php\\\/producto\\\/eartec-ultralite-ul3s\\\/#primaryimage\"},\"thumbnailUrl\":\"https:\\\/\\\/mhthobbyracing.com.ar\\\/wp-content\\\/uploads\\\/2021\\\/11\\\/Eartec-UltraLITE-UL3S_o.jpg\",\"datePublished\":\"2021-11-13T21:55:07+00:00\",\"dateModified\":\"2025-11-17T19:33:07+00:00\",\"description\":\"Eartec Ultralite UL3S - sistema de auriculares para 3 personas incluye un auricular UltraLITE Single Master, y dos sat\u00e9lites Single MHTHOBBY\",\"breadcrumb\":{\"@id\":\"https:\\\/\\\/mhthobbyracing.com.ar\\\/index.php\\\/producto\\\/eartec-ultralite-ul3s\\\/#breadcrumb\"},\"inLanguage\":\"es-AR\",\"potentialAction\":[{\"@type\":\"ReadAction\",\"target\":[\"https:\\\/\\\/mhthobbyracing.com.ar\\\/index.php\\\/producto\\\/eartec-ultralite-ul3s\\\/\"]}]},{\"@type\":\"ImageObject\",\"inLanguage\":\"es-AR\",\"@id\":\"https:\\\/\\\/mhthobbyracing.com.ar\\\/index.php\\\/producto\\\/eartec-ultralite-ul3s\\\/#primaryimage\",\"url\":\"https:\\\/\\\/mhthobbyracing.com.ar\\\/wp-content\\\/uploads\\\/2021\\\/11\\\/Eartec-UltraLITE-UL3S_o.jpg\",\"contentUrl\":\"https:\\\/\\\/mhthobbyracing.com.ar\\\/wp-content\\\/uploads\\\/2021\\\/11\\\/Eartec-UltraLITE-UL3S_o.jpg\",\"width\":1000,\"height\":1000,\"caption\":\"Eartec Ultralite UL3S\"},{\"@type\":\"BreadcrumbList\",\"@id\":\"https:\\\/\\\/mhthobbyracing.com.ar\\\/index.php\\\/producto\\\/eartec-ultralite-ul3s\\\/#breadcrumb\",\"itemListElement\":[{\"@type\":\"ListItem\",\"position\":1,\"name\":\"Inicio\",\"item\":\"https:\\\/\\\/mhthobbyracing.com.ar\\\/\"},{\"@type\":\"ListItem\",\"position\":2,\"name\":\"Productos\",\"item\":\"https:\\\/\\\/mhthobbyracing.com.ar\\\/index.php\\\/inicio\\\/tienda\\\/\"},{\"@type\":\"ListItem\",\"position\":3,\"name\":\"Eartec Ultralite UL3S\"}]},{\"@type\":\"WebSite\",\"@id\":\"https:\\\/\\\/mhthobbyracing.com.ar\\\/#website\",\"url\":\"https:\\\/\\\/mhthobbyracing.com.ar\\\/\",\"name\":\"MHT-Hobby- Racing Team\",\"description\":\"Hobby Automodelismo\",\"publisher\":{\"@id\":\"https:\\\/\\\/mhthobbyracing.com.ar\\\/#\\\/schema\\\/person\\\/a6a6ed9c2713fc1826eb2541c6a3e9d1\"},\"potentialAction\":[{\"@type\":\"SearchAction\",\"target\":{\"@type\":\"EntryPoint\",\"urlTemplate\":\"https:\\\/\\\/mhthobbyracing.com.ar\\\/?s={search_term_string}\"},\"query-input\":{\"@type\":\"PropertyValueSpecification\",\"valueRequired\":true,\"valueName\":\"search_term_string\"}}],\"inLanguage\":\"es-AR\"},{\"@type\":[\"Person\",\"Organization\"],\"@id\":\"https:\\\/\\\/mhthobbyracing.com.ar\\\/#\\\/schema\\\/person\\\/a6a6ed9c2713fc1826eb2541c6a3e9d1\",\"name\":\"ecomusicpm\",\"image\":{\"@type\":\"ImageObject\",\"inLanguage\":\"es-AR\",\"@id\":\"https:\\\/\\\/mhthobbyracing.com.ar\\\/wp-content\\\/uploads\\\/2020\\\/05\\\/cropped-LOGO-MHT16523-1.png\",\"url\":\"https:\\\/\\\/mhthobbyracing.com.ar\\\/wp-content\\\/uploads\\\/2020\\\/05\\\/cropped-LOGO-MHT16523-1.png\",\"contentUrl\":\"https:\\\/\\\/mhthobbyracing.com.ar\\\/wp-content\\\/uploads\\\/2020\\\/05\\\/cropped-LOGO-MHT16523-1.png\",\"width\":1578,\"height\":564,\"caption\":\"ecomusicpm\"},\"logo\":{\"@id\":\"https:\\\/\\\/mhthobbyracing.com.ar\\\/wp-content\\\/uploads\\\/2020\\\/05\\\/cropped-LOGO-MHT16523-1.png\"},\"sameAs\":[\"http:\\\/\\\/mhthobbyracing.com.ar\"]}]}<\/script>\n<!-- \/ Yoast SEO plugin. -->","yoast_head_json":{"title":"Eartec Ultralite UL3S - encontralo en MHTHOBBY Argentina","description":"Eartec Ultralite UL3S - sistema de auriculares para 3 personas incluye un auricular UltraLITE Single Master, y dos sat\u00e9lites Single MHTHOBBY","robots":{"index":"index","follow":"follow","max-snippet":"max-snippet:-1","max-image-preview":"max-image-preview:large","max-video-preview":"max-video-preview:-1"},"canonical":"https:\/\/mhthobbyracing.com.ar\/index.php\/producto\/eartec-ultralite-ul3s\/","og_locale":"es_ES","og_type":"article","og_title":"Eartec Ultralite UL3S - encontralo en MHTHOBBY Argentina","og_description":"Eartec Ultralite UL3S - sistema de auriculares para 3 personas incluye un auricular UltraLITE Single Master, y dos sat\u00e9lites Single MHTHOBBY","og_url":"https:\/\/mhthobbyracing.com.ar\/index.php\/producto\/eartec-ultralite-ul3s\/","og_site_name":"Racing Team","article_modified_time":"2025-11-17T19:33:07+00:00","og_image":[{"width":1000,"height":1000,"url":"https:\/\/mhthobbyracing.com.ar\/wp-content\/uploads\/2021\/11\/Eartec-UltraLITE-UL3S_o.jpg","type":"image\/jpeg"}],"twitter_card":"summary_large_image","twitter_misc":{"Tiempo de lectura":"2 minutos"},"schema":{"@context":"https:\/\/schema.org","@graph":[{"@type":"WebPage","@id":"https:\/\/mhthobbyracing.com.ar\/index.php\/producto\/eartec-ultralite-ul3s\/","url":"https:\/\/mhthobbyracing.com.ar\/index.php\/producto\/eartec-ultralite-ul3s\/","name":"Eartec Ultralite UL3S - encontralo en MHTHOBBY Argentina","isPartOf":{"@id":"https:\/\/mhthobbyracing.com.ar\/#website"},"primaryImageOfPage":{"@id":"https:\/\/mhthobbyracing.com.ar\/index.php\/producto\/eartec-ultralite-ul3s\/#primaryimage"},"image":{"@id":"https:\/\/mhthobbyracing.com.ar\/index.php\/producto\/eartec-ultralite-ul3s\/#primaryimage"},"thumbnailUrl":"https:\/\/mhthobbyracing.com.ar\/wp-content\/uploads\/2021\/11\/Eartec-UltraLITE-UL3S_o.jpg","datePublished":"2021-11-13T21:55:07+00:00","dateModified":"2025-11-17T19:33:07+00:00","description":"Eartec Ultralite UL3S - sistema de auriculares para 3 personas incluye un auricular UltraLITE Single Master, y dos sat\u00e9lites Single MHTHOBBY","breadcrumb":{"@id":"https:\/\/mhthobbyracing.com.ar\/index.php\/producto\/eartec-ultralite-ul3s\/#breadcrumb"},"inLanguage":"es-AR","potentialAction":[{"@type":"ReadAction","target":["https:\/\/mhthobbyracing.com.ar\/index.php\/producto\/eartec-ultralite-ul3s\/"]}]},{"@type":"ImageObject","inLanguage":"es-AR","@id":"https:\/\/mhthobbyracing.com.ar\/index.php\/producto\/eartec-ultralite-ul3s\/#primaryimage","url":"https:\/\/mhthobbyracing.com.ar\/wp-content\/uploads\/2021\/11\/Eartec-UltraLITE-UL3S_o.jpg","contentUrl":"https:\/\/mhthobbyracing.com.ar\/wp-content\/uploads\/2021\/11\/Eartec-UltraLITE-UL3S_o.jpg","width":1000,"height":1000,"caption":"Eartec Ultralite UL3S"},{"@type":"BreadcrumbList","@id":"https:\/\/mhthobbyracing.com.ar\/index.php\/producto\/eartec-ultralite-ul3s\/#breadcrumb","itemListElement":[{"@type":"ListItem","position":1,"name":"Inicio","item":"https:\/\/mhthobbyracing.com.ar\/"},{"@type":"ListItem","position":2,"name":"Productos","item":"https:\/\/mhthobbyracing.com.ar\/index.php\/inicio\/tienda\/"},{"@type":"ListItem","position":3,"name":"Eartec Ultralite UL3S"}]},{"@type":"WebSite","@id":"https:\/\/mhthobbyracing.com.ar\/#website","url":"https:\/\/mhthobbyracing.com.ar\/","name":"MHT-Hobby- Racing Team","description":"Hobby Automodelismo","publisher":{"@id":"https:\/\/mhthobbyracing.com.ar\/#\/schema\/person\/a6a6ed9c2713fc1826eb2541c6a3e9d1"},"potentialAction":[{"@type":"SearchAction","target":{"@type":"EntryPoint","urlTemplate":"https:\/\/mhthobbyracing.com.ar\/?s={search_term_string}"},"query-input":{"@type":"PropertyValueSpecification","valueRequired":true,"valueName":"search_term_string"}}],"inLanguage":"es-AR"},{"@type":["Person","Organization"],"@id":"https:\/\/mhthobbyracing.com.ar\/#\/schema\/person\/a6a6ed9c2713fc1826eb2541c6a3e9d1","name":"ecomusicpm","image":{"@type":"ImageObject","inLanguage":"es-AR","@id":"https:\/\/mhthobbyracing.com.ar\/wp-content\/uploads\/2020\/05\/cropped-LOGO-MHT16523-1.png","url":"https:\/\/mhthobbyracing.com.ar\/wp-content\/uploads\/2020\/05\/cropped-LOGO-MHT16523-1.png","contentUrl":"https:\/\/mhthobbyracing.com.ar\/wp-content\/uploads\/2020\/05\/cropped-LOGO-MHT16523-1.png","width":1578,"height":564,"caption":"ecomusicpm"},"logo":{"@id":"https:\/\/mhthobbyracing.com.ar\/wp-content\/uploads\/2020\/05\/cropped-LOGO-MHT16523-1.png"},"sameAs":["http:\/\/mhthobbyracing.com.ar"]}]}},"_links":{"self":[{"href":"https:\/\/mhthobbyracing.com.ar\/index.php\/wp-json\/wp\/v2\/product\/1210","targetHints":{"allow":["GET"]}}],"collection":[{"href":"https:\/\/mhthobbyracing.com.ar\/index.php\/wp-json\/wp\/v2\/product"}],"about":[{"href":"https:\/\/mhthobbyracing.com.ar\/index.php\/wp-json\/wp\/v2\/types\/product"}],"replies":[{"embeddable":true,"href":"https:\/\/mhthobbyracing.com.ar\/index.php\/wp-json\/wp\/v2\/comments?post=1210"}],"wp:featuredmedia":[{"embeddable":true,"href":"https:\/\/mhthobbyracing.com.ar\/index.php\/wp-json\/wp\/v2\/media\/1211"}],"wp:attachment":[{"href":"https:\/\/mhthobbyracing.com.ar\/index.php\/wp-json\/wp\/v2\/media?parent=1210"}],"wp:term":[{"taxonomy":"product_brand","embeddable":true,"href":"https:\/\/mhthobbyracing.com.ar\/index.php\/wp-json\/wp\/v2\/product_brand?post=1210"},{"taxonomy":"product_cat","embeddable":true,"href":"https:\/\/mhthobbyracing.com.ar\/index.php\/wp-json\/wp\/v2\/product_cat?post=1210"},{"taxonomy":"product_tag","embeddable":true,"href":"https:\/\/mhthobbyracing.com.ar\/index.php\/wp-json\/wp\/v2\/product_tag?post=1210"}],"curies":[{"name":"wp","href":"https:\/\/api.w.org\/{rel}","templated":true}]}}