{"id":1213,"date":"2021-11-13T19:06:22","date_gmt":"2021-11-13T22:06:22","guid":{"rendered":"https:\/\/mhthobbyracing.com.ar\/?post_type=product&#038;p=1213"},"modified":"2026-03-15T15:41:39","modified_gmt":"2026-03-15T18:41:39","slug":"eartec-ultralite-ul4s","status":"publish","type":"product","link":"https:\/\/mhthobbyracing.com.ar\/index.php\/producto\/eartec-ultralite-ul4s\/","title":{"rendered":"Eartec Ultralite UL4S"},"content":{"rendered":"<p>Eartec Ultralite UL4S<\/p>\n<div id=\"ppd\">\n<div id=\"centerCol\" class=\"centerColAlign centerColAlign-bbcxoverride\">\n<div id=\"featurebullets_feature_div\" class=\"celwidget\" data-feature-name=\"featurebullets\" data-csa-c-id=\"vtdnv4-qkuzwy-u4kvib-6a7psd\" data-cel-widget=\"featurebullets_feature_div\">\n<div id=\"feature-bullets\" class=\"a-section a-spacing-medium a-spacing-top-small\">\n<ul class=\"a-unordered-list a-vertical a-spacing-mini\">\n<li><span class=\"a-list-item\">Incluye: 1 auricular ULSM de una sola oreja, 3 auriculares remotos ULSR, 4 bater\u00edas de litio recargables, cargador multipuerto de 8 bah\u00edas y una funda suave<\/span><\/li>\n<li><span class=\"a-list-item\">Manos libres: los auriculares inal\u00e1mbricos funcionan con frecuencia de 1,9 GHz para evitar interferencias con otros dispositivos; permite una comunicaci\u00f3n simult\u00e1nea para 4 usuarios<\/span><\/li>\n<li><span class=\"a-list-item\">Rendimiento excepcional: alcance inal\u00e1mbrico de hasta 1,000 pies; hasta 6 horas de tiempo de conversaci\u00f3n con una sola carga; el micr\u00f3fono pivotante permite que los auriculares se lleven en en el lado izquierdo o derecho.<\/span><\/li>\n<li><span class=\"a-list-item\">Gran claridad: micr\u00f3fono con cancelaci\u00f3n de ruido que se silencia autom\u00e1ticamente cuando se gira hacia arriba; comunicaci\u00f3n de voz de alta calidad incluso en entornos de alto ruido<\/span><\/li>\n<li><span class=\"a-list-item\">Perfecto para: producci\u00f3n de video, producci\u00f3n de escenarios, operadores de barcos, operadores de drones, sitios de construcci\u00f3n y mucho m\u00e1s<\/span><\/li>\n<li><span style=\"font-size: 16px;\">Eartec Ultralite UL4S<\/span><\/li>\n<li><b><big>Comunicaci\u00f3n<br \/>\ninal\u00e1mbrica d\u00faplex completa sin estaci\u00f3n base<\/big><\/b><b>Cuando su trabajo requiera coordinaci\u00f3n de una fracci\u00f3n de segundo,<\/b>\u00a0busque los auriculares aut\u00f3nomos UltraLITE y el contacto de voz inal\u00e1mbrico d\u00faplex completo y manos libres.<\/p>\n<p><b>UltraLITE son auriculares revolucionarios<\/b>\u00a0que eclipsan a todos los dem\u00e1s sistemas d\u00faplex completos por su rendimiento y comodidad porque el transceptor est\u00e1 construido justo dentro del auricular.<\/li>\n<li>Este dise\u00f1o aut\u00f3nomo &#8220;Todo en Uno&#8221; elimina los cables y las radios que se usan con cintur\u00f3n.<\/li>\n<li>Y dado que UltraLITE no requiere estaciones base complicadas, los usuarios pueden permanecer en contacto de voz d\u00faplex completo constante incluso mientras est\u00e1n en movimiento.<\/li>\n<\/ul>\n<\/div>\n<\/div>\n<div id=\"serviceCapabilities_feature_div\" class=\"celwidget\" data-feature-name=\"serviceCapabilities\" data-csa-c-id=\"3xgk5z-m66r82-e71a8p-3pb126\" data-cel-widget=\"serviceCapabilities_feature_div\">\n<div id=\"vas-service-capabilities\" class=\"a-section a-spacing-none a-spacing-top-micro\">Visit\u00e1:<a href=\"https:\/\/eartec.com\/ultralite\/\">https:\/\/eartec.com\/ultralite\/<\/a><\/div>\n<div>Te puede interesar:<a href=\"https:\/\/mhthobbyracing.com.ar\/\">https:\/\/mhthobbyracing.com.ar\/<\/a><\/div>\n<\/div>\n<div id=\"globalStoreInfoBullets_feature_div\" class=\"celwidget\" data-feature-name=\"globalStoreInfoBullets\" data-csa-c-id=\"jraej3-x6ohvf-9qo8ns-3oabhx\" data-cel-widget=\"globalStoreInfoBullets_feature_div\"><\/div>\n<div id=\"andonCord_feature_div\" class=\"celwidget\" data-feature-name=\"andonCord\" data-csa-c-id=\"emq9ie-q9wahz-jqpt98-5gt8ff\" data-cel-widget=\"andonCord_feature_div\"><\/div>\n<\/div>\n<\/div>\n","protected":false},"excerpt":{"rendered":"<p>En stock!!!!!<\/p>\n","protected":false},"featured_media":1214,"comment_status":"open","ping_status":"closed","template":"","meta":{"site-sidebar-layout":"default","site-content-layout":"default","ast-site-content-layout":"","site-content-style":"default","site-sidebar-style":"default","ast-global-header-display":"","ast-banner-title-visibility":"","ast-main-header-display":"","ast-hfb-above-header-display":"","ast-hfb-below-header-display":"","ast-hfb-mobile-header-display":"","site-post-title":"","ast-breadcrumbs-content":"","ast-featured-img":"","footer-sml-layout":"","theme-transparent-header-meta":"default","adv-header-id-meta":"","stick-header-meta":"","header-above-stick-meta":"","header-main-stick-meta":"","header-below-stick-meta":"","astra-migrate-meta-layouts":"default","ast-page-background-enabled":"default","ast-page-background-meta":{"desktop":{"background-color":"","background-image":"","background-repeat":"repeat","background-position":"center center","background-size":"auto","background-attachment":"scroll","background-type":"","background-media":"","overlay-type":"","overlay-color":"","overlay-opacity":"","overlay-gradient":""},"tablet":{"background-color":"","background-image":"","background-repeat":"repeat","background-position":"center center","background-size":"auto","background-attachment":"scroll","background-type":"","background-media":"","overlay-type":"","overlay-color":"","overlay-opacity":"","overlay-gradient":""},"mobile":{"background-color":"","background-image":"","background-repeat":"repeat","background-position":"center center","background-size":"auto","background-attachment":"scroll","background-type":"","background-media":"","overlay-type":"","overlay-color":"","overlay-opacity":"","overlay-gradient":""}},"ast-content-background-meta":{"desktop":{"background-color":"var(--ast-global-color-5)","background-image":"","background-repeat":"repeat","background-position":"center center","background-size":"auto","background-attachment":"scroll","background-type":"","background-media":"","overlay-type":"","overlay-color":"","overlay-opacity":"","overlay-gradient":""},"tablet":{"background-color":"var(--ast-global-color-5)","background-image":"","background-repeat":"repeat","background-position":"center center","background-size":"auto","background-attachment":"scroll","background-type":"","background-media":"","overlay-type":"","overlay-color":"","overlay-opacity":"","overlay-gradient":""},"mobile":{"background-color":"var(--ast-global-color-5)","background-image":"","background-repeat":"repeat","background-position":"center center","background-size":"auto","background-attachment":"scroll","background-type":"","background-media":"","overlay-type":"","overlay-color":"","overlay-opacity":"","overlay-gradient":""}},"_joinchat":[]},"product_brand":[],"product_cat":[156],"product_tag":[206],"class_list":{"0":"post-1213","1":"product","2":"type-product","3":"status-publish","4":"has-post-thumbnail","6":"product_cat-intercomunicadores","7":"product_tag-eartec-ultralite-ul4s","8":"desktop-align-left","9":"tablet-align-left","10":"mobile-align-left","12":"first","13":"instock","14":"shipping-taxable","15":"purchasable","16":"product-type-simple"},"yoast_head":"<!-- This site is optimized with the Yoast SEO plugin v27.5 - https:\/\/yoast.com\/product\/yoast-seo-wordpress\/ -->\n<title>Eartec Ultralite UL4S - encontralos en MHTHOBBY - Pto.Madryn-Argentina<\/title>\n<meta name=\"description\" content=\"Eartec Ultralite UL4S - Eartec UL4S UltraLITE Comunicaci\u00f3n de auriculares inal\u00e1mbricos d\u00faplex completo para 4 usuarios \u2013 MHTHOBBY -Argentina\" \/>\n<meta name=\"robots\" content=\"index, follow, max-snippet:-1, max-image-preview:large, max-video-preview:-1\" \/>\n<link rel=\"canonical\" href=\"https:\/\/mhthobbyracing.com.ar\/index.php\/producto\/eartec-ultralite-ul4s\/\" \/>\n<meta property=\"og:locale\" content=\"es_ES\" \/>\n<meta property=\"og:type\" content=\"article\" \/>\n<meta property=\"og:title\" content=\"Eartec Ultralite UL4S - encontralos en MHTHOBBY - Pto.Madryn-Argentina\" \/>\n<meta property=\"og:description\" content=\"Eartec Ultralite UL4S - Eartec UL4S UltraLITE Comunicaci\u00f3n de auriculares inal\u00e1mbricos d\u00faplex completo para 4 usuarios \u2013 MHTHOBBY -Argentina\" \/>\n<meta property=\"og:url\" content=\"https:\/\/mhthobbyracing.com.ar\/index.php\/producto\/eartec-ultralite-ul4s\/\" \/>\n<meta property=\"og:site_name\" content=\"Racing Team\" \/>\n<meta property=\"article:modified_time\" content=\"2026-03-15T18:41:39+00:00\" \/>\n<meta property=\"og:image\" content=\"https:\/\/mhthobbyracing.com.ar\/wp-content\/uploads\/2021\/11\/ul4s.jpg\" \/>\n\t<meta property=\"og:image:width\" content=\"500\" \/>\n\t<meta property=\"og:image:height\" content=\"500\" \/>\n\t<meta property=\"og:image:type\" content=\"image\/jpeg\" \/>\n<meta name=\"twitter:card\" content=\"summary_large_image\" \/>\n<meta name=\"twitter:label1\" content=\"Tiempo de lectura\" \/>\n\t<meta name=\"twitter:data1\" content=\"2 minutos\" \/>\n<script type=\"application\/ld+json\" class=\"yoast-schema-graph\">{\"@context\":\"https:\\\/\\\/schema.org\",\"@graph\":[{\"@type\":\"WebPage\",\"@id\":\"https:\\\/\\\/mhthobbyracing.com.ar\\\/index.php\\\/producto\\\/eartec-ultralite-ul4s\\\/\",\"url\":\"https:\\\/\\\/mhthobbyracing.com.ar\\\/index.php\\\/producto\\\/eartec-ultralite-ul4s\\\/\",\"name\":\"Eartec Ultralite UL4S - encontralos en MHTHOBBY - Pto.Madryn-Argentina\",\"isPartOf\":{\"@id\":\"https:\\\/\\\/mhthobbyracing.com.ar\\\/#website\"},\"primaryImageOfPage\":{\"@id\":\"https:\\\/\\\/mhthobbyracing.com.ar\\\/index.php\\\/producto\\\/eartec-ultralite-ul4s\\\/#primaryimage\"},\"image\":{\"@id\":\"https:\\\/\\\/mhthobbyracing.com.ar\\\/index.php\\\/producto\\\/eartec-ultralite-ul4s\\\/#primaryimage\"},\"thumbnailUrl\":\"https:\\\/\\\/mhthobbyracing.com.ar\\\/wp-content\\\/uploads\\\/2021\\\/11\\\/ul4s.jpg\",\"datePublished\":\"2021-11-13T22:06:22+00:00\",\"dateModified\":\"2026-03-15T18:41:39+00:00\",\"description\":\"Eartec Ultralite UL4S - Eartec UL4S UltraLITE Comunicaci\u00f3n de auriculares inal\u00e1mbricos d\u00faplex completo para 4 usuarios \u2013 MHTHOBBY -Argentina\",\"breadcrumb\":{\"@id\":\"https:\\\/\\\/mhthobbyracing.com.ar\\\/index.php\\\/producto\\\/eartec-ultralite-ul4s\\\/#breadcrumb\"},\"inLanguage\":\"es-AR\",\"potentialAction\":[{\"@type\":\"ReadAction\",\"target\":[\"https:\\\/\\\/mhthobbyracing.com.ar\\\/index.php\\\/producto\\\/eartec-ultralite-ul4s\\\/\"]}]},{\"@type\":\"ImageObject\",\"inLanguage\":\"es-AR\",\"@id\":\"https:\\\/\\\/mhthobbyracing.com.ar\\\/index.php\\\/producto\\\/eartec-ultralite-ul4s\\\/#primaryimage\",\"url\":\"https:\\\/\\\/mhthobbyracing.com.ar\\\/wp-content\\\/uploads\\\/2021\\\/11\\\/ul4s.jpg\",\"contentUrl\":\"https:\\\/\\\/mhthobbyracing.com.ar\\\/wp-content\\\/uploads\\\/2021\\\/11\\\/ul4s.jpg\",\"width\":500,\"height\":500,\"caption\":\"Eartec Ultralite UL4S\"},{\"@type\":\"BreadcrumbList\",\"@id\":\"https:\\\/\\\/mhthobbyracing.com.ar\\\/index.php\\\/producto\\\/eartec-ultralite-ul4s\\\/#breadcrumb\",\"itemListElement\":[{\"@type\":\"ListItem\",\"position\":1,\"name\":\"Inicio\",\"item\":\"https:\\\/\\\/mhthobbyracing.com.ar\\\/\"},{\"@type\":\"ListItem\",\"position\":2,\"name\":\"Productos\",\"item\":\"https:\\\/\\\/mhthobbyracing.com.ar\\\/index.php\\\/inicio\\\/tienda\\\/\"},{\"@type\":\"ListItem\",\"position\":3,\"name\":\"Eartec Ultralite UL4S\"}]},{\"@type\":\"WebSite\",\"@id\":\"https:\\\/\\\/mhthobbyracing.com.ar\\\/#website\",\"url\":\"https:\\\/\\\/mhthobbyracing.com.ar\\\/\",\"name\":\"MHT-Hobby- Racing Team\",\"description\":\"Hobby Automodelismo\",\"publisher\":{\"@id\":\"https:\\\/\\\/mhthobbyracing.com.ar\\\/#\\\/schema\\\/person\\\/a6a6ed9c2713fc1826eb2541c6a3e9d1\"},\"potentialAction\":[{\"@type\":\"SearchAction\",\"target\":{\"@type\":\"EntryPoint\",\"urlTemplate\":\"https:\\\/\\\/mhthobbyracing.com.ar\\\/?s={search_term_string}\"},\"query-input\":{\"@type\":\"PropertyValueSpecification\",\"valueRequired\":true,\"valueName\":\"search_term_string\"}}],\"inLanguage\":\"es-AR\"},{\"@type\":[\"Person\",\"Organization\"],\"@id\":\"https:\\\/\\\/mhthobbyracing.com.ar\\\/#\\\/schema\\\/person\\\/a6a6ed9c2713fc1826eb2541c6a3e9d1\",\"name\":\"ecomusicpm\",\"image\":{\"@type\":\"ImageObject\",\"inLanguage\":\"es-AR\",\"@id\":\"https:\\\/\\\/mhthobbyracing.com.ar\\\/wp-content\\\/uploads\\\/2020\\\/05\\\/cropped-LOGO-MHT16523-1.png\",\"url\":\"https:\\\/\\\/mhthobbyracing.com.ar\\\/wp-content\\\/uploads\\\/2020\\\/05\\\/cropped-LOGO-MHT16523-1.png\",\"contentUrl\":\"https:\\\/\\\/mhthobbyracing.com.ar\\\/wp-content\\\/uploads\\\/2020\\\/05\\\/cropped-LOGO-MHT16523-1.png\",\"width\":1578,\"height\":564,\"caption\":\"ecomusicpm\"},\"logo\":{\"@id\":\"https:\\\/\\\/mhthobbyracing.com.ar\\\/wp-content\\\/uploads\\\/2020\\\/05\\\/cropped-LOGO-MHT16523-1.png\"},\"sameAs\":[\"http:\\\/\\\/mhthobbyracing.com.ar\"]}]}<\/script>\n<!-- \/ Yoast SEO plugin. -->","yoast_head_json":{"title":"Eartec Ultralite UL4S - encontralos en MHTHOBBY - Pto.Madryn-Argentina","description":"Eartec Ultralite UL4S - Eartec UL4S UltraLITE Comunicaci\u00f3n de auriculares inal\u00e1mbricos d\u00faplex completo para 4 usuarios \u2013 MHTHOBBY -Argentina","robots":{"index":"index","follow":"follow","max-snippet":"max-snippet:-1","max-image-preview":"max-image-preview:large","max-video-preview":"max-video-preview:-1"},"canonical":"https:\/\/mhthobbyracing.com.ar\/index.php\/producto\/eartec-ultralite-ul4s\/","og_locale":"es_ES","og_type":"article","og_title":"Eartec Ultralite UL4S - encontralos en MHTHOBBY - Pto.Madryn-Argentina","og_description":"Eartec Ultralite UL4S - Eartec UL4S UltraLITE Comunicaci\u00f3n de auriculares inal\u00e1mbricos d\u00faplex completo para 4 usuarios \u2013 MHTHOBBY -Argentina","og_url":"https:\/\/mhthobbyracing.com.ar\/index.php\/producto\/eartec-ultralite-ul4s\/","og_site_name":"Racing Team","article_modified_time":"2026-03-15T18:41:39+00:00","og_image":[{"width":500,"height":500,"url":"https:\/\/mhthobbyracing.com.ar\/wp-content\/uploads\/2021\/11\/ul4s.jpg","type":"image\/jpeg"}],"twitter_card":"summary_large_image","twitter_misc":{"Tiempo de lectura":"2 minutos"},"schema":{"@context":"https:\/\/schema.org","@graph":[{"@type":"WebPage","@id":"https:\/\/mhthobbyracing.com.ar\/index.php\/producto\/eartec-ultralite-ul4s\/","url":"https:\/\/mhthobbyracing.com.ar\/index.php\/producto\/eartec-ultralite-ul4s\/","name":"Eartec Ultralite UL4S - encontralos en MHTHOBBY - Pto.Madryn-Argentina","isPartOf":{"@id":"https:\/\/mhthobbyracing.com.ar\/#website"},"primaryImageOfPage":{"@id":"https:\/\/mhthobbyracing.com.ar\/index.php\/producto\/eartec-ultralite-ul4s\/#primaryimage"},"image":{"@id":"https:\/\/mhthobbyracing.com.ar\/index.php\/producto\/eartec-ultralite-ul4s\/#primaryimage"},"thumbnailUrl":"https:\/\/mhthobbyracing.com.ar\/wp-content\/uploads\/2021\/11\/ul4s.jpg","datePublished":"2021-11-13T22:06:22+00:00","dateModified":"2026-03-15T18:41:39+00:00","description":"Eartec Ultralite UL4S - Eartec UL4S UltraLITE Comunicaci\u00f3n de auriculares inal\u00e1mbricos d\u00faplex completo para 4 usuarios \u2013 MHTHOBBY -Argentina","breadcrumb":{"@id":"https:\/\/mhthobbyracing.com.ar\/index.php\/producto\/eartec-ultralite-ul4s\/#breadcrumb"},"inLanguage":"es-AR","potentialAction":[{"@type":"ReadAction","target":["https:\/\/mhthobbyracing.com.ar\/index.php\/producto\/eartec-ultralite-ul4s\/"]}]},{"@type":"ImageObject","inLanguage":"es-AR","@id":"https:\/\/mhthobbyracing.com.ar\/index.php\/producto\/eartec-ultralite-ul4s\/#primaryimage","url":"https:\/\/mhthobbyracing.com.ar\/wp-content\/uploads\/2021\/11\/ul4s.jpg","contentUrl":"https:\/\/mhthobbyracing.com.ar\/wp-content\/uploads\/2021\/11\/ul4s.jpg","width":500,"height":500,"caption":"Eartec Ultralite UL4S"},{"@type":"BreadcrumbList","@id":"https:\/\/mhthobbyracing.com.ar\/index.php\/producto\/eartec-ultralite-ul4s\/#breadcrumb","itemListElement":[{"@type":"ListItem","position":1,"name":"Inicio","item":"https:\/\/mhthobbyracing.com.ar\/"},{"@type":"ListItem","position":2,"name":"Productos","item":"https:\/\/mhthobbyracing.com.ar\/index.php\/inicio\/tienda\/"},{"@type":"ListItem","position":3,"name":"Eartec Ultralite UL4S"}]},{"@type":"WebSite","@id":"https:\/\/mhthobbyracing.com.ar\/#website","url":"https:\/\/mhthobbyracing.com.ar\/","name":"MHT-Hobby- Racing Team","description":"Hobby Automodelismo","publisher":{"@id":"https:\/\/mhthobbyracing.com.ar\/#\/schema\/person\/a6a6ed9c2713fc1826eb2541c6a3e9d1"},"potentialAction":[{"@type":"SearchAction","target":{"@type":"EntryPoint","urlTemplate":"https:\/\/mhthobbyracing.com.ar\/?s={search_term_string}"},"query-input":{"@type":"PropertyValueSpecification","valueRequired":true,"valueName":"search_term_string"}}],"inLanguage":"es-AR"},{"@type":["Person","Organization"],"@id":"https:\/\/mhthobbyracing.com.ar\/#\/schema\/person\/a6a6ed9c2713fc1826eb2541c6a3e9d1","name":"ecomusicpm","image":{"@type":"ImageObject","inLanguage":"es-AR","@id":"https:\/\/mhthobbyracing.com.ar\/wp-content\/uploads\/2020\/05\/cropped-LOGO-MHT16523-1.png","url":"https:\/\/mhthobbyracing.com.ar\/wp-content\/uploads\/2020\/05\/cropped-LOGO-MHT16523-1.png","contentUrl":"https:\/\/mhthobbyracing.com.ar\/wp-content\/uploads\/2020\/05\/cropped-LOGO-MHT16523-1.png","width":1578,"height":564,"caption":"ecomusicpm"},"logo":{"@id":"https:\/\/mhthobbyracing.com.ar\/wp-content\/uploads\/2020\/05\/cropped-LOGO-MHT16523-1.png"},"sameAs":["http:\/\/mhthobbyracing.com.ar"]}]}},"_links":{"self":[{"href":"https:\/\/mhthobbyracing.com.ar\/index.php\/wp-json\/wp\/v2\/product\/1213","targetHints":{"allow":["GET"]}}],"collection":[{"href":"https:\/\/mhthobbyracing.com.ar\/index.php\/wp-json\/wp\/v2\/product"}],"about":[{"href":"https:\/\/mhthobbyracing.com.ar\/index.php\/wp-json\/wp\/v2\/types\/product"}],"replies":[{"embeddable":true,"href":"https:\/\/mhthobbyracing.com.ar\/index.php\/wp-json\/wp\/v2\/comments?post=1213"}],"wp:featuredmedia":[{"embeddable":true,"href":"https:\/\/mhthobbyracing.com.ar\/index.php\/wp-json\/wp\/v2\/media\/1214"}],"wp:attachment":[{"href":"https:\/\/mhthobbyracing.com.ar\/index.php\/wp-json\/wp\/v2\/media?parent=1213"}],"wp:term":[{"taxonomy":"product_brand","embeddable":true,"href":"https:\/\/mhthobbyracing.com.ar\/index.php\/wp-json\/wp\/v2\/product_brand?post=1213"},{"taxonomy":"product_cat","embeddable":true,"href":"https:\/\/mhthobbyracing.com.ar\/index.php\/wp-json\/wp\/v2\/product_cat?post=1213"},{"taxonomy":"product_tag","embeddable":true,"href":"https:\/\/mhthobbyracing.com.ar\/index.php\/wp-json\/wp\/v2\/product_tag?post=1213"}],"curies":[{"name":"wp","href":"https:\/\/api.w.org\/{rel}","templated":true}]}}