{"id":1230,"date":"2021-12-02T19:14:16","date_gmt":"2021-12-02T22:14:16","guid":{"rendered":"https:\/\/mhthobbyracing.com.ar\/?post_type=product&#038;p=1230"},"modified":"2025-12-03T12:14:11","modified_gmt":"2025-12-03T15:14:11","slug":"radio-futaba-10j","status":"publish","type":"product","link":"https:\/\/mhthobbyracing.com.ar\/index.php\/producto\/radio-futaba-10j\/","title":{"rendered":"Radio Futaba 10J"},"content":{"rendered":"<h1>Radio Futaba 10J<\/h1>\n<h1><strong>Transmisor 10J &#8211;\u00a0<\/strong>Sistema RC proporcional digital de 10 canales<\/h1>\n<hr \/>\n<h3>Sistema de 2 sticks, 10 canales, T-FHSS Air 2.4 GHz (01004372-3) (01004371-3)<\/h3>\n<hr \/>\n<h2><strong>FUNCIONES<\/strong><\/h2>\n<div class=\"columns2\">\n<p><strong>T-FHSS AIR 2.4 GHZ MULTI-FUNCI\u00d3N TRANSMISOR DE 10 CANALES:<\/strong><br \/>\nSe emplea el sistema Futaba 2.4 GHz T-FHSS Air.<\/p>\n<p><strong>SISTEMA DE TELEMETR\u00cdA:<\/strong><br \/>\nSe utiliza un sistema de comunicaci\u00f3n bidireccional T-FHSS Air. El voltaje de la bater\u00eda montada en el fuselaje se puede mostrar en el transmisor durante el vuelo. La altitud, la velocidad, la temperatura y otros datos del fuselaje se pueden mostrar en el transmisor mediante la instalaci\u00f3n de varios sensores de telemetr\u00eda opcionales en el fuselaje.<\/p>\n<p><strong>FUNCI\u00d3N DE VOZ:<\/strong><br \/>\nLos datos de telemetr\u00eda se pueden escuchar conectando auriculares comerciales al transmisor.<\/p>\n<p><strong>ANTENA DE DIVERSIDAD INCORPORADA:<\/strong><br \/>\nLa antena de diversidad integrada en el transmisor proporciona una apariencia simple y mejora la facilidad de manejo.<\/p>\n<p><strong>SISTEMA S.BUS\/S.BUS2: Canal<\/strong><br \/>\nservo S.Bus\/S.Bus2 y se pueden configurar varias funciones conectando el servo al transmisor.<\/p>\n<p><strong>TRANSMISOR TIPO AHORRO DE ENERG\u00cdA:<\/strong><br \/>\nSe pueden utilizar cuatro pilas alcalinas AA. Tambi\u00e9n se puede utilizar la bater\u00eda opcional HT5F1800B (NiMH 6.0 V, 1800 mAh) o FT2F2100BV2 (litio-ferrita 6.6 V, 2100 mA).<\/p>\n<p><strong>VIBRACI\u00d3N:<\/strong><br \/>\nSe puede seleccionar una funci\u00f3n que alerta al operador de varias alarmas haciendo vibrar el transmisor.<\/p>\n<p><strong>SISTEMA DE MEMORIA DE MODELO \u00daNICO:<\/strong><br \/>\nEl cuerpo del transmisor contiene una memoria de modelo 30.<\/p>\n<p><strong>SELECCI\u00d3N DE TIPO DE MEZCLA:<\/strong><br \/>\nEl tipo de mezcla de ala fija, helic\u00f3ptero y planeador se puede seleccionar para que coincida con el fuselaje. Adem\u00e1s, tambi\u00e9n se pueden seleccionar 8 tipos de placas swash para helic\u00f3pteros. La selecci\u00f3n de m\u00faltiples helic\u00f3pteros tambi\u00e9n es posible.<\/p>\n<p><strong>RECORTE DIGITAL:<\/strong><br \/>\nEs posible un recorte r\u00e1pido durante el vuelo. El sonido cambia en el centro del ajuste. El tama\u00f1o del paso se puede cambiar arbitrariamente. La posici\u00f3n de recorte se muestra en la pantalla LCD.<\/p>\n<p><strong>AJUSTE DE LA LONGITUD DE LA CABEZA DE LA PALANCA Y LA NUEVA FORMA DE LA CABEZA DE LA PALANCA:<\/strong><br \/>\nLa longitud de la cabeza de la palanca se puede ajustar. Se ha adoptado una nueva forma de cabeza de palanca que reduce el deslizamiento durante la operaci\u00f3n.<\/p>\n<p><strong>CAMBIO DE POSICI\u00d3N DEL INTERRUPTOR \/ VR Y CAMBIO DE FUNCI\u00d3N DEL CANAL AUXILIAR:<\/strong><br \/>\nSe pueden seleccionar mezclas y otros interruptores y perillas. Dado que la funci\u00f3n de los canales AUX (5 canales ~ 10 canales) tambi\u00e9n se puede cambiar, la mezcla original, adem\u00e1s de la mezcla existente, se puede crear utilizando la funci\u00f3n de mezcla programable.<\/p>\n<p><strong>FUNCI\u00d3N DE TRANSFERENCIA DE DATOS DEL MODELO:<\/strong><br \/>\nLos datos del modelo se pueden transferir de forma inal\u00e1mbrica entre transmisores 10J u 8J.<\/p>\n<p><strong>RECEPTORES COMPATIBLES:<\/strong><br \/>\nT-FHSS Air (predeterminado): R3001SB, R3004SB, R3006SB,<br \/>\nR3008SB S-FHSS (el cambio es posible): R2001SB, R2008SB, R2006GF, R2106GF<\/p>\n<\/div>\n<hr \/>\n<h2><strong>CONTENIDO<\/strong><\/h2>\n<p><strong>SU T10J INCLUYE LOS SIGUIENTES COMPONENTES:<\/strong><\/p>\n<div class=\"columns2\">\n<ul>\n<li>Transmisor T10J \u2013 La<br \/>\nversi\u00f3n<br \/>\na\u00e9rea incluye\u00a0<strong>acelerador<\/strong>\u00a0de\u00a0<em>trinquete<\/em>\u00a0\u2013 La versi\u00f3n\u00a0<strong>helic\u00f3ptero<\/strong>\u00a0incluye acelerador\u00a0<em>suave<\/em><\/li>\n<li>Receptor R3008SB<\/li>\n<li>Arn\u00e9s de conmutaci\u00f3n<\/li>\n<li>Correa para el cuello<\/li>\n<\/ul>\n<\/div>\n<hr \/>\n<h2><strong>ESPECIFICACIONES DEL TRANSMISOR<\/strong><\/h2>\n<p><strong>FRECUENCIA DEL TRANSMISOR:<\/strong><br \/>\nbanda de 2,4 GHz<\/p>\n<p><strong>SISTEMA:<\/strong><br \/>\nT-FHSS Air, S-FHSS, conmutable<\/p>\n<p><strong>FUENTE DE ALIMENTACI\u00d3N:<\/strong><br \/>\nBater\u00eda seca de 6.0 V<\/p>\n<p><strong>BANDA DE FRECUENCIA:<\/strong><br \/>\n2.4 GHz<\/p>\n<p><strong>SALIDA DE POTENCIA DE RF:<\/strong><br \/>\n100mW EIRP<\/p>\n<hr \/>\n<h2><strong>ESPECIFICACIONES DEL RECEPTOR<\/strong><\/h2>\n<h3><em><strong>R3008SB<\/strong><\/em><\/h3>\n<p><strong>FUNCIONES:<\/strong><\/p>\n<ul>\n<li>-El sistema T-FHSS Air es compatible con S.Bus<\/li>\n<li>-Terminal de bater\u00eda EXT<\/li>\n<li>-Funci\u00f3n a prueba de fallos de la bater\u00eda<\/li>\n<\/ul>\n<p><strong>TAMA\u00d1O:<\/strong><br \/>\n24.9 x 47.3 x 14.3 mm<br \/>\n0.98 x 1.86 x 0.56 in<\/p>\n<p><strong>PESO:<\/strong><br \/>\n10.1 g<\/p>\n<p><strong>VOLTAJE CLASIFICADO:<\/strong><br \/>\nDC 4.8 ~ 7.4V<\/p>\n<p><strong>VOLTAJE DE FUNCIONAMIENTO:<\/strong><br \/>\nDC 4.0 ~ 8.4V<\/p>\n<p>Radio Futaba 10J<\/p>\n<p>Visit\u00e1:<a href=\"https:\/\/futabausa.com\/product\/10j\/\">https:\/\/futabausa.com\/product\/10j\/<\/a><\/p>\n<p>Te puede interesar:<a href=\"https:\/\/mhthobbyracing.com.ar\/index.php\/categoria-producto\/electronica\/\">https:\/\/mhthobbyracing.com.ar\/index.php\/categoria-producto\/electronica\/<\/a><\/p>\n","protected":false},"excerpt":{"rendered":"<p>En Stock!!!!<\/p>\n","protected":false},"featured_media":1231,"comment_status":"open","ping_status":"closed","template":"","meta":{"site-sidebar-layout":"default","site-content-layout":"default","ast-site-content-layout":"","site-content-style":"default","site-sidebar-style":"default","ast-global-header-display":"","ast-banner-title-visibility":"","ast-main-header-display":"","ast-hfb-above-header-display":"","ast-hfb-below-header-display":"","ast-hfb-mobile-header-display":"","site-post-title":"","ast-breadcrumbs-content":"","ast-featured-img":"","footer-sml-layout":"","theme-transparent-header-meta":"default","adv-header-id-meta":"","stick-header-meta":"","header-above-stick-meta":"","header-main-stick-meta":"","header-below-stick-meta":"","astra-migrate-meta-layouts":"default","ast-page-background-enabled":"default","ast-page-background-meta":{"desktop":{"background-color":"","background-image":"","background-repeat":"repeat","background-position":"center center","background-size":"auto","background-attachment":"scroll","background-type":"","background-media":"","overlay-type":"","overlay-color":"","overlay-opacity":"","overlay-gradient":""},"tablet":{"background-color":"","background-image":"","background-repeat":"repeat","background-position":"center center","background-size":"auto","background-attachment":"scroll","background-type":"","background-media":"","overlay-type":"","overlay-color":"","overlay-opacity":"","overlay-gradient":""},"mobile":{"background-color":"","background-image":"","background-repeat":"repeat","background-position":"center center","background-size":"auto","background-attachment":"scroll","background-type":"","background-media":"","overlay-type":"","overlay-color":"","overlay-opacity":"","overlay-gradient":""}},"ast-content-background-meta":{"desktop":{"background-color":"var(--ast-global-color-5)","background-image":"","background-repeat":"repeat","background-position":"center center","background-size":"auto","background-attachment":"scroll","background-type":"","background-media":"","overlay-type":"","overlay-color":"","overlay-opacity":"","overlay-gradient":""},"tablet":{"background-color":"var(--ast-global-color-5)","background-image":"","background-repeat":"repeat","background-position":"center center","background-size":"auto","background-attachment":"scroll","background-type":"","background-media":"","overlay-type":"","overlay-color":"","overlay-opacity":"","overlay-gradient":""},"mobile":{"background-color":"var(--ast-global-color-5)","background-image":"","background-repeat":"repeat","background-position":"center center","background-size":"auto","background-attachment":"scroll","background-type":"","background-media":"","overlay-type":"","overlay-color":"","overlay-opacity":"","overlay-gradient":""}},"_joinchat":[]},"product_brand":[272],"product_cat":[25],"product_tag":[209],"class_list":{"0":"post-1230","1":"product","2":"type-product","3":"status-publish","4":"has-post-thumbnail","6":"product_brand-futaba","7":"product_cat-radios","8":"product_tag-radio-futaba-10j","9":"desktop-align-left","10":"tablet-align-left","11":"mobile-align-left","13":"first","14":"instock","15":"sale","16":"shipping-taxable","17":"purchasable","18":"product-type-simple"},"yoast_head":"<!-- This site is optimized with the Yoast SEO plugin v27.3 - https:\/\/yoast.com\/product\/yoast-seo-wordpress\/ -->\n<title>Radio Futaba 10J - Encontrala en MHTHOBBY-Pto.Madryn -Argentina<\/title>\n<meta name=\"description\" content=\"Radio Futaba 10J - Transmisor 10J -\u00a0Sistema RC proporcional digital de 10 canalesSistema de 2 sticks, 10 canales, T-FHSS Air 2.4 GHz. MHTHOBBY\" \/>\n<meta name=\"robots\" content=\"index, follow, max-snippet:-1, max-image-preview:large, max-video-preview:-1\" \/>\n<link rel=\"canonical\" href=\"https:\/\/mhthobbyracing.com.ar\/index.php\/producto\/radio-futaba-10j\/\" \/>\n<meta property=\"og:locale\" content=\"es_ES\" \/>\n<meta property=\"og:type\" content=\"article\" \/>\n<meta property=\"og:title\" content=\"Radio Futaba 10J - Encontrala en MHTHOBBY-Pto.Madryn -Argentina\" \/>\n<meta property=\"og:description\" content=\"Radio Futaba 10J - Transmisor 10J -\u00a0Sistema RC proporcional digital de 10 canalesSistema de 2 sticks, 10 canales, T-FHSS Air 2.4 GHz. MHTHOBBY\" \/>\n<meta property=\"og:url\" content=\"https:\/\/mhthobbyracing.com.ar\/index.php\/producto\/radio-futaba-10j\/\" \/>\n<meta property=\"og:site_name\" content=\"Racing Team\" \/>\n<meta property=\"article:modified_time\" content=\"2025-12-03T15:14:11+00:00\" \/>\n<meta property=\"og:image\" content=\"https:\/\/mhthobbyracing.com.ar\/wp-content\/uploads\/2021\/12\/10J.jpg\" \/>\n\t<meta property=\"og:image:width\" content=\"800\" \/>\n\t<meta property=\"og:image:height\" content=\"800\" \/>\n\t<meta property=\"og:image:type\" content=\"image\/jpeg\" \/>\n<meta name=\"twitter:card\" content=\"summary_large_image\" \/>\n<meta name=\"twitter:label1\" content=\"Tiempo de lectura\" \/>\n\t<meta name=\"twitter:data1\" content=\"3 minutos\" \/>\n<script type=\"application\/ld+json\" class=\"yoast-schema-graph\">{\"@context\":\"https:\\\/\\\/schema.org\",\"@graph\":[{\"@type\":\"WebPage\",\"@id\":\"https:\\\/\\\/mhthobbyracing.com.ar\\\/index.php\\\/producto\\\/radio-futaba-10j\\\/\",\"url\":\"https:\\\/\\\/mhthobbyracing.com.ar\\\/index.php\\\/producto\\\/radio-futaba-10j\\\/\",\"name\":\"Radio Futaba 10J - Encontrala en MHTHOBBY-Pto.Madryn -Argentina\",\"isPartOf\":{\"@id\":\"https:\\\/\\\/mhthobbyracing.com.ar\\\/#website\"},\"primaryImageOfPage\":{\"@id\":\"https:\\\/\\\/mhthobbyracing.com.ar\\\/index.php\\\/producto\\\/radio-futaba-10j\\\/#primaryimage\"},\"image\":{\"@id\":\"https:\\\/\\\/mhthobbyracing.com.ar\\\/index.php\\\/producto\\\/radio-futaba-10j\\\/#primaryimage\"},\"thumbnailUrl\":\"https:\\\/\\\/mhthobbyracing.com.ar\\\/wp-content\\\/uploads\\\/2021\\\/12\\\/10J.jpg\",\"datePublished\":\"2021-12-02T22:14:16+00:00\",\"dateModified\":\"2025-12-03T15:14:11+00:00\",\"description\":\"Radio Futaba 10J - Transmisor 10J -\u00a0Sistema RC proporcional digital de 10 canalesSistema de 2 sticks, 10 canales, T-FHSS Air 2.4 GHz. MHTHOBBY\",\"breadcrumb\":{\"@id\":\"https:\\\/\\\/mhthobbyracing.com.ar\\\/index.php\\\/producto\\\/radio-futaba-10j\\\/#breadcrumb\"},\"inLanguage\":\"es-AR\",\"potentialAction\":[{\"@type\":\"ReadAction\",\"target\":[\"https:\\\/\\\/mhthobbyracing.com.ar\\\/index.php\\\/producto\\\/radio-futaba-10j\\\/\"]}]},{\"@type\":\"ImageObject\",\"inLanguage\":\"es-AR\",\"@id\":\"https:\\\/\\\/mhthobbyracing.com.ar\\\/index.php\\\/producto\\\/radio-futaba-10j\\\/#primaryimage\",\"url\":\"https:\\\/\\\/mhthobbyracing.com.ar\\\/wp-content\\\/uploads\\\/2021\\\/12\\\/10J.jpg\",\"contentUrl\":\"https:\\\/\\\/mhthobbyracing.com.ar\\\/wp-content\\\/uploads\\\/2021\\\/12\\\/10J.jpg\",\"width\":800,\"height\":800,\"caption\":\"Radio Futaba 10J\"},{\"@type\":\"BreadcrumbList\",\"@id\":\"https:\\\/\\\/mhthobbyracing.com.ar\\\/index.php\\\/producto\\\/radio-futaba-10j\\\/#breadcrumb\",\"itemListElement\":[{\"@type\":\"ListItem\",\"position\":1,\"name\":\"Inicio\",\"item\":\"https:\\\/\\\/mhthobbyracing.com.ar\\\/\"},{\"@type\":\"ListItem\",\"position\":2,\"name\":\"Productos\",\"item\":\"https:\\\/\\\/mhthobbyracing.com.ar\\\/index.php\\\/inicio\\\/tienda\\\/\"},{\"@type\":\"ListItem\",\"position\":3,\"name\":\"Radio Futaba 10J\"}]},{\"@type\":\"WebSite\",\"@id\":\"https:\\\/\\\/mhthobbyracing.com.ar\\\/#website\",\"url\":\"https:\\\/\\\/mhthobbyracing.com.ar\\\/\",\"name\":\"MHT-Hobby- Racing Team\",\"description\":\"Hobby Automodelismo\",\"publisher\":{\"@id\":\"https:\\\/\\\/mhthobbyracing.com.ar\\\/#\\\/schema\\\/person\\\/a6a6ed9c2713fc1826eb2541c6a3e9d1\"},\"potentialAction\":[{\"@type\":\"SearchAction\",\"target\":{\"@type\":\"EntryPoint\",\"urlTemplate\":\"https:\\\/\\\/mhthobbyracing.com.ar\\\/?s={search_term_string}\"},\"query-input\":{\"@type\":\"PropertyValueSpecification\",\"valueRequired\":true,\"valueName\":\"search_term_string\"}}],\"inLanguage\":\"es-AR\"},{\"@type\":[\"Person\",\"Organization\"],\"@id\":\"https:\\\/\\\/mhthobbyracing.com.ar\\\/#\\\/schema\\\/person\\\/a6a6ed9c2713fc1826eb2541c6a3e9d1\",\"name\":\"ecomusicpm\",\"image\":{\"@type\":\"ImageObject\",\"inLanguage\":\"es-AR\",\"@id\":\"https:\\\/\\\/mhthobbyracing.com.ar\\\/wp-content\\\/uploads\\\/2020\\\/05\\\/cropped-LOGO-MHT16523-1.png\",\"url\":\"https:\\\/\\\/mhthobbyracing.com.ar\\\/wp-content\\\/uploads\\\/2020\\\/05\\\/cropped-LOGO-MHT16523-1.png\",\"contentUrl\":\"https:\\\/\\\/mhthobbyracing.com.ar\\\/wp-content\\\/uploads\\\/2020\\\/05\\\/cropped-LOGO-MHT16523-1.png\",\"width\":1578,\"height\":564,\"caption\":\"ecomusicpm\"},\"logo\":{\"@id\":\"https:\\\/\\\/mhthobbyracing.com.ar\\\/wp-content\\\/uploads\\\/2020\\\/05\\\/cropped-LOGO-MHT16523-1.png\"},\"sameAs\":[\"http:\\\/\\\/mhthobbyracing.com.ar\"]}]}<\/script>\n<!-- \/ Yoast SEO plugin. -->","yoast_head_json":{"title":"Radio Futaba 10J - Encontrala en MHTHOBBY-Pto.Madryn -Argentina","description":"Radio Futaba 10J - Transmisor 10J -\u00a0Sistema RC proporcional digital de 10 canalesSistema de 2 sticks, 10 canales, T-FHSS Air 2.4 GHz. MHTHOBBY","robots":{"index":"index","follow":"follow","max-snippet":"max-snippet:-1","max-image-preview":"max-image-preview:large","max-video-preview":"max-video-preview:-1"},"canonical":"https:\/\/mhthobbyracing.com.ar\/index.php\/producto\/radio-futaba-10j\/","og_locale":"es_ES","og_type":"article","og_title":"Radio Futaba 10J - Encontrala en MHTHOBBY-Pto.Madryn -Argentina","og_description":"Radio Futaba 10J - Transmisor 10J -\u00a0Sistema RC proporcional digital de 10 canalesSistema de 2 sticks, 10 canales, T-FHSS Air 2.4 GHz. MHTHOBBY","og_url":"https:\/\/mhthobbyracing.com.ar\/index.php\/producto\/radio-futaba-10j\/","og_site_name":"Racing Team","article_modified_time":"2025-12-03T15:14:11+00:00","og_image":[{"width":800,"height":800,"url":"https:\/\/mhthobbyracing.com.ar\/wp-content\/uploads\/2021\/12\/10J.jpg","type":"image\/jpeg"}],"twitter_card":"summary_large_image","twitter_misc":{"Tiempo de lectura":"3 minutos"},"schema":{"@context":"https:\/\/schema.org","@graph":[{"@type":"WebPage","@id":"https:\/\/mhthobbyracing.com.ar\/index.php\/producto\/radio-futaba-10j\/","url":"https:\/\/mhthobbyracing.com.ar\/index.php\/producto\/radio-futaba-10j\/","name":"Radio Futaba 10J - Encontrala en MHTHOBBY-Pto.Madryn -Argentina","isPartOf":{"@id":"https:\/\/mhthobbyracing.com.ar\/#website"},"primaryImageOfPage":{"@id":"https:\/\/mhthobbyracing.com.ar\/index.php\/producto\/radio-futaba-10j\/#primaryimage"},"image":{"@id":"https:\/\/mhthobbyracing.com.ar\/index.php\/producto\/radio-futaba-10j\/#primaryimage"},"thumbnailUrl":"https:\/\/mhthobbyracing.com.ar\/wp-content\/uploads\/2021\/12\/10J.jpg","datePublished":"2021-12-02T22:14:16+00:00","dateModified":"2025-12-03T15:14:11+00:00","description":"Radio Futaba 10J - Transmisor 10J -\u00a0Sistema RC proporcional digital de 10 canalesSistema de 2 sticks, 10 canales, T-FHSS Air 2.4 GHz. MHTHOBBY","breadcrumb":{"@id":"https:\/\/mhthobbyracing.com.ar\/index.php\/producto\/radio-futaba-10j\/#breadcrumb"},"inLanguage":"es-AR","potentialAction":[{"@type":"ReadAction","target":["https:\/\/mhthobbyracing.com.ar\/index.php\/producto\/radio-futaba-10j\/"]}]},{"@type":"ImageObject","inLanguage":"es-AR","@id":"https:\/\/mhthobbyracing.com.ar\/index.php\/producto\/radio-futaba-10j\/#primaryimage","url":"https:\/\/mhthobbyracing.com.ar\/wp-content\/uploads\/2021\/12\/10J.jpg","contentUrl":"https:\/\/mhthobbyracing.com.ar\/wp-content\/uploads\/2021\/12\/10J.jpg","width":800,"height":800,"caption":"Radio Futaba 10J"},{"@type":"BreadcrumbList","@id":"https:\/\/mhthobbyracing.com.ar\/index.php\/producto\/radio-futaba-10j\/#breadcrumb","itemListElement":[{"@type":"ListItem","position":1,"name":"Inicio","item":"https:\/\/mhthobbyracing.com.ar\/"},{"@type":"ListItem","position":2,"name":"Productos","item":"https:\/\/mhthobbyracing.com.ar\/index.php\/inicio\/tienda\/"},{"@type":"ListItem","position":3,"name":"Radio Futaba 10J"}]},{"@type":"WebSite","@id":"https:\/\/mhthobbyracing.com.ar\/#website","url":"https:\/\/mhthobbyracing.com.ar\/","name":"MHT-Hobby- Racing Team","description":"Hobby Automodelismo","publisher":{"@id":"https:\/\/mhthobbyracing.com.ar\/#\/schema\/person\/a6a6ed9c2713fc1826eb2541c6a3e9d1"},"potentialAction":[{"@type":"SearchAction","target":{"@type":"EntryPoint","urlTemplate":"https:\/\/mhthobbyracing.com.ar\/?s={search_term_string}"},"query-input":{"@type":"PropertyValueSpecification","valueRequired":true,"valueName":"search_term_string"}}],"inLanguage":"es-AR"},{"@type":["Person","Organization"],"@id":"https:\/\/mhthobbyracing.com.ar\/#\/schema\/person\/a6a6ed9c2713fc1826eb2541c6a3e9d1","name":"ecomusicpm","image":{"@type":"ImageObject","inLanguage":"es-AR","@id":"https:\/\/mhthobbyracing.com.ar\/wp-content\/uploads\/2020\/05\/cropped-LOGO-MHT16523-1.png","url":"https:\/\/mhthobbyracing.com.ar\/wp-content\/uploads\/2020\/05\/cropped-LOGO-MHT16523-1.png","contentUrl":"https:\/\/mhthobbyracing.com.ar\/wp-content\/uploads\/2020\/05\/cropped-LOGO-MHT16523-1.png","width":1578,"height":564,"caption":"ecomusicpm"},"logo":{"@id":"https:\/\/mhthobbyracing.com.ar\/wp-content\/uploads\/2020\/05\/cropped-LOGO-MHT16523-1.png"},"sameAs":["http:\/\/mhthobbyracing.com.ar"]}]}},"_links":{"self":[{"href":"https:\/\/mhthobbyracing.com.ar\/index.php\/wp-json\/wp\/v2\/product\/1230","targetHints":{"allow":["GET"]}}],"collection":[{"href":"https:\/\/mhthobbyracing.com.ar\/index.php\/wp-json\/wp\/v2\/product"}],"about":[{"href":"https:\/\/mhthobbyracing.com.ar\/index.php\/wp-json\/wp\/v2\/types\/product"}],"replies":[{"embeddable":true,"href":"https:\/\/mhthobbyracing.com.ar\/index.php\/wp-json\/wp\/v2\/comments?post=1230"}],"wp:featuredmedia":[{"embeddable":true,"href":"https:\/\/mhthobbyracing.com.ar\/index.php\/wp-json\/wp\/v2\/media\/1231"}],"wp:attachment":[{"href":"https:\/\/mhthobbyracing.com.ar\/index.php\/wp-json\/wp\/v2\/media?parent=1230"}],"wp:term":[{"taxonomy":"product_brand","embeddable":true,"href":"https:\/\/mhthobbyracing.com.ar\/index.php\/wp-json\/wp\/v2\/product_brand?post=1230"},{"taxonomy":"product_cat","embeddable":true,"href":"https:\/\/mhthobbyracing.com.ar\/index.php\/wp-json\/wp\/v2\/product_cat?post=1230"},{"taxonomy":"product_tag","embeddable":true,"href":"https:\/\/mhthobbyracing.com.ar\/index.php\/wp-json\/wp\/v2\/product_tag?post=1230"}],"curies":[{"name":"wp","href":"https:\/\/api.w.org\/{rel}","templated":true}]}}