{"id":1233,"date":"2021-12-02T19:29:03","date_gmt":"2021-12-02T22:29:03","guid":{"rendered":"https:\/\/mhthobbyracing.com.ar\/?post_type=product&#038;p=1233"},"modified":"2025-12-03T12:14:01","modified_gmt":"2025-12-03T15:14:01","slug":"radio-futaba-4grs1","status":"publish","type":"product","link":"https:\/\/mhthobbyracing.com.ar\/index.php\/producto\/radio-futaba-4grs1\/","title":{"rendered":"Radio Futaba 4GRS1"},"content":{"rendered":"<p>Radio Futaba 4GRS1<\/p>\n<h1><strong>Transmisor 4GRS \u2013\u00a0<\/strong>Sistema RC proporcional digital de 4 canales<\/h1>\n<hr \/>\n<h3>Para usar con modelos de Surface (01004366-3)<\/h3>\n<hr \/>\n<h2><strong>FUNCIONES<\/strong><\/h2>\n<p><strong>SISTEMA DE TELEMETR\u00cdA:<\/strong><br \/>\nEl transmisor T4GRS ha adoptado el sistema de comunicaci\u00f3n bidireccional recientemente desarrollado &#8220;T-FHSS&#8221;.<\/p>\n<p><strong>SISTEMA DE COMUNICACI\u00d3N POR RADIO SS de 2,4 GHZ:<\/strong><br \/>\nLa configuraci\u00f3n del canal de frecuencia es innecesaria: el cambio de canal tiene lugar dentro de la banda de 2,4 GHz autom\u00e1ticamente. Este sistema minimiza la interferencia de otros sistemas de 2,4 GHz.<\/p>\n<p><strong>MEMORIA DE MODELO PARA 40 MODELOS:<\/strong><br \/>\nLos nombres de modelo pueden usar hasta 10 letras, n\u00fameros y s\u00edmbolos, de modo que se pueden usar nombres l\u00f3gicos. Se puede crear una memoria de modelo con diferentes configuraciones mediante la funci\u00f3n de copia de modelo.<\/p>\n<p><strong>SELECCI\u00d3N DE MEN\u00da:<\/strong><br \/>\nLas pantallas de configuraci\u00f3n se llaman desde las pantallas de men\u00fa. La pantalla del men\u00fa se puede seleccionar entre 2 niveles.<\/p>\n<p><strong>MEZCLA DE FRENOS PARA AUTOM\u00d3VILES GRANDES (FRENO):<\/strong><br \/>\nLa mezcla de frenos de la rueda delantera y trasera de los autom\u00f3viles de potencia de gasolina 1\/5 y otros autom\u00f3viles grandes se puede ajustar de forma independiente.<\/p>\n<p><strong>MEZCLA 4WS PARA ORUGAS Y OTROS TIPOS 4WS (4WS):<\/strong><br \/>\nEsta funci\u00f3n se puede utilizar con orugas y otros veh\u00edculos tipo 4WS.<\/p>\n<p><strong>MEZCLA DUAL ESCS PARA COCHES DE ORUGAS (DUAL ESC):<\/strong><br \/>\nLos ESC en la parte delantera y trasera se controlan de forma independiente.<\/p>\n<p><strong>GYRO MIXING (GYRO MIX):<\/strong><br \/>\nLa sensibilidad de los giroscopios de velocidad de coche Futaba se puede ajustar desde el T4GRS<\/p>\n<p><strong>CPS-1 MIXING (CPS MIX):<\/strong><br \/>\nLa iluminaci\u00f3n LED y el control de parpadeo utilizando nuestro interruptor de alimentaci\u00f3n de canal CPS-1 se pueden combinar con la direcci\u00f3n y la operaci\u00f3n del acelerador solo por interruptor.<\/p>\n<p><strong>SISTEMA DE FRENADO ANTIDESLIZANTE (TH A.B.S):<\/strong><br \/>\nEsta funci\u00f3n aplica los frenos para que los neum\u00e1ticos de los coches a gas, etc. no pierdan su agarre en la carretera incluso al frenar en las curvas.<\/p>\n<p><strong>ACELERACI\u00d3N DEL ACELERADOR (ACCEL): Los<\/strong><br \/>\nautom\u00f3viles de potencia de gas tienen un desdeso de tiempo antes de que el embrague y los frenos se vuelvan efectivos. La funci\u00f3n de aceleraci\u00f3n del acelerador reduce este desgazo de tiempo.<\/p>\n<p><strong>VELOCIDAD DEL ACELERADOR (SPEED):<\/strong><br \/>\nLa operaci\u00f3n repentina del gatillo en una superficie de carretera resbaladiza solo har\u00e1 que los neum\u00e1ticos giren y que el modelo no acelere suavemente. Al configurar la funci\u00f3n de velocidad del acelerador, la operaci\u00f3n se puede realizar de manera suave y f\u00e1cil. Tambi\u00e9n suprime el consumo de bater\u00eda.<\/p>\n<p><strong>VELOCIDAD DE DIRECCI\u00d3N (SPEED):<\/strong><br \/>\nCuando se detecta que el servo de direcci\u00f3n es demasiado r\u00e1pido, etc., se puede ajustar la velocidad de funcionamiento del servo (direcci\u00f3n que suprime la velocidad m\u00e1xima).<\/p>\n<p><strong>CRONADOR DE CARRERAS (TIMER):<\/strong><br \/>\nEl temporizador de vuelta puede registrar 100 tiempos de vuelta y tiempo total. El temporizador tambi\u00e9n se puede iniciar autom\u00e1ticamente mediante la operaci\u00f3n de disparo. Se puede configurar el tiempo de carrera y la alarma audible. El tiempo de reabastecimiento de combustible se indica mediante una alarma audible. Tambi\u00e9n se proporciona un temporizador de in 200.<\/p>\n<p><strong>RECORTE DIGITAL:<\/strong><br \/>\nLa posici\u00f3n de recorte actual se muestra en la pantalla LCD. La cantidad operativa de 1 paso tambi\u00e9n se puede ajustar.<\/p>\n<p><strong>INTERRUPTOR DE SELECCI\u00d3N DE FUNCI\u00d3N (INTERRUPTOR) \/ FUNCI\u00d3N DE MARCADO (DIAL DE CORTE):<\/strong><br \/>\nAsigna funciones a 2 interruptores y diales (recorte digital, dial digital). La cantidad de pasos y la direcci\u00f3n de operaci\u00f3n tambi\u00e9n se pueden ajustar. El posicionamiento de recorte en cada llamada de modelo es innecesario porque todos los diales son digitales.<\/p>\n<p><strong>FUNCI\u00d3N ESC-LINK (MC-LINK):<\/strong><br \/>\nEsta funci\u00f3n dedicada le permite configurar el software Link para que su T4GRS pueda controlar la frecuencia variable y otros cambios de datos en los controladores de velocidad Futaba (ESC): MC950CR, MC850C, MC851C, MC602C, MC402CR, etc.<\/p>\n<p><strong>FUNCI\u00d3N DE AJUSTE DE TENSI\u00d3N:<\/strong><br \/>\nLa tensi\u00f3n de la palanca y los resortes del gatillo del acelerador se pueden ajustar desde el interior.<\/p>\n<p><strong>AJUSTE MEC\u00c1NICO ATL:<\/strong><br \/>\nRealice este ajuste cuando desee disminuir el recorrido total del lado delantero (hacia arriba) o del lado del freno (hacia abajo) de la palanca del acelerador.<\/p>\n<p><strong>INTERRUPTOR DE PANTALLA: El<\/strong><br \/>\ninterruptor de pantalla permite la configuraci\u00f3n de funciones sin transmitir.<\/p>\n<hr \/>\n<h2><strong>CONTENIDO<\/strong><\/h2>\n<p><strong>SU T4GRS INCLUYE LOS SIGUIENTES COMPONENTES:<\/strong><\/p>\n<ul>\n<li>-Transmisor T4GRS<\/li>\n<li>-Receptor R304SB<\/li>\n<li>-Interruptor receptor<\/li>\n<li>-Mini destornillador<strong><br \/>\n<\/strong><\/li>\n<\/ul>\n<hr \/>\n<h2><strong>ESPECIFICACIONES DEL TRANSMISOR<\/strong><\/h2>\n<p><strong>SISTEMA T-FHSS\/S-FHSS\/FHSS, TIPO 2 STICK, 4 CANALES<\/strong><\/p>\n<p><strong>M\u00c9TODO DE<br \/>\nCOMUNICACI\u00d3N:\u00a0<\/strong>Sistema operativo unidirecci\u00f3n<\/p>\n<p><strong>RANGO M\u00c1XIMO<br \/>\nDE FUNCIONAMIENTO:\u00a0<\/strong>100 m (condici\u00f3n \u00f3ptima)<\/p>\n<p><strong>PARA LA<br \/>\nSEGURIDAD:\u00a0<\/strong>F \/ S, B-F \/ S, ID<\/p>\n<p><strong>FRECUENCIA DEL<br \/>\nTRANSMISOR:\u00a0<\/strong>banda de 2,4 GHz<\/p>\n<p><strong>REQUISITO DE ENERG\u00cdA:<\/strong><br \/>\nPilas de celda seca AA x 4 (6 V)<\/p>\n<p><strong>DRENAJE DE CORRIENTE:<\/strong><br \/>\n150 mA o menos<\/p>\n<p><strong>ANTENA DE<br \/>\nTRANSMISI\u00d3N:\u00a0<\/strong>1\/2<span class=\"st\"><em>\u03bb\u00a0<\/em><\/span>di-polo<\/p>\n<hr \/>\n<h2><strong>ESPECIFICACIONES DEL RECEPTOR<\/strong><\/h2>\n<h3><em><strong>R304SB<\/strong><\/em><\/h3>\n<p><strong>T-FHSS<\/strong><\/p>\n<p><strong>TAMA\u00d1O:<\/strong><br \/>\n35.1 mm x 23.2 mm x 8.5 mm<\/p>\n<p><strong>PESO:<\/strong><br \/>\n6.6 g<\/p>\n<p><strong>VOLTAJE DE FUNCIONAMIENTO:<\/strong><br \/>\nDC 4.8V-7.4V<\/p>\n<p>&nbsp;<\/p>\n<p>Radio Futaba 4GRS1<\/p>\n<p>Visit\u00e1:<a href=\"https:\/\/futabausa.com\/product\/4grs\/\">https:\/\/futabausa.com\/product\/4grs\/<\/a><\/p>\n<p>Te puede interesar:<a href=\"https:\/\/mhthobbyracing.com.ar\/index.php\/categoria-producto\/electronica\/\">https:\/\/mhthobbyracing.com.ar\/index.php\/categoria-producto\/electronica\/<\/a><\/p>\n","protected":false},"excerpt":{"rendered":"<p>En Stock!!!!<\/p>\n","protected":false},"featured_media":1234,"comment_status":"open","ping_status":"closed","template":"","meta":{"site-sidebar-layout":"default","site-content-layout":"default","ast-site-content-layout":"","site-content-style":"default","site-sidebar-style":"default","ast-global-header-display":"","ast-banner-title-visibility":"","ast-main-header-display":"","ast-hfb-above-header-display":"","ast-hfb-below-header-display":"","ast-hfb-mobile-header-display":"","site-post-title":"","ast-breadcrumbs-content":"","ast-featured-img":"","footer-sml-layout":"","theme-transparent-header-meta":"default","adv-header-id-meta":"","stick-header-meta":"","header-above-stick-meta":"","header-main-stick-meta":"","header-below-stick-meta":"","astra-migrate-meta-layouts":"default","ast-page-background-enabled":"default","ast-page-background-meta":{"desktop":{"background-color":"","background-image":"","background-repeat":"repeat","background-position":"center center","background-size":"auto","background-attachment":"scroll","background-type":"","background-media":"","overlay-type":"","overlay-color":"","overlay-opacity":"","overlay-gradient":""},"tablet":{"background-color":"","background-image":"","background-repeat":"repeat","background-position":"center center","background-size":"auto","background-attachment":"scroll","background-type":"","background-media":"","overlay-type":"","overlay-color":"","overlay-opacity":"","overlay-gradient":""},"mobile":{"background-color":"","background-image":"","background-repeat":"repeat","background-position":"center center","background-size":"auto","background-attachment":"scroll","background-type":"","background-media":"","overlay-type":"","overlay-color":"","overlay-opacity":"","overlay-gradient":""}},"ast-content-background-meta":{"desktop":{"background-color":"var(--ast-global-color-5)","background-image":"","background-repeat":"repeat","background-position":"center center","background-size":"auto","background-attachment":"scroll","background-type":"","background-media":"","overlay-type":"","overlay-color":"","overlay-opacity":"","overlay-gradient":""},"tablet":{"background-color":"var(--ast-global-color-5)","background-image":"","background-repeat":"repeat","background-position":"center center","background-size":"auto","background-attachment":"scroll","background-type":"","background-media":"","overlay-type":"","overlay-color":"","overlay-opacity":"","overlay-gradient":""},"mobile":{"background-color":"var(--ast-global-color-5)","background-image":"","background-repeat":"repeat","background-position":"center center","background-size":"auto","background-attachment":"scroll","background-type":"","background-media":"","overlay-type":"","overlay-color":"","overlay-opacity":"","overlay-gradient":""}},"_joinchat":[]},"product_brand":[272],"product_cat":[25],"product_tag":[210],"class_list":{"0":"post-1233","1":"product","2":"type-product","3":"status-publish","4":"has-post-thumbnail","6":"product_brand-futaba","7":"product_cat-radios","8":"product_tag-radio-futaba-4grs1","9":"desktop-align-left","10":"tablet-align-left","11":"mobile-align-left","13":"first","14":"instock","15":"sale","16":"shipping-taxable","17":"purchasable","18":"product-type-simple"},"yoast_head":"<!-- This site is optimized with the Yoast SEO plugin v27.6 - https:\/\/yoast.com\/product\/yoast-seo-wordpress\/ -->\n<title>Radio Futaba 4GRS1 - MHTHOBBY-Distribuidor Oficial -Argentina<\/title>\n<meta name=\"description\" content=\"Radio Futaba 4GRS1 - Transmisor 4GRS \u2013\u00a0Sistema RC proporcional digital de 4 canales,SISTEMA DE COMUNICACI\u00d3N POR RADIO SS de 2,4 GHZ.MHTHOBBY\" \/>\n<meta name=\"robots\" content=\"index, follow, max-snippet:-1, max-image-preview:large, max-video-preview:-1\" \/>\n<link rel=\"canonical\" href=\"https:\/\/mhthobbyracing.com.ar\/index.php\/producto\/radio-futaba-4grs1\/\" \/>\n<meta property=\"og:locale\" content=\"es_ES\" \/>\n<meta property=\"og:type\" content=\"article\" \/>\n<meta property=\"og:title\" content=\"Radio Futaba 4GRS1 - MHTHOBBY-Distribuidor Oficial -Argentina\" \/>\n<meta property=\"og:description\" content=\"Radio Futaba 4GRS1 - Transmisor 4GRS \u2013\u00a0Sistema RC proporcional digital de 4 canales,SISTEMA DE COMUNICACI\u00d3N POR RADIO SS de 2,4 GHZ.MHTHOBBY\" \/>\n<meta property=\"og:url\" content=\"https:\/\/mhthobbyracing.com.ar\/index.php\/producto\/radio-futaba-4grs1\/\" \/>\n<meta property=\"og:site_name\" content=\"Racing Team\" \/>\n<meta property=\"article:modified_time\" content=\"2025-12-03T15:14:01+00:00\" \/>\n<meta property=\"og:image\" content=\"https:\/\/mhthobbyracing.com.ar\/wp-content\/uploads\/2021\/12\/4GRS1.jpg\" \/>\n\t<meta property=\"og:image:width\" content=\"800\" \/>\n\t<meta property=\"og:image:height\" content=\"800\" \/>\n\t<meta property=\"og:image:type\" content=\"image\/jpeg\" \/>\n<meta name=\"twitter:card\" content=\"summary_large_image\" \/>\n<meta name=\"twitter:label1\" content=\"Tiempo de lectura\" \/>\n\t<meta name=\"twitter:data1\" content=\"4 minutos\" \/>\n<script type=\"application\/ld+json\" class=\"yoast-schema-graph\">{\"@context\":\"https:\\\/\\\/schema.org\",\"@graph\":[{\"@type\":\"WebPage\",\"@id\":\"https:\\\/\\\/mhthobbyracing.com.ar\\\/index.php\\\/producto\\\/radio-futaba-4grs1\\\/\",\"url\":\"https:\\\/\\\/mhthobbyracing.com.ar\\\/index.php\\\/producto\\\/radio-futaba-4grs1\\\/\",\"name\":\"Radio Futaba 4GRS1 - MHTHOBBY-Distribuidor Oficial -Argentina\",\"isPartOf\":{\"@id\":\"https:\\\/\\\/mhthobbyracing.com.ar\\\/#website\"},\"primaryImageOfPage\":{\"@id\":\"https:\\\/\\\/mhthobbyracing.com.ar\\\/index.php\\\/producto\\\/radio-futaba-4grs1\\\/#primaryimage\"},\"image\":{\"@id\":\"https:\\\/\\\/mhthobbyracing.com.ar\\\/index.php\\\/producto\\\/radio-futaba-4grs1\\\/#primaryimage\"},\"thumbnailUrl\":\"https:\\\/\\\/mhthobbyracing.com.ar\\\/wp-content\\\/uploads\\\/2021\\\/12\\\/4GRS1.jpg\",\"datePublished\":\"2021-12-02T22:29:03+00:00\",\"dateModified\":\"2025-12-03T15:14:01+00:00\",\"description\":\"Radio Futaba 4GRS1 - Transmisor 4GRS \u2013\u00a0Sistema RC proporcional digital de 4 canales,SISTEMA DE COMUNICACI\u00d3N POR RADIO SS de 2,4 GHZ.MHTHOBBY\",\"breadcrumb\":{\"@id\":\"https:\\\/\\\/mhthobbyracing.com.ar\\\/index.php\\\/producto\\\/radio-futaba-4grs1\\\/#breadcrumb\"},\"inLanguage\":\"es-AR\",\"potentialAction\":[{\"@type\":\"ReadAction\",\"target\":[\"https:\\\/\\\/mhthobbyracing.com.ar\\\/index.php\\\/producto\\\/radio-futaba-4grs1\\\/\"]}]},{\"@type\":\"ImageObject\",\"inLanguage\":\"es-AR\",\"@id\":\"https:\\\/\\\/mhthobbyracing.com.ar\\\/index.php\\\/producto\\\/radio-futaba-4grs1\\\/#primaryimage\",\"url\":\"https:\\\/\\\/mhthobbyracing.com.ar\\\/wp-content\\\/uploads\\\/2021\\\/12\\\/4GRS1.jpg\",\"contentUrl\":\"https:\\\/\\\/mhthobbyracing.com.ar\\\/wp-content\\\/uploads\\\/2021\\\/12\\\/4GRS1.jpg\",\"width\":800,\"height\":800,\"caption\":\"Radio Futaba 4GRS1\"},{\"@type\":\"BreadcrumbList\",\"@id\":\"https:\\\/\\\/mhthobbyracing.com.ar\\\/index.php\\\/producto\\\/radio-futaba-4grs1\\\/#breadcrumb\",\"itemListElement\":[{\"@type\":\"ListItem\",\"position\":1,\"name\":\"Inicio\",\"item\":\"https:\\\/\\\/mhthobbyracing.com.ar\\\/\"},{\"@type\":\"ListItem\",\"position\":2,\"name\":\"Productos\",\"item\":\"https:\\\/\\\/mhthobbyracing.com.ar\\\/index.php\\\/inicio\\\/tienda\\\/\"},{\"@type\":\"ListItem\",\"position\":3,\"name\":\"Radio Futaba 4GRS1\"}]},{\"@type\":\"WebSite\",\"@id\":\"https:\\\/\\\/mhthobbyracing.com.ar\\\/#website\",\"url\":\"https:\\\/\\\/mhthobbyracing.com.ar\\\/\",\"name\":\"MHT-Hobby- Racing Team\",\"description\":\"Hobby Automodelismo\",\"publisher\":{\"@id\":\"https:\\\/\\\/mhthobbyracing.com.ar\\\/#\\\/schema\\\/person\\\/a6a6ed9c2713fc1826eb2541c6a3e9d1\"},\"potentialAction\":[{\"@type\":\"SearchAction\",\"target\":{\"@type\":\"EntryPoint\",\"urlTemplate\":\"https:\\\/\\\/mhthobbyracing.com.ar\\\/?s={search_term_string}\"},\"query-input\":{\"@type\":\"PropertyValueSpecification\",\"valueRequired\":true,\"valueName\":\"search_term_string\"}}],\"inLanguage\":\"es-AR\"},{\"@type\":[\"Person\",\"Organization\"],\"@id\":\"https:\\\/\\\/mhthobbyracing.com.ar\\\/#\\\/schema\\\/person\\\/a6a6ed9c2713fc1826eb2541c6a3e9d1\",\"name\":\"ecomusicpm\",\"image\":{\"@type\":\"ImageObject\",\"inLanguage\":\"es-AR\",\"@id\":\"https:\\\/\\\/mhthobbyracing.com.ar\\\/wp-content\\\/uploads\\\/2020\\\/05\\\/cropped-LOGO-MHT16523-1.png\",\"url\":\"https:\\\/\\\/mhthobbyracing.com.ar\\\/wp-content\\\/uploads\\\/2020\\\/05\\\/cropped-LOGO-MHT16523-1.png\",\"contentUrl\":\"https:\\\/\\\/mhthobbyracing.com.ar\\\/wp-content\\\/uploads\\\/2020\\\/05\\\/cropped-LOGO-MHT16523-1.png\",\"width\":1578,\"height\":564,\"caption\":\"ecomusicpm\"},\"logo\":{\"@id\":\"https:\\\/\\\/mhthobbyracing.com.ar\\\/wp-content\\\/uploads\\\/2020\\\/05\\\/cropped-LOGO-MHT16523-1.png\"},\"sameAs\":[\"http:\\\/\\\/mhthobbyracing.com.ar\"]}]}<\/script>\n<!-- \/ Yoast SEO plugin. -->","yoast_head_json":{"title":"Radio Futaba 4GRS1 - MHTHOBBY-Distribuidor Oficial -Argentina","description":"Radio Futaba 4GRS1 - Transmisor 4GRS \u2013\u00a0Sistema RC proporcional digital de 4 canales,SISTEMA DE COMUNICACI\u00d3N POR RADIO SS de 2,4 GHZ.MHTHOBBY","robots":{"index":"index","follow":"follow","max-snippet":"max-snippet:-1","max-image-preview":"max-image-preview:large","max-video-preview":"max-video-preview:-1"},"canonical":"https:\/\/mhthobbyracing.com.ar\/index.php\/producto\/radio-futaba-4grs1\/","og_locale":"es_ES","og_type":"article","og_title":"Radio Futaba 4GRS1 - MHTHOBBY-Distribuidor Oficial -Argentina","og_description":"Radio Futaba 4GRS1 - Transmisor 4GRS \u2013\u00a0Sistema RC proporcional digital de 4 canales,SISTEMA DE COMUNICACI\u00d3N POR RADIO SS de 2,4 GHZ.MHTHOBBY","og_url":"https:\/\/mhthobbyracing.com.ar\/index.php\/producto\/radio-futaba-4grs1\/","og_site_name":"Racing Team","article_modified_time":"2025-12-03T15:14:01+00:00","og_image":[{"width":800,"height":800,"url":"https:\/\/mhthobbyracing.com.ar\/wp-content\/uploads\/2021\/12\/4GRS1.jpg","type":"image\/jpeg"}],"twitter_card":"summary_large_image","twitter_misc":{"Tiempo de lectura":"4 minutos"},"schema":{"@context":"https:\/\/schema.org","@graph":[{"@type":"WebPage","@id":"https:\/\/mhthobbyracing.com.ar\/index.php\/producto\/radio-futaba-4grs1\/","url":"https:\/\/mhthobbyracing.com.ar\/index.php\/producto\/radio-futaba-4grs1\/","name":"Radio Futaba 4GRS1 - MHTHOBBY-Distribuidor Oficial -Argentina","isPartOf":{"@id":"https:\/\/mhthobbyracing.com.ar\/#website"},"primaryImageOfPage":{"@id":"https:\/\/mhthobbyracing.com.ar\/index.php\/producto\/radio-futaba-4grs1\/#primaryimage"},"image":{"@id":"https:\/\/mhthobbyracing.com.ar\/index.php\/producto\/radio-futaba-4grs1\/#primaryimage"},"thumbnailUrl":"https:\/\/mhthobbyracing.com.ar\/wp-content\/uploads\/2021\/12\/4GRS1.jpg","datePublished":"2021-12-02T22:29:03+00:00","dateModified":"2025-12-03T15:14:01+00:00","description":"Radio Futaba 4GRS1 - Transmisor 4GRS \u2013\u00a0Sistema RC proporcional digital de 4 canales,SISTEMA DE COMUNICACI\u00d3N POR RADIO SS de 2,4 GHZ.MHTHOBBY","breadcrumb":{"@id":"https:\/\/mhthobbyracing.com.ar\/index.php\/producto\/radio-futaba-4grs1\/#breadcrumb"},"inLanguage":"es-AR","potentialAction":[{"@type":"ReadAction","target":["https:\/\/mhthobbyracing.com.ar\/index.php\/producto\/radio-futaba-4grs1\/"]}]},{"@type":"ImageObject","inLanguage":"es-AR","@id":"https:\/\/mhthobbyracing.com.ar\/index.php\/producto\/radio-futaba-4grs1\/#primaryimage","url":"https:\/\/mhthobbyracing.com.ar\/wp-content\/uploads\/2021\/12\/4GRS1.jpg","contentUrl":"https:\/\/mhthobbyracing.com.ar\/wp-content\/uploads\/2021\/12\/4GRS1.jpg","width":800,"height":800,"caption":"Radio Futaba 4GRS1"},{"@type":"BreadcrumbList","@id":"https:\/\/mhthobbyracing.com.ar\/index.php\/producto\/radio-futaba-4grs1\/#breadcrumb","itemListElement":[{"@type":"ListItem","position":1,"name":"Inicio","item":"https:\/\/mhthobbyracing.com.ar\/"},{"@type":"ListItem","position":2,"name":"Productos","item":"https:\/\/mhthobbyracing.com.ar\/index.php\/inicio\/tienda\/"},{"@type":"ListItem","position":3,"name":"Radio Futaba 4GRS1"}]},{"@type":"WebSite","@id":"https:\/\/mhthobbyracing.com.ar\/#website","url":"https:\/\/mhthobbyracing.com.ar\/","name":"MHT-Hobby- Racing Team","description":"Hobby Automodelismo","publisher":{"@id":"https:\/\/mhthobbyracing.com.ar\/#\/schema\/person\/a6a6ed9c2713fc1826eb2541c6a3e9d1"},"potentialAction":[{"@type":"SearchAction","target":{"@type":"EntryPoint","urlTemplate":"https:\/\/mhthobbyracing.com.ar\/?s={search_term_string}"},"query-input":{"@type":"PropertyValueSpecification","valueRequired":true,"valueName":"search_term_string"}}],"inLanguage":"es-AR"},{"@type":["Person","Organization"],"@id":"https:\/\/mhthobbyracing.com.ar\/#\/schema\/person\/a6a6ed9c2713fc1826eb2541c6a3e9d1","name":"ecomusicpm","image":{"@type":"ImageObject","inLanguage":"es-AR","@id":"https:\/\/mhthobbyracing.com.ar\/wp-content\/uploads\/2020\/05\/cropped-LOGO-MHT16523-1.png","url":"https:\/\/mhthobbyracing.com.ar\/wp-content\/uploads\/2020\/05\/cropped-LOGO-MHT16523-1.png","contentUrl":"https:\/\/mhthobbyracing.com.ar\/wp-content\/uploads\/2020\/05\/cropped-LOGO-MHT16523-1.png","width":1578,"height":564,"caption":"ecomusicpm"},"logo":{"@id":"https:\/\/mhthobbyracing.com.ar\/wp-content\/uploads\/2020\/05\/cropped-LOGO-MHT16523-1.png"},"sameAs":["http:\/\/mhthobbyracing.com.ar"]}]}},"_links":{"self":[{"href":"https:\/\/mhthobbyracing.com.ar\/index.php\/wp-json\/wp\/v2\/product\/1233","targetHints":{"allow":["GET"]}}],"collection":[{"href":"https:\/\/mhthobbyracing.com.ar\/index.php\/wp-json\/wp\/v2\/product"}],"about":[{"href":"https:\/\/mhthobbyracing.com.ar\/index.php\/wp-json\/wp\/v2\/types\/product"}],"replies":[{"embeddable":true,"href":"https:\/\/mhthobbyracing.com.ar\/index.php\/wp-json\/wp\/v2\/comments?post=1233"}],"wp:featuredmedia":[{"embeddable":true,"href":"https:\/\/mhthobbyracing.com.ar\/index.php\/wp-json\/wp\/v2\/media\/1234"}],"wp:attachment":[{"href":"https:\/\/mhthobbyracing.com.ar\/index.php\/wp-json\/wp\/v2\/media?parent=1233"}],"wp:term":[{"taxonomy":"product_brand","embeddable":true,"href":"https:\/\/mhthobbyracing.com.ar\/index.php\/wp-json\/wp\/v2\/product_brand?post=1233"},{"taxonomy":"product_cat","embeddable":true,"href":"https:\/\/mhthobbyracing.com.ar\/index.php\/wp-json\/wp\/v2\/product_cat?post=1233"},{"taxonomy":"product_tag","embeddable":true,"href":"https:\/\/mhthobbyracing.com.ar\/index.php\/wp-json\/wp\/v2\/product_tag?post=1233"}],"curies":[{"name":"wp","href":"https:\/\/api.w.org\/{rel}","templated":true}]}}