{"id":1238,"date":"2021-12-02T19:43:25","date_gmt":"2021-12-02T22:43:25","guid":{"rendered":"https:\/\/mhthobbyracing.com.ar\/?post_type=product&#038;p=1238"},"modified":"2026-04-24T10:34:04","modified_gmt":"2026-04-24T13:34:04","slug":"radio-futaba-3prka1","status":"publish","type":"product","link":"https:\/\/mhthobbyracing.com.ar\/index.php\/producto\/radio-futaba-3prka1\/","title":{"rendered":"Radio Futaba 3PRKA1"},"content":{"rendered":"<p>Radio Futaba 3PRKA1<\/p>\n<div class=\"row-container\">\n<div class=\"row row-parent style- no-top-padding no-h-padding no-bottom-padding\">\n<div class=\"tab-container wootabs\">\n<div class=\"tab-content\">\n<div id=\"tab-description-3844\" class=\"tab-pane fade limit-width single-h-padding half-internal-gutter single-block-padding active in\">\n<div class=\"product-tab\">\n<h1><strong>Transmisor 3PRKA \u2013\u00a0<\/strong>Sistema RC proporcional digital de 3 canales<\/h1>\n<hr \/>\n<h3>Para usar con modelos de Surface (01004363-3)<\/h3>\n<hr \/>\n<h2><strong>FUNCIONES<\/strong><\/h2>\n<div class=\"columns2\">\n<p><strong>AJUSTE DE DIRECCI\u00d3N: Los<\/strong><br \/>\najustes de neutralidad de la direcci\u00f3n se pueden realizar moviendo la perilla de ajuste de la direcci\u00f3n hacia la izquierda o la derecha.<\/p>\n<p><strong>AJUSTE DEL ACELERADOR: Los<\/strong><br \/>\najustes de neutro del acelerador se pueden hacer moviendo el ajuste del acelerador hacia la izquierda o la derecha.<\/p>\n<p><strong>DIRECCI\u00d3N DE DOBLE VELOCIDAD:<\/strong><br \/>\nUtilice esta funci\u00f3n para ajustar el recorrido de la direcci\u00f3n de su modelo.<\/p>\n<p><strong>SERVO DE DIRECCI\u00d3N MARCHA ATR\u00c1S:<\/strong><br \/>\nEsta funci\u00f3n invierte la direcci\u00f3n de rotaci\u00f3n del servo de direcci\u00f3n.<\/p>\n<p><strong>SERVO REVERSING DEL ACELERADOR:<\/strong><br \/>\nEsta funci\u00f3n invierte la direcci\u00f3n de rotaci\u00f3n del servo del acelerador.<\/p>\n<p><strong>AJUSTE DEL PUNTO FINAL DEL ACELERADOR (EPA):<\/strong><br \/>\nEsta funci\u00f3n se utiliza para ajustar el recorrido del servo hacia adelante y hacia el lado del freno. Cada direcci\u00f3n se puede ajustar independientemente una de la otra. Utilice esta funci\u00f3n para configurar el recorrido del servo del acelerador.<\/p>\n<p><strong>FUNCI\u00d3N CH3:<br \/>\n<\/strong>Se puede demandar otro canal adem\u00e1s del volante y la operaci\u00f3n del acelerador. La operaci\u00f3n derecha e izquierda de dos acciones se puede hacer mediante el uso del servo. CH3 no puede operar la funci\u00f3n EPA y la funci\u00f3n servo linealmente.<\/p>\n<\/div>\n<hr \/>\n<h2><strong>CONTENIDO<\/strong><\/h2>\n<p><strong>SU T3PRKA INCLUYE LOS SIGUIENTES COMPONENTES:<\/strong><\/p>\n<div class=\"columns2\">\n<ul>\n<li>Transmisor T3PRKA<\/li>\n<li>Receptor R203GF<\/li>\n<li>SSW-GS<\/li>\n<li>Mini destornillador<\/li>\n<\/ul>\n<\/div>\n<hr \/>\n<h2><strong>ESPECIFICACIONES DEL TRANSMISOR<\/strong><\/h2>\n<p><strong>SISTEMA FHSS, TIPO DE RUEDA, 3 CANALES<\/strong><\/p>\n<p><strong>M\u00c9TODO DE<br \/>\nCOMUNICACI\u00d3N:\u00a0<\/strong>Sistema operativo unidirecci\u00f3n<\/p>\n<p><strong>RANGO M\u00c1XIMO<br \/>\nDE FUNCIONAMIENTO:\u00a0<\/strong>80 m (condici\u00f3n \u00f3ptima)<\/p>\n<p><strong>POR SEGURIDAD:<br \/>\n<\/strong>F \/ S, ID<\/p>\n<p><strong>FRECUENCIA DEL<br \/>\nTRANSMISOR:\u00a0<\/strong>banda de 2,4 GHz<\/p>\n<p><strong>REQUISITO DE ENERG\u00cdA:<\/strong><br \/>\n(bater\u00eda de celda seca) Penlight x 4 (6 V)<\/p>\n<p><strong>DRENAJE DE CORRIENTE:<\/strong><br \/>\n100 mA o menos<\/p>\n<p><strong>ANTENA DE<br \/>\nTRANSMISI\u00d3N:\u00a0<\/strong>1\/2<span class=\"st\"><em>\u03bb\u00a0<\/em><\/span>di-polo<\/p>\n<hr \/>\n<h2><strong>ESPECIFICACIONES DEL RECEPTOR<\/strong><\/h2>\n<h3><em><strong>R203GF<\/strong><\/em><\/h3>\n<p><strong>TAMA\u00d1O:<\/strong><br \/>\n39 x 26 x<br \/>\n10 mm 1.54 x 1.02 x 0.39 in<\/p>\n<p><strong>PESO:<\/strong><br \/>\n8<br \/>\ng 0.28 oz<\/p>\n<p><strong>VOLTAJE DE FUNCIONAMIENTO:<\/strong><br \/>\nDC 4.8-7.4V<\/p>\n<\/div>\n<\/div>\n<\/div>\n<\/div>\n<\/div>\n<\/div>\n<div class=\"row-container row-related\">\n<div class=\"row row-parent style- limit-width no-top-padding\">\n<div class=\"related products\"><span style=\"font-size: 16px;\">Radio Futaba 3PRKA1<\/span><\/div>\n<div>Visit\u00e1:<a href=\"https:\/\/futabausa.com\/product\/3prka\/\">https:\/\/futabausa.com\/product\/3prka\/<\/a><\/div>\n<div>Te puede interesar:<a href=\"https:\/\/mhthobbyracing.com.ar\/index.php\/categoria-producto\/electronica\/\">https:\/\/mhthobbyracing.com.ar\/index.php\/categoria-producto\/electronica\/<\/a><\/div>\n<div><\/div>\n<\/div>\n<\/div>\n","protected":false},"excerpt":{"rendered":"<p>En Stock!!!!!<\/p>\n","protected":false},"featured_media":1239,"comment_status":"open","ping_status":"closed","template":"","meta":{"site-sidebar-layout":"default","site-content-layout":"default","ast-site-content-layout":"","site-content-style":"default","site-sidebar-style":"default","ast-global-header-display":"","ast-banner-title-visibility":"","ast-main-header-display":"","ast-hfb-above-header-display":"","ast-hfb-below-header-display":"","ast-hfb-mobile-header-display":"","site-post-title":"","ast-breadcrumbs-content":"","ast-featured-img":"","footer-sml-layout":"","theme-transparent-header-meta":"default","adv-header-id-meta":"","stick-header-meta":"","header-above-stick-meta":"","header-main-stick-meta":"","header-below-stick-meta":"","astra-migrate-meta-layouts":"default","ast-page-background-enabled":"default","ast-page-background-meta":{"desktop":{"background-color":"","background-image":"","background-repeat":"repeat","background-position":"center center","background-size":"auto","background-attachment":"scroll","background-type":"","background-media":"","overlay-type":"","overlay-color":"","overlay-opacity":"","overlay-gradient":""},"tablet":{"background-color":"","background-image":"","background-repeat":"repeat","background-position":"center center","background-size":"auto","background-attachment":"scroll","background-type":"","background-media":"","overlay-type":"","overlay-color":"","overlay-opacity":"","overlay-gradient":""},"mobile":{"background-color":"","background-image":"","background-repeat":"repeat","background-position":"center center","background-size":"auto","background-attachment":"scroll","background-type":"","background-media":"","overlay-type":"","overlay-color":"","overlay-opacity":"","overlay-gradient":""}},"ast-content-background-meta":{"desktop":{"background-color":"var(--ast-global-color-5)","background-image":"","background-repeat":"repeat","background-position":"center center","background-size":"auto","background-attachment":"scroll","background-type":"","background-media":"","overlay-type":"","overlay-color":"","overlay-opacity":"","overlay-gradient":""},"tablet":{"background-color":"var(--ast-global-color-5)","background-image":"","background-repeat":"repeat","background-position":"center center","background-size":"auto","background-attachment":"scroll","background-type":"","background-media":"","overlay-type":"","overlay-color":"","overlay-opacity":"","overlay-gradient":""},"mobile":{"background-color":"var(--ast-global-color-5)","background-image":"","background-repeat":"repeat","background-position":"center center","background-size":"auto","background-attachment":"scroll","background-type":"","background-media":"","overlay-type":"","overlay-color":"","overlay-opacity":"","overlay-gradient":""}},"_joinchat":[]},"product_brand":[272],"product_cat":[25],"product_tag":[211],"class_list":{"0":"post-1238","1":"product","2":"type-product","3":"status-publish","4":"has-post-thumbnail","6":"product_brand-futaba","7":"product_cat-radios","8":"product_tag-radio-futaba-3prka1","9":"desktop-align-left","10":"tablet-align-left","11":"mobile-align-left","13":"first","14":"instock","15":"sale","16":"shipping-taxable","17":"purchasable","18":"product-type-simple"},"yoast_head":"<!-- This site is optimized with the Yoast SEO plugin v27.5 - https:\/\/yoast.com\/product\/yoast-seo-wordpress\/ -->\n<title>Radio Futaba 3PRKA1 - Futaba-Distribuidor oficial -MHTHOBBY Argentina<\/title>\n<meta name=\"description\" content=\"Radio Futaba 3PRKA1 - Transmisor 3PRKA \u2013\u00a0Sistema RC proporcional digital de 3 canales. Encontralo en MHTHOBBY- Pto.Madryn-Argentina\" \/>\n<meta name=\"robots\" content=\"index, follow, max-snippet:-1, max-image-preview:large, max-video-preview:-1\" \/>\n<link rel=\"canonical\" href=\"https:\/\/mhthobbyracing.com.ar\/index.php\/producto\/radio-futaba-3prka1\/\" \/>\n<meta property=\"og:locale\" content=\"es_ES\" \/>\n<meta property=\"og:type\" content=\"article\" \/>\n<meta property=\"og:title\" content=\"Radio Futaba 3PRKA1 - Futaba-Distribuidor oficial -MHTHOBBY Argentina\" \/>\n<meta property=\"og:description\" content=\"Radio Futaba 3PRKA1 - Transmisor 3PRKA \u2013\u00a0Sistema RC proporcional digital de 3 canales. Encontralo en MHTHOBBY- Pto.Madryn-Argentina\" \/>\n<meta property=\"og:url\" content=\"https:\/\/mhthobbyracing.com.ar\/index.php\/producto\/radio-futaba-3prka1\/\" \/>\n<meta property=\"og:site_name\" content=\"Racing Team\" \/>\n<meta property=\"article:modified_time\" content=\"2026-04-24T13:34:04+00:00\" \/>\n<meta property=\"og:image\" content=\"https:\/\/mhthobbyracing.com.ar\/wp-content\/uploads\/2021\/12\/3PRKA1-uai-720x720-1.jpg\" \/>\n\t<meta property=\"og:image:width\" content=\"720\" \/>\n\t<meta property=\"og:image:height\" content=\"720\" \/>\n\t<meta property=\"og:image:type\" content=\"image\/jpeg\" \/>\n<meta name=\"twitter:card\" content=\"summary_large_image\" \/>\n<meta name=\"twitter:label1\" content=\"Tiempo de lectura\" \/>\n\t<meta name=\"twitter:data1\" content=\"2 minutos\" \/>\n<script type=\"application\/ld+json\" class=\"yoast-schema-graph\">{\"@context\":\"https:\\\/\\\/schema.org\",\"@graph\":[{\"@type\":\"WebPage\",\"@id\":\"https:\\\/\\\/mhthobbyracing.com.ar\\\/index.php\\\/producto\\\/radio-futaba-3prka1\\\/\",\"url\":\"https:\\\/\\\/mhthobbyracing.com.ar\\\/index.php\\\/producto\\\/radio-futaba-3prka1\\\/\",\"name\":\"Radio Futaba 3PRKA1 - Futaba-Distribuidor oficial -MHTHOBBY Argentina\",\"isPartOf\":{\"@id\":\"https:\\\/\\\/mhthobbyracing.com.ar\\\/#website\"},\"primaryImageOfPage\":{\"@id\":\"https:\\\/\\\/mhthobbyracing.com.ar\\\/index.php\\\/producto\\\/radio-futaba-3prka1\\\/#primaryimage\"},\"image\":{\"@id\":\"https:\\\/\\\/mhthobbyracing.com.ar\\\/index.php\\\/producto\\\/radio-futaba-3prka1\\\/#primaryimage\"},\"thumbnailUrl\":\"https:\\\/\\\/mhthobbyracing.com.ar\\\/wp-content\\\/uploads\\\/2021\\\/12\\\/3PRKA1-uai-720x720-1.jpg\",\"datePublished\":\"2021-12-02T22:43:25+00:00\",\"dateModified\":\"2026-04-24T13:34:04+00:00\",\"description\":\"Radio Futaba 3PRKA1 - Transmisor 3PRKA \u2013\u00a0Sistema RC proporcional digital de 3 canales. Encontralo en MHTHOBBY- Pto.Madryn-Argentina\",\"breadcrumb\":{\"@id\":\"https:\\\/\\\/mhthobbyracing.com.ar\\\/index.php\\\/producto\\\/radio-futaba-3prka1\\\/#breadcrumb\"},\"inLanguage\":\"es-AR\",\"potentialAction\":[{\"@type\":\"ReadAction\",\"target\":[\"https:\\\/\\\/mhthobbyracing.com.ar\\\/index.php\\\/producto\\\/radio-futaba-3prka1\\\/\"]}]},{\"@type\":\"ImageObject\",\"inLanguage\":\"es-AR\",\"@id\":\"https:\\\/\\\/mhthobbyracing.com.ar\\\/index.php\\\/producto\\\/radio-futaba-3prka1\\\/#primaryimage\",\"url\":\"https:\\\/\\\/mhthobbyracing.com.ar\\\/wp-content\\\/uploads\\\/2021\\\/12\\\/3PRKA1-uai-720x720-1.jpg\",\"contentUrl\":\"https:\\\/\\\/mhthobbyracing.com.ar\\\/wp-content\\\/uploads\\\/2021\\\/12\\\/3PRKA1-uai-720x720-1.jpg\",\"width\":720,\"height\":720,\"caption\":\"Radio Futaba 3PRKA1\"},{\"@type\":\"BreadcrumbList\",\"@id\":\"https:\\\/\\\/mhthobbyracing.com.ar\\\/index.php\\\/producto\\\/radio-futaba-3prka1\\\/#breadcrumb\",\"itemListElement\":[{\"@type\":\"ListItem\",\"position\":1,\"name\":\"Inicio\",\"item\":\"https:\\\/\\\/mhthobbyracing.com.ar\\\/\"},{\"@type\":\"ListItem\",\"position\":2,\"name\":\"Productos\",\"item\":\"https:\\\/\\\/mhthobbyracing.com.ar\\\/index.php\\\/inicio\\\/tienda\\\/\"},{\"@type\":\"ListItem\",\"position\":3,\"name\":\"Radio Futaba 3PRKA1\"}]},{\"@type\":\"WebSite\",\"@id\":\"https:\\\/\\\/mhthobbyracing.com.ar\\\/#website\",\"url\":\"https:\\\/\\\/mhthobbyracing.com.ar\\\/\",\"name\":\"MHT-Hobby- Racing Team\",\"description\":\"Hobby Automodelismo\",\"publisher\":{\"@id\":\"https:\\\/\\\/mhthobbyracing.com.ar\\\/#\\\/schema\\\/person\\\/a6a6ed9c2713fc1826eb2541c6a3e9d1\"},\"potentialAction\":[{\"@type\":\"SearchAction\",\"target\":{\"@type\":\"EntryPoint\",\"urlTemplate\":\"https:\\\/\\\/mhthobbyracing.com.ar\\\/?s={search_term_string}\"},\"query-input\":{\"@type\":\"PropertyValueSpecification\",\"valueRequired\":true,\"valueName\":\"search_term_string\"}}],\"inLanguage\":\"es-AR\"},{\"@type\":[\"Person\",\"Organization\"],\"@id\":\"https:\\\/\\\/mhthobbyracing.com.ar\\\/#\\\/schema\\\/person\\\/a6a6ed9c2713fc1826eb2541c6a3e9d1\",\"name\":\"ecomusicpm\",\"image\":{\"@type\":\"ImageObject\",\"inLanguage\":\"es-AR\",\"@id\":\"https:\\\/\\\/mhthobbyracing.com.ar\\\/wp-content\\\/uploads\\\/2020\\\/05\\\/cropped-LOGO-MHT16523-1.png\",\"url\":\"https:\\\/\\\/mhthobbyracing.com.ar\\\/wp-content\\\/uploads\\\/2020\\\/05\\\/cropped-LOGO-MHT16523-1.png\",\"contentUrl\":\"https:\\\/\\\/mhthobbyracing.com.ar\\\/wp-content\\\/uploads\\\/2020\\\/05\\\/cropped-LOGO-MHT16523-1.png\",\"width\":1578,\"height\":564,\"caption\":\"ecomusicpm\"},\"logo\":{\"@id\":\"https:\\\/\\\/mhthobbyracing.com.ar\\\/wp-content\\\/uploads\\\/2020\\\/05\\\/cropped-LOGO-MHT16523-1.png\"},\"sameAs\":[\"http:\\\/\\\/mhthobbyracing.com.ar\"]}]}<\/script>\n<!-- \/ Yoast SEO plugin. -->","yoast_head_json":{"title":"Radio Futaba 3PRKA1 - Futaba-Distribuidor oficial -MHTHOBBY Argentina","description":"Radio Futaba 3PRKA1 - Transmisor 3PRKA \u2013\u00a0Sistema RC proporcional digital de 3 canales. Encontralo en MHTHOBBY- Pto.Madryn-Argentina","robots":{"index":"index","follow":"follow","max-snippet":"max-snippet:-1","max-image-preview":"max-image-preview:large","max-video-preview":"max-video-preview:-1"},"canonical":"https:\/\/mhthobbyracing.com.ar\/index.php\/producto\/radio-futaba-3prka1\/","og_locale":"es_ES","og_type":"article","og_title":"Radio Futaba 3PRKA1 - Futaba-Distribuidor oficial -MHTHOBBY Argentina","og_description":"Radio Futaba 3PRKA1 - Transmisor 3PRKA \u2013\u00a0Sistema RC proporcional digital de 3 canales. Encontralo en MHTHOBBY- Pto.Madryn-Argentina","og_url":"https:\/\/mhthobbyracing.com.ar\/index.php\/producto\/radio-futaba-3prka1\/","og_site_name":"Racing Team","article_modified_time":"2026-04-24T13:34:04+00:00","og_image":[{"width":720,"height":720,"url":"https:\/\/mhthobbyracing.com.ar\/wp-content\/uploads\/2021\/12\/3PRKA1-uai-720x720-1.jpg","type":"image\/jpeg"}],"twitter_card":"summary_large_image","twitter_misc":{"Tiempo de lectura":"2 minutos"},"schema":{"@context":"https:\/\/schema.org","@graph":[{"@type":"WebPage","@id":"https:\/\/mhthobbyracing.com.ar\/index.php\/producto\/radio-futaba-3prka1\/","url":"https:\/\/mhthobbyracing.com.ar\/index.php\/producto\/radio-futaba-3prka1\/","name":"Radio Futaba 3PRKA1 - Futaba-Distribuidor oficial -MHTHOBBY Argentina","isPartOf":{"@id":"https:\/\/mhthobbyracing.com.ar\/#website"},"primaryImageOfPage":{"@id":"https:\/\/mhthobbyracing.com.ar\/index.php\/producto\/radio-futaba-3prka1\/#primaryimage"},"image":{"@id":"https:\/\/mhthobbyracing.com.ar\/index.php\/producto\/radio-futaba-3prka1\/#primaryimage"},"thumbnailUrl":"https:\/\/mhthobbyracing.com.ar\/wp-content\/uploads\/2021\/12\/3PRKA1-uai-720x720-1.jpg","datePublished":"2021-12-02T22:43:25+00:00","dateModified":"2026-04-24T13:34:04+00:00","description":"Radio Futaba 3PRKA1 - Transmisor 3PRKA \u2013\u00a0Sistema RC proporcional digital de 3 canales. Encontralo en MHTHOBBY- Pto.Madryn-Argentina","breadcrumb":{"@id":"https:\/\/mhthobbyracing.com.ar\/index.php\/producto\/radio-futaba-3prka1\/#breadcrumb"},"inLanguage":"es-AR","potentialAction":[{"@type":"ReadAction","target":["https:\/\/mhthobbyracing.com.ar\/index.php\/producto\/radio-futaba-3prka1\/"]}]},{"@type":"ImageObject","inLanguage":"es-AR","@id":"https:\/\/mhthobbyracing.com.ar\/index.php\/producto\/radio-futaba-3prka1\/#primaryimage","url":"https:\/\/mhthobbyracing.com.ar\/wp-content\/uploads\/2021\/12\/3PRKA1-uai-720x720-1.jpg","contentUrl":"https:\/\/mhthobbyracing.com.ar\/wp-content\/uploads\/2021\/12\/3PRKA1-uai-720x720-1.jpg","width":720,"height":720,"caption":"Radio Futaba 3PRKA1"},{"@type":"BreadcrumbList","@id":"https:\/\/mhthobbyracing.com.ar\/index.php\/producto\/radio-futaba-3prka1\/#breadcrumb","itemListElement":[{"@type":"ListItem","position":1,"name":"Inicio","item":"https:\/\/mhthobbyracing.com.ar\/"},{"@type":"ListItem","position":2,"name":"Productos","item":"https:\/\/mhthobbyracing.com.ar\/index.php\/inicio\/tienda\/"},{"@type":"ListItem","position":3,"name":"Radio Futaba 3PRKA1"}]},{"@type":"WebSite","@id":"https:\/\/mhthobbyracing.com.ar\/#website","url":"https:\/\/mhthobbyracing.com.ar\/","name":"MHT-Hobby- Racing Team","description":"Hobby Automodelismo","publisher":{"@id":"https:\/\/mhthobbyracing.com.ar\/#\/schema\/person\/a6a6ed9c2713fc1826eb2541c6a3e9d1"},"potentialAction":[{"@type":"SearchAction","target":{"@type":"EntryPoint","urlTemplate":"https:\/\/mhthobbyracing.com.ar\/?s={search_term_string}"},"query-input":{"@type":"PropertyValueSpecification","valueRequired":true,"valueName":"search_term_string"}}],"inLanguage":"es-AR"},{"@type":["Person","Organization"],"@id":"https:\/\/mhthobbyracing.com.ar\/#\/schema\/person\/a6a6ed9c2713fc1826eb2541c6a3e9d1","name":"ecomusicpm","image":{"@type":"ImageObject","inLanguage":"es-AR","@id":"https:\/\/mhthobbyracing.com.ar\/wp-content\/uploads\/2020\/05\/cropped-LOGO-MHT16523-1.png","url":"https:\/\/mhthobbyracing.com.ar\/wp-content\/uploads\/2020\/05\/cropped-LOGO-MHT16523-1.png","contentUrl":"https:\/\/mhthobbyracing.com.ar\/wp-content\/uploads\/2020\/05\/cropped-LOGO-MHT16523-1.png","width":1578,"height":564,"caption":"ecomusicpm"},"logo":{"@id":"https:\/\/mhthobbyracing.com.ar\/wp-content\/uploads\/2020\/05\/cropped-LOGO-MHT16523-1.png"},"sameAs":["http:\/\/mhthobbyracing.com.ar"]}]}},"_links":{"self":[{"href":"https:\/\/mhthobbyracing.com.ar\/index.php\/wp-json\/wp\/v2\/product\/1238","targetHints":{"allow":["GET"]}}],"collection":[{"href":"https:\/\/mhthobbyracing.com.ar\/index.php\/wp-json\/wp\/v2\/product"}],"about":[{"href":"https:\/\/mhthobbyracing.com.ar\/index.php\/wp-json\/wp\/v2\/types\/product"}],"replies":[{"embeddable":true,"href":"https:\/\/mhthobbyracing.com.ar\/index.php\/wp-json\/wp\/v2\/comments?post=1238"}],"wp:featuredmedia":[{"embeddable":true,"href":"https:\/\/mhthobbyracing.com.ar\/index.php\/wp-json\/wp\/v2\/media\/1239"}],"wp:attachment":[{"href":"https:\/\/mhthobbyracing.com.ar\/index.php\/wp-json\/wp\/v2\/media?parent=1238"}],"wp:term":[{"taxonomy":"product_brand","embeddable":true,"href":"https:\/\/mhthobbyracing.com.ar\/index.php\/wp-json\/wp\/v2\/product_brand?post=1238"},{"taxonomy":"product_cat","embeddable":true,"href":"https:\/\/mhthobbyracing.com.ar\/index.php\/wp-json\/wp\/v2\/product_cat?post=1238"},{"taxonomy":"product_tag","embeddable":true,"href":"https:\/\/mhthobbyracing.com.ar\/index.php\/wp-json\/wp\/v2\/product_tag?post=1238"}],"curies":[{"name":"wp","href":"https:\/\/api.w.org\/{rel}","templated":true}]}}