{"id":1248,"date":"2021-12-02T20:04:39","date_gmt":"2021-12-02T23:04:39","guid":{"rendered":"https:\/\/mhthobbyracing.com.ar\/?post_type=product&#038;p=1248"},"modified":"2026-02-14T04:38:14","modified_gmt":"2026-02-14T07:38:14","slug":"radio-futaba-4pm","status":"publish","type":"product","link":"https:\/\/mhthobbyracing.com.ar\/index.php\/producto\/radio-futaba-4pm\/","title":{"rendered":"Radio Futaba 4PM"},"content":{"rendered":"<p>Radio Futaba 4PM<\/p>\n<h2><strong>FUNCIONES<\/strong><\/h2>\n<div class=\"columns2\">\n<p><strong>T-FHSS SR (SUPER RESPONSE) Y TELEMETR\u00cdA T-FHSS:<\/strong><br \/>\nAdem\u00e1s del sistema de telemetr\u00eda T-FHSS, agregamos un sistema T-FHSS SR (Super Response) que aument\u00f3 la velocidad de procesamiento para mejorar a\u00fan m\u00e1s la respuesta.<\/p>\n<p>El sistema SR no admite la funci\u00f3n de telemetr\u00eda. *R304SB y R304SB-E no son compatibles con el sistema SR.<\/p>\n<p><strong>SISTEMA T-FHSS MINIZ:<\/strong><br \/>\nAl cambiar al sistema MINIZ en el men\u00fa de configuraci\u00f3n del receptor, puede utilizar el receptor dedicado Kyosho Mini \u2013 Z Evo RA-42. El receptor dedicado RA-42 requiere compra por separado. 01004397-3 viene sin receptor.<\/p>\n<p><strong>SISTEMA DE TELEMETR\u00cdA:<\/strong><br \/>\nEl transmisor T4PM ha adoptado el sistema de comunicaci\u00f3n bidireccional recientemente desarrollado &#8220;T-FHSS&#8221;.<\/p>\n<p><strong>SISTEMA DE COMUNICACI\u00d3N POR RADIO SS de 2,4 GHZ:<\/strong><br \/>\nLa configuraci\u00f3n del canal de frecuencia es innecesaria: el cambio de canal tiene lugar dentro de la banda de 2,4 GHz autom\u00e1ticamente. Este sistema minimiza la interferencia de otros sistemas de 2,4 GHz.<\/p>\n<p><strong>MEMORIA DE MODELO PARA 40 MODELOS:<\/strong><br \/>\nLos nombres de modelo pueden usar hasta 10 letras, n\u00fameros y s\u00edmbolos, de modo que se pueden usar nombres l\u00f3gicos. Se puede crear una memoria de modelo con diferentes configuraciones mediante la funci\u00f3n de copia de modelo.<\/p>\n<p><strong>BOT\u00d3N JOG DE 4 EJES:<\/strong><br \/>\nEl bot\u00f3n (JOG) se puede operar en 4 direcciones: arriba, abajo, izquierda y derecha.<\/p>\n<p><strong>FUNCI\u00d3N ESC-LINK (MC-LINK):<\/strong><br \/>\nEsta funci\u00f3n dedicada le permite configurar el software Link para que su T4PM pueda controlar la frecuencia variable y otros cambios de datos en los controladores de velocidad (ESC) de Futaba: MC950CR, MC850C, MC851C, MC602C, MC402CR, etc.<\/p>\n<p><strong>S.BUS SERVO:<\/strong><br \/>\nEsta es una funci\u00f3n especial que permite ajustar los par\u00e1metros de nuestro servo S.Bus cuya configuraci\u00f3n se cambia mediante el uso del software PC Link. Adem\u00e1s del sistema cableado convencional, se puede configurar de forma inal\u00e1mbrica en combinaci\u00f3n con el R334SBS o R334SBS-E.<\/p>\n<p>&nbsp;<\/p>\n<p>&nbsp;<\/p>\n<\/div>\n<p>Radio Futaba 4PM<\/p>\n<p>Visit\u00e1:<a href=\"https:\/\/futabausa.com\/product\/4pm\/\">https:\/\/futabausa.com\/product\/4pm\/<\/a><\/p>\n<p>Te puede interesar:<a href=\"https:\/\/mhthobbyracing.com.ar\/index.php\/categoria-producto\/electronica\/\">https:\/\/mhthobbyracing.com.ar\/index.php\/categoria-producto\/electronica\/<\/a><\/p>\n","protected":false},"excerpt":{"rendered":"<p>En Stock!!!!!<\/p>\n","protected":false},"featured_media":1249,"comment_status":"open","ping_status":"closed","template":"","meta":{"site-sidebar-layout":"default","site-content-layout":"default","ast-site-content-layout":"","site-content-style":"default","site-sidebar-style":"default","ast-global-header-display":"","ast-banner-title-visibility":"","ast-main-header-display":"","ast-hfb-above-header-display":"","ast-hfb-below-header-display":"","ast-hfb-mobile-header-display":"","site-post-title":"","ast-breadcrumbs-content":"","ast-featured-img":"","footer-sml-layout":"","theme-transparent-header-meta":"default","adv-header-id-meta":"","stick-header-meta":"","header-above-stick-meta":"","header-main-stick-meta":"","header-below-stick-meta":"","astra-migrate-meta-layouts":"default","ast-page-background-enabled":"default","ast-page-background-meta":{"desktop":{"background-color":"","background-image":"","background-repeat":"repeat","background-position":"center center","background-size":"auto","background-attachment":"scroll","background-type":"","background-media":"","overlay-type":"","overlay-color":"","overlay-opacity":"","overlay-gradient":""},"tablet":{"background-color":"","background-image":"","background-repeat":"repeat","background-position":"center center","background-size":"auto","background-attachment":"scroll","background-type":"","background-media":"","overlay-type":"","overlay-color":"","overlay-opacity":"","overlay-gradient":""},"mobile":{"background-color":"","background-image":"","background-repeat":"repeat","background-position":"center center","background-size":"auto","background-attachment":"scroll","background-type":"","background-media":"","overlay-type":"","overlay-color":"","overlay-opacity":"","overlay-gradient":""}},"ast-content-background-meta":{"desktop":{"background-color":"var(--ast-global-color-5)","background-image":"","background-repeat":"repeat","background-position":"center center","background-size":"auto","background-attachment":"scroll","background-type":"","background-media":"","overlay-type":"","overlay-color":"","overlay-opacity":"","overlay-gradient":""},"tablet":{"background-color":"var(--ast-global-color-5)","background-image":"","background-repeat":"repeat","background-position":"center center","background-size":"auto","background-attachment":"scroll","background-type":"","background-media":"","overlay-type":"","overlay-color":"","overlay-opacity":"","overlay-gradient":""},"mobile":{"background-color":"var(--ast-global-color-5)","background-image":"","background-repeat":"repeat","background-position":"center center","background-size":"auto","background-attachment":"scroll","background-type":"","background-media":"","overlay-type":"","overlay-color":"","overlay-opacity":"","overlay-gradient":""}},"_joinchat":[]},"product_brand":[272],"product_cat":[25],"product_tag":[213],"class_list":{"0":"post-1248","1":"product","2":"type-product","3":"status-publish","4":"has-post-thumbnail","6":"product_brand-futaba","7":"product_cat-radios","8":"product_tag-radio-futaba-4pm","9":"desktop-align-left","10":"tablet-align-left","11":"mobile-align-left","13":"first","14":"instock","15":"sale","16":"shipping-taxable","17":"purchasable","18":"product-type-simple"},"yoast_head":"<!-- This site is optimized with the Yoast SEO plugin v27.5 - https:\/\/yoast.com\/product\/yoast-seo-wordpress\/ -->\n<title>Radio Futaba 4PM - Distribudor Oficial-MHTHOBBY-Argentina.<\/title>\n<meta name=\"description\" content=\"Radio Futaba 4PM - Transmisor 4PM \u2013 Sistema RC proporcional digital Super Response-Encontralo en MHTHOBBY-Pto.Madryn -Argentina.\" \/>\n<meta name=\"robots\" content=\"index, follow, max-snippet:-1, max-image-preview:large, max-video-preview:-1\" \/>\n<link rel=\"canonical\" href=\"https:\/\/mhthobbyracing.com.ar\/index.php\/producto\/radio-futaba-4pm\/\" \/>\n<meta property=\"og:locale\" content=\"es_ES\" \/>\n<meta property=\"og:type\" content=\"article\" \/>\n<meta property=\"og:title\" content=\"Radio Futaba 4PM - Distribudor Oficial-MHTHOBBY-Argentina.\" \/>\n<meta property=\"og:description\" content=\"Radio Futaba 4PM - Transmisor 4PM \u2013 Sistema RC proporcional digital Super Response-Encontralo en MHTHOBBY-Pto.Madryn -Argentina.\" \/>\n<meta property=\"og:url\" content=\"https:\/\/mhthobbyracing.com.ar\/index.php\/producto\/radio-futaba-4pm\/\" \/>\n<meta property=\"og:site_name\" content=\"Racing Team\" \/>\n<meta property=\"article:modified_time\" content=\"2026-02-14T07:38:14+00:00\" \/>\n<meta property=\"og:image\" content=\"https:\/\/mhthobbyracing.com.ar\/wp-content\/uploads\/2021\/12\/4PM.jpg\" \/>\n\t<meta property=\"og:image:width\" content=\"800\" \/>\n\t<meta property=\"og:image:height\" content=\"800\" \/>\n\t<meta property=\"og:image:type\" content=\"image\/jpeg\" \/>\n<meta name=\"twitter:card\" content=\"summary_large_image\" \/>\n<meta name=\"twitter:label1\" content=\"Tiempo de lectura\" \/>\n\t<meta name=\"twitter:data1\" content=\"2 minutos\" \/>\n<script type=\"application\/ld+json\" class=\"yoast-schema-graph\">{\"@context\":\"https:\\\/\\\/schema.org\",\"@graph\":[{\"@type\":\"WebPage\",\"@id\":\"https:\\\/\\\/mhthobbyracing.com.ar\\\/index.php\\\/producto\\\/radio-futaba-4pm\\\/\",\"url\":\"https:\\\/\\\/mhthobbyracing.com.ar\\\/index.php\\\/producto\\\/radio-futaba-4pm\\\/\",\"name\":\"Radio Futaba 4PM - Distribudor Oficial-MHTHOBBY-Argentina.\",\"isPartOf\":{\"@id\":\"https:\\\/\\\/mhthobbyracing.com.ar\\\/#website\"},\"primaryImageOfPage\":{\"@id\":\"https:\\\/\\\/mhthobbyracing.com.ar\\\/index.php\\\/producto\\\/radio-futaba-4pm\\\/#primaryimage\"},\"image\":{\"@id\":\"https:\\\/\\\/mhthobbyracing.com.ar\\\/index.php\\\/producto\\\/radio-futaba-4pm\\\/#primaryimage\"},\"thumbnailUrl\":\"https:\\\/\\\/mhthobbyracing.com.ar\\\/wp-content\\\/uploads\\\/2021\\\/12\\\/4PM.jpg\",\"datePublished\":\"2021-12-02T23:04:39+00:00\",\"dateModified\":\"2026-02-14T07:38:14+00:00\",\"description\":\"Radio Futaba 4PM - Transmisor 4PM \u2013 Sistema RC proporcional digital Super Response-Encontralo en MHTHOBBY-Pto.Madryn -Argentina.\",\"breadcrumb\":{\"@id\":\"https:\\\/\\\/mhthobbyracing.com.ar\\\/index.php\\\/producto\\\/radio-futaba-4pm\\\/#breadcrumb\"},\"inLanguage\":\"es-AR\",\"potentialAction\":[{\"@type\":\"ReadAction\",\"target\":[\"https:\\\/\\\/mhthobbyracing.com.ar\\\/index.php\\\/producto\\\/radio-futaba-4pm\\\/\"]}]},{\"@type\":\"ImageObject\",\"inLanguage\":\"es-AR\",\"@id\":\"https:\\\/\\\/mhthobbyracing.com.ar\\\/index.php\\\/producto\\\/radio-futaba-4pm\\\/#primaryimage\",\"url\":\"https:\\\/\\\/mhthobbyracing.com.ar\\\/wp-content\\\/uploads\\\/2021\\\/12\\\/4PM.jpg\",\"contentUrl\":\"https:\\\/\\\/mhthobbyracing.com.ar\\\/wp-content\\\/uploads\\\/2021\\\/12\\\/4PM.jpg\",\"width\":800,\"height\":800,\"caption\":\"Radio Futaba 4PM\"},{\"@type\":\"BreadcrumbList\",\"@id\":\"https:\\\/\\\/mhthobbyracing.com.ar\\\/index.php\\\/producto\\\/radio-futaba-4pm\\\/#breadcrumb\",\"itemListElement\":[{\"@type\":\"ListItem\",\"position\":1,\"name\":\"Inicio\",\"item\":\"https:\\\/\\\/mhthobbyracing.com.ar\\\/\"},{\"@type\":\"ListItem\",\"position\":2,\"name\":\"Productos\",\"item\":\"https:\\\/\\\/mhthobbyracing.com.ar\\\/index.php\\\/inicio\\\/tienda\\\/\"},{\"@type\":\"ListItem\",\"position\":3,\"name\":\"Radio Futaba 4PM\"}]},{\"@type\":\"WebSite\",\"@id\":\"https:\\\/\\\/mhthobbyracing.com.ar\\\/#website\",\"url\":\"https:\\\/\\\/mhthobbyracing.com.ar\\\/\",\"name\":\"MHT-Hobby- Racing Team\",\"description\":\"Hobby Automodelismo\",\"publisher\":{\"@id\":\"https:\\\/\\\/mhthobbyracing.com.ar\\\/#\\\/schema\\\/person\\\/a6a6ed9c2713fc1826eb2541c6a3e9d1\"},\"potentialAction\":[{\"@type\":\"SearchAction\",\"target\":{\"@type\":\"EntryPoint\",\"urlTemplate\":\"https:\\\/\\\/mhthobbyracing.com.ar\\\/?s={search_term_string}\"},\"query-input\":{\"@type\":\"PropertyValueSpecification\",\"valueRequired\":true,\"valueName\":\"search_term_string\"}}],\"inLanguage\":\"es-AR\"},{\"@type\":[\"Person\",\"Organization\"],\"@id\":\"https:\\\/\\\/mhthobbyracing.com.ar\\\/#\\\/schema\\\/person\\\/a6a6ed9c2713fc1826eb2541c6a3e9d1\",\"name\":\"ecomusicpm\",\"image\":{\"@type\":\"ImageObject\",\"inLanguage\":\"es-AR\",\"@id\":\"https:\\\/\\\/mhthobbyracing.com.ar\\\/wp-content\\\/uploads\\\/2020\\\/05\\\/cropped-LOGO-MHT16523-1.png\",\"url\":\"https:\\\/\\\/mhthobbyracing.com.ar\\\/wp-content\\\/uploads\\\/2020\\\/05\\\/cropped-LOGO-MHT16523-1.png\",\"contentUrl\":\"https:\\\/\\\/mhthobbyracing.com.ar\\\/wp-content\\\/uploads\\\/2020\\\/05\\\/cropped-LOGO-MHT16523-1.png\",\"width\":1578,\"height\":564,\"caption\":\"ecomusicpm\"},\"logo\":{\"@id\":\"https:\\\/\\\/mhthobbyracing.com.ar\\\/wp-content\\\/uploads\\\/2020\\\/05\\\/cropped-LOGO-MHT16523-1.png\"},\"sameAs\":[\"http:\\\/\\\/mhthobbyracing.com.ar\"]}]}<\/script>\n<!-- \/ Yoast SEO plugin. -->","yoast_head_json":{"title":"Radio Futaba 4PM - Distribudor Oficial-MHTHOBBY-Argentina.","description":"Radio Futaba 4PM - Transmisor 4PM \u2013 Sistema RC proporcional digital Super Response-Encontralo en MHTHOBBY-Pto.Madryn -Argentina.","robots":{"index":"index","follow":"follow","max-snippet":"max-snippet:-1","max-image-preview":"max-image-preview:large","max-video-preview":"max-video-preview:-1"},"canonical":"https:\/\/mhthobbyracing.com.ar\/index.php\/producto\/radio-futaba-4pm\/","og_locale":"es_ES","og_type":"article","og_title":"Radio Futaba 4PM - Distribudor Oficial-MHTHOBBY-Argentina.","og_description":"Radio Futaba 4PM - Transmisor 4PM \u2013 Sistema RC proporcional digital Super Response-Encontralo en MHTHOBBY-Pto.Madryn -Argentina.","og_url":"https:\/\/mhthobbyracing.com.ar\/index.php\/producto\/radio-futaba-4pm\/","og_site_name":"Racing Team","article_modified_time":"2026-02-14T07:38:14+00:00","og_image":[{"width":800,"height":800,"url":"https:\/\/mhthobbyracing.com.ar\/wp-content\/uploads\/2021\/12\/4PM.jpg","type":"image\/jpeg"}],"twitter_card":"summary_large_image","twitter_misc":{"Tiempo de lectura":"2 minutos"},"schema":{"@context":"https:\/\/schema.org","@graph":[{"@type":"WebPage","@id":"https:\/\/mhthobbyracing.com.ar\/index.php\/producto\/radio-futaba-4pm\/","url":"https:\/\/mhthobbyracing.com.ar\/index.php\/producto\/radio-futaba-4pm\/","name":"Radio Futaba 4PM - Distribudor Oficial-MHTHOBBY-Argentina.","isPartOf":{"@id":"https:\/\/mhthobbyracing.com.ar\/#website"},"primaryImageOfPage":{"@id":"https:\/\/mhthobbyracing.com.ar\/index.php\/producto\/radio-futaba-4pm\/#primaryimage"},"image":{"@id":"https:\/\/mhthobbyracing.com.ar\/index.php\/producto\/radio-futaba-4pm\/#primaryimage"},"thumbnailUrl":"https:\/\/mhthobbyracing.com.ar\/wp-content\/uploads\/2021\/12\/4PM.jpg","datePublished":"2021-12-02T23:04:39+00:00","dateModified":"2026-02-14T07:38:14+00:00","description":"Radio Futaba 4PM - Transmisor 4PM \u2013 Sistema RC proporcional digital Super Response-Encontralo en MHTHOBBY-Pto.Madryn -Argentina.","breadcrumb":{"@id":"https:\/\/mhthobbyracing.com.ar\/index.php\/producto\/radio-futaba-4pm\/#breadcrumb"},"inLanguage":"es-AR","potentialAction":[{"@type":"ReadAction","target":["https:\/\/mhthobbyracing.com.ar\/index.php\/producto\/radio-futaba-4pm\/"]}]},{"@type":"ImageObject","inLanguage":"es-AR","@id":"https:\/\/mhthobbyracing.com.ar\/index.php\/producto\/radio-futaba-4pm\/#primaryimage","url":"https:\/\/mhthobbyracing.com.ar\/wp-content\/uploads\/2021\/12\/4PM.jpg","contentUrl":"https:\/\/mhthobbyracing.com.ar\/wp-content\/uploads\/2021\/12\/4PM.jpg","width":800,"height":800,"caption":"Radio Futaba 4PM"},{"@type":"BreadcrumbList","@id":"https:\/\/mhthobbyracing.com.ar\/index.php\/producto\/radio-futaba-4pm\/#breadcrumb","itemListElement":[{"@type":"ListItem","position":1,"name":"Inicio","item":"https:\/\/mhthobbyracing.com.ar\/"},{"@type":"ListItem","position":2,"name":"Productos","item":"https:\/\/mhthobbyracing.com.ar\/index.php\/inicio\/tienda\/"},{"@type":"ListItem","position":3,"name":"Radio Futaba 4PM"}]},{"@type":"WebSite","@id":"https:\/\/mhthobbyracing.com.ar\/#website","url":"https:\/\/mhthobbyracing.com.ar\/","name":"MHT-Hobby- Racing Team","description":"Hobby Automodelismo","publisher":{"@id":"https:\/\/mhthobbyracing.com.ar\/#\/schema\/person\/a6a6ed9c2713fc1826eb2541c6a3e9d1"},"potentialAction":[{"@type":"SearchAction","target":{"@type":"EntryPoint","urlTemplate":"https:\/\/mhthobbyracing.com.ar\/?s={search_term_string}"},"query-input":{"@type":"PropertyValueSpecification","valueRequired":true,"valueName":"search_term_string"}}],"inLanguage":"es-AR"},{"@type":["Person","Organization"],"@id":"https:\/\/mhthobbyracing.com.ar\/#\/schema\/person\/a6a6ed9c2713fc1826eb2541c6a3e9d1","name":"ecomusicpm","image":{"@type":"ImageObject","inLanguage":"es-AR","@id":"https:\/\/mhthobbyracing.com.ar\/wp-content\/uploads\/2020\/05\/cropped-LOGO-MHT16523-1.png","url":"https:\/\/mhthobbyracing.com.ar\/wp-content\/uploads\/2020\/05\/cropped-LOGO-MHT16523-1.png","contentUrl":"https:\/\/mhthobbyracing.com.ar\/wp-content\/uploads\/2020\/05\/cropped-LOGO-MHT16523-1.png","width":1578,"height":564,"caption":"ecomusicpm"},"logo":{"@id":"https:\/\/mhthobbyracing.com.ar\/wp-content\/uploads\/2020\/05\/cropped-LOGO-MHT16523-1.png"},"sameAs":["http:\/\/mhthobbyracing.com.ar"]}]}},"_links":{"self":[{"href":"https:\/\/mhthobbyracing.com.ar\/index.php\/wp-json\/wp\/v2\/product\/1248","targetHints":{"allow":["GET"]}}],"collection":[{"href":"https:\/\/mhthobbyracing.com.ar\/index.php\/wp-json\/wp\/v2\/product"}],"about":[{"href":"https:\/\/mhthobbyracing.com.ar\/index.php\/wp-json\/wp\/v2\/types\/product"}],"replies":[{"embeddable":true,"href":"https:\/\/mhthobbyracing.com.ar\/index.php\/wp-json\/wp\/v2\/comments?post=1248"}],"wp:featuredmedia":[{"embeddable":true,"href":"https:\/\/mhthobbyracing.com.ar\/index.php\/wp-json\/wp\/v2\/media\/1249"}],"wp:attachment":[{"href":"https:\/\/mhthobbyracing.com.ar\/index.php\/wp-json\/wp\/v2\/media?parent=1248"}],"wp:term":[{"taxonomy":"product_brand","embeddable":true,"href":"https:\/\/mhthobbyracing.com.ar\/index.php\/wp-json\/wp\/v2\/product_brand?post=1248"},{"taxonomy":"product_cat","embeddable":true,"href":"https:\/\/mhthobbyracing.com.ar\/index.php\/wp-json\/wp\/v2\/product_cat?post=1248"},{"taxonomy":"product_tag","embeddable":true,"href":"https:\/\/mhthobbyracing.com.ar\/index.php\/wp-json\/wp\/v2\/product_tag?post=1248"}],"curies":[{"name":"wp","href":"https:\/\/api.w.org\/{rel}","templated":true}]}}