{"id":1373,"date":"2023-05-29T20:38:29","date_gmt":"2023-05-29T23:38:29","guid":{"rendered":"https:\/\/mhthobbyracing.com.ar\/?post_type=product&#038;p=1373"},"modified":"2025-12-03T12:12:23","modified_gmt":"2025-12-03T15:12:23","slug":"motor-nova-t6r-evo-truggy","status":"publish","type":"product","link":"https:\/\/mhthobbyracing.com.ar\/index.php\/producto\/motor-nova-t6r-evo-truggy\/","title":{"rendered":"Nova T6R EVO Truggy"},"content":{"rendered":"<p>&nbsp;<\/p>\n<p>Nuevo motor Nova T6R EVO .24 Nitro , especialmente dise\u00f1ado para uso en Truggy 1:8<\/p>\n<p>El motor todoterreno Nova Engines\u00a0 T6R .24 de 6 puertos es una excelente opci\u00f3n para sus necesidades de nitro a escala 1\/8.<\/p>\n<p>Este motor viene equipado con un cig\u00fce\u00f1al aligerado para una mayor respuesta r\u00e1pida del acelerador.<\/p>\n<p>Nova dise\u00f1\u00f3 este motor para entregar un Screaming 45,000RPM y llevarte volando a la cima de la tabla de clasificaci\u00f3n<\/p>\n<div class=\"elementor-element elementor-element-eea2eda elementor-widget elementor-widget-heading\" data-id=\"eea2eda\" data-element_type=\"widget\" data-widget_type=\"heading.default\">\n<div class=\"elementor-widget-container\">\n<h4 class=\"elementor-heading-title elementor-size-default\">MOTOR NOVA T6R EVO<\/h4>\n<\/div>\n<\/div>\n<div class=\"elementor-element elementor-element-c9f7568 elementor-widget elementor-widget-text-editor\" data-id=\"c9f7568\" data-element_type=\"widget\" data-widget_type=\"text-editor.default\">\n<div class=\"elementor-widget-container\">\n<p><b>Datos t\u00e9cnicos<\/b><\/p>\n<p>Cilindrada: 3,975cc \/ 0.242 cu.in.<br \/>\nDi\u00e1metro: 17,00 mm<\/p>\n<p>Carrera: 17,50 mm<\/p>\n<p>Peso: 350 gr.<\/p>\n<p>Di\u00e1metro de la cabeza : 59,50 mm<\/p>\n<p>Rango de funcionamiento: 4.000 \u2013 45.000<br \/>\nrpm<br \/>\nC\u00e1rter\u00a0 inyectado al vac\u00edo de alta presi\u00f3n<\/p>\n<p>Cig\u00fce\u00f1al aligerado con tratamiento DLC<\/p>\n<p>Cilindro 6 puertos con revestimiento antifricci\u00f3n HCP<br \/>\nPist\u00f3n de aleaci\u00f3n sinterizado<\/p>\n<p>Rodamiento trasero cer\u00e1mico<\/p>\n<p>Carburador de triple ajuste con venturi intercambiable<\/p>\n<p>Motor Nova T6R EVO Truggy<\/p>\n<p>&nbsp;<\/p>\n<p>Visit\u00e1:<a href=\"https:\/\/nova-engines.com\/truggy\/\">https:\/\/nova-engines.com\/truggy\/<\/a><\/p>\n<p>Te puede interesar:\u00a0<a href=\"https:\/\/mhthobbyracing.com.ar\/index.php\/categoria-producto\/motores-nitro\/\">https:\/\/mhthobbyracing.com.ar\/index.php\/categoria-producto\/motores-nitro\/<\/a><\/p>\n<\/div>\n<\/div>\n","protected":false},"excerpt":{"rendered":"<p>Nuevo Modelo En stock !!!<\/p>\n","protected":false},"featured_media":1541,"comment_status":"closed","ping_status":"closed","template":"","meta":{"site-sidebar-layout":"default","site-content-layout":"default","ast-site-content-layout":"","site-content-style":"default","site-sidebar-style":"default","ast-global-header-display":"","ast-banner-title-visibility":"","ast-main-header-display":"","ast-hfb-above-header-display":"","ast-hfb-below-header-display":"","ast-hfb-mobile-header-display":"","site-post-title":"","ast-breadcrumbs-content":"","ast-featured-img":"","footer-sml-layout":"","theme-transparent-header-meta":"default","adv-header-id-meta":"","stick-header-meta":"","header-above-stick-meta":"","header-main-stick-meta":"","header-below-stick-meta":"","astra-migrate-meta-layouts":"default","ast-page-background-enabled":"default","ast-page-background-meta":{"desktop":{"background-color":"","background-image":"","background-repeat":"repeat","background-position":"center center","background-size":"auto","background-attachment":"scroll","background-type":"","background-media":"","overlay-type":"","overlay-color":"","overlay-opacity":"","overlay-gradient":""},"tablet":{"background-color":"","background-image":"","background-repeat":"repeat","background-position":"center center","background-size":"auto","background-attachment":"scroll","background-type":"","background-media":"","overlay-type":"","overlay-color":"","overlay-opacity":"","overlay-gradient":""},"mobile":{"background-color":"","background-image":"","background-repeat":"repeat","background-position":"center center","background-size":"auto","background-attachment":"scroll","background-type":"","background-media":"","overlay-type":"","overlay-color":"","overlay-opacity":"","overlay-gradient":""}},"ast-content-background-meta":{"desktop":{"background-color":"var(--ast-global-color-5)","background-image":"","background-repeat":"repeat","background-position":"center center","background-size":"auto","background-attachment":"scroll","background-type":"","background-media":"","overlay-type":"","overlay-color":"","overlay-opacity":"","overlay-gradient":""},"tablet":{"background-color":"var(--ast-global-color-5)","background-image":"","background-repeat":"repeat","background-position":"center center","background-size":"auto","background-attachment":"scroll","background-type":"","background-media":"","overlay-type":"","overlay-color":"","overlay-opacity":"","overlay-gradient":""},"mobile":{"background-color":"var(--ast-global-color-5)","background-image":"","background-repeat":"repeat","background-position":"center center","background-size":"auto","background-attachment":"scroll","background-type":"","background-media":"","overlay-type":"","overlay-color":"","overlay-opacity":"","overlay-gradient":""}},"_joinchat":[]},"product_brand":[268],"product_cat":[27],"product_tag":[],"class_list":{"0":"post-1373","1":"product","2":"type-product","3":"status-publish","4":"has-post-thumbnail","6":"product_brand-nova-engines","7":"product_cat-motores-nitro","8":"desktop-align-left","9":"tablet-align-left","10":"mobile-align-left","12":"first","13":"instock","14":"shipping-taxable","15":"purchasable","16":"product-type-simple"},"yoast_head":"<!-- This site is optimized with the Yoast SEO plugin v27.5 - https:\/\/yoast.com\/product\/yoast-seo-wordpress\/ -->\n<title>Nova T6r Truggy- encontralo en MHTHOBBY Argentina<\/title>\n<meta name=\"description\" content=\"motor-nova-t6r-truggy - Nuevo ,dise\u00f1ado especialmente para Truggy 1:8-Este motor y muchos m\u00e1s podes encontrarlos en MHTHOBBY - Argentina\" \/>\n<meta name=\"robots\" content=\"index, follow, max-snippet:-1, max-image-preview:large, max-video-preview:-1\" \/>\n<link rel=\"canonical\" href=\"https:\/\/mhthobbyracing.com.ar\/index.php\/producto\/motor-nova-t6r-evo-truggy\/\" \/>\n<meta property=\"og:locale\" content=\"es_ES\" \/>\n<meta property=\"og:type\" content=\"article\" \/>\n<meta property=\"og:title\" content=\"Nova T6r Truggy- encontralo en MHTHOBBY Argentina\" \/>\n<meta property=\"og:description\" content=\"motor-nova-t6r-truggy - Nuevo ,dise\u00f1ado especialmente para Truggy 1:8-Este motor y muchos m\u00e1s podes encontrarlos en MHTHOBBY - Argentina\" \/>\n<meta property=\"og:url\" content=\"https:\/\/mhthobbyracing.com.ar\/index.php\/producto\/motor-nova-t6r-evo-truggy\/\" \/>\n<meta property=\"og:site_name\" content=\"Racing Team\" \/>\n<meta property=\"article:modified_time\" content=\"2025-12-03T15:12:23+00:00\" \/>\n<meta property=\"og:image\" content=\"https:\/\/mhthobbyracing.com.ar\/wp-content\/uploads\/2023\/05\/T6REVO.png\" \/>\n\t<meta property=\"og:image:width\" content=\"290\" \/>\n\t<meta property=\"og:image:height\" content=\"369\" \/>\n\t<meta property=\"og:image:type\" content=\"image\/png\" \/>\n<meta name=\"twitter:card\" content=\"summary_large_image\" \/>\n<meta name=\"twitter:label1\" content=\"Tiempo de lectura\" \/>\n\t<meta name=\"twitter:data1\" content=\"1 minuto\" \/>\n<script type=\"application\/ld+json\" class=\"yoast-schema-graph\">{\"@context\":\"https:\\\/\\\/schema.org\",\"@graph\":[{\"@type\":\"WebPage\",\"@id\":\"https:\\\/\\\/mhthobbyracing.com.ar\\\/index.php\\\/producto\\\/motor-nova-t6r-evo-truggy\\\/\",\"url\":\"https:\\\/\\\/mhthobbyracing.com.ar\\\/index.php\\\/producto\\\/motor-nova-t6r-evo-truggy\\\/\",\"name\":\"Nova T6r Truggy- encontralo en MHTHOBBY Argentina\",\"isPartOf\":{\"@id\":\"https:\\\/\\\/mhthobbyracing.com.ar\\\/#website\"},\"primaryImageOfPage\":{\"@id\":\"https:\\\/\\\/mhthobbyracing.com.ar\\\/index.php\\\/producto\\\/motor-nova-t6r-evo-truggy\\\/#primaryimage\"},\"image\":{\"@id\":\"https:\\\/\\\/mhthobbyracing.com.ar\\\/index.php\\\/producto\\\/motor-nova-t6r-evo-truggy\\\/#primaryimage\"},\"thumbnailUrl\":\"https:\\\/\\\/mhthobbyracing.com.ar\\\/wp-content\\\/uploads\\\/2023\\\/05\\\/T6REVO.png\",\"datePublished\":\"2023-05-29T23:38:29+00:00\",\"dateModified\":\"2025-12-03T15:12:23+00:00\",\"description\":\"motor-nova-t6r-truggy - Nuevo ,dise\u00f1ado especialmente para Truggy 1:8-Este motor y muchos m\u00e1s podes encontrarlos en MHTHOBBY - Argentina\",\"breadcrumb\":{\"@id\":\"https:\\\/\\\/mhthobbyracing.com.ar\\\/index.php\\\/producto\\\/motor-nova-t6r-evo-truggy\\\/#breadcrumb\"},\"inLanguage\":\"es-AR\",\"potentialAction\":[{\"@type\":\"ReadAction\",\"target\":[\"https:\\\/\\\/mhthobbyracing.com.ar\\\/index.php\\\/producto\\\/motor-nova-t6r-evo-truggy\\\/\"]}]},{\"@type\":\"ImageObject\",\"inLanguage\":\"es-AR\",\"@id\":\"https:\\\/\\\/mhthobbyracing.com.ar\\\/index.php\\\/producto\\\/motor-nova-t6r-evo-truggy\\\/#primaryimage\",\"url\":\"https:\\\/\\\/mhthobbyracing.com.ar\\\/wp-content\\\/uploads\\\/2023\\\/05\\\/T6REVO.png\",\"contentUrl\":\"https:\\\/\\\/mhthobbyracing.com.ar\\\/wp-content\\\/uploads\\\/2023\\\/05\\\/T6REVO.png\",\"width\":290,\"height\":369},{\"@type\":\"BreadcrumbList\",\"@id\":\"https:\\\/\\\/mhthobbyracing.com.ar\\\/index.php\\\/producto\\\/motor-nova-t6r-evo-truggy\\\/#breadcrumb\",\"itemListElement\":[{\"@type\":\"ListItem\",\"position\":1,\"name\":\"Inicio\",\"item\":\"https:\\\/\\\/mhthobbyracing.com.ar\\\/\"},{\"@type\":\"ListItem\",\"position\":2,\"name\":\"Productos\",\"item\":\"https:\\\/\\\/mhthobbyracing.com.ar\\\/index.php\\\/inicio\\\/tienda\\\/\"},{\"@type\":\"ListItem\",\"position\":3,\"name\":\"Nova T6R EVO Truggy\"}]},{\"@type\":\"WebSite\",\"@id\":\"https:\\\/\\\/mhthobbyracing.com.ar\\\/#website\",\"url\":\"https:\\\/\\\/mhthobbyracing.com.ar\\\/\",\"name\":\"MHT-Hobby- Racing Team\",\"description\":\"Hobby Automodelismo\",\"publisher\":{\"@id\":\"https:\\\/\\\/mhthobbyracing.com.ar\\\/#\\\/schema\\\/person\\\/a6a6ed9c2713fc1826eb2541c6a3e9d1\"},\"potentialAction\":[{\"@type\":\"SearchAction\",\"target\":{\"@type\":\"EntryPoint\",\"urlTemplate\":\"https:\\\/\\\/mhthobbyracing.com.ar\\\/?s={search_term_string}\"},\"query-input\":{\"@type\":\"PropertyValueSpecification\",\"valueRequired\":true,\"valueName\":\"search_term_string\"}}],\"inLanguage\":\"es-AR\"},{\"@type\":[\"Person\",\"Organization\"],\"@id\":\"https:\\\/\\\/mhthobbyracing.com.ar\\\/#\\\/schema\\\/person\\\/a6a6ed9c2713fc1826eb2541c6a3e9d1\",\"name\":\"ecomusicpm\",\"image\":{\"@type\":\"ImageObject\",\"inLanguage\":\"es-AR\",\"@id\":\"https:\\\/\\\/mhthobbyracing.com.ar\\\/wp-content\\\/uploads\\\/2020\\\/05\\\/cropped-LOGO-MHT16523-1.png\",\"url\":\"https:\\\/\\\/mhthobbyracing.com.ar\\\/wp-content\\\/uploads\\\/2020\\\/05\\\/cropped-LOGO-MHT16523-1.png\",\"contentUrl\":\"https:\\\/\\\/mhthobbyracing.com.ar\\\/wp-content\\\/uploads\\\/2020\\\/05\\\/cropped-LOGO-MHT16523-1.png\",\"width\":1578,\"height\":564,\"caption\":\"ecomusicpm\"},\"logo\":{\"@id\":\"https:\\\/\\\/mhthobbyracing.com.ar\\\/wp-content\\\/uploads\\\/2020\\\/05\\\/cropped-LOGO-MHT16523-1.png\"},\"sameAs\":[\"http:\\\/\\\/mhthobbyracing.com.ar\"]}]}<\/script>\n<!-- \/ Yoast SEO plugin. -->","yoast_head_json":{"title":"Nova T6r Truggy- encontralo en MHTHOBBY Argentina","description":"motor-nova-t6r-truggy - Nuevo ,dise\u00f1ado especialmente para Truggy 1:8-Este motor y muchos m\u00e1s podes encontrarlos en MHTHOBBY - Argentina","robots":{"index":"index","follow":"follow","max-snippet":"max-snippet:-1","max-image-preview":"max-image-preview:large","max-video-preview":"max-video-preview:-1"},"canonical":"https:\/\/mhthobbyracing.com.ar\/index.php\/producto\/motor-nova-t6r-evo-truggy\/","og_locale":"es_ES","og_type":"article","og_title":"Nova T6r Truggy- encontralo en MHTHOBBY Argentina","og_description":"motor-nova-t6r-truggy - Nuevo ,dise\u00f1ado especialmente para Truggy 1:8-Este motor y muchos m\u00e1s podes encontrarlos en MHTHOBBY - Argentina","og_url":"https:\/\/mhthobbyracing.com.ar\/index.php\/producto\/motor-nova-t6r-evo-truggy\/","og_site_name":"Racing Team","article_modified_time":"2025-12-03T15:12:23+00:00","og_image":[{"width":290,"height":369,"url":"https:\/\/mhthobbyracing.com.ar\/wp-content\/uploads\/2023\/05\/T6REVO.png","type":"image\/png"}],"twitter_card":"summary_large_image","twitter_misc":{"Tiempo de lectura":"1 minuto"},"schema":{"@context":"https:\/\/schema.org","@graph":[{"@type":"WebPage","@id":"https:\/\/mhthobbyracing.com.ar\/index.php\/producto\/motor-nova-t6r-evo-truggy\/","url":"https:\/\/mhthobbyracing.com.ar\/index.php\/producto\/motor-nova-t6r-evo-truggy\/","name":"Nova T6r Truggy- encontralo en MHTHOBBY Argentina","isPartOf":{"@id":"https:\/\/mhthobbyracing.com.ar\/#website"},"primaryImageOfPage":{"@id":"https:\/\/mhthobbyracing.com.ar\/index.php\/producto\/motor-nova-t6r-evo-truggy\/#primaryimage"},"image":{"@id":"https:\/\/mhthobbyracing.com.ar\/index.php\/producto\/motor-nova-t6r-evo-truggy\/#primaryimage"},"thumbnailUrl":"https:\/\/mhthobbyracing.com.ar\/wp-content\/uploads\/2023\/05\/T6REVO.png","datePublished":"2023-05-29T23:38:29+00:00","dateModified":"2025-12-03T15:12:23+00:00","description":"motor-nova-t6r-truggy - Nuevo ,dise\u00f1ado especialmente para Truggy 1:8-Este motor y muchos m\u00e1s podes encontrarlos en MHTHOBBY - Argentina","breadcrumb":{"@id":"https:\/\/mhthobbyracing.com.ar\/index.php\/producto\/motor-nova-t6r-evo-truggy\/#breadcrumb"},"inLanguage":"es-AR","potentialAction":[{"@type":"ReadAction","target":["https:\/\/mhthobbyracing.com.ar\/index.php\/producto\/motor-nova-t6r-evo-truggy\/"]}]},{"@type":"ImageObject","inLanguage":"es-AR","@id":"https:\/\/mhthobbyracing.com.ar\/index.php\/producto\/motor-nova-t6r-evo-truggy\/#primaryimage","url":"https:\/\/mhthobbyracing.com.ar\/wp-content\/uploads\/2023\/05\/T6REVO.png","contentUrl":"https:\/\/mhthobbyracing.com.ar\/wp-content\/uploads\/2023\/05\/T6REVO.png","width":290,"height":369},{"@type":"BreadcrumbList","@id":"https:\/\/mhthobbyracing.com.ar\/index.php\/producto\/motor-nova-t6r-evo-truggy\/#breadcrumb","itemListElement":[{"@type":"ListItem","position":1,"name":"Inicio","item":"https:\/\/mhthobbyracing.com.ar\/"},{"@type":"ListItem","position":2,"name":"Productos","item":"https:\/\/mhthobbyracing.com.ar\/index.php\/inicio\/tienda\/"},{"@type":"ListItem","position":3,"name":"Nova T6R EVO Truggy"}]},{"@type":"WebSite","@id":"https:\/\/mhthobbyracing.com.ar\/#website","url":"https:\/\/mhthobbyracing.com.ar\/","name":"MHT-Hobby- Racing Team","description":"Hobby Automodelismo","publisher":{"@id":"https:\/\/mhthobbyracing.com.ar\/#\/schema\/person\/a6a6ed9c2713fc1826eb2541c6a3e9d1"},"potentialAction":[{"@type":"SearchAction","target":{"@type":"EntryPoint","urlTemplate":"https:\/\/mhthobbyracing.com.ar\/?s={search_term_string}"},"query-input":{"@type":"PropertyValueSpecification","valueRequired":true,"valueName":"search_term_string"}}],"inLanguage":"es-AR"},{"@type":["Person","Organization"],"@id":"https:\/\/mhthobbyracing.com.ar\/#\/schema\/person\/a6a6ed9c2713fc1826eb2541c6a3e9d1","name":"ecomusicpm","image":{"@type":"ImageObject","inLanguage":"es-AR","@id":"https:\/\/mhthobbyracing.com.ar\/wp-content\/uploads\/2020\/05\/cropped-LOGO-MHT16523-1.png","url":"https:\/\/mhthobbyracing.com.ar\/wp-content\/uploads\/2020\/05\/cropped-LOGO-MHT16523-1.png","contentUrl":"https:\/\/mhthobbyracing.com.ar\/wp-content\/uploads\/2020\/05\/cropped-LOGO-MHT16523-1.png","width":1578,"height":564,"caption":"ecomusicpm"},"logo":{"@id":"https:\/\/mhthobbyracing.com.ar\/wp-content\/uploads\/2020\/05\/cropped-LOGO-MHT16523-1.png"},"sameAs":["http:\/\/mhthobbyracing.com.ar"]}]}},"_links":{"self":[{"href":"https:\/\/mhthobbyracing.com.ar\/index.php\/wp-json\/wp\/v2\/product\/1373","targetHints":{"allow":["GET"]}}],"collection":[{"href":"https:\/\/mhthobbyracing.com.ar\/index.php\/wp-json\/wp\/v2\/product"}],"about":[{"href":"https:\/\/mhthobbyracing.com.ar\/index.php\/wp-json\/wp\/v2\/types\/product"}],"replies":[{"embeddable":true,"href":"https:\/\/mhthobbyracing.com.ar\/index.php\/wp-json\/wp\/v2\/comments?post=1373"}],"wp:featuredmedia":[{"embeddable":true,"href":"https:\/\/mhthobbyracing.com.ar\/index.php\/wp-json\/wp\/v2\/media\/1541"}],"wp:attachment":[{"href":"https:\/\/mhthobbyracing.com.ar\/index.php\/wp-json\/wp\/v2\/media?parent=1373"}],"wp:term":[{"taxonomy":"product_brand","embeddable":true,"href":"https:\/\/mhthobbyracing.com.ar\/index.php\/wp-json\/wp\/v2\/product_brand?post=1373"},{"taxonomy":"product_cat","embeddable":true,"href":"https:\/\/mhthobbyracing.com.ar\/index.php\/wp-json\/wp\/v2\/product_cat?post=1373"},{"taxonomy":"product_tag","embeddable":true,"href":"https:\/\/mhthobbyracing.com.ar\/index.php\/wp-json\/wp\/v2\/product_tag?post=1373"}],"curies":[{"name":"wp","href":"https:\/\/api.w.org\/{rel}","templated":true}]}}