{"id":1452,"date":"2023-07-17T11:37:58","date_gmt":"2023-07-17T14:37:58","guid":{"rendered":"https:\/\/mhthobbyracing.com.ar\/?post_type=product&#038;p=1452"},"modified":"2025-12-03T12:09:35","modified_gmt":"2025-12-03T15:09:35","slug":"motor-nova-g5-gt","status":"publish","type":"product","link":"https:\/\/mhthobbyracing.com.ar\/index.php\/producto\/motor-nova-g5-gt\/","title":{"rendered":"Motor Nova G5 GT"},"content":{"rendered":"<p>&nbsp;<\/p>\n<p>Nova Engines\u00a0 GT G5<\/p>\n<p>Este motor Nova G5 GT de competici\u00f3n en carretera ha sido proyectado y desarrollado con las tecnolog\u00edas m\u00e1s avanzadas disponibles y se han utilizado los mejores materiales para garantizar el mejor rendimiento y fiabilidad posible.<\/p>\n<p>Equipado con un carburador de triple ajuste con venturi intercambiable, un cilindro de 5 puertos con revestimiento HCP antifricci\u00f3n, un c\u00e1rter inyectado de alta precisi\u00f3n al vac\u00edo y un rodamiento de bolas trasero de acero,<\/p>\n<p>\u00a1este motor est\u00e1 construido con todos los ingredientes para sobresalir en la pista de carreras con confianza!<\/p>\n<p>&nbsp;<\/p>\n<h3>Funciones:<\/h3>\n<ul>\n<li>Carburador de triple ajuste con venturi intercambiable<\/li>\n<li>Rodamiento de bolas de acero trasero<\/li>\n<li>C\u00e1rter inyectado al vac\u00edo de alta precisi\u00f3n<\/li>\n<li>Cig\u00fce\u00f1al aligerado de triple equilibrado<\/li>\n<li>Cilindro de 5 puertos con revestimiento HCP antifricci\u00f3n<\/li>\n<li>Pist\u00f3n de aleaci\u00f3n sinterizada<\/li>\n<li>Cabezal de refrigeraci\u00f3n anodizado mecanizado CNC negro<\/li>\n<\/ul>\n<h3>Caracter\u00edsticas t\u00e9cnicas:<\/h3>\n<ul>\n<li><strong>Aplicaci\u00f3n:<\/strong>\u00a0Carreras en carretera<\/li>\n<li><strong>Tama\u00f1o:<\/strong>\u00a0(.21)<\/li>\n<li><strong>Cilindrada:<\/strong>\u00a0(3.49cc)<\/li>\n<li><strong>Di\u00e1metro:<\/strong>\u00a015.94mm<\/li>\n<li><strong>Carrera:<\/strong>\u00a017.50mm<\/li>\n<li><strong>Peso:<\/strong>\u00a0350g<\/li>\n<li><strong>Di\u00e1metro de la cabeza:<\/strong>\u00a059.50mm<\/li>\n<li><strong>Rango de funcionamiento:<\/strong>\u00a04.000\u201345.000RPM<\/li>\n<li><strong>Combustible recomendado:<\/strong>\u00a016%\/25% Nitro<\/li>\n<\/ul>\n<h4>Incluye:<\/h4>\n<ul>\n<li>(1) Motor de carretera GT G5 (.5) de 21 puertos<\/li>\n<li>(1) Manual de instrucciones<\/li>\n<li>(1) Hoja de calcoman\u00edas<\/li>\n<\/ul>\n<div id=\"tab-description\" class=\"woocommerce-Tabs-panel woocommerce-Tabs-panel--description panel entry-content wc-tab\" role=\"tabpanel\" aria-labelledby=\"tab-title-description\">\n<p>Motor Nova G5R GT<\/p>\n<div class=\"elementor-element elementor-element-db05032 elementor-widget elementor-widget-heading\" data-id=\"db05032\" data-element_type=\"widget\" data-widget_type=\"heading.default\">\n<div class=\"elementor-widget-container\">\n<h4 class=\"elementor-heading-title elementor-size-default\">MOTOR NOVA G5R<\/h4>\n<\/div>\n<\/div>\n<div class=\"elementor-element elementor-element-1ea0e8a elementor-widget elementor-widget-text-editor\" data-id=\"1ea0e8a\" data-element_type=\"widget\" data-widget_type=\"text-editor.default\">\n<div class=\"elementor-widget-container\">\n<p><strong>Datos t\u00e9cnicos<\/strong><br \/>\nCilindrada: 3,49cc \/ 0.213 cu.in.<br \/>\nDi\u00e1metro: 15,94 mm<\/p>\n<p>Carrera: 17,50 mm<\/p>\n<p>Peso: 355 gr.<\/p>\n<p>Di\u00e1metro de la cabeza : 59,50 mm<br \/>\nRango de funcionamiento: 4.000 \u2013 45.000 rpm<br \/>\nCarter inyectado al vac\u00edo de alta presi\u00f3n<\/p>\n<p>Cig\u00fce\u00f1al aligerado\u00a0 recubierto de DLC<\/p>\n<p>&nbsp;<\/p>\n<p>Cilindro 5 puertos con revestimiento HCP antifricci\u00f3n<\/p>\n<p>Pist\u00f3nde aleaci\u00f3n sinterizado<\/p>\n<p>Rodamiento trasero cer\u00e1mico<\/p>\n<p>Triple ajuste Carburador con venturi intercambiable<\/p>\n<\/div>\n<\/div>\n<p>&nbsp;<\/p>\n<p>Motor Nova G5rR GT<\/p>\n<p>Visit\u00e1:<a href=\"https:\/\/nova-engines.com\/truggy\/\">https:\/\/nova-engines.com\/truggy\/<\/a><\/p>\n<p>Te puede interesar:<a href=\"https:\/\/mhthobbyracing.com.ar\/index.php\/producto\/motor-nova-b3\/\">https:\/\/mhthobbyracing.com.ar\/index.php\/producto\/motor-nova-b3\/<\/a><\/p>\n<\/div>\n<p>&nbsp;<\/p>\n<p>Motor Nova G5 GT<\/p>\n","protected":false},"excerpt":{"rendered":"<p>&nbsp; Nova Engines\u00a0 GT G5 Este motor Nova G5 GT de competici\u00f3n en carretera ha sido proyectado y desarrollado con las tecnolog\u00edas m\u00e1s avanzadas disponibles y se han utilizado los mejores materiales para garantizar el mejor rendimiento y fiabilidad posible. Equipado con un carburador de triple ajuste con venturi intercambiable, un cilindro de 5 puertos [&hellip;]<\/p>\n","protected":false},"featured_media":1453,"comment_status":"closed","ping_status":"closed","template":"","meta":{"site-sidebar-layout":"default","site-content-layout":"default","ast-site-content-layout":"","site-content-style":"default","site-sidebar-style":"default","ast-global-header-display":"","ast-banner-title-visibility":"","ast-main-header-display":"","ast-hfb-above-header-display":"","ast-hfb-below-header-display":"","ast-hfb-mobile-header-display":"","site-post-title":"","ast-breadcrumbs-content":"","ast-featured-img":"","footer-sml-layout":"","theme-transparent-header-meta":"default","adv-header-id-meta":"","stick-header-meta":"","header-above-stick-meta":"","header-main-stick-meta":"","header-below-stick-meta":"","astra-migrate-meta-layouts":"default","ast-page-background-enabled":"default","ast-page-background-meta":{"desktop":{"background-color":"","background-image":"","background-repeat":"repeat","background-position":"center center","background-size":"auto","background-attachment":"scroll","background-type":"","background-media":"","overlay-type":"","overlay-color":"","overlay-opacity":"","overlay-gradient":""},"tablet":{"background-color":"","background-image":"","background-repeat":"repeat","background-position":"center center","background-size":"auto","background-attachment":"scroll","background-type":"","background-media":"","overlay-type":"","overlay-color":"","overlay-opacity":"","overlay-gradient":""},"mobile":{"background-color":"","background-image":"","background-repeat":"repeat","background-position":"center center","background-size":"auto","background-attachment":"scroll","background-type":"","background-media":"","overlay-type":"","overlay-color":"","overlay-opacity":"","overlay-gradient":""}},"ast-content-background-meta":{"desktop":{"background-color":"var(--ast-global-color-5)","background-image":"","background-repeat":"repeat","background-position":"center center","background-size":"auto","background-attachment":"scroll","background-type":"","background-media":"","overlay-type":"","overlay-color":"","overlay-opacity":"","overlay-gradient":""},"tablet":{"background-color":"var(--ast-global-color-5)","background-image":"","background-repeat":"repeat","background-position":"center center","background-size":"auto","background-attachment":"scroll","background-type":"","background-media":"","overlay-type":"","overlay-color":"","overlay-opacity":"","overlay-gradient":""},"mobile":{"background-color":"var(--ast-global-color-5)","background-image":"","background-repeat":"repeat","background-position":"center center","background-size":"auto","background-attachment":"scroll","background-type":"","background-media":"","overlay-type":"","overlay-color":"","overlay-opacity":"","overlay-gradient":""}},"_joinchat":[]},"product_brand":[268],"product_cat":[27],"product_tag":[227],"class_list":{"0":"post-1452","1":"product","2":"type-product","3":"status-publish","4":"has-post-thumbnail","6":"product_brand-nova-engines","7":"product_cat-motores-nitro","8":"product_tag-motor-nova-g5-gt","9":"desktop-align-left","10":"tablet-align-left","11":"mobile-align-left","13":"first","14":"instock","15":"shipping-taxable","16":"product-type-simple"},"yoast_head":"<!-- This site is optimized with the Yoast SEO plugin v27.5 - https:\/\/yoast.com\/product\/yoast-seo-wordpress\/ -->\n<title>Motor Nova G5 GT - encontralo en MHTHOBBY-Argentina<\/title>\n<meta name=\"description\" content=\"Motor Nova G5 GT - Nova G5 GT\u00a1 este motor est\u00e1 construido con todos los ingredientes para sobresalir en la pista de carreras con confianza!\" \/>\n<meta name=\"robots\" content=\"index, follow, max-snippet:-1, max-image-preview:large, max-video-preview:-1\" \/>\n<link rel=\"canonical\" href=\"https:\/\/mhthobbyracing.com.ar\/index.php\/producto\/motor-nova-g5-gt\/\" \/>\n<meta property=\"og:locale\" content=\"es_ES\" \/>\n<meta property=\"og:type\" content=\"article\" \/>\n<meta property=\"og:title\" content=\"Motor Nova G5 GT - encontralo en MHTHOBBY-Argentina\" \/>\n<meta property=\"og:description\" content=\"Motor Nova G5 GT - Nova G5 GT\u00a1 este motor est\u00e1 construido con todos los ingredientes para sobresalir en la pista de carreras con confianza!\" \/>\n<meta property=\"og:url\" content=\"https:\/\/mhthobbyracing.com.ar\/index.php\/producto\/motor-nova-g5-gt\/\" \/>\n<meta property=\"og:site_name\" content=\"Racing Team\" \/>\n<meta property=\"article:modified_time\" content=\"2025-12-03T15:09:35+00:00\" \/>\n<meta property=\"og:image\" content=\"https:\/\/mhthobbyracing.com.ar\/wp-content\/uploads\/2023\/07\/G5_2-scaled-1.jpg\" \/>\n\t<meta property=\"og:image:width\" content=\"2406\" \/>\n\t<meta property=\"og:image:height\" content=\"2560\" \/>\n\t<meta property=\"og:image:type\" content=\"image\/jpeg\" \/>\n<meta name=\"twitter:card\" content=\"summary_large_image\" \/>\n<meta name=\"twitter:label1\" content=\"Tiempo de lectura\" \/>\n\t<meta name=\"twitter:data1\" content=\"2 minutos\" \/>\n<script type=\"application\/ld+json\" class=\"yoast-schema-graph\">{\"@context\":\"https:\\\/\\\/schema.org\",\"@graph\":[{\"@type\":\"WebPage\",\"@id\":\"https:\\\/\\\/mhthobbyracing.com.ar\\\/index.php\\\/producto\\\/motor-nova-g5-gt\\\/\",\"url\":\"https:\\\/\\\/mhthobbyracing.com.ar\\\/index.php\\\/producto\\\/motor-nova-g5-gt\\\/\",\"name\":\"Motor Nova G5 GT - encontralo en MHTHOBBY-Argentina\",\"isPartOf\":{\"@id\":\"https:\\\/\\\/mhthobbyracing.com.ar\\\/#website\"},\"primaryImageOfPage\":{\"@id\":\"https:\\\/\\\/mhthobbyracing.com.ar\\\/index.php\\\/producto\\\/motor-nova-g5-gt\\\/#primaryimage\"},\"image\":{\"@id\":\"https:\\\/\\\/mhthobbyracing.com.ar\\\/index.php\\\/producto\\\/motor-nova-g5-gt\\\/#primaryimage\"},\"thumbnailUrl\":\"https:\\\/\\\/mhthobbyracing.com.ar\\\/wp-content\\\/uploads\\\/2023\\\/07\\\/G5_2-scaled-1.jpg\",\"datePublished\":\"2023-07-17T14:37:58+00:00\",\"dateModified\":\"2025-12-03T15:09:35+00:00\",\"description\":\"Motor Nova G5 GT - Nova G5 GT\u00a1 este motor est\u00e1 construido con todos los ingredientes para sobresalir en la pista de carreras con confianza!\",\"breadcrumb\":{\"@id\":\"https:\\\/\\\/mhthobbyracing.com.ar\\\/index.php\\\/producto\\\/motor-nova-g5-gt\\\/#breadcrumb\"},\"inLanguage\":\"es-AR\",\"potentialAction\":[{\"@type\":\"ReadAction\",\"target\":[\"https:\\\/\\\/mhthobbyracing.com.ar\\\/index.php\\\/producto\\\/motor-nova-g5-gt\\\/\"]}]},{\"@type\":\"ImageObject\",\"inLanguage\":\"es-AR\",\"@id\":\"https:\\\/\\\/mhthobbyracing.com.ar\\\/index.php\\\/producto\\\/motor-nova-g5-gt\\\/#primaryimage\",\"url\":\"https:\\\/\\\/mhthobbyracing.com.ar\\\/wp-content\\\/uploads\\\/2023\\\/07\\\/G5_2-scaled-1.jpg\",\"contentUrl\":\"https:\\\/\\\/mhthobbyracing.com.ar\\\/wp-content\\\/uploads\\\/2023\\\/07\\\/G5_2-scaled-1.jpg\",\"width\":2406,\"height\":2560,\"caption\":\"Nova G5 GT\"},{\"@type\":\"BreadcrumbList\",\"@id\":\"https:\\\/\\\/mhthobbyracing.com.ar\\\/index.php\\\/producto\\\/motor-nova-g5-gt\\\/#breadcrumb\",\"itemListElement\":[{\"@type\":\"ListItem\",\"position\":1,\"name\":\"Inicio\",\"item\":\"https:\\\/\\\/mhthobbyracing.com.ar\\\/\"},{\"@type\":\"ListItem\",\"position\":2,\"name\":\"Productos\",\"item\":\"https:\\\/\\\/mhthobbyracing.com.ar\\\/index.php\\\/inicio\\\/tienda\\\/\"},{\"@type\":\"ListItem\",\"position\":3,\"name\":\"Motor Nova G5 GT\"}]},{\"@type\":\"WebSite\",\"@id\":\"https:\\\/\\\/mhthobbyracing.com.ar\\\/#website\",\"url\":\"https:\\\/\\\/mhthobbyracing.com.ar\\\/\",\"name\":\"MHT-Hobby- Racing Team\",\"description\":\"Hobby Automodelismo\",\"publisher\":{\"@id\":\"https:\\\/\\\/mhthobbyracing.com.ar\\\/#\\\/schema\\\/person\\\/a6a6ed9c2713fc1826eb2541c6a3e9d1\"},\"potentialAction\":[{\"@type\":\"SearchAction\",\"target\":{\"@type\":\"EntryPoint\",\"urlTemplate\":\"https:\\\/\\\/mhthobbyracing.com.ar\\\/?s={search_term_string}\"},\"query-input\":{\"@type\":\"PropertyValueSpecification\",\"valueRequired\":true,\"valueName\":\"search_term_string\"}}],\"inLanguage\":\"es-AR\"},{\"@type\":[\"Person\",\"Organization\"],\"@id\":\"https:\\\/\\\/mhthobbyracing.com.ar\\\/#\\\/schema\\\/person\\\/a6a6ed9c2713fc1826eb2541c6a3e9d1\",\"name\":\"ecomusicpm\",\"image\":{\"@type\":\"ImageObject\",\"inLanguage\":\"es-AR\",\"@id\":\"https:\\\/\\\/mhthobbyracing.com.ar\\\/wp-content\\\/uploads\\\/2020\\\/05\\\/cropped-LOGO-MHT16523-1.png\",\"url\":\"https:\\\/\\\/mhthobbyracing.com.ar\\\/wp-content\\\/uploads\\\/2020\\\/05\\\/cropped-LOGO-MHT16523-1.png\",\"contentUrl\":\"https:\\\/\\\/mhthobbyracing.com.ar\\\/wp-content\\\/uploads\\\/2020\\\/05\\\/cropped-LOGO-MHT16523-1.png\",\"width\":1578,\"height\":564,\"caption\":\"ecomusicpm\"},\"logo\":{\"@id\":\"https:\\\/\\\/mhthobbyracing.com.ar\\\/wp-content\\\/uploads\\\/2020\\\/05\\\/cropped-LOGO-MHT16523-1.png\"},\"sameAs\":[\"http:\\\/\\\/mhthobbyracing.com.ar\"]}]}<\/script>\n<!-- \/ Yoast SEO plugin. -->","yoast_head_json":{"title":"Motor Nova G5 GT - encontralo en MHTHOBBY-Argentina","description":"Motor Nova G5 GT - Nova G5 GT\u00a1 este motor est\u00e1 construido con todos los ingredientes para sobresalir en la pista de carreras con confianza!","robots":{"index":"index","follow":"follow","max-snippet":"max-snippet:-1","max-image-preview":"max-image-preview:large","max-video-preview":"max-video-preview:-1"},"canonical":"https:\/\/mhthobbyracing.com.ar\/index.php\/producto\/motor-nova-g5-gt\/","og_locale":"es_ES","og_type":"article","og_title":"Motor Nova G5 GT - encontralo en MHTHOBBY-Argentina","og_description":"Motor Nova G5 GT - Nova G5 GT\u00a1 este motor est\u00e1 construido con todos los ingredientes para sobresalir en la pista de carreras con confianza!","og_url":"https:\/\/mhthobbyracing.com.ar\/index.php\/producto\/motor-nova-g5-gt\/","og_site_name":"Racing Team","article_modified_time":"2025-12-03T15:09:35+00:00","og_image":[{"width":2406,"height":2560,"url":"https:\/\/mhthobbyracing.com.ar\/wp-content\/uploads\/2023\/07\/G5_2-scaled-1.jpg","type":"image\/jpeg"}],"twitter_card":"summary_large_image","twitter_misc":{"Tiempo de lectura":"2 minutos"},"schema":{"@context":"https:\/\/schema.org","@graph":[{"@type":"WebPage","@id":"https:\/\/mhthobbyracing.com.ar\/index.php\/producto\/motor-nova-g5-gt\/","url":"https:\/\/mhthobbyracing.com.ar\/index.php\/producto\/motor-nova-g5-gt\/","name":"Motor Nova G5 GT - encontralo en MHTHOBBY-Argentina","isPartOf":{"@id":"https:\/\/mhthobbyracing.com.ar\/#website"},"primaryImageOfPage":{"@id":"https:\/\/mhthobbyracing.com.ar\/index.php\/producto\/motor-nova-g5-gt\/#primaryimage"},"image":{"@id":"https:\/\/mhthobbyracing.com.ar\/index.php\/producto\/motor-nova-g5-gt\/#primaryimage"},"thumbnailUrl":"https:\/\/mhthobbyracing.com.ar\/wp-content\/uploads\/2023\/07\/G5_2-scaled-1.jpg","datePublished":"2023-07-17T14:37:58+00:00","dateModified":"2025-12-03T15:09:35+00:00","description":"Motor Nova G5 GT - Nova G5 GT\u00a1 este motor est\u00e1 construido con todos los ingredientes para sobresalir en la pista de carreras con confianza!","breadcrumb":{"@id":"https:\/\/mhthobbyracing.com.ar\/index.php\/producto\/motor-nova-g5-gt\/#breadcrumb"},"inLanguage":"es-AR","potentialAction":[{"@type":"ReadAction","target":["https:\/\/mhthobbyracing.com.ar\/index.php\/producto\/motor-nova-g5-gt\/"]}]},{"@type":"ImageObject","inLanguage":"es-AR","@id":"https:\/\/mhthobbyracing.com.ar\/index.php\/producto\/motor-nova-g5-gt\/#primaryimage","url":"https:\/\/mhthobbyracing.com.ar\/wp-content\/uploads\/2023\/07\/G5_2-scaled-1.jpg","contentUrl":"https:\/\/mhthobbyracing.com.ar\/wp-content\/uploads\/2023\/07\/G5_2-scaled-1.jpg","width":2406,"height":2560,"caption":"Nova G5 GT"},{"@type":"BreadcrumbList","@id":"https:\/\/mhthobbyracing.com.ar\/index.php\/producto\/motor-nova-g5-gt\/#breadcrumb","itemListElement":[{"@type":"ListItem","position":1,"name":"Inicio","item":"https:\/\/mhthobbyracing.com.ar\/"},{"@type":"ListItem","position":2,"name":"Productos","item":"https:\/\/mhthobbyracing.com.ar\/index.php\/inicio\/tienda\/"},{"@type":"ListItem","position":3,"name":"Motor Nova G5 GT"}]},{"@type":"WebSite","@id":"https:\/\/mhthobbyracing.com.ar\/#website","url":"https:\/\/mhthobbyracing.com.ar\/","name":"MHT-Hobby- Racing Team","description":"Hobby Automodelismo","publisher":{"@id":"https:\/\/mhthobbyracing.com.ar\/#\/schema\/person\/a6a6ed9c2713fc1826eb2541c6a3e9d1"},"potentialAction":[{"@type":"SearchAction","target":{"@type":"EntryPoint","urlTemplate":"https:\/\/mhthobbyracing.com.ar\/?s={search_term_string}"},"query-input":{"@type":"PropertyValueSpecification","valueRequired":true,"valueName":"search_term_string"}}],"inLanguage":"es-AR"},{"@type":["Person","Organization"],"@id":"https:\/\/mhthobbyracing.com.ar\/#\/schema\/person\/a6a6ed9c2713fc1826eb2541c6a3e9d1","name":"ecomusicpm","image":{"@type":"ImageObject","inLanguage":"es-AR","@id":"https:\/\/mhthobbyracing.com.ar\/wp-content\/uploads\/2020\/05\/cropped-LOGO-MHT16523-1.png","url":"https:\/\/mhthobbyracing.com.ar\/wp-content\/uploads\/2020\/05\/cropped-LOGO-MHT16523-1.png","contentUrl":"https:\/\/mhthobbyracing.com.ar\/wp-content\/uploads\/2020\/05\/cropped-LOGO-MHT16523-1.png","width":1578,"height":564,"caption":"ecomusicpm"},"logo":{"@id":"https:\/\/mhthobbyracing.com.ar\/wp-content\/uploads\/2020\/05\/cropped-LOGO-MHT16523-1.png"},"sameAs":["http:\/\/mhthobbyracing.com.ar"]}]}},"_links":{"self":[{"href":"https:\/\/mhthobbyracing.com.ar\/index.php\/wp-json\/wp\/v2\/product\/1452","targetHints":{"allow":["GET"]}}],"collection":[{"href":"https:\/\/mhthobbyracing.com.ar\/index.php\/wp-json\/wp\/v2\/product"}],"about":[{"href":"https:\/\/mhthobbyracing.com.ar\/index.php\/wp-json\/wp\/v2\/types\/product"}],"replies":[{"embeddable":true,"href":"https:\/\/mhthobbyracing.com.ar\/index.php\/wp-json\/wp\/v2\/comments?post=1452"}],"wp:featuredmedia":[{"embeddable":true,"href":"https:\/\/mhthobbyracing.com.ar\/index.php\/wp-json\/wp\/v2\/media\/1453"}],"wp:attachment":[{"href":"https:\/\/mhthobbyracing.com.ar\/index.php\/wp-json\/wp\/v2\/media?parent=1452"}],"wp:term":[{"taxonomy":"product_brand","embeddable":true,"href":"https:\/\/mhthobbyracing.com.ar\/index.php\/wp-json\/wp\/v2\/product_brand?post=1452"},{"taxonomy":"product_cat","embeddable":true,"href":"https:\/\/mhthobbyracing.com.ar\/index.php\/wp-json\/wp\/v2\/product_cat?post=1452"},{"taxonomy":"product_tag","embeddable":true,"href":"https:\/\/mhthobbyracing.com.ar\/index.php\/wp-json\/wp\/v2\/product_tag?post=1452"}],"curies":[{"name":"wp","href":"https:\/\/api.w.org\/{rel}","templated":true}]}}