{"id":1625,"date":"2024-09-18T23:19:54","date_gmt":"2024-09-19T02:19:54","guid":{"rendered":"https:\/\/mhthobbyracing.com.ar\/?post_type=product&#038;p=1625"},"modified":"2025-12-03T12:07:58","modified_gmt":"2025-12-03T15:07:58","slug":"aleron-wn-010","status":"publish","type":"product","link":"https:\/\/mhthobbyracing.com.ar\/index.php\/producto\/aleron-wn-010\/","title":{"rendered":"Aler\u00f3n VP-PRO WN-010"},"content":{"rendered":"<p>Aler\u00f3n VP-PRO WN-010<\/p>\n<p>Peso ligero<\/p>\n<p>Permite que el autom\u00f3vil mantenga altas velocidades en las curvas mientras mantiene la estabilidad.<\/p>\n<p>El molde de inyecci\u00f3n aumenta la durabilidad, permitiendo que el ala mantenga su forma durante todo su uso.<\/p>\n<p>Cumple con IFMAR, con las presas laterales dimensionadas a las dimensiones requeridas.<\/p>\n<p>Disponible en acabado Blanco ,Negro, Amarillo, Verde, Naranja, Rosa<\/p>\n<p>Con este aler\u00f3n tus tiempos te har\u00e1n llegar al podio m\u00e1s r\u00e1pidamente<\/p>\n<p>Aler\u00f3n VP-PRO WN-010<\/p>\n<p>Visit\u00e1:<a href=\"https:\/\/www.vp-racing.com\/\">https:\/\/www.vp-racing.com\/<\/a><\/p>\n<p>Te puede interesar:<a href=\"https:\/\/mhthobbyracing.com.ar\/\">https:\/\/mhthobbyracing.com.ar\/<\/a><\/p>\n","protected":false},"excerpt":{"rendered":"<p>Aler\u00f3n VP-PRO WN-010 Peso ligero Permite que el autom\u00f3vil mantenga altas velocidades en las curvas mientras mantiene la estabilidad. El molde de inyecci\u00f3n aumenta la durabilidad, permitiendo que el ala mantenga su forma durante todo su uso. Cumple con IFMAR, con las presas laterales dimensionadas a las dimensiones requeridas. Disponible en acabado Blanco ,Negro, Amarillo, [&hellip;]<\/p>\n","protected":false},"featured_media":1626,"comment_status":"closed","ping_status":"closed","template":"","meta":{"site-sidebar-layout":"default","site-content-layout":"default","ast-site-content-layout":"","site-content-style":"default","site-sidebar-style":"default","ast-global-header-display":"","ast-banner-title-visibility":"","ast-main-header-display":"","ast-hfb-above-header-display":"","ast-hfb-below-header-display":"","ast-hfb-mobile-header-display":"","site-post-title":"","ast-breadcrumbs-content":"","ast-featured-img":"","footer-sml-layout":"","theme-transparent-header-meta":"default","adv-header-id-meta":"","stick-header-meta":"","header-above-stick-meta":"","header-main-stick-meta":"","header-below-stick-meta":"","astra-migrate-meta-layouts":"default","ast-page-background-enabled":"default","ast-page-background-meta":{"desktop":{"background-color":"","background-image":"","background-repeat":"repeat","background-position":"center center","background-size":"auto","background-attachment":"scroll","background-type":"","background-media":"","overlay-type":"","overlay-color":"","overlay-opacity":"","overlay-gradient":""},"tablet":{"background-color":"","background-image":"","background-repeat":"repeat","background-position":"center center","background-size":"auto","background-attachment":"scroll","background-type":"","background-media":"","overlay-type":"","overlay-color":"","overlay-opacity":"","overlay-gradient":""},"mobile":{"background-color":"","background-image":"","background-repeat":"repeat","background-position":"center center","background-size":"auto","background-attachment":"scroll","background-type":"","background-media":"","overlay-type":"","overlay-color":"","overlay-opacity":"","overlay-gradient":""}},"ast-content-background-meta":{"desktop":{"background-color":"var(--ast-global-color-5)","background-image":"","background-repeat":"repeat","background-position":"center center","background-size":"auto","background-attachment":"scroll","background-type":"","background-media":"","overlay-type":"","overlay-color":"","overlay-opacity":"","overlay-gradient":""},"tablet":{"background-color":"var(--ast-global-color-5)","background-image":"","background-repeat":"repeat","background-position":"center center","background-size":"auto","background-attachment":"scroll","background-type":"","background-media":"","overlay-type":"","overlay-color":"","overlay-opacity":"","overlay-gradient":""},"mobile":{"background-color":"var(--ast-global-color-5)","background-image":"","background-repeat":"repeat","background-position":"center center","background-size":"auto","background-attachment":"scroll","background-type":"","background-media":"","overlay-type":"","overlay-color":"","overlay-opacity":"","overlay-gradient":""}},"_joinchat":[]},"product_brand":[267],"product_cat":[52],"product_tag":[237],"class_list":{"0":"post-1625","1":"product","2":"type-product","3":"status-publish","4":"has-post-thumbnail","6":"product_brand-vp-pro","7":"product_cat-accesorios","8":"product_tag-aleron-vp-pro-wn-010","9":"desktop-align-left","10":"tablet-align-left","11":"mobile-align-left","13":"first","14":"instock","15":"shipping-taxable","16":"purchasable","17":"product-type-simple"},"yoast_head":"<!-- This site is optimized with the Yoast SEO plugin v27.5 - https:\/\/yoast.com\/product\/yoast-seo-wordpress\/ -->\n<title>Aler\u00f3n VP-PRO WN-010 - Encontralo en MHTHOBBY<\/title>\n<meta name=\"description\" content=\"Permite que el autom\u00f3vil mantenga altas velocidades en las curvas mientras mantiene la estabilidad.El molde de inyecci\u00f3n aumenta la durabilidad,\" \/>\n<meta name=\"robots\" content=\"index, follow, max-snippet:-1, max-image-preview:large, max-video-preview:-1\" \/>\n<link rel=\"canonical\" href=\"https:\/\/mhthobbyracing.com.ar\/index.php\/producto\/aleron-wn-010\/\" \/>\n<meta property=\"og:locale\" content=\"es_ES\" \/>\n<meta property=\"og:type\" content=\"article\" \/>\n<meta property=\"og:title\" content=\"Aler\u00f3n VP-PRO WN-010 - Encontralo en MHTHOBBY\" \/>\n<meta property=\"og:description\" content=\"Permite que el autom\u00f3vil mantenga altas velocidades en las curvas mientras mantiene la estabilidad.El molde de inyecci\u00f3n aumenta la durabilidad,\" \/>\n<meta property=\"og:url\" content=\"https:\/\/mhthobbyracing.com.ar\/index.php\/producto\/aleron-wn-010\/\" \/>\n<meta property=\"og:site_name\" content=\"Racing Team\" \/>\n<meta property=\"article:modified_time\" content=\"2025-12-03T15:07:58+00:00\" \/>\n<meta property=\"og:image\" content=\"https:\/\/mhthobbyracing.com.ar\/wp-content\/uploads\/2024\/09\/img2-2.png\" \/>\n\t<meta property=\"og:image:width\" content=\"2400\" \/>\n\t<meta property=\"og:image:height\" content=\"1800\" \/>\n\t<meta property=\"og:image:type\" content=\"image\/png\" \/>\n<meta name=\"twitter:card\" content=\"summary_large_image\" \/>\n<meta name=\"twitter:label1\" content=\"Tiempo de lectura\" \/>\n\t<meta name=\"twitter:data1\" content=\"1 minuto\" \/>\n<script type=\"application\/ld+json\" class=\"yoast-schema-graph\">{\"@context\":\"https:\\\/\\\/schema.org\",\"@graph\":[{\"@type\":\"WebPage\",\"@id\":\"https:\\\/\\\/mhthobbyracing.com.ar\\\/index.php\\\/producto\\\/aleron-wn-010\\\/\",\"url\":\"https:\\\/\\\/mhthobbyracing.com.ar\\\/index.php\\\/producto\\\/aleron-wn-010\\\/\",\"name\":\"Aler\u00f3n VP-PRO WN-010 - Encontralo en MHTHOBBY\",\"isPartOf\":{\"@id\":\"https:\\\/\\\/mhthobbyracing.com.ar\\\/#website\"},\"primaryImageOfPage\":{\"@id\":\"https:\\\/\\\/mhthobbyracing.com.ar\\\/index.php\\\/producto\\\/aleron-wn-010\\\/#primaryimage\"},\"image\":{\"@id\":\"https:\\\/\\\/mhthobbyracing.com.ar\\\/index.php\\\/producto\\\/aleron-wn-010\\\/#primaryimage\"},\"thumbnailUrl\":\"https:\\\/\\\/mhthobbyracing.com.ar\\\/wp-content\\\/uploads\\\/2024\\\/09\\\/img2-2.png\",\"datePublished\":\"2024-09-19T02:19:54+00:00\",\"dateModified\":\"2025-12-03T15:07:58+00:00\",\"description\":\"Permite que el autom\u00f3vil mantenga altas velocidades en las curvas mientras mantiene la estabilidad.El molde de inyecci\u00f3n aumenta la durabilidad,\",\"breadcrumb\":{\"@id\":\"https:\\\/\\\/mhthobbyracing.com.ar\\\/index.php\\\/producto\\\/aleron-wn-010\\\/#breadcrumb\"},\"inLanguage\":\"es-AR\",\"potentialAction\":[{\"@type\":\"ReadAction\",\"target\":[\"https:\\\/\\\/mhthobbyracing.com.ar\\\/index.php\\\/producto\\\/aleron-wn-010\\\/\"]}]},{\"@type\":\"ImageObject\",\"inLanguage\":\"es-AR\",\"@id\":\"https:\\\/\\\/mhthobbyracing.com.ar\\\/index.php\\\/producto\\\/aleron-wn-010\\\/#primaryimage\",\"url\":\"https:\\\/\\\/mhthobbyracing.com.ar\\\/wp-content\\\/uploads\\\/2024\\\/09\\\/img2-2.png\",\"contentUrl\":\"https:\\\/\\\/mhthobbyracing.com.ar\\\/wp-content\\\/uploads\\\/2024\\\/09\\\/img2-2.png\",\"width\":2400,\"height\":1800,\"caption\":\"WN-010-Y\"},{\"@type\":\"BreadcrumbList\",\"@id\":\"https:\\\/\\\/mhthobbyracing.com.ar\\\/index.php\\\/producto\\\/aleron-wn-010\\\/#breadcrumb\",\"itemListElement\":[{\"@type\":\"ListItem\",\"position\":1,\"name\":\"Inicio\",\"item\":\"https:\\\/\\\/mhthobbyracing.com.ar\\\/\"},{\"@type\":\"ListItem\",\"position\":2,\"name\":\"Productos\",\"item\":\"https:\\\/\\\/mhthobbyracing.com.ar\\\/index.php\\\/inicio\\\/tienda\\\/\"},{\"@type\":\"ListItem\",\"position\":3,\"name\":\"Aler\u00f3n VP-PRO WN-010\"}]},{\"@type\":\"WebSite\",\"@id\":\"https:\\\/\\\/mhthobbyracing.com.ar\\\/#website\",\"url\":\"https:\\\/\\\/mhthobbyracing.com.ar\\\/\",\"name\":\"MHT-Hobby- Racing Team\",\"description\":\"Hobby Automodelismo\",\"publisher\":{\"@id\":\"https:\\\/\\\/mhthobbyracing.com.ar\\\/#\\\/schema\\\/person\\\/a6a6ed9c2713fc1826eb2541c6a3e9d1\"},\"potentialAction\":[{\"@type\":\"SearchAction\",\"target\":{\"@type\":\"EntryPoint\",\"urlTemplate\":\"https:\\\/\\\/mhthobbyracing.com.ar\\\/?s={search_term_string}\"},\"query-input\":{\"@type\":\"PropertyValueSpecification\",\"valueRequired\":true,\"valueName\":\"search_term_string\"}}],\"inLanguage\":\"es-AR\"},{\"@type\":[\"Person\",\"Organization\"],\"@id\":\"https:\\\/\\\/mhthobbyracing.com.ar\\\/#\\\/schema\\\/person\\\/a6a6ed9c2713fc1826eb2541c6a3e9d1\",\"name\":\"ecomusicpm\",\"image\":{\"@type\":\"ImageObject\",\"inLanguage\":\"es-AR\",\"@id\":\"https:\\\/\\\/mhthobbyracing.com.ar\\\/wp-content\\\/uploads\\\/2020\\\/05\\\/cropped-LOGO-MHT16523-1.png\",\"url\":\"https:\\\/\\\/mhthobbyracing.com.ar\\\/wp-content\\\/uploads\\\/2020\\\/05\\\/cropped-LOGO-MHT16523-1.png\",\"contentUrl\":\"https:\\\/\\\/mhthobbyracing.com.ar\\\/wp-content\\\/uploads\\\/2020\\\/05\\\/cropped-LOGO-MHT16523-1.png\",\"width\":1578,\"height\":564,\"caption\":\"ecomusicpm\"},\"logo\":{\"@id\":\"https:\\\/\\\/mhthobbyracing.com.ar\\\/wp-content\\\/uploads\\\/2020\\\/05\\\/cropped-LOGO-MHT16523-1.png\"},\"sameAs\":[\"http:\\\/\\\/mhthobbyracing.com.ar\"]}]}<\/script>\n<!-- \/ Yoast SEO plugin. -->","yoast_head_json":{"title":"Aler\u00f3n VP-PRO WN-010 - Encontralo en MHTHOBBY","description":"Permite que el autom\u00f3vil mantenga altas velocidades en las curvas mientras mantiene la estabilidad.El molde de inyecci\u00f3n aumenta la durabilidad,","robots":{"index":"index","follow":"follow","max-snippet":"max-snippet:-1","max-image-preview":"max-image-preview:large","max-video-preview":"max-video-preview:-1"},"canonical":"https:\/\/mhthobbyracing.com.ar\/index.php\/producto\/aleron-wn-010\/","og_locale":"es_ES","og_type":"article","og_title":"Aler\u00f3n VP-PRO WN-010 - Encontralo en MHTHOBBY","og_description":"Permite que el autom\u00f3vil mantenga altas velocidades en las curvas mientras mantiene la estabilidad.El molde de inyecci\u00f3n aumenta la durabilidad,","og_url":"https:\/\/mhthobbyracing.com.ar\/index.php\/producto\/aleron-wn-010\/","og_site_name":"Racing Team","article_modified_time":"2025-12-03T15:07:58+00:00","og_image":[{"width":2400,"height":1800,"url":"https:\/\/mhthobbyracing.com.ar\/wp-content\/uploads\/2024\/09\/img2-2.png","type":"image\/png"}],"twitter_card":"summary_large_image","twitter_misc":{"Tiempo de lectura":"1 minuto"},"schema":{"@context":"https:\/\/schema.org","@graph":[{"@type":"WebPage","@id":"https:\/\/mhthobbyracing.com.ar\/index.php\/producto\/aleron-wn-010\/","url":"https:\/\/mhthobbyracing.com.ar\/index.php\/producto\/aleron-wn-010\/","name":"Aler\u00f3n VP-PRO WN-010 - Encontralo en MHTHOBBY","isPartOf":{"@id":"https:\/\/mhthobbyracing.com.ar\/#website"},"primaryImageOfPage":{"@id":"https:\/\/mhthobbyracing.com.ar\/index.php\/producto\/aleron-wn-010\/#primaryimage"},"image":{"@id":"https:\/\/mhthobbyracing.com.ar\/index.php\/producto\/aleron-wn-010\/#primaryimage"},"thumbnailUrl":"https:\/\/mhthobbyracing.com.ar\/wp-content\/uploads\/2024\/09\/img2-2.png","datePublished":"2024-09-19T02:19:54+00:00","dateModified":"2025-12-03T15:07:58+00:00","description":"Permite que el autom\u00f3vil mantenga altas velocidades en las curvas mientras mantiene la estabilidad.El molde de inyecci\u00f3n aumenta la durabilidad,","breadcrumb":{"@id":"https:\/\/mhthobbyracing.com.ar\/index.php\/producto\/aleron-wn-010\/#breadcrumb"},"inLanguage":"es-AR","potentialAction":[{"@type":"ReadAction","target":["https:\/\/mhthobbyracing.com.ar\/index.php\/producto\/aleron-wn-010\/"]}]},{"@type":"ImageObject","inLanguage":"es-AR","@id":"https:\/\/mhthobbyracing.com.ar\/index.php\/producto\/aleron-wn-010\/#primaryimage","url":"https:\/\/mhthobbyracing.com.ar\/wp-content\/uploads\/2024\/09\/img2-2.png","contentUrl":"https:\/\/mhthobbyracing.com.ar\/wp-content\/uploads\/2024\/09\/img2-2.png","width":2400,"height":1800,"caption":"WN-010-Y"},{"@type":"BreadcrumbList","@id":"https:\/\/mhthobbyracing.com.ar\/index.php\/producto\/aleron-wn-010\/#breadcrumb","itemListElement":[{"@type":"ListItem","position":1,"name":"Inicio","item":"https:\/\/mhthobbyracing.com.ar\/"},{"@type":"ListItem","position":2,"name":"Productos","item":"https:\/\/mhthobbyracing.com.ar\/index.php\/inicio\/tienda\/"},{"@type":"ListItem","position":3,"name":"Aler\u00f3n VP-PRO WN-010"}]},{"@type":"WebSite","@id":"https:\/\/mhthobbyracing.com.ar\/#website","url":"https:\/\/mhthobbyracing.com.ar\/","name":"MHT-Hobby- Racing Team","description":"Hobby Automodelismo","publisher":{"@id":"https:\/\/mhthobbyracing.com.ar\/#\/schema\/person\/a6a6ed9c2713fc1826eb2541c6a3e9d1"},"potentialAction":[{"@type":"SearchAction","target":{"@type":"EntryPoint","urlTemplate":"https:\/\/mhthobbyracing.com.ar\/?s={search_term_string}"},"query-input":{"@type":"PropertyValueSpecification","valueRequired":true,"valueName":"search_term_string"}}],"inLanguage":"es-AR"},{"@type":["Person","Organization"],"@id":"https:\/\/mhthobbyracing.com.ar\/#\/schema\/person\/a6a6ed9c2713fc1826eb2541c6a3e9d1","name":"ecomusicpm","image":{"@type":"ImageObject","inLanguage":"es-AR","@id":"https:\/\/mhthobbyracing.com.ar\/wp-content\/uploads\/2020\/05\/cropped-LOGO-MHT16523-1.png","url":"https:\/\/mhthobbyracing.com.ar\/wp-content\/uploads\/2020\/05\/cropped-LOGO-MHT16523-1.png","contentUrl":"https:\/\/mhthobbyracing.com.ar\/wp-content\/uploads\/2020\/05\/cropped-LOGO-MHT16523-1.png","width":1578,"height":564,"caption":"ecomusicpm"},"logo":{"@id":"https:\/\/mhthobbyracing.com.ar\/wp-content\/uploads\/2020\/05\/cropped-LOGO-MHT16523-1.png"},"sameAs":["http:\/\/mhthobbyracing.com.ar"]}]}},"_links":{"self":[{"href":"https:\/\/mhthobbyracing.com.ar\/index.php\/wp-json\/wp\/v2\/product\/1625","targetHints":{"allow":["GET"]}}],"collection":[{"href":"https:\/\/mhthobbyracing.com.ar\/index.php\/wp-json\/wp\/v2\/product"}],"about":[{"href":"https:\/\/mhthobbyracing.com.ar\/index.php\/wp-json\/wp\/v2\/types\/product"}],"replies":[{"embeddable":true,"href":"https:\/\/mhthobbyracing.com.ar\/index.php\/wp-json\/wp\/v2\/comments?post=1625"}],"wp:featuredmedia":[{"embeddable":true,"href":"https:\/\/mhthobbyracing.com.ar\/index.php\/wp-json\/wp\/v2\/media\/1626"}],"wp:attachment":[{"href":"https:\/\/mhthobbyracing.com.ar\/index.php\/wp-json\/wp\/v2\/media?parent=1625"}],"wp:term":[{"taxonomy":"product_brand","embeddable":true,"href":"https:\/\/mhthobbyracing.com.ar\/index.php\/wp-json\/wp\/v2\/product_brand?post=1625"},{"taxonomy":"product_cat","embeddable":true,"href":"https:\/\/mhthobbyracing.com.ar\/index.php\/wp-json\/wp\/v2\/product_cat?post=1625"},{"taxonomy":"product_tag","embeddable":true,"href":"https:\/\/mhthobbyracing.com.ar\/index.php\/wp-json\/wp\/v2\/product_tag?post=1625"}],"curies":[{"name":"wp","href":"https:\/\/api.w.org\/{rel}","templated":true}]}}