{"id":1779,"date":"2025-06-27T19:30:02","date_gmt":"2025-06-27T22:30:02","guid":{"rendered":"https:\/\/mhthobbyracing.com.ar\/?post_type=product&#038;p=1779"},"modified":"2025-12-03T12:05:05","modified_gmt":"2025-12-03T15:05:05","slug":"bateria-reedy-zappers-dr6100","status":"publish","type":"product","link":"https:\/\/mhthobbyracing.com.ar\/index.php\/producto\/bateria-reedy-zappers-dr6100\/","title":{"rendered":"Bater\u00eda Reedy Zappers DR6100"},"content":{"rendered":"<p>Bater\u00eda Reedy Zappers DR6100<\/p>\n<p>&nbsp;<\/p>\n<p><strong>Las bater\u00edas Zappers DR utilizan una qu\u00edmica LiPo de \u00faltima generaci\u00f3n<\/strong><\/p>\n<p>Las bater\u00edas Zappers DR utilizan una qu\u00edmica LiPo de \u00faltima generaci\u00f3n con avances en la construcci\u00f3n que dan como resultado una mejor potencia de salida y resistencia interna sin sacrificar la durabilidad. Reedy se esfuerza por mejorar todos los aspectos del rendimiento de la bater\u00eda en el mundo cada vez m\u00e1s popular y competitivo de las carreras de resistencia RC.<\/p>\n<p>Las bater\u00edas Zappers DR cuentan con un voltaje nominal de 3,8 V\/celda, lo que significa que la bater\u00eda se puede cargar de forma segura a 4,35 V\/celda. No es un secreto que m\u00e1s voltaje equivale a m\u00e1s potencia, por lo que no hay una manera m\u00e1s f\u00e1cil de aumentar la potencia y la velocidad m\u00e1xima que un voltaje de carga m\u00e1s alto. Pero incluso cuando se aplica el l\u00edmite de carga t\u00edpico de 8,44 V (4,22 V\/celda), los Zapper DR brillan gracias a su curva de descarga inherentemente plana, que da como resultado un voltaje m\u00e1s alto cuando se requieren m\u00faltiples pasadas entre cargas.<\/p>\n<p>Las bater\u00edas Zappers DR est\u00e1n disponibles para adaptarse a una variedad de configuraciones de chasis y a los requisitos de clase de los diferentes grupos de carreras. Para mantener la resistencia al m\u00ednimo en el robo de energ\u00eda, los modelos r\u00edgidos est\u00e1n equipados con enchufes de 5 mm (se incluyen conectores ESC macho), mientras que los modelos blandos cuentan con cables de calibre 10 y conectores XT90.<\/p>\n<p>La tecnolog\u00eda de las bater\u00edas LiPo sigue evolucionando y Reedy se ha comprometido a ofrecer un rendimiento mejorado a las masas.<\/p>\n<p>Bater\u00eda Reedy Zappers DR6100<\/p>\n","protected":false},"excerpt":{"rendered":"<p>Bater\u00eda Reedy Zappers DR6100 &nbsp; Las bater\u00edas Zappers DR utilizan una qu\u00edmica LiPo de \u00faltima generaci\u00f3n Las bater\u00edas Zappers DR utilizan una qu\u00edmica LiPo de \u00faltima generaci\u00f3n con avances en la construcci\u00f3n que dan como resultado una mejor potencia de salida y resistencia interna sin sacrificar la durabilidad. Reedy se esfuerza por mejorar todos los [&hellip;]<\/p>\n","protected":false},"featured_media":1780,"comment_status":"closed","ping_status":"closed","template":"","meta":{"site-sidebar-layout":"default","site-content-layout":"","ast-site-content-layout":"default","site-content-style":"default","site-sidebar-style":"default","ast-global-header-display":"","ast-banner-title-visibility":"","ast-main-header-display":"","ast-hfb-above-header-display":"","ast-hfb-below-header-display":"","ast-hfb-mobile-header-display":"","site-post-title":"","ast-breadcrumbs-content":"","ast-featured-img":"","footer-sml-layout":"","theme-transparent-header-meta":"default","adv-header-id-meta":"","stick-header-meta":"","header-above-stick-meta":"","header-main-stick-meta":"","header-below-stick-meta":"","astra-migrate-meta-layouts":"set","ast-page-background-enabled":"default","ast-page-background-meta":{"desktop":{"background-color":"","background-image":"","background-repeat":"repeat","background-position":"center center","background-size":"auto","background-attachment":"scroll","background-type":"","background-media":"","overlay-type":"","overlay-color":"","overlay-opacity":"","overlay-gradient":""},"tablet":{"background-color":"","background-image":"","background-repeat":"repeat","background-position":"center center","background-size":"auto","background-attachment":"scroll","background-type":"","background-media":"","overlay-type":"","overlay-color":"","overlay-opacity":"","overlay-gradient":""},"mobile":{"background-color":"","background-image":"","background-repeat":"repeat","background-position":"center center","background-size":"auto","background-attachment":"scroll","background-type":"","background-media":"","overlay-type":"","overlay-color":"","overlay-opacity":"","overlay-gradient":""}},"ast-content-background-meta":{"desktop":{"background-color":"var(--ast-global-color-5)","background-image":"","background-repeat":"repeat","background-position":"center center","background-size":"auto","background-attachment":"scroll","background-type":"","background-media":"","overlay-type":"","overlay-color":"","overlay-opacity":"","overlay-gradient":""},"tablet":{"background-color":"var(--ast-global-color-5)","background-image":"","background-repeat":"repeat","background-position":"center center","background-size":"auto","background-attachment":"scroll","background-type":"","background-media":"","overlay-type":"","overlay-color":"","overlay-opacity":"","overlay-gradient":""},"mobile":{"background-color":"var(--ast-global-color-5)","background-image":"","background-repeat":"repeat","background-position":"center center","background-size":"auto","background-attachment":"scroll","background-type":"","background-media":"","overlay-type":"","overlay-color":"","overlay-opacity":"","overlay-gradient":""}},"_joinchat":[]},"product_brand":[275],"product_cat":[29],"product_tag":[255],"class_list":{"0":"post-1779","1":"product","2":"type-product","3":"status-publish","4":"has-post-thumbnail","6":"product_brand-reedy","7":"product_cat-baterias","8":"product_tag-reedy-dr6100","9":"desktop-align-left","10":"tablet-align-left","11":"mobile-align-left","13":"first","14":"instock","15":"shipping-taxable","16":"purchasable","17":"product-type-simple"},"yoast_head":"<!-- This site is optimized with the Yoast SEO plugin v27.5 - https:\/\/yoast.com\/product\/yoast-seo-wordpress\/ -->\n<title>Bater\u00eda Reedy Zappers DR6100 - encontralas en MHTHOBBY<\/title>\n<meta name=\"description\" content=\"Bater\u00eda Reedy Zappers DR6100 - Las bater\u00edas Zappers DR est\u00e1n disponibles para adaptarse a una variedad de configuraciones de chasis .\" \/>\n<meta name=\"robots\" content=\"index, follow, max-snippet:-1, max-image-preview:large, max-video-preview:-1\" \/>\n<link rel=\"canonical\" href=\"https:\/\/mhthobbyracing.com.ar\/index.php\/producto\/bateria-reedy-zappers-dr6100\/\" \/>\n<meta property=\"og:locale\" content=\"es_ES\" \/>\n<meta property=\"og:type\" content=\"article\" \/>\n<meta property=\"og:title\" content=\"Bater\u00eda Reedy Zappers DR6100 - encontralas en MHTHOBBY\" \/>\n<meta property=\"og:description\" content=\"Bater\u00eda Reedy Zappers DR6100 - Las bater\u00edas Zappers DR est\u00e1n disponibles para adaptarse a una variedad de configuraciones de chasis .\" \/>\n<meta property=\"og:url\" content=\"https:\/\/mhthobbyracing.com.ar\/index.php\/producto\/bateria-reedy-zappers-dr6100\/\" \/>\n<meta property=\"og:site_name\" content=\"Racing Team\" \/>\n<meta property=\"article:modified_time\" content=\"2025-12-03T15:05:05+00:00\" \/>\n<meta property=\"og:image\" content=\"https:\/\/mhthobbyracing.com.ar\/wp-content\/uploads\/2025\/06\/27374_lg.jpg\" \/>\n\t<meta property=\"og:image:width\" content=\"1500\" \/>\n\t<meta property=\"og:image:height\" content=\"1225\" \/>\n\t<meta property=\"og:image:type\" content=\"image\/jpeg\" \/>\n<meta name=\"twitter:card\" content=\"summary_large_image\" \/>\n<meta name=\"twitter:label1\" content=\"Tiempo de lectura\" \/>\n\t<meta name=\"twitter:data1\" content=\"2 minutos\" \/>\n<script type=\"application\/ld+json\" class=\"yoast-schema-graph\">{\"@context\":\"https:\\\/\\\/schema.org\",\"@graph\":[{\"@type\":\"WebPage\",\"@id\":\"https:\\\/\\\/mhthobbyracing.com.ar\\\/index.php\\\/producto\\\/bateria-reedy-zappers-dr6100\\\/\",\"url\":\"https:\\\/\\\/mhthobbyracing.com.ar\\\/index.php\\\/producto\\\/bateria-reedy-zappers-dr6100\\\/\",\"name\":\"Bater\u00eda Reedy Zappers DR6100 - encontralas en MHTHOBBY\",\"isPartOf\":{\"@id\":\"https:\\\/\\\/mhthobbyracing.com.ar\\\/#website\"},\"primaryImageOfPage\":{\"@id\":\"https:\\\/\\\/mhthobbyracing.com.ar\\\/index.php\\\/producto\\\/bateria-reedy-zappers-dr6100\\\/#primaryimage\"},\"image\":{\"@id\":\"https:\\\/\\\/mhthobbyracing.com.ar\\\/index.php\\\/producto\\\/bateria-reedy-zappers-dr6100\\\/#primaryimage\"},\"thumbnailUrl\":\"https:\\\/\\\/mhthobbyracing.com.ar\\\/wp-content\\\/uploads\\\/2025\\\/06\\\/27374_lg.jpg\",\"datePublished\":\"2025-06-27T22:30:02+00:00\",\"dateModified\":\"2025-12-03T15:05:05+00:00\",\"description\":\"Bater\u00eda Reedy Zappers DR6100 - Las bater\u00edas Zappers DR est\u00e1n disponibles para adaptarse a una variedad de configuraciones de chasis .\",\"breadcrumb\":{\"@id\":\"https:\\\/\\\/mhthobbyracing.com.ar\\\/index.php\\\/producto\\\/bateria-reedy-zappers-dr6100\\\/#breadcrumb\"},\"inLanguage\":\"es-AR\",\"potentialAction\":[{\"@type\":\"ReadAction\",\"target\":[\"https:\\\/\\\/mhthobbyracing.com.ar\\\/index.php\\\/producto\\\/bateria-reedy-zappers-dr6100\\\/\"]}]},{\"@type\":\"ImageObject\",\"inLanguage\":\"es-AR\",\"@id\":\"https:\\\/\\\/mhthobbyracing.com.ar\\\/index.php\\\/producto\\\/bateria-reedy-zappers-dr6100\\\/#primaryimage\",\"url\":\"https:\\\/\\\/mhthobbyracing.com.ar\\\/wp-content\\\/uploads\\\/2025\\\/06\\\/27374_lg.jpg\",\"contentUrl\":\"https:\\\/\\\/mhthobbyracing.com.ar\\\/wp-content\\\/uploads\\\/2025\\\/06\\\/27374_lg.jpg\",\"width\":1500,\"height\":1225},{\"@type\":\"BreadcrumbList\",\"@id\":\"https:\\\/\\\/mhthobbyracing.com.ar\\\/index.php\\\/producto\\\/bateria-reedy-zappers-dr6100\\\/#breadcrumb\",\"itemListElement\":[{\"@type\":\"ListItem\",\"position\":1,\"name\":\"Inicio\",\"item\":\"https:\\\/\\\/mhthobbyracing.com.ar\\\/\"},{\"@type\":\"ListItem\",\"position\":2,\"name\":\"Productos\",\"item\":\"https:\\\/\\\/mhthobbyracing.com.ar\\\/index.php\\\/inicio\\\/tienda\\\/\"},{\"@type\":\"ListItem\",\"position\":3,\"name\":\"Bater\u00eda Reedy Zappers DR6100\"}]},{\"@type\":\"WebSite\",\"@id\":\"https:\\\/\\\/mhthobbyracing.com.ar\\\/#website\",\"url\":\"https:\\\/\\\/mhthobbyracing.com.ar\\\/\",\"name\":\"MHT-Hobby- Racing Team\",\"description\":\"Hobby Automodelismo\",\"publisher\":{\"@id\":\"https:\\\/\\\/mhthobbyracing.com.ar\\\/#\\\/schema\\\/person\\\/a6a6ed9c2713fc1826eb2541c6a3e9d1\"},\"potentialAction\":[{\"@type\":\"SearchAction\",\"target\":{\"@type\":\"EntryPoint\",\"urlTemplate\":\"https:\\\/\\\/mhthobbyracing.com.ar\\\/?s={search_term_string}\"},\"query-input\":{\"@type\":\"PropertyValueSpecification\",\"valueRequired\":true,\"valueName\":\"search_term_string\"}}],\"inLanguage\":\"es-AR\"},{\"@type\":[\"Person\",\"Organization\"],\"@id\":\"https:\\\/\\\/mhthobbyracing.com.ar\\\/#\\\/schema\\\/person\\\/a6a6ed9c2713fc1826eb2541c6a3e9d1\",\"name\":\"ecomusicpm\",\"image\":{\"@type\":\"ImageObject\",\"inLanguage\":\"es-AR\",\"@id\":\"https:\\\/\\\/mhthobbyracing.com.ar\\\/wp-content\\\/uploads\\\/2020\\\/05\\\/cropped-LOGO-MHT16523-1.png\",\"url\":\"https:\\\/\\\/mhthobbyracing.com.ar\\\/wp-content\\\/uploads\\\/2020\\\/05\\\/cropped-LOGO-MHT16523-1.png\",\"contentUrl\":\"https:\\\/\\\/mhthobbyracing.com.ar\\\/wp-content\\\/uploads\\\/2020\\\/05\\\/cropped-LOGO-MHT16523-1.png\",\"width\":1578,\"height\":564,\"caption\":\"ecomusicpm\"},\"logo\":{\"@id\":\"https:\\\/\\\/mhthobbyracing.com.ar\\\/wp-content\\\/uploads\\\/2020\\\/05\\\/cropped-LOGO-MHT16523-1.png\"},\"sameAs\":[\"http:\\\/\\\/mhthobbyracing.com.ar\"]}]}<\/script>\n<!-- \/ Yoast SEO plugin. -->","yoast_head_json":{"title":"Bater\u00eda Reedy Zappers DR6100 - encontralas en MHTHOBBY","description":"Bater\u00eda Reedy Zappers DR6100 - Las bater\u00edas Zappers DR est\u00e1n disponibles para adaptarse a una variedad de configuraciones de chasis .","robots":{"index":"index","follow":"follow","max-snippet":"max-snippet:-1","max-image-preview":"max-image-preview:large","max-video-preview":"max-video-preview:-1"},"canonical":"https:\/\/mhthobbyracing.com.ar\/index.php\/producto\/bateria-reedy-zappers-dr6100\/","og_locale":"es_ES","og_type":"article","og_title":"Bater\u00eda Reedy Zappers DR6100 - encontralas en MHTHOBBY","og_description":"Bater\u00eda Reedy Zappers DR6100 - Las bater\u00edas Zappers DR est\u00e1n disponibles para adaptarse a una variedad de configuraciones de chasis .","og_url":"https:\/\/mhthobbyracing.com.ar\/index.php\/producto\/bateria-reedy-zappers-dr6100\/","og_site_name":"Racing Team","article_modified_time":"2025-12-03T15:05:05+00:00","og_image":[{"width":1500,"height":1225,"url":"https:\/\/mhthobbyracing.com.ar\/wp-content\/uploads\/2025\/06\/27374_lg.jpg","type":"image\/jpeg"}],"twitter_card":"summary_large_image","twitter_misc":{"Tiempo de lectura":"2 minutos"},"schema":{"@context":"https:\/\/schema.org","@graph":[{"@type":"WebPage","@id":"https:\/\/mhthobbyracing.com.ar\/index.php\/producto\/bateria-reedy-zappers-dr6100\/","url":"https:\/\/mhthobbyracing.com.ar\/index.php\/producto\/bateria-reedy-zappers-dr6100\/","name":"Bater\u00eda Reedy Zappers DR6100 - encontralas en MHTHOBBY","isPartOf":{"@id":"https:\/\/mhthobbyracing.com.ar\/#website"},"primaryImageOfPage":{"@id":"https:\/\/mhthobbyracing.com.ar\/index.php\/producto\/bateria-reedy-zappers-dr6100\/#primaryimage"},"image":{"@id":"https:\/\/mhthobbyracing.com.ar\/index.php\/producto\/bateria-reedy-zappers-dr6100\/#primaryimage"},"thumbnailUrl":"https:\/\/mhthobbyracing.com.ar\/wp-content\/uploads\/2025\/06\/27374_lg.jpg","datePublished":"2025-06-27T22:30:02+00:00","dateModified":"2025-12-03T15:05:05+00:00","description":"Bater\u00eda Reedy Zappers DR6100 - Las bater\u00edas Zappers DR est\u00e1n disponibles para adaptarse a una variedad de configuraciones de chasis .","breadcrumb":{"@id":"https:\/\/mhthobbyracing.com.ar\/index.php\/producto\/bateria-reedy-zappers-dr6100\/#breadcrumb"},"inLanguage":"es-AR","potentialAction":[{"@type":"ReadAction","target":["https:\/\/mhthobbyracing.com.ar\/index.php\/producto\/bateria-reedy-zappers-dr6100\/"]}]},{"@type":"ImageObject","inLanguage":"es-AR","@id":"https:\/\/mhthobbyracing.com.ar\/index.php\/producto\/bateria-reedy-zappers-dr6100\/#primaryimage","url":"https:\/\/mhthobbyracing.com.ar\/wp-content\/uploads\/2025\/06\/27374_lg.jpg","contentUrl":"https:\/\/mhthobbyracing.com.ar\/wp-content\/uploads\/2025\/06\/27374_lg.jpg","width":1500,"height":1225},{"@type":"BreadcrumbList","@id":"https:\/\/mhthobbyracing.com.ar\/index.php\/producto\/bateria-reedy-zappers-dr6100\/#breadcrumb","itemListElement":[{"@type":"ListItem","position":1,"name":"Inicio","item":"https:\/\/mhthobbyracing.com.ar\/"},{"@type":"ListItem","position":2,"name":"Productos","item":"https:\/\/mhthobbyracing.com.ar\/index.php\/inicio\/tienda\/"},{"@type":"ListItem","position":3,"name":"Bater\u00eda Reedy Zappers DR6100"}]},{"@type":"WebSite","@id":"https:\/\/mhthobbyracing.com.ar\/#website","url":"https:\/\/mhthobbyracing.com.ar\/","name":"MHT-Hobby- Racing Team","description":"Hobby Automodelismo","publisher":{"@id":"https:\/\/mhthobbyracing.com.ar\/#\/schema\/person\/a6a6ed9c2713fc1826eb2541c6a3e9d1"},"potentialAction":[{"@type":"SearchAction","target":{"@type":"EntryPoint","urlTemplate":"https:\/\/mhthobbyracing.com.ar\/?s={search_term_string}"},"query-input":{"@type":"PropertyValueSpecification","valueRequired":true,"valueName":"search_term_string"}}],"inLanguage":"es-AR"},{"@type":["Person","Organization"],"@id":"https:\/\/mhthobbyracing.com.ar\/#\/schema\/person\/a6a6ed9c2713fc1826eb2541c6a3e9d1","name":"ecomusicpm","image":{"@type":"ImageObject","inLanguage":"es-AR","@id":"https:\/\/mhthobbyracing.com.ar\/wp-content\/uploads\/2020\/05\/cropped-LOGO-MHT16523-1.png","url":"https:\/\/mhthobbyracing.com.ar\/wp-content\/uploads\/2020\/05\/cropped-LOGO-MHT16523-1.png","contentUrl":"https:\/\/mhthobbyracing.com.ar\/wp-content\/uploads\/2020\/05\/cropped-LOGO-MHT16523-1.png","width":1578,"height":564,"caption":"ecomusicpm"},"logo":{"@id":"https:\/\/mhthobbyracing.com.ar\/wp-content\/uploads\/2020\/05\/cropped-LOGO-MHT16523-1.png"},"sameAs":["http:\/\/mhthobbyracing.com.ar"]}]}},"_links":{"self":[{"href":"https:\/\/mhthobbyracing.com.ar\/index.php\/wp-json\/wp\/v2\/product\/1779","targetHints":{"allow":["GET"]}}],"collection":[{"href":"https:\/\/mhthobbyracing.com.ar\/index.php\/wp-json\/wp\/v2\/product"}],"about":[{"href":"https:\/\/mhthobbyracing.com.ar\/index.php\/wp-json\/wp\/v2\/types\/product"}],"replies":[{"embeddable":true,"href":"https:\/\/mhthobbyracing.com.ar\/index.php\/wp-json\/wp\/v2\/comments?post=1779"}],"wp:featuredmedia":[{"embeddable":true,"href":"https:\/\/mhthobbyracing.com.ar\/index.php\/wp-json\/wp\/v2\/media\/1780"}],"wp:attachment":[{"href":"https:\/\/mhthobbyracing.com.ar\/index.php\/wp-json\/wp\/v2\/media?parent=1779"}],"wp:term":[{"taxonomy":"product_brand","embeddable":true,"href":"https:\/\/mhthobbyracing.com.ar\/index.php\/wp-json\/wp\/v2\/product_brand?post=1779"},{"taxonomy":"product_cat","embeddable":true,"href":"https:\/\/mhthobbyracing.com.ar\/index.php\/wp-json\/wp\/v2\/product_cat?post=1779"},{"taxonomy":"product_tag","embeddable":true,"href":"https:\/\/mhthobbyracing.com.ar\/index.php\/wp-json\/wp\/v2\/product_tag?post=1779"}],"curies":[{"name":"wp","href":"https:\/\/api.w.org\/{rel}","templated":true}]}}