{"id":1781,"date":"2025-06-27T19:47:45","date_gmt":"2025-06-27T22:47:45","guid":{"rendered":"https:\/\/mhthobbyracing.com.ar\/?post_type=product&#038;p=1781"},"modified":"2025-12-03T12:04:52","modified_gmt":"2025-12-03T15:04:52","slug":"zappers-sg6-8200mah-135c-7-6v","status":"publish","type":"product","link":"https:\/\/mhthobbyracing.com.ar\/index.php\/producto\/zappers-sg6-8200mah-135c-7-6v\/","title":{"rendered":"Zappers SG6 8200mAh 135C 7.6V"},"content":{"rendered":"<h5>Zappers SG6 8200mAh 135C 7.6V<\/h5>\n<p>Las bater\u00edas Zappers SG6 8200 AH 135c 7.6v -HV-LiPo de Reedy incorporan nuevos avances en la fabricaci\u00f3n y construcci\u00f3n de celdas para mejorar la potencia de salida, reducir la resistencia interna y aumentar la durabilidad. Reedy se esfuerza por mejorar todos los aspectos del rendimiento de la bater\u00eda en el mundo cada vez m\u00e1s competitivo de las carreras de autos R\/C.<\/p>\n<p>Las bater\u00edas Zappers SG6 HV-LiPo cuentan con un voltaje nominal de 3,8 V\/celda, lo que significa que la bater\u00eda se puede cargar de forma segura a 4,35 V\/celda. Esto puede ser \u00fatil en aplicaciones como eBuggy 1:8, donde la potencia m\u00e1xima de salida y el tiempo de ejecuci\u00f3n son cr\u00edticos. Incluso cuando se aplica el l\u00edmite de carga t\u00edpico de 8,40-8,44 V (4,2-4,22 V\/celda), la curva de descarga inherentemente plana del SG6 da como resultado un voltaje m\u00e1s alto m\u00e1s profundo en la carrera y una salida de potencia m\u00e1s consistente de principio a fin.<\/p>\n<p>Las bater\u00edas Zappers SG6 est\u00e1n disponibles en nueve configuraciones para una variedad de aplicaciones en carretera y fuera de ella. Un estuche r\u00edgido duradero y de alta calidad ayuda a prevenir da\u00f1os, mientras que los conectores de enchufe integrados mantienen la resistencia al m\u00ednimo en el robo de energ\u00eda. \u00a1Los conectores ESC macho est\u00e1n incluidos!<\/p>\n<p>La tecnolog\u00eda de las bater\u00edas LiPo sigue evolucionando y Reedy se ha comprometido a ofrecer un rendimiento mejorado a las masas.<\/p>\n<h5>Zappers SG6 8200mAh 135C 7.6V<\/h5>\n<p>&nbsp;<\/p>\n<p>Visit\u00e1:<a href=\"https:\/\/portal.associatedelectrics.com\/reedy\/parts\/details\/27600-ASC27600-zappers_sg6_8200mah_135c_7_6v_stick\/\">https:\/\/portal.associatedelectrics.com\/reedy\/parts\/details\/27600-ASC27600-zappers_sg6_8200mah_135c_7_6v_stick\/<\/a><\/p>\n<p>Te puede interesar:<a href=\"https:\/\/mhthobbyracing.com.ar\/index.php\/categoria-producto\/electronica\/intercomunicadores\/\">https:\/\/mhthobbyracing.com.ar\/index.php\/categoria-producto\/electronica\/intercomunicadores\/<\/a><\/p>\n<h5><\/h5>\n<p>&nbsp;<\/p>\n<p>&nbsp;<\/p>\n","protected":false},"excerpt":{"rendered":"<p>Zappers SG6 8200mAh 135C 7.6V Las bater\u00edas Zappers SG6 8200 AH 135c 7.6v -HV-LiPo de Reedy incorporan nuevos avances en la fabricaci\u00f3n y construcci\u00f3n de celdas para mejorar la potencia de salida, reducir la resistencia interna y aumentar la durabilidad. Reedy se esfuerza por mejorar todos los aspectos del rendimiento de la bater\u00eda en el [&hellip;]<\/p>\n","protected":false},"featured_media":1782,"comment_status":"closed","ping_status":"closed","template":"","meta":{"site-sidebar-layout":"default","site-content-layout":"","ast-site-content-layout":"default","site-content-style":"default","site-sidebar-style":"default","ast-global-header-display":"","ast-banner-title-visibility":"","ast-main-header-display":"","ast-hfb-above-header-display":"","ast-hfb-below-header-display":"","ast-hfb-mobile-header-display":"","site-post-title":"","ast-breadcrumbs-content":"","ast-featured-img":"","footer-sml-layout":"","theme-transparent-header-meta":"default","adv-header-id-meta":"","stick-header-meta":"","header-above-stick-meta":"","header-main-stick-meta":"","header-below-stick-meta":"","astra-migrate-meta-layouts":"set","ast-page-background-enabled":"default","ast-page-background-meta":{"desktop":{"background-color":"","background-image":"","background-repeat":"repeat","background-position":"center center","background-size":"auto","background-attachment":"scroll","background-type":"","background-media":"","overlay-type":"","overlay-color":"","overlay-opacity":"","overlay-gradient":""},"tablet":{"background-color":"","background-image":"","background-repeat":"repeat","background-position":"center center","background-size":"auto","background-attachment":"scroll","background-type":"","background-media":"","overlay-type":"","overlay-color":"","overlay-opacity":"","overlay-gradient":""},"mobile":{"background-color":"","background-image":"","background-repeat":"repeat","background-position":"center center","background-size":"auto","background-attachment":"scroll","background-type":"","background-media":"","overlay-type":"","overlay-color":"","overlay-opacity":"","overlay-gradient":""}},"ast-content-background-meta":{"desktop":{"background-color":"var(--ast-global-color-5)","background-image":"","background-repeat":"repeat","background-position":"center center","background-size":"auto","background-attachment":"scroll","background-type":"","background-media":"","overlay-type":"","overlay-color":"","overlay-opacity":"","overlay-gradient":""},"tablet":{"background-color":"var(--ast-global-color-5)","background-image":"","background-repeat":"repeat","background-position":"center center","background-size":"auto","background-attachment":"scroll","background-type":"","background-media":"","overlay-type":"","overlay-color":"","overlay-opacity":"","overlay-gradient":""},"mobile":{"background-color":"var(--ast-global-color-5)","background-image":"","background-repeat":"repeat","background-position":"center center","background-size":"auto","background-attachment":"scroll","background-type":"","background-media":"","overlay-type":"","overlay-color":"","overlay-opacity":"","overlay-gradient":""}},"_joinchat":[]},"product_brand":[275],"product_cat":[29],"product_tag":[256],"class_list":{"0":"post-1781","1":"product","2":"type-product","3":"status-publish","4":"has-post-thumbnail","6":"product_brand-reedy","7":"product_cat-baterias","8":"product_tag-zappers-sg6-8200","9":"desktop-align-left","10":"tablet-align-left","11":"mobile-align-left","13":"first","14":"instock","15":"shipping-taxable","16":"purchasable","17":"product-type-simple"},"yoast_head":"<!-- This site is optimized with the Yoast SEO plugin v27.5 - https:\/\/yoast.com\/product\/yoast-seo-wordpress\/ -->\n<title>Zappers SG6 8200mAh 135C 7.6V -MHTHOBBY<\/title>\n<meta name=\"description\" content=\"Zappers SG6 8200mAh 135C 7.6V - Zappers SG6 est\u00e1n disponibles en nueve configuraciones para una variedad de aplicaciones en carretera y fuera de ella\" \/>\n<meta name=\"robots\" content=\"index, follow, max-snippet:-1, max-image-preview:large, max-video-preview:-1\" \/>\n<link rel=\"canonical\" href=\"https:\/\/mhthobbyracing.com.ar\/index.php\/producto\/zappers-sg6-8200mah-135c-7-6v\/\" \/>\n<meta property=\"og:locale\" content=\"es_ES\" \/>\n<meta property=\"og:type\" content=\"article\" \/>\n<meta property=\"og:title\" content=\"Zappers SG6 8200mAh 135C 7.6V -MHTHOBBY\" \/>\n<meta property=\"og:description\" content=\"Zappers SG6 8200mAh 135C 7.6V - Zappers SG6 est\u00e1n disponibles en nueve configuraciones para una variedad de aplicaciones en carretera y fuera de ella\" \/>\n<meta property=\"og:url\" content=\"https:\/\/mhthobbyracing.com.ar\/index.php\/producto\/zappers-sg6-8200mah-135c-7-6v\/\" \/>\n<meta property=\"og:site_name\" content=\"Racing Team\" \/>\n<meta property=\"article:modified_time\" content=\"2025-12-03T15:04:52+00:00\" \/>\n<meta property=\"og:image\" content=\"https:\/\/mhthobbyracing.com.ar\/wp-content\/uploads\/2025\/06\/27600_md.jpg\" \/>\n\t<meta property=\"og:image:width\" content=\"500\" \/>\n\t<meta property=\"og:image:height\" content=\"500\" \/>\n\t<meta property=\"og:image:type\" content=\"image\/jpeg\" \/>\n<meta name=\"twitter:card\" content=\"summary_large_image\" \/>\n<meta name=\"twitter:label1\" content=\"Tiempo de lectura\" \/>\n\t<meta name=\"twitter:data1\" content=\"2 minutos\" \/>\n<script type=\"application\/ld+json\" class=\"yoast-schema-graph\">{\"@context\":\"https:\\\/\\\/schema.org\",\"@graph\":[{\"@type\":\"WebPage\",\"@id\":\"https:\\\/\\\/mhthobbyracing.com.ar\\\/index.php\\\/producto\\\/zappers-sg6-8200mah-135c-7-6v\\\/\",\"url\":\"https:\\\/\\\/mhthobbyracing.com.ar\\\/index.php\\\/producto\\\/zappers-sg6-8200mah-135c-7-6v\\\/\",\"name\":\"Zappers SG6 8200mAh 135C 7.6V -MHTHOBBY\",\"isPartOf\":{\"@id\":\"https:\\\/\\\/mhthobbyracing.com.ar\\\/#website\"},\"primaryImageOfPage\":{\"@id\":\"https:\\\/\\\/mhthobbyracing.com.ar\\\/index.php\\\/producto\\\/zappers-sg6-8200mah-135c-7-6v\\\/#primaryimage\"},\"image\":{\"@id\":\"https:\\\/\\\/mhthobbyracing.com.ar\\\/index.php\\\/producto\\\/zappers-sg6-8200mah-135c-7-6v\\\/#primaryimage\"},\"thumbnailUrl\":\"https:\\\/\\\/mhthobbyracing.com.ar\\\/wp-content\\\/uploads\\\/2025\\\/06\\\/27600_md.jpg\",\"datePublished\":\"2025-06-27T22:47:45+00:00\",\"dateModified\":\"2025-12-03T15:04:52+00:00\",\"description\":\"Zappers SG6 8200mAh 135C 7.6V - Zappers SG6 est\u00e1n disponibles en nueve configuraciones para una variedad de aplicaciones en carretera y fuera de ella\",\"breadcrumb\":{\"@id\":\"https:\\\/\\\/mhthobbyracing.com.ar\\\/index.php\\\/producto\\\/zappers-sg6-8200mah-135c-7-6v\\\/#breadcrumb\"},\"inLanguage\":\"es-AR\",\"potentialAction\":[{\"@type\":\"ReadAction\",\"target\":[\"https:\\\/\\\/mhthobbyracing.com.ar\\\/index.php\\\/producto\\\/zappers-sg6-8200mah-135c-7-6v\\\/\"]}]},{\"@type\":\"ImageObject\",\"inLanguage\":\"es-AR\",\"@id\":\"https:\\\/\\\/mhthobbyracing.com.ar\\\/index.php\\\/producto\\\/zappers-sg6-8200mah-135c-7-6v\\\/#primaryimage\",\"url\":\"https:\\\/\\\/mhthobbyracing.com.ar\\\/wp-content\\\/uploads\\\/2025\\\/06\\\/27600_md.jpg\",\"contentUrl\":\"https:\\\/\\\/mhthobbyracing.com.ar\\\/wp-content\\\/uploads\\\/2025\\\/06\\\/27600_md.jpg\",\"width\":500,\"height\":500},{\"@type\":\"BreadcrumbList\",\"@id\":\"https:\\\/\\\/mhthobbyracing.com.ar\\\/index.php\\\/producto\\\/zappers-sg6-8200mah-135c-7-6v\\\/#breadcrumb\",\"itemListElement\":[{\"@type\":\"ListItem\",\"position\":1,\"name\":\"Inicio\",\"item\":\"https:\\\/\\\/mhthobbyracing.com.ar\\\/\"},{\"@type\":\"ListItem\",\"position\":2,\"name\":\"Productos\",\"item\":\"https:\\\/\\\/mhthobbyracing.com.ar\\\/index.php\\\/inicio\\\/tienda\\\/\"},{\"@type\":\"ListItem\",\"position\":3,\"name\":\"Zappers SG6 8200mAh 135C 7.6V\"}]},{\"@type\":\"WebSite\",\"@id\":\"https:\\\/\\\/mhthobbyracing.com.ar\\\/#website\",\"url\":\"https:\\\/\\\/mhthobbyracing.com.ar\\\/\",\"name\":\"MHT-Hobby- Racing Team\",\"description\":\"Hobby Automodelismo\",\"publisher\":{\"@id\":\"https:\\\/\\\/mhthobbyracing.com.ar\\\/#\\\/schema\\\/person\\\/a6a6ed9c2713fc1826eb2541c6a3e9d1\"},\"potentialAction\":[{\"@type\":\"SearchAction\",\"target\":{\"@type\":\"EntryPoint\",\"urlTemplate\":\"https:\\\/\\\/mhthobbyracing.com.ar\\\/?s={search_term_string}\"},\"query-input\":{\"@type\":\"PropertyValueSpecification\",\"valueRequired\":true,\"valueName\":\"search_term_string\"}}],\"inLanguage\":\"es-AR\"},{\"@type\":[\"Person\",\"Organization\"],\"@id\":\"https:\\\/\\\/mhthobbyracing.com.ar\\\/#\\\/schema\\\/person\\\/a6a6ed9c2713fc1826eb2541c6a3e9d1\",\"name\":\"ecomusicpm\",\"image\":{\"@type\":\"ImageObject\",\"inLanguage\":\"es-AR\",\"@id\":\"https:\\\/\\\/mhthobbyracing.com.ar\\\/wp-content\\\/uploads\\\/2020\\\/05\\\/cropped-LOGO-MHT16523-1.png\",\"url\":\"https:\\\/\\\/mhthobbyracing.com.ar\\\/wp-content\\\/uploads\\\/2020\\\/05\\\/cropped-LOGO-MHT16523-1.png\",\"contentUrl\":\"https:\\\/\\\/mhthobbyracing.com.ar\\\/wp-content\\\/uploads\\\/2020\\\/05\\\/cropped-LOGO-MHT16523-1.png\",\"width\":1578,\"height\":564,\"caption\":\"ecomusicpm\"},\"logo\":{\"@id\":\"https:\\\/\\\/mhthobbyracing.com.ar\\\/wp-content\\\/uploads\\\/2020\\\/05\\\/cropped-LOGO-MHT16523-1.png\"},\"sameAs\":[\"http:\\\/\\\/mhthobbyracing.com.ar\"]}]}<\/script>\n<!-- \/ Yoast SEO plugin. -->","yoast_head_json":{"title":"Zappers SG6 8200mAh 135C 7.6V -MHTHOBBY","description":"Zappers SG6 8200mAh 135C 7.6V - Zappers SG6 est\u00e1n disponibles en nueve configuraciones para una variedad de aplicaciones en carretera y fuera de ella","robots":{"index":"index","follow":"follow","max-snippet":"max-snippet:-1","max-image-preview":"max-image-preview:large","max-video-preview":"max-video-preview:-1"},"canonical":"https:\/\/mhthobbyracing.com.ar\/index.php\/producto\/zappers-sg6-8200mah-135c-7-6v\/","og_locale":"es_ES","og_type":"article","og_title":"Zappers SG6 8200mAh 135C 7.6V -MHTHOBBY","og_description":"Zappers SG6 8200mAh 135C 7.6V - Zappers SG6 est\u00e1n disponibles en nueve configuraciones para una variedad de aplicaciones en carretera y fuera de ella","og_url":"https:\/\/mhthobbyracing.com.ar\/index.php\/producto\/zappers-sg6-8200mah-135c-7-6v\/","og_site_name":"Racing Team","article_modified_time":"2025-12-03T15:04:52+00:00","og_image":[{"width":500,"height":500,"url":"https:\/\/mhthobbyracing.com.ar\/wp-content\/uploads\/2025\/06\/27600_md.jpg","type":"image\/jpeg"}],"twitter_card":"summary_large_image","twitter_misc":{"Tiempo de lectura":"2 minutos"},"schema":{"@context":"https:\/\/schema.org","@graph":[{"@type":"WebPage","@id":"https:\/\/mhthobbyracing.com.ar\/index.php\/producto\/zappers-sg6-8200mah-135c-7-6v\/","url":"https:\/\/mhthobbyracing.com.ar\/index.php\/producto\/zappers-sg6-8200mah-135c-7-6v\/","name":"Zappers SG6 8200mAh 135C 7.6V -MHTHOBBY","isPartOf":{"@id":"https:\/\/mhthobbyracing.com.ar\/#website"},"primaryImageOfPage":{"@id":"https:\/\/mhthobbyracing.com.ar\/index.php\/producto\/zappers-sg6-8200mah-135c-7-6v\/#primaryimage"},"image":{"@id":"https:\/\/mhthobbyracing.com.ar\/index.php\/producto\/zappers-sg6-8200mah-135c-7-6v\/#primaryimage"},"thumbnailUrl":"https:\/\/mhthobbyracing.com.ar\/wp-content\/uploads\/2025\/06\/27600_md.jpg","datePublished":"2025-06-27T22:47:45+00:00","dateModified":"2025-12-03T15:04:52+00:00","description":"Zappers SG6 8200mAh 135C 7.6V - Zappers SG6 est\u00e1n disponibles en nueve configuraciones para una variedad de aplicaciones en carretera y fuera de ella","breadcrumb":{"@id":"https:\/\/mhthobbyracing.com.ar\/index.php\/producto\/zappers-sg6-8200mah-135c-7-6v\/#breadcrumb"},"inLanguage":"es-AR","potentialAction":[{"@type":"ReadAction","target":["https:\/\/mhthobbyracing.com.ar\/index.php\/producto\/zappers-sg6-8200mah-135c-7-6v\/"]}]},{"@type":"ImageObject","inLanguage":"es-AR","@id":"https:\/\/mhthobbyracing.com.ar\/index.php\/producto\/zappers-sg6-8200mah-135c-7-6v\/#primaryimage","url":"https:\/\/mhthobbyracing.com.ar\/wp-content\/uploads\/2025\/06\/27600_md.jpg","contentUrl":"https:\/\/mhthobbyracing.com.ar\/wp-content\/uploads\/2025\/06\/27600_md.jpg","width":500,"height":500},{"@type":"BreadcrumbList","@id":"https:\/\/mhthobbyracing.com.ar\/index.php\/producto\/zappers-sg6-8200mah-135c-7-6v\/#breadcrumb","itemListElement":[{"@type":"ListItem","position":1,"name":"Inicio","item":"https:\/\/mhthobbyracing.com.ar\/"},{"@type":"ListItem","position":2,"name":"Productos","item":"https:\/\/mhthobbyracing.com.ar\/index.php\/inicio\/tienda\/"},{"@type":"ListItem","position":3,"name":"Zappers SG6 8200mAh 135C 7.6V"}]},{"@type":"WebSite","@id":"https:\/\/mhthobbyracing.com.ar\/#website","url":"https:\/\/mhthobbyracing.com.ar\/","name":"MHT-Hobby- Racing Team","description":"Hobby Automodelismo","publisher":{"@id":"https:\/\/mhthobbyracing.com.ar\/#\/schema\/person\/a6a6ed9c2713fc1826eb2541c6a3e9d1"},"potentialAction":[{"@type":"SearchAction","target":{"@type":"EntryPoint","urlTemplate":"https:\/\/mhthobbyracing.com.ar\/?s={search_term_string}"},"query-input":{"@type":"PropertyValueSpecification","valueRequired":true,"valueName":"search_term_string"}}],"inLanguage":"es-AR"},{"@type":["Person","Organization"],"@id":"https:\/\/mhthobbyracing.com.ar\/#\/schema\/person\/a6a6ed9c2713fc1826eb2541c6a3e9d1","name":"ecomusicpm","image":{"@type":"ImageObject","inLanguage":"es-AR","@id":"https:\/\/mhthobbyracing.com.ar\/wp-content\/uploads\/2020\/05\/cropped-LOGO-MHT16523-1.png","url":"https:\/\/mhthobbyracing.com.ar\/wp-content\/uploads\/2020\/05\/cropped-LOGO-MHT16523-1.png","contentUrl":"https:\/\/mhthobbyracing.com.ar\/wp-content\/uploads\/2020\/05\/cropped-LOGO-MHT16523-1.png","width":1578,"height":564,"caption":"ecomusicpm"},"logo":{"@id":"https:\/\/mhthobbyracing.com.ar\/wp-content\/uploads\/2020\/05\/cropped-LOGO-MHT16523-1.png"},"sameAs":["http:\/\/mhthobbyracing.com.ar"]}]}},"_links":{"self":[{"href":"https:\/\/mhthobbyracing.com.ar\/index.php\/wp-json\/wp\/v2\/product\/1781","targetHints":{"allow":["GET"]}}],"collection":[{"href":"https:\/\/mhthobbyracing.com.ar\/index.php\/wp-json\/wp\/v2\/product"}],"about":[{"href":"https:\/\/mhthobbyracing.com.ar\/index.php\/wp-json\/wp\/v2\/types\/product"}],"replies":[{"embeddable":true,"href":"https:\/\/mhthobbyracing.com.ar\/index.php\/wp-json\/wp\/v2\/comments?post=1781"}],"wp:featuredmedia":[{"embeddable":true,"href":"https:\/\/mhthobbyracing.com.ar\/index.php\/wp-json\/wp\/v2\/media\/1782"}],"wp:attachment":[{"href":"https:\/\/mhthobbyracing.com.ar\/index.php\/wp-json\/wp\/v2\/media?parent=1781"}],"wp:term":[{"taxonomy":"product_brand","embeddable":true,"href":"https:\/\/mhthobbyracing.com.ar\/index.php\/wp-json\/wp\/v2\/product_brand?post=1781"},{"taxonomy":"product_cat","embeddable":true,"href":"https:\/\/mhthobbyracing.com.ar\/index.php\/wp-json\/wp\/v2\/product_cat?post=1781"},{"taxonomy":"product_tag","embeddable":true,"href":"https:\/\/mhthobbyracing.com.ar\/index.php\/wp-json\/wp\/v2\/product_tag?post=1781"}],"curies":[{"name":"wp","href":"https:\/\/api.w.org\/{rel}","templated":true}]}}