{"id":1783,"date":"2025-06-27T21:15:36","date_gmt":"2025-06-28T00:15:36","guid":{"rendered":"https:\/\/mhthobbyracing.com.ar\/?post_type=product&#038;p=1783"},"modified":"2025-12-03T12:04:32","modified_gmt":"2025-12-03T15:04:32","slug":"reflex-14b-gamma","status":"publish","type":"product","link":"https:\/\/mhthobbyracing.com.ar\/index.php\/producto\/reflex-14b-gamma\/","title":{"rendered":"Reflex 14B Gamma"},"content":{"rendered":"<p>El buggy el\u00e9ctrico Reflex 14B Gamma 4WD a escala 1:14 de Team Associated sale de la caja ensamblado y listo para correr! Cuenta con un motor y control de velocidad sin escobillas Reedy Power, servo de direcci\u00f3n digital de alto par y sistema de radio de 2,4 GHz. Con toda esa potencia disponible a tu disposici\u00f3n, sabes que este buggy fue dise\u00f1ado pensando en el rendimiento.<\/p>\n<p>La capacidad de ajuste que ofrecen los tensores, los bloques de ruedas y los bujes traseros hacen que la Reflex 14B Gamma est\u00e9 lista para cualquier terreno que puedas lanzarle. Las caracter\u00edsticas adicionales incluyen tres diferenciales sellados, cremallera de direcci\u00f3n de aluminio y eje de transmisi\u00f3n central de aluminio liviano. \u00a1Con el Reflex 14B GAMMA RTR ahora puede tener un gran rendimiento en un paquete Ready-To-Run a peque\u00f1a escala!<\/p>\n<h4>Funciones<\/h4>\n<ul>\n<li>Nueva carrocer\u00eda moldeada RC8B4e Gamma con un esquema de pintura inspirado en las carreras<\/li>\n<li>Sistema de radio de 2 canales de 2,4 GHz<\/li>\n<li>Servo digital de alto par con protector de servo estilo resorte<\/li>\n<li>Potente motor sin escobillas Reedy de 4500 kV<\/li>\n<li>Control de velocidad sin escobillas Reedy de alta potencia resistente al agua con conector de enchufe en T<\/li>\n<li>Tres diferenciales sellados<\/li>\n<li>Amortiguadores helicoidales roscados<\/li>\n<li>Tensores ajustables<\/li>\n<li>Inserciones ajustables para bloques de ruedas y bujes traseros<\/li>\n<li>Cremallera de direcci\u00f3n de aluminio<\/li>\n<li>Ejes de transmisi\u00f3n universales delanteros<\/li>\n<li>Chasis de ba\u00f1era moldeada con eje de transmisi\u00f3n central cubierto<\/li>\n<li>Eje de transmisi\u00f3n central de aluminio<\/li>\n<li>Hex\u00e1gono de 12 mm<\/li>\n<li>Visit\u00e1:<a href=\"https:\/\/portal.associatedelectrics.com\/teamassociated\/cars_and_trucks\/Reflex_14B\/Gamma\/\">https:\/\/portal.associatedelectrics.com\/teamassociated\/cars_and_trucks\/Reflex_14B\/Gamma\/<\/a><\/li>\n<li>Te puede interesar:<a href=\"https:\/\/mhthobbyracing.com.ar\/index.php\/categoria-producto\/repuestos-team-associated-buggy-truggy\/\">https:\/\/mhthobbyracing.com.ar\/index.php\/categoria-producto\/repuestos-team-associated-buggy-truggy\/<\/a><\/li>\n<\/ul>\n","protected":false},"excerpt":{"rendered":"<p>En stock!!<\/p>\n","protected":false},"featured_media":1784,"comment_status":"closed","ping_status":"closed","template":"","meta":{"site-sidebar-layout":"default","site-content-layout":"","ast-site-content-layout":"default","site-content-style":"default","site-sidebar-style":"default","ast-global-header-display":"","ast-banner-title-visibility":"","ast-main-header-display":"","ast-hfb-above-header-display":"","ast-hfb-below-header-display":"","ast-hfb-mobile-header-display":"","site-post-title":"","ast-breadcrumbs-content":"","ast-featured-img":"","footer-sml-layout":"","theme-transparent-header-meta":"default","adv-header-id-meta":"","stick-header-meta":"","header-above-stick-meta":"","header-main-stick-meta":"","header-below-stick-meta":"","astra-migrate-meta-layouts":"set","ast-page-background-enabled":"default","ast-page-background-meta":{"desktop":{"background-color":"","background-image":"","background-repeat":"repeat","background-position":"center center","background-size":"auto","background-attachment":"scroll","background-type":"","background-media":"","overlay-type":"","overlay-color":"","overlay-opacity":"","overlay-gradient":""},"tablet":{"background-color":"","background-image":"","background-repeat":"repeat","background-position":"center center","background-size":"auto","background-attachment":"scroll","background-type":"","background-media":"","overlay-type":"","overlay-color":"","overlay-opacity":"","overlay-gradient":""},"mobile":{"background-color":"","background-image":"","background-repeat":"repeat","background-position":"center center","background-size":"auto","background-attachment":"scroll","background-type":"","background-media":"","overlay-type":"","overlay-color":"","overlay-opacity":"","overlay-gradient":""}},"ast-content-background-meta":{"desktop":{"background-color":"var(--ast-global-color-5)","background-image":"","background-repeat":"repeat","background-position":"center center","background-size":"auto","background-attachment":"scroll","background-type":"","background-media":"","overlay-type":"","overlay-color":"","overlay-opacity":"","overlay-gradient":""},"tablet":{"background-color":"var(--ast-global-color-5)","background-image":"","background-repeat":"repeat","background-position":"center center","background-size":"auto","background-attachment":"scroll","background-type":"","background-media":"","overlay-type":"","overlay-color":"","overlay-opacity":"","overlay-gradient":""},"mobile":{"background-color":"var(--ast-global-color-5)","background-image":"","background-repeat":"repeat","background-position":"center center","background-size":"auto","background-attachment":"scroll","background-type":"","background-media":"","overlay-type":"","overlay-color":"","overlay-opacity":"","overlay-gradient":""}},"_joinchat":[]},"product_brand":[265],"product_cat":[21,17],"product_tag":[257],"class_list":{"0":"post-1783","1":"product","2":"type-product","3":"status-publish","4":"has-post-thumbnail","6":"product_brand-team-associated","7":"product_cat-autos-rtr","8":"product_cat-kits","9":"product_tag-reflex-14b-gamma","10":"desktop-align-left","11":"tablet-align-left","12":"mobile-align-left","14":"first","15":"instock","16":"shipping-taxable","17":"purchasable","18":"product-type-simple"},"yoast_head":"<!-- This site is optimized with the Yoast SEO plugin v27.5 - https:\/\/yoast.com\/product\/yoast-seo-wordpress\/ -->\n<title>Reflex 14B Gamma - este RTR y mucho m\u00e1s en MHTHOBBY<\/title>\n<meta name=\"description\" content=\"Reflex 14B Gamma - El buggy el\u00e9ctrico Reflex 14B Gamma 4WD a escala 1:14 de Team Associated sale de la caja ensamblado y listo para correr!\" \/>\n<meta name=\"robots\" content=\"index, follow, max-snippet:-1, max-image-preview:large, max-video-preview:-1\" \/>\n<link rel=\"canonical\" href=\"https:\/\/mhthobbyracing.com.ar\/index.php\/producto\/reflex-14b-gamma\/\" \/>\n<meta property=\"og:locale\" content=\"es_ES\" \/>\n<meta property=\"og:type\" content=\"article\" \/>\n<meta property=\"og:title\" content=\"Reflex 14B Gamma - este RTR y mucho m\u00e1s en MHTHOBBY\" \/>\n<meta property=\"og:description\" content=\"Reflex 14B Gamma - El buggy el\u00e9ctrico Reflex 14B Gamma 4WD a escala 1:14 de Team Associated sale de la caja ensamblado y listo para correr!\" \/>\n<meta property=\"og:url\" content=\"https:\/\/mhthobbyracing.com.ar\/index.php\/producto\/reflex-14b-gamma\/\" \/>\n<meta property=\"og:site_name\" content=\"Racing Team\" \/>\n<meta property=\"article:modified_time\" content=\"2025-12-03T15:04:32+00:00\" \/>\n<meta property=\"og:image\" content=\"https:\/\/mhthobbyracing.com.ar\/wp-content\/uploads\/2025\/06\/20179_R14B_Gama_3Q_IMG_2077_lg.jpg\" \/>\n\t<meta property=\"og:image:width\" content=\"1280\" \/>\n\t<meta property=\"og:image:height\" content=\"853\" \/>\n\t<meta property=\"og:image:type\" content=\"image\/jpeg\" \/>\n<meta name=\"twitter:card\" content=\"summary_large_image\" \/>\n<meta name=\"twitter:label1\" content=\"Tiempo de lectura\" \/>\n\t<meta name=\"twitter:data1\" content=\"2 minutos\" \/>\n<script type=\"application\/ld+json\" class=\"yoast-schema-graph\">{\"@context\":\"https:\\\/\\\/schema.org\",\"@graph\":[{\"@type\":\"WebPage\",\"@id\":\"https:\\\/\\\/mhthobbyracing.com.ar\\\/index.php\\\/producto\\\/reflex-14b-gamma\\\/\",\"url\":\"https:\\\/\\\/mhthobbyracing.com.ar\\\/index.php\\\/producto\\\/reflex-14b-gamma\\\/\",\"name\":\"Reflex 14B Gamma - este RTR y mucho m\u00e1s en MHTHOBBY\",\"isPartOf\":{\"@id\":\"https:\\\/\\\/mhthobbyracing.com.ar\\\/#website\"},\"primaryImageOfPage\":{\"@id\":\"https:\\\/\\\/mhthobbyracing.com.ar\\\/index.php\\\/producto\\\/reflex-14b-gamma\\\/#primaryimage\"},\"image\":{\"@id\":\"https:\\\/\\\/mhthobbyracing.com.ar\\\/index.php\\\/producto\\\/reflex-14b-gamma\\\/#primaryimage\"},\"thumbnailUrl\":\"https:\\\/\\\/mhthobbyracing.com.ar\\\/wp-content\\\/uploads\\\/2025\\\/06\\\/20179_R14B_Gama_3Q_IMG_2077_lg.jpg\",\"datePublished\":\"2025-06-28T00:15:36+00:00\",\"dateModified\":\"2025-12-03T15:04:32+00:00\",\"description\":\"Reflex 14B Gamma - El buggy el\u00e9ctrico Reflex 14B Gamma 4WD a escala 1:14 de Team Associated sale de la caja ensamblado y listo para correr!\",\"breadcrumb\":{\"@id\":\"https:\\\/\\\/mhthobbyracing.com.ar\\\/index.php\\\/producto\\\/reflex-14b-gamma\\\/#breadcrumb\"},\"inLanguage\":\"es-AR\",\"potentialAction\":[{\"@type\":\"ReadAction\",\"target\":[\"https:\\\/\\\/mhthobbyracing.com.ar\\\/index.php\\\/producto\\\/reflex-14b-gamma\\\/\"]}]},{\"@type\":\"ImageObject\",\"inLanguage\":\"es-AR\",\"@id\":\"https:\\\/\\\/mhthobbyracing.com.ar\\\/index.php\\\/producto\\\/reflex-14b-gamma\\\/#primaryimage\",\"url\":\"https:\\\/\\\/mhthobbyracing.com.ar\\\/wp-content\\\/uploads\\\/2025\\\/06\\\/20179_R14B_Gama_3Q_IMG_2077_lg.jpg\",\"contentUrl\":\"https:\\\/\\\/mhthobbyracing.com.ar\\\/wp-content\\\/uploads\\\/2025\\\/06\\\/20179_R14B_Gama_3Q_IMG_2077_lg.jpg\",\"width\":1280,\"height\":853},{\"@type\":\"BreadcrumbList\",\"@id\":\"https:\\\/\\\/mhthobbyracing.com.ar\\\/index.php\\\/producto\\\/reflex-14b-gamma\\\/#breadcrumb\",\"itemListElement\":[{\"@type\":\"ListItem\",\"position\":1,\"name\":\"Inicio\",\"item\":\"https:\\\/\\\/mhthobbyracing.com.ar\\\/\"},{\"@type\":\"ListItem\",\"position\":2,\"name\":\"Productos\",\"item\":\"https:\\\/\\\/mhthobbyracing.com.ar\\\/index.php\\\/inicio\\\/tienda\\\/\"},{\"@type\":\"ListItem\",\"position\":3,\"name\":\"Reflex 14B Gamma\"}]},{\"@type\":\"WebSite\",\"@id\":\"https:\\\/\\\/mhthobbyracing.com.ar\\\/#website\",\"url\":\"https:\\\/\\\/mhthobbyracing.com.ar\\\/\",\"name\":\"MHT-Hobby- Racing Team\",\"description\":\"Hobby Automodelismo\",\"publisher\":{\"@id\":\"https:\\\/\\\/mhthobbyracing.com.ar\\\/#\\\/schema\\\/person\\\/a6a6ed9c2713fc1826eb2541c6a3e9d1\"},\"potentialAction\":[{\"@type\":\"SearchAction\",\"target\":{\"@type\":\"EntryPoint\",\"urlTemplate\":\"https:\\\/\\\/mhthobbyracing.com.ar\\\/?s={search_term_string}\"},\"query-input\":{\"@type\":\"PropertyValueSpecification\",\"valueRequired\":true,\"valueName\":\"search_term_string\"}}],\"inLanguage\":\"es-AR\"},{\"@type\":[\"Person\",\"Organization\"],\"@id\":\"https:\\\/\\\/mhthobbyracing.com.ar\\\/#\\\/schema\\\/person\\\/a6a6ed9c2713fc1826eb2541c6a3e9d1\",\"name\":\"ecomusicpm\",\"image\":{\"@type\":\"ImageObject\",\"inLanguage\":\"es-AR\",\"@id\":\"https:\\\/\\\/mhthobbyracing.com.ar\\\/wp-content\\\/uploads\\\/2020\\\/05\\\/cropped-LOGO-MHT16523-1.png\",\"url\":\"https:\\\/\\\/mhthobbyracing.com.ar\\\/wp-content\\\/uploads\\\/2020\\\/05\\\/cropped-LOGO-MHT16523-1.png\",\"contentUrl\":\"https:\\\/\\\/mhthobbyracing.com.ar\\\/wp-content\\\/uploads\\\/2020\\\/05\\\/cropped-LOGO-MHT16523-1.png\",\"width\":1578,\"height\":564,\"caption\":\"ecomusicpm\"},\"logo\":{\"@id\":\"https:\\\/\\\/mhthobbyracing.com.ar\\\/wp-content\\\/uploads\\\/2020\\\/05\\\/cropped-LOGO-MHT16523-1.png\"},\"sameAs\":[\"http:\\\/\\\/mhthobbyracing.com.ar\"]}]}<\/script>\n<!-- \/ Yoast SEO plugin. -->","yoast_head_json":{"title":"Reflex 14B Gamma - este RTR y mucho m\u00e1s en MHTHOBBY","description":"Reflex 14B Gamma - El buggy el\u00e9ctrico Reflex 14B Gamma 4WD a escala 1:14 de Team Associated sale de la caja ensamblado y listo para correr!","robots":{"index":"index","follow":"follow","max-snippet":"max-snippet:-1","max-image-preview":"max-image-preview:large","max-video-preview":"max-video-preview:-1"},"canonical":"https:\/\/mhthobbyracing.com.ar\/index.php\/producto\/reflex-14b-gamma\/","og_locale":"es_ES","og_type":"article","og_title":"Reflex 14B Gamma - este RTR y mucho m\u00e1s en MHTHOBBY","og_description":"Reflex 14B Gamma - El buggy el\u00e9ctrico Reflex 14B Gamma 4WD a escala 1:14 de Team Associated sale de la caja ensamblado y listo para correr!","og_url":"https:\/\/mhthobbyracing.com.ar\/index.php\/producto\/reflex-14b-gamma\/","og_site_name":"Racing Team","article_modified_time":"2025-12-03T15:04:32+00:00","og_image":[{"width":1280,"height":853,"url":"https:\/\/mhthobbyracing.com.ar\/wp-content\/uploads\/2025\/06\/20179_R14B_Gama_3Q_IMG_2077_lg.jpg","type":"image\/jpeg"}],"twitter_card":"summary_large_image","twitter_misc":{"Tiempo de lectura":"2 minutos"},"schema":{"@context":"https:\/\/schema.org","@graph":[{"@type":"WebPage","@id":"https:\/\/mhthobbyracing.com.ar\/index.php\/producto\/reflex-14b-gamma\/","url":"https:\/\/mhthobbyracing.com.ar\/index.php\/producto\/reflex-14b-gamma\/","name":"Reflex 14B Gamma - este RTR y mucho m\u00e1s en MHTHOBBY","isPartOf":{"@id":"https:\/\/mhthobbyracing.com.ar\/#website"},"primaryImageOfPage":{"@id":"https:\/\/mhthobbyracing.com.ar\/index.php\/producto\/reflex-14b-gamma\/#primaryimage"},"image":{"@id":"https:\/\/mhthobbyracing.com.ar\/index.php\/producto\/reflex-14b-gamma\/#primaryimage"},"thumbnailUrl":"https:\/\/mhthobbyracing.com.ar\/wp-content\/uploads\/2025\/06\/20179_R14B_Gama_3Q_IMG_2077_lg.jpg","datePublished":"2025-06-28T00:15:36+00:00","dateModified":"2025-12-03T15:04:32+00:00","description":"Reflex 14B Gamma - El buggy el\u00e9ctrico Reflex 14B Gamma 4WD a escala 1:14 de Team Associated sale de la caja ensamblado y listo para correr!","breadcrumb":{"@id":"https:\/\/mhthobbyracing.com.ar\/index.php\/producto\/reflex-14b-gamma\/#breadcrumb"},"inLanguage":"es-AR","potentialAction":[{"@type":"ReadAction","target":["https:\/\/mhthobbyracing.com.ar\/index.php\/producto\/reflex-14b-gamma\/"]}]},{"@type":"ImageObject","inLanguage":"es-AR","@id":"https:\/\/mhthobbyracing.com.ar\/index.php\/producto\/reflex-14b-gamma\/#primaryimage","url":"https:\/\/mhthobbyracing.com.ar\/wp-content\/uploads\/2025\/06\/20179_R14B_Gama_3Q_IMG_2077_lg.jpg","contentUrl":"https:\/\/mhthobbyracing.com.ar\/wp-content\/uploads\/2025\/06\/20179_R14B_Gama_3Q_IMG_2077_lg.jpg","width":1280,"height":853},{"@type":"BreadcrumbList","@id":"https:\/\/mhthobbyracing.com.ar\/index.php\/producto\/reflex-14b-gamma\/#breadcrumb","itemListElement":[{"@type":"ListItem","position":1,"name":"Inicio","item":"https:\/\/mhthobbyracing.com.ar\/"},{"@type":"ListItem","position":2,"name":"Productos","item":"https:\/\/mhthobbyracing.com.ar\/index.php\/inicio\/tienda\/"},{"@type":"ListItem","position":3,"name":"Reflex 14B Gamma"}]},{"@type":"WebSite","@id":"https:\/\/mhthobbyracing.com.ar\/#website","url":"https:\/\/mhthobbyracing.com.ar\/","name":"MHT-Hobby- Racing Team","description":"Hobby Automodelismo","publisher":{"@id":"https:\/\/mhthobbyracing.com.ar\/#\/schema\/person\/a6a6ed9c2713fc1826eb2541c6a3e9d1"},"potentialAction":[{"@type":"SearchAction","target":{"@type":"EntryPoint","urlTemplate":"https:\/\/mhthobbyracing.com.ar\/?s={search_term_string}"},"query-input":{"@type":"PropertyValueSpecification","valueRequired":true,"valueName":"search_term_string"}}],"inLanguage":"es-AR"},{"@type":["Person","Organization"],"@id":"https:\/\/mhthobbyracing.com.ar\/#\/schema\/person\/a6a6ed9c2713fc1826eb2541c6a3e9d1","name":"ecomusicpm","image":{"@type":"ImageObject","inLanguage":"es-AR","@id":"https:\/\/mhthobbyracing.com.ar\/wp-content\/uploads\/2020\/05\/cropped-LOGO-MHT16523-1.png","url":"https:\/\/mhthobbyracing.com.ar\/wp-content\/uploads\/2020\/05\/cropped-LOGO-MHT16523-1.png","contentUrl":"https:\/\/mhthobbyracing.com.ar\/wp-content\/uploads\/2020\/05\/cropped-LOGO-MHT16523-1.png","width":1578,"height":564,"caption":"ecomusicpm"},"logo":{"@id":"https:\/\/mhthobbyracing.com.ar\/wp-content\/uploads\/2020\/05\/cropped-LOGO-MHT16523-1.png"},"sameAs":["http:\/\/mhthobbyracing.com.ar"]}]}},"_links":{"self":[{"href":"https:\/\/mhthobbyracing.com.ar\/index.php\/wp-json\/wp\/v2\/product\/1783","targetHints":{"allow":["GET"]}}],"collection":[{"href":"https:\/\/mhthobbyracing.com.ar\/index.php\/wp-json\/wp\/v2\/product"}],"about":[{"href":"https:\/\/mhthobbyracing.com.ar\/index.php\/wp-json\/wp\/v2\/types\/product"}],"replies":[{"embeddable":true,"href":"https:\/\/mhthobbyracing.com.ar\/index.php\/wp-json\/wp\/v2\/comments?post=1783"}],"wp:featuredmedia":[{"embeddable":true,"href":"https:\/\/mhthobbyracing.com.ar\/index.php\/wp-json\/wp\/v2\/media\/1784"}],"wp:attachment":[{"href":"https:\/\/mhthobbyracing.com.ar\/index.php\/wp-json\/wp\/v2\/media?parent=1783"}],"wp:term":[{"taxonomy":"product_brand","embeddable":true,"href":"https:\/\/mhthobbyracing.com.ar\/index.php\/wp-json\/wp\/v2\/product_brand?post=1783"},{"taxonomy":"product_cat","embeddable":true,"href":"https:\/\/mhthobbyracing.com.ar\/index.php\/wp-json\/wp\/v2\/product_cat?post=1783"},{"taxonomy":"product_tag","embeddable":true,"href":"https:\/\/mhthobbyracing.com.ar\/index.php\/wp-json\/wp\/v2\/product_tag?post=1783"}],"curies":[{"name":"wp","href":"https:\/\/api.w.org\/{rel}","templated":true}]}}