{"id":1794,"date":"2025-06-27T21:33:18","date_gmt":"2025-06-28T00:33:18","guid":{"rendered":"https:\/\/mhthobbyracing.com.ar\/?post_type=product&#038;p=1794"},"modified":"2025-12-03T12:04:00","modified_gmt":"2025-12-03T15:04:00","slug":"kit-rc8b4-1-davide-ongaro-edition","status":"publish","type":"product","link":"https:\/\/mhthobbyracing.com.ar\/index.php\/producto\/kit-rc8b4-1-davide-ongaro-edition\/","title":{"rendered":"Kit RC8B4.1 Davide Ongaro Edition"},"content":{"rendered":"<p>Kit RC8B4.1 Davide Ongaro Edition<\/p>\n<h3>RC8B4.1 Davide Ongaro Kit<\/h3>\n<p>Davide Ongaro ha ganado el 33\u00ba Campeonato del Mundo IFMAR para el Team Associated y el cuarto de su incre\u00edble carrera. Con esta victoria, Davide ha logrado algo que nadie m\u00e1s en el mundo ha hecho. En 2022 se convirti\u00f3 en el primer piloto en ganar dos Campeonatos del Mundo IFMAR consecutivos en 1:8 IC Off-Road y ahora ha completado un triplete.<\/p>\n<div class=\"col-12 col-md-6 mb-4\">\n<div id=\"scrollable-photos-box\" class=\"d-flex flex-row overflow-hidden\">\n<div id=\"scrollable-photos-container\" class=\"align-content-center overflow-auto w-100\">\n<div id=\"scrollable-photos\" class=\"text-nowrap\">\n<h1>\u00a1Davide Ongaro, 4 veces Campe\u00f3n del Mundo IFMAR!<\/h1>\n<p>Davide Ongaro ha ganado el 33\u00ba Campeonato del Mundo IFMAR para el Team Associated y el cuarto de su incre\u00edble carrera. Con esta victoria, Davide ha logrado algo que nadie m\u00e1s en el mundo ha hecho. En 2022 se convirti\u00f3 en el primer piloto en ganar dos Campeonatos del Mundo IFMAR consecutivos en 1:8 IC Off-Road y ahora ha completado un triplete.<\/p>\n<p>A lo largo del evento, Ongaro estuvo cerca de la cima de cada serie de pr\u00e1ctica, ronda de clasificaci\u00f3n y semifinal. Sin embargo, rara vez fue considerado el favorito. Con la confianza de un campe\u00f3n, Ongaro continu\u00f3 afinando su Team Associated RC8B4.1, motor, neum\u00e1ticos y selecci\u00f3n de l\u00ednea. Reuniendo la informaci\u00f3n de sus mec\u00e1nicos, equipo y seguidores, Davide pudo alcanzar su punto m\u00e1ximo en el momento adecuado e igual\u00f3 el ritmo m\u00e1s r\u00e1pido establecido de cara a la final de 60 minutos.<\/p>\n<p>Despu\u00e9s de unas pocas vueltas, Ongaro coloc\u00f3 su RC8B4.1 en cabeza y nunca mir\u00f3 atr\u00e1s. Al final de la final, Ongaro hab\u00eda doblado a todos menos a los dem\u00e1s finalistas del podio y cruz\u00f3 la l\u00ednea de meta para ser 4 veces Campe\u00f3n del Mundo de IFMAR. El Team Associated quiere felicitar a todo el equipo Ongaro, incluidos sus mec\u00e1nicos, Mauro Ongaro y Nuno Casal Ribeiro. \u00a1Ellos realmente definen el significado de WeAreAE!<\/p>\n<\/div>\n<\/div>\n<\/div>\n<\/div>\n<p>Kit RC8B4.1 Davide Ongaro Edition<\/p>\n<p>Visit\u00e1:<a href=\"https:\/\/portal.associatedelectrics.com\/teamassociated\/cars_and_trucks\/RC8B4.1_Davide_Ongaro\/Kit\/\">https:\/\/portal.associatedelectrics.com\/teamassociated\/cars_and_trucks\/RC8B4.1_Davide_Ongaro\/Kit\/<\/a><\/p>\n","protected":false},"excerpt":{"rendered":"<p>En stock!!!<\/p>\n","protected":false},"featured_media":1795,"comment_status":"closed","ping_status":"closed","template":"","meta":{"site-sidebar-layout":"default","site-content-layout":"","ast-site-content-layout":"default","site-content-style":"default","site-sidebar-style":"default","ast-global-header-display":"","ast-banner-title-visibility":"","ast-main-header-display":"","ast-hfb-above-header-display":"","ast-hfb-below-header-display":"","ast-hfb-mobile-header-display":"","site-post-title":"","ast-breadcrumbs-content":"","ast-featured-img":"","footer-sml-layout":"","theme-transparent-header-meta":"default","adv-header-id-meta":"","stick-header-meta":"","header-above-stick-meta":"","header-main-stick-meta":"","header-below-stick-meta":"","astra-migrate-meta-layouts":"set","ast-page-background-enabled":"default","ast-page-background-meta":{"desktop":{"background-color":"","background-image":"","background-repeat":"repeat","background-position":"center center","background-size":"auto","background-attachment":"scroll","background-type":"","background-media":"","overlay-type":"","overlay-color":"","overlay-opacity":"","overlay-gradient":""},"tablet":{"background-color":"","background-image":"","background-repeat":"repeat","background-position":"center center","background-size":"auto","background-attachment":"scroll","background-type":"","background-media":"","overlay-type":"","overlay-color":"","overlay-opacity":"","overlay-gradient":""},"mobile":{"background-color":"","background-image":"","background-repeat":"repeat","background-position":"center center","background-size":"auto","background-attachment":"scroll","background-type":"","background-media":"","overlay-type":"","overlay-color":"","overlay-opacity":"","overlay-gradient":""}},"ast-content-background-meta":{"desktop":{"background-color":"var(--ast-global-color-5)","background-image":"","background-repeat":"repeat","background-position":"center center","background-size":"auto","background-attachment":"scroll","background-type":"","background-media":"","overlay-type":"","overlay-color":"","overlay-opacity":"","overlay-gradient":""},"tablet":{"background-color":"var(--ast-global-color-5)","background-image":"","background-repeat":"repeat","background-position":"center center","background-size":"auto","background-attachment":"scroll","background-type":"","background-media":"","overlay-type":"","overlay-color":"","overlay-opacity":"","overlay-gradient":""},"mobile":{"background-color":"var(--ast-global-color-5)","background-image":"","background-repeat":"repeat","background-position":"center center","background-size":"auto","background-attachment":"scroll","background-type":"","background-media":"","overlay-type":"","overlay-color":"","overlay-opacity":"","overlay-gradient":""}},"_joinchat":[]},"product_brand":[265],"product_cat":[21,17],"product_tag":[258],"class_list":{"0":"post-1794","1":"product","2":"type-product","3":"status-publish","4":"has-post-thumbnail","6":"product_brand-team-associated","7":"product_cat-autos-rtr","8":"product_cat-kits","9":"product_tag-kit-rc8b4-1-davide-ongaro-edition","10":"desktop-align-left","11":"tablet-align-left","12":"mobile-align-left","14":"first","15":"instock","16":"shipping-taxable","17":"purchasable","18":"product-type-simple"},"yoast_head":"<!-- This site is optimized with the Yoast SEO plugin v27.5 - https:\/\/yoast.com\/product\/yoast-seo-wordpress\/ -->\n<title>Kit RC8B4.1 Davide Ongaro Edition -te espera en MHTHOBBY<\/title>\n<meta name=\"description\" content=\"Kit RC8B4.1 Davide Ongaro Edition - Davide Ongaro ha ganado el 33\u00ba Campeonato del Mundo IFMAR para el Team Associated y el cuarto de su incre\u00edble carrera.\" \/>\n<meta name=\"robots\" content=\"index, follow, max-snippet:-1, max-image-preview:large, max-video-preview:-1\" \/>\n<link rel=\"canonical\" href=\"https:\/\/mhthobbyracing.com.ar\/index.php\/producto\/kit-rc8b4-1-davide-ongaro-edition\/\" \/>\n<meta property=\"og:locale\" content=\"es_ES\" \/>\n<meta property=\"og:type\" content=\"article\" \/>\n<meta property=\"og:title\" content=\"Kit RC8B4.1 Davide Ongaro Edition -te espera en MHTHOBBY\" \/>\n<meta property=\"og:description\" content=\"Kit RC8B4.1 Davide Ongaro Edition - Davide Ongaro ha ganado el 33\u00ba Campeonato del Mundo IFMAR para el Team Associated y el cuarto de su incre\u00edble carrera.\" \/>\n<meta property=\"og:url\" content=\"https:\/\/mhthobbyracing.com.ar\/index.php\/producto\/kit-rc8b4-1-davide-ongaro-edition\/\" \/>\n<meta property=\"og:site_name\" content=\"Racing Team\" \/>\n<meta property=\"article:modified_time\" content=\"2025-12-03T15:04:00+00:00\" \/>\n<meta property=\"og:image\" content=\"https:\/\/mhthobbyracing.com.ar\/wp-content\/uploads\/2025\/06\/5712_lg.jpg\" \/>\n\t<meta property=\"og:image:width\" content=\"500\" \/>\n\t<meta property=\"og:image:height\" content=\"333\" \/>\n\t<meta property=\"og:image:type\" content=\"image\/jpeg\" \/>\n<meta name=\"twitter:card\" content=\"summary_large_image\" \/>\n<meta name=\"twitter:label1\" content=\"Tiempo de lectura\" \/>\n\t<meta name=\"twitter:data1\" content=\"2 minutos\" \/>\n<script type=\"application\/ld+json\" class=\"yoast-schema-graph\">{\"@context\":\"https:\\\/\\\/schema.org\",\"@graph\":[{\"@type\":\"WebPage\",\"@id\":\"https:\\\/\\\/mhthobbyracing.com.ar\\\/index.php\\\/producto\\\/kit-rc8b4-1-davide-ongaro-edition\\\/\",\"url\":\"https:\\\/\\\/mhthobbyracing.com.ar\\\/index.php\\\/producto\\\/kit-rc8b4-1-davide-ongaro-edition\\\/\",\"name\":\"Kit RC8B4.1 Davide Ongaro Edition -te espera en MHTHOBBY\",\"isPartOf\":{\"@id\":\"https:\\\/\\\/mhthobbyracing.com.ar\\\/#website\"},\"primaryImageOfPage\":{\"@id\":\"https:\\\/\\\/mhthobbyracing.com.ar\\\/index.php\\\/producto\\\/kit-rc8b4-1-davide-ongaro-edition\\\/#primaryimage\"},\"image\":{\"@id\":\"https:\\\/\\\/mhthobbyracing.com.ar\\\/index.php\\\/producto\\\/kit-rc8b4-1-davide-ongaro-edition\\\/#primaryimage\"},\"thumbnailUrl\":\"https:\\\/\\\/mhthobbyracing.com.ar\\\/wp-content\\\/uploads\\\/2025\\\/06\\\/5712_lg.jpg\",\"datePublished\":\"2025-06-28T00:33:18+00:00\",\"dateModified\":\"2025-12-03T15:04:00+00:00\",\"description\":\"Kit RC8B4.1 Davide Ongaro Edition - Davide Ongaro ha ganado el 33\u00ba Campeonato del Mundo IFMAR para el Team Associated y el cuarto de su incre\u00edble carrera.\",\"breadcrumb\":{\"@id\":\"https:\\\/\\\/mhthobbyracing.com.ar\\\/index.php\\\/producto\\\/kit-rc8b4-1-davide-ongaro-edition\\\/#breadcrumb\"},\"inLanguage\":\"es-AR\",\"potentialAction\":[{\"@type\":\"ReadAction\",\"target\":[\"https:\\\/\\\/mhthobbyracing.com.ar\\\/index.php\\\/producto\\\/kit-rc8b4-1-davide-ongaro-edition\\\/\"]}]},{\"@type\":\"ImageObject\",\"inLanguage\":\"es-AR\",\"@id\":\"https:\\\/\\\/mhthobbyracing.com.ar\\\/index.php\\\/producto\\\/kit-rc8b4-1-davide-ongaro-edition\\\/#primaryimage\",\"url\":\"https:\\\/\\\/mhthobbyracing.com.ar\\\/wp-content\\\/uploads\\\/2025\\\/06\\\/5712_lg.jpg\",\"contentUrl\":\"https:\\\/\\\/mhthobbyracing.com.ar\\\/wp-content\\\/uploads\\\/2025\\\/06\\\/5712_lg.jpg\",\"width\":500,\"height\":333},{\"@type\":\"BreadcrumbList\",\"@id\":\"https:\\\/\\\/mhthobbyracing.com.ar\\\/index.php\\\/producto\\\/kit-rc8b4-1-davide-ongaro-edition\\\/#breadcrumb\",\"itemListElement\":[{\"@type\":\"ListItem\",\"position\":1,\"name\":\"Inicio\",\"item\":\"https:\\\/\\\/mhthobbyracing.com.ar\\\/\"},{\"@type\":\"ListItem\",\"position\":2,\"name\":\"Productos\",\"item\":\"https:\\\/\\\/mhthobbyracing.com.ar\\\/index.php\\\/inicio\\\/tienda\\\/\"},{\"@type\":\"ListItem\",\"position\":3,\"name\":\"Kit RC8B4.1 Davide Ongaro Edition\"}]},{\"@type\":\"WebSite\",\"@id\":\"https:\\\/\\\/mhthobbyracing.com.ar\\\/#website\",\"url\":\"https:\\\/\\\/mhthobbyracing.com.ar\\\/\",\"name\":\"MHT-Hobby- Racing Team\",\"description\":\"Hobby Automodelismo\",\"publisher\":{\"@id\":\"https:\\\/\\\/mhthobbyracing.com.ar\\\/#\\\/schema\\\/person\\\/a6a6ed9c2713fc1826eb2541c6a3e9d1\"},\"potentialAction\":[{\"@type\":\"SearchAction\",\"target\":{\"@type\":\"EntryPoint\",\"urlTemplate\":\"https:\\\/\\\/mhthobbyracing.com.ar\\\/?s={search_term_string}\"},\"query-input\":{\"@type\":\"PropertyValueSpecification\",\"valueRequired\":true,\"valueName\":\"search_term_string\"}}],\"inLanguage\":\"es-AR\"},{\"@type\":[\"Person\",\"Organization\"],\"@id\":\"https:\\\/\\\/mhthobbyracing.com.ar\\\/#\\\/schema\\\/person\\\/a6a6ed9c2713fc1826eb2541c6a3e9d1\",\"name\":\"ecomusicpm\",\"image\":{\"@type\":\"ImageObject\",\"inLanguage\":\"es-AR\",\"@id\":\"https:\\\/\\\/mhthobbyracing.com.ar\\\/wp-content\\\/uploads\\\/2020\\\/05\\\/cropped-LOGO-MHT16523-1.png\",\"url\":\"https:\\\/\\\/mhthobbyracing.com.ar\\\/wp-content\\\/uploads\\\/2020\\\/05\\\/cropped-LOGO-MHT16523-1.png\",\"contentUrl\":\"https:\\\/\\\/mhthobbyracing.com.ar\\\/wp-content\\\/uploads\\\/2020\\\/05\\\/cropped-LOGO-MHT16523-1.png\",\"width\":1578,\"height\":564,\"caption\":\"ecomusicpm\"},\"logo\":{\"@id\":\"https:\\\/\\\/mhthobbyracing.com.ar\\\/wp-content\\\/uploads\\\/2020\\\/05\\\/cropped-LOGO-MHT16523-1.png\"},\"sameAs\":[\"http:\\\/\\\/mhthobbyracing.com.ar\"]}]}<\/script>\n<!-- \/ Yoast SEO plugin. -->","yoast_head_json":{"title":"Kit RC8B4.1 Davide Ongaro Edition -te espera en MHTHOBBY","description":"Kit RC8B4.1 Davide Ongaro Edition - Davide Ongaro ha ganado el 33\u00ba Campeonato del Mundo IFMAR para el Team Associated y el cuarto de su incre\u00edble carrera.","robots":{"index":"index","follow":"follow","max-snippet":"max-snippet:-1","max-image-preview":"max-image-preview:large","max-video-preview":"max-video-preview:-1"},"canonical":"https:\/\/mhthobbyracing.com.ar\/index.php\/producto\/kit-rc8b4-1-davide-ongaro-edition\/","og_locale":"es_ES","og_type":"article","og_title":"Kit RC8B4.1 Davide Ongaro Edition -te espera en MHTHOBBY","og_description":"Kit RC8B4.1 Davide Ongaro Edition - Davide Ongaro ha ganado el 33\u00ba Campeonato del Mundo IFMAR para el Team Associated y el cuarto de su incre\u00edble carrera.","og_url":"https:\/\/mhthobbyracing.com.ar\/index.php\/producto\/kit-rc8b4-1-davide-ongaro-edition\/","og_site_name":"Racing Team","article_modified_time":"2025-12-03T15:04:00+00:00","og_image":[{"width":500,"height":333,"url":"https:\/\/mhthobbyracing.com.ar\/wp-content\/uploads\/2025\/06\/5712_lg.jpg","type":"image\/jpeg"}],"twitter_card":"summary_large_image","twitter_misc":{"Tiempo de lectura":"2 minutos"},"schema":{"@context":"https:\/\/schema.org","@graph":[{"@type":"WebPage","@id":"https:\/\/mhthobbyracing.com.ar\/index.php\/producto\/kit-rc8b4-1-davide-ongaro-edition\/","url":"https:\/\/mhthobbyracing.com.ar\/index.php\/producto\/kit-rc8b4-1-davide-ongaro-edition\/","name":"Kit RC8B4.1 Davide Ongaro Edition -te espera en MHTHOBBY","isPartOf":{"@id":"https:\/\/mhthobbyracing.com.ar\/#website"},"primaryImageOfPage":{"@id":"https:\/\/mhthobbyracing.com.ar\/index.php\/producto\/kit-rc8b4-1-davide-ongaro-edition\/#primaryimage"},"image":{"@id":"https:\/\/mhthobbyracing.com.ar\/index.php\/producto\/kit-rc8b4-1-davide-ongaro-edition\/#primaryimage"},"thumbnailUrl":"https:\/\/mhthobbyracing.com.ar\/wp-content\/uploads\/2025\/06\/5712_lg.jpg","datePublished":"2025-06-28T00:33:18+00:00","dateModified":"2025-12-03T15:04:00+00:00","description":"Kit RC8B4.1 Davide Ongaro Edition - Davide Ongaro ha ganado el 33\u00ba Campeonato del Mundo IFMAR para el Team Associated y el cuarto de su incre\u00edble carrera.","breadcrumb":{"@id":"https:\/\/mhthobbyracing.com.ar\/index.php\/producto\/kit-rc8b4-1-davide-ongaro-edition\/#breadcrumb"},"inLanguage":"es-AR","potentialAction":[{"@type":"ReadAction","target":["https:\/\/mhthobbyracing.com.ar\/index.php\/producto\/kit-rc8b4-1-davide-ongaro-edition\/"]}]},{"@type":"ImageObject","inLanguage":"es-AR","@id":"https:\/\/mhthobbyracing.com.ar\/index.php\/producto\/kit-rc8b4-1-davide-ongaro-edition\/#primaryimage","url":"https:\/\/mhthobbyracing.com.ar\/wp-content\/uploads\/2025\/06\/5712_lg.jpg","contentUrl":"https:\/\/mhthobbyracing.com.ar\/wp-content\/uploads\/2025\/06\/5712_lg.jpg","width":500,"height":333},{"@type":"BreadcrumbList","@id":"https:\/\/mhthobbyracing.com.ar\/index.php\/producto\/kit-rc8b4-1-davide-ongaro-edition\/#breadcrumb","itemListElement":[{"@type":"ListItem","position":1,"name":"Inicio","item":"https:\/\/mhthobbyracing.com.ar\/"},{"@type":"ListItem","position":2,"name":"Productos","item":"https:\/\/mhthobbyracing.com.ar\/index.php\/inicio\/tienda\/"},{"@type":"ListItem","position":3,"name":"Kit RC8B4.1 Davide Ongaro Edition"}]},{"@type":"WebSite","@id":"https:\/\/mhthobbyracing.com.ar\/#website","url":"https:\/\/mhthobbyracing.com.ar\/","name":"MHT-Hobby- Racing Team","description":"Hobby Automodelismo","publisher":{"@id":"https:\/\/mhthobbyracing.com.ar\/#\/schema\/person\/a6a6ed9c2713fc1826eb2541c6a3e9d1"},"potentialAction":[{"@type":"SearchAction","target":{"@type":"EntryPoint","urlTemplate":"https:\/\/mhthobbyracing.com.ar\/?s={search_term_string}"},"query-input":{"@type":"PropertyValueSpecification","valueRequired":true,"valueName":"search_term_string"}}],"inLanguage":"es-AR"},{"@type":["Person","Organization"],"@id":"https:\/\/mhthobbyracing.com.ar\/#\/schema\/person\/a6a6ed9c2713fc1826eb2541c6a3e9d1","name":"ecomusicpm","image":{"@type":"ImageObject","inLanguage":"es-AR","@id":"https:\/\/mhthobbyracing.com.ar\/wp-content\/uploads\/2020\/05\/cropped-LOGO-MHT16523-1.png","url":"https:\/\/mhthobbyracing.com.ar\/wp-content\/uploads\/2020\/05\/cropped-LOGO-MHT16523-1.png","contentUrl":"https:\/\/mhthobbyracing.com.ar\/wp-content\/uploads\/2020\/05\/cropped-LOGO-MHT16523-1.png","width":1578,"height":564,"caption":"ecomusicpm"},"logo":{"@id":"https:\/\/mhthobbyracing.com.ar\/wp-content\/uploads\/2020\/05\/cropped-LOGO-MHT16523-1.png"},"sameAs":["http:\/\/mhthobbyracing.com.ar"]}]}},"_links":{"self":[{"href":"https:\/\/mhthobbyracing.com.ar\/index.php\/wp-json\/wp\/v2\/product\/1794","targetHints":{"allow":["GET"]}}],"collection":[{"href":"https:\/\/mhthobbyracing.com.ar\/index.php\/wp-json\/wp\/v2\/product"}],"about":[{"href":"https:\/\/mhthobbyracing.com.ar\/index.php\/wp-json\/wp\/v2\/types\/product"}],"replies":[{"embeddable":true,"href":"https:\/\/mhthobbyracing.com.ar\/index.php\/wp-json\/wp\/v2\/comments?post=1794"}],"wp:featuredmedia":[{"embeddable":true,"href":"https:\/\/mhthobbyracing.com.ar\/index.php\/wp-json\/wp\/v2\/media\/1795"}],"wp:attachment":[{"href":"https:\/\/mhthobbyracing.com.ar\/index.php\/wp-json\/wp\/v2\/media?parent=1794"}],"wp:term":[{"taxonomy":"product_brand","embeddable":true,"href":"https:\/\/mhthobbyracing.com.ar\/index.php\/wp-json\/wp\/v2\/product_brand?post=1794"},{"taxonomy":"product_cat","embeddable":true,"href":"https:\/\/mhthobbyracing.com.ar\/index.php\/wp-json\/wp\/v2\/product_cat?post=1794"},{"taxonomy":"product_tag","embeddable":true,"href":"https:\/\/mhthobbyracing.com.ar\/index.php\/wp-json\/wp\/v2\/product_tag?post=1794"}],"curies":[{"name":"wp","href":"https:\/\/api.w.org\/{rel}","templated":true}]}}