{"id":1865,"date":"2025-10-06T20:00:09","date_gmt":"2025-10-06T23:00:09","guid":{"rendered":"https:\/\/mhthobbyracing.com.ar\/?post_type=product&#038;p=1865"},"modified":"2025-12-03T12:03:34","modified_gmt":"2025-12-03T15:03:34","slug":"motor-ielasi-tuned-terra-off-road-18","status":"publish","type":"product","link":"https:\/\/mhthobbyracing.com.ar\/index.php\/producto\/motor-ielasi-tuned-terra-off-road-18\/","title":{"rendered":"Motor Ielasi Tuned Terra Off-Road 1:8"},"content":{"rendered":"<h3>Motor Ielasi Tuned Terra Off-Road 1:8<\/h3>\n<p>&nbsp;<\/p>\n<p>El tercer motor nuevo de la gama IELASITUNED que presentamos hoy est\u00e1 dedicado a la categor\u00eda OffRoad y sustituir\u00e1 a nuestros anteriores motores Dirt y Dusty para el futuro, hablamos del nuevo IELASITUNED TERRA!!<\/p>\n<p>Desde hace unos meses utilizado por nuestros pilotos oficiales con excelentes resultados.<\/p>\n<p>El nuevo motor TERRA en comparaci\u00f3n con nuestras versiones anteriores (Dirt &amp; Dusty) cumple con todos los requisitos que debe tener un motor de alta gama para estar al alcance de todos, desde profesionales hasta aficionados:<\/p>\n<p>Rendimiento \/ Calidad \/ Precio todo en un solo motor!!<\/p>\n<p>Esta elecci\u00f3n comercial fue fundamental para m\u00ed, ya que creo que incluso en OffRoad, tener un solo motor de gama alta me permite concentrar las fuerzas de desarrollo econ\u00f3mico en un solo motor y, al mismo tiempo, lograr tener un precio competitivo para todos.<\/p>\n<p>El nuevo TERRA es un motor EXCLUSIVO IELASITUNED porque todos los componentes del motor son producidos como siempre por OS ,pero han sido elegidos uno por uno de acuerdo con nuestras especificaciones t\u00e9cnicas.<\/p>\n<p>Este motor con este conjunto de componentes no forma parte de la gama de motores de la serie OS.<\/p>\n<p>Visit\u00e1:<a href=\"https:\/\/ielasitunedusa.com\/collections\/off-road-nitro-rc-engines\">https:\/\/ielasitunedusa.com\/collections\/off-road-nitro-rc-engines<\/a><\/p>\n<p>Te puede interesar:<a href=\"https:\/\/mhthobbyracing.com.ar\/index.php\/categoria-producto\/motores-nitro\/\">https:\/\/mhthobbyracing.com.ar\/index.php\/categoria-producto\/motores-nitro\/<\/a><\/p>\n","protected":false},"excerpt":{"rendered":"<p>En Stock!!!!<\/p>\n<p>Consultar!!!<\/p>\n","protected":false},"featured_media":1867,"comment_status":"closed","ping_status":"closed","template":"","meta":{"site-sidebar-layout":"default","site-content-layout":"","ast-site-content-layout":"default","site-content-style":"default","site-sidebar-style":"default","ast-global-header-display":"","ast-banner-title-visibility":"","ast-main-header-display":"","ast-hfb-above-header-display":"","ast-hfb-below-header-display":"","ast-hfb-mobile-header-display":"","site-post-title":"","ast-breadcrumbs-content":"","ast-featured-img":"","footer-sml-layout":"","theme-transparent-header-meta":"default","adv-header-id-meta":"","stick-header-meta":"","header-above-stick-meta":"","header-main-stick-meta":"","header-below-stick-meta":"","astra-migrate-meta-layouts":"set","ast-page-background-enabled":"default","ast-page-background-meta":{"desktop":{"background-color":"","background-image":"","background-repeat":"repeat","background-position":"center center","background-size":"auto","background-attachment":"scroll","background-type":"","background-media":"","overlay-type":"","overlay-color":"","overlay-opacity":"","overlay-gradient":""},"tablet":{"background-color":"","background-image":"","background-repeat":"repeat","background-position":"center center","background-size":"auto","background-attachment":"scroll","background-type":"","background-media":"","overlay-type":"","overlay-color":"","overlay-opacity":"","overlay-gradient":""},"mobile":{"background-color":"","background-image":"","background-repeat":"repeat","background-position":"center center","background-size":"auto","background-attachment":"scroll","background-type":"","background-media":"","overlay-type":"","overlay-color":"","overlay-opacity":"","overlay-gradient":""}},"ast-content-background-meta":{"desktop":{"background-color":"var(--ast-global-color-5)","background-image":"","background-repeat":"repeat","background-position":"center center","background-size":"auto","background-attachment":"scroll","background-type":"","background-media":"","overlay-type":"","overlay-color":"","overlay-opacity":"","overlay-gradient":""},"tablet":{"background-color":"var(--ast-global-color-5)","background-image":"","background-repeat":"repeat","background-position":"center center","background-size":"auto","background-attachment":"scroll","background-type":"","background-media":"","overlay-type":"","overlay-color":"","overlay-opacity":"","overlay-gradient":""},"mobile":{"background-color":"var(--ast-global-color-5)","background-image":"","background-repeat":"repeat","background-position":"center center","background-size":"auto","background-attachment":"scroll","background-type":"","background-media":"","overlay-type":"","overlay-color":"","overlay-opacity":"","overlay-gradient":""}},"_joinchat":[]},"product_brand":[276],"product_cat":[27],"product_tag":[],"class_list":{"0":"post-1865","1":"product","2":"type-product","3":"status-publish","4":"has-post-thumbnail","6":"product_brand-ielasi-tuned","7":"product_cat-motores-nitro","8":"desktop-align-left","9":"tablet-align-left","10":"mobile-align-left","12":"first","13":"instock","14":"shipping-taxable","15":"purchasable","16":"product-type-simple"},"yoast_head":"<!-- This site is optimized with the Yoast SEO plugin v27.5 - https:\/\/yoast.com\/product\/yoast-seo-wordpress\/ -->\n<title>Motor Ielasi Tuned Terra Off-Road 1:8 - est\u00e1 en MHTHOBBY<\/title>\n<meta name=\"description\" content=\"Motor Ielasi Tuned Terra Off-Road 1:8 - El tercer motor nuevo de la gama IELASITUNED que presentamos hoy est\u00e1 dedicado a la categor\u00eda OffRoad\" \/>\n<meta name=\"robots\" content=\"index, follow, max-snippet:-1, max-image-preview:large, max-video-preview:-1\" \/>\n<link rel=\"canonical\" href=\"https:\/\/mhthobbyracing.com.ar\/index.php\/producto\/motor-ielasi-tuned-terra-off-road-18\/\" \/>\n<meta property=\"og:locale\" content=\"es_ES\" \/>\n<meta property=\"og:type\" content=\"article\" \/>\n<meta property=\"og:title\" content=\"Motor Ielasi Tuned Terra Off-Road 1:8 - est\u00e1 en MHTHOBBY\" \/>\n<meta property=\"og:description\" content=\"Motor Ielasi Tuned Terra Off-Road 1:8 - El tercer motor nuevo de la gama IELASITUNED que presentamos hoy est\u00e1 dedicado a la categor\u00eda OffRoad\" \/>\n<meta property=\"og:url\" content=\"https:\/\/mhthobbyracing.com.ar\/index.php\/producto\/motor-ielasi-tuned-terra-off-road-18\/\" \/>\n<meta property=\"og:site_name\" content=\"Racing Team\" \/>\n<meta property=\"article:modified_time\" content=\"2025-12-03T15:03:34+00:00\" \/>\n<meta property=\"og:image\" content=\"https:\/\/mhthobbyracing.com.ar\/wp-content\/uploads\/2025\/10\/d1002b57-27a1-4fdd-9f72-4becc0dbcc42_1100x.webp\" \/>\n\t<meta property=\"og:image:width\" content=\"1100\" \/>\n\t<meta property=\"og:image:height\" content=\"1467\" \/>\n\t<meta property=\"og:image:type\" content=\"image\/webp\" \/>\n<meta name=\"twitter:card\" content=\"summary_large_image\" \/>\n<meta name=\"twitter:label1\" content=\"Tiempo de lectura\" \/>\n\t<meta name=\"twitter:data1\" content=\"2 minutos\" \/>\n<script type=\"application\/ld+json\" class=\"yoast-schema-graph\">{\"@context\":\"https:\\\/\\\/schema.org\",\"@graph\":[{\"@type\":\"WebPage\",\"@id\":\"https:\\\/\\\/mhthobbyracing.com.ar\\\/index.php\\\/producto\\\/motor-ielasi-tuned-terra-off-road-18\\\/\",\"url\":\"https:\\\/\\\/mhthobbyracing.com.ar\\\/index.php\\\/producto\\\/motor-ielasi-tuned-terra-off-road-18\\\/\",\"name\":\"Motor Ielasi Tuned Terra Off-Road 1:8 - est\u00e1 en MHTHOBBY\",\"isPartOf\":{\"@id\":\"https:\\\/\\\/mhthobbyracing.com.ar\\\/#website\"},\"primaryImageOfPage\":{\"@id\":\"https:\\\/\\\/mhthobbyracing.com.ar\\\/index.php\\\/producto\\\/motor-ielasi-tuned-terra-off-road-18\\\/#primaryimage\"},\"image\":{\"@id\":\"https:\\\/\\\/mhthobbyracing.com.ar\\\/index.php\\\/producto\\\/motor-ielasi-tuned-terra-off-road-18\\\/#primaryimage\"},\"thumbnailUrl\":\"https:\\\/\\\/mhthobbyracing.com.ar\\\/wp-content\\\/uploads\\\/2025\\\/10\\\/d1002b57-27a1-4fdd-9f72-4becc0dbcc42_1100x.webp\",\"datePublished\":\"2025-10-06T23:00:09+00:00\",\"dateModified\":\"2025-12-03T15:03:34+00:00\",\"description\":\"Motor Ielasi Tuned Terra Off-Road 1:8 - El tercer motor nuevo de la gama IELASITUNED que presentamos hoy est\u00e1 dedicado a la categor\u00eda OffRoad\",\"breadcrumb\":{\"@id\":\"https:\\\/\\\/mhthobbyracing.com.ar\\\/index.php\\\/producto\\\/motor-ielasi-tuned-terra-off-road-18\\\/#breadcrumb\"},\"inLanguage\":\"es-AR\",\"potentialAction\":[{\"@type\":\"ReadAction\",\"target\":[\"https:\\\/\\\/mhthobbyracing.com.ar\\\/index.php\\\/producto\\\/motor-ielasi-tuned-terra-off-road-18\\\/\"]}]},{\"@type\":\"ImageObject\",\"inLanguage\":\"es-AR\",\"@id\":\"https:\\\/\\\/mhthobbyracing.com.ar\\\/index.php\\\/producto\\\/motor-ielasi-tuned-terra-off-road-18\\\/#primaryimage\",\"url\":\"https:\\\/\\\/mhthobbyracing.com.ar\\\/wp-content\\\/uploads\\\/2025\\\/10\\\/d1002b57-27a1-4fdd-9f72-4becc0dbcc42_1100x.webp\",\"contentUrl\":\"https:\\\/\\\/mhthobbyracing.com.ar\\\/wp-content\\\/uploads\\\/2025\\\/10\\\/d1002b57-27a1-4fdd-9f72-4becc0dbcc42_1100x.webp\",\"width\":1100,\"height\":1467},{\"@type\":\"BreadcrumbList\",\"@id\":\"https:\\\/\\\/mhthobbyracing.com.ar\\\/index.php\\\/producto\\\/motor-ielasi-tuned-terra-off-road-18\\\/#breadcrumb\",\"itemListElement\":[{\"@type\":\"ListItem\",\"position\":1,\"name\":\"Inicio\",\"item\":\"https:\\\/\\\/mhthobbyracing.com.ar\\\/\"},{\"@type\":\"ListItem\",\"position\":2,\"name\":\"Productos\",\"item\":\"https:\\\/\\\/mhthobbyracing.com.ar\\\/index.php\\\/inicio\\\/tienda\\\/\"},{\"@type\":\"ListItem\",\"position\":3,\"name\":\"Motor Ielasi Tuned Terra Off-Road 1:8\"}]},{\"@type\":\"WebSite\",\"@id\":\"https:\\\/\\\/mhthobbyracing.com.ar\\\/#website\",\"url\":\"https:\\\/\\\/mhthobbyracing.com.ar\\\/\",\"name\":\"MHT-Hobby- Racing Team\",\"description\":\"Hobby Automodelismo\",\"publisher\":{\"@id\":\"https:\\\/\\\/mhthobbyracing.com.ar\\\/#\\\/schema\\\/person\\\/a6a6ed9c2713fc1826eb2541c6a3e9d1\"},\"potentialAction\":[{\"@type\":\"SearchAction\",\"target\":{\"@type\":\"EntryPoint\",\"urlTemplate\":\"https:\\\/\\\/mhthobbyracing.com.ar\\\/?s={search_term_string}\"},\"query-input\":{\"@type\":\"PropertyValueSpecification\",\"valueRequired\":true,\"valueName\":\"search_term_string\"}}],\"inLanguage\":\"es-AR\"},{\"@type\":[\"Person\",\"Organization\"],\"@id\":\"https:\\\/\\\/mhthobbyracing.com.ar\\\/#\\\/schema\\\/person\\\/a6a6ed9c2713fc1826eb2541c6a3e9d1\",\"name\":\"ecomusicpm\",\"image\":{\"@type\":\"ImageObject\",\"inLanguage\":\"es-AR\",\"@id\":\"https:\\\/\\\/mhthobbyracing.com.ar\\\/wp-content\\\/uploads\\\/2020\\\/05\\\/cropped-LOGO-MHT16523-1.png\",\"url\":\"https:\\\/\\\/mhthobbyracing.com.ar\\\/wp-content\\\/uploads\\\/2020\\\/05\\\/cropped-LOGO-MHT16523-1.png\",\"contentUrl\":\"https:\\\/\\\/mhthobbyracing.com.ar\\\/wp-content\\\/uploads\\\/2020\\\/05\\\/cropped-LOGO-MHT16523-1.png\",\"width\":1578,\"height\":564,\"caption\":\"ecomusicpm\"},\"logo\":{\"@id\":\"https:\\\/\\\/mhthobbyracing.com.ar\\\/wp-content\\\/uploads\\\/2020\\\/05\\\/cropped-LOGO-MHT16523-1.png\"},\"sameAs\":[\"http:\\\/\\\/mhthobbyracing.com.ar\"]}]}<\/script>\n<!-- \/ Yoast SEO plugin. -->","yoast_head_json":{"title":"Motor Ielasi Tuned Terra Off-Road 1:8 - est\u00e1 en MHTHOBBY","description":"Motor Ielasi Tuned Terra Off-Road 1:8 - El tercer motor nuevo de la gama IELASITUNED que presentamos hoy est\u00e1 dedicado a la categor\u00eda OffRoad","robots":{"index":"index","follow":"follow","max-snippet":"max-snippet:-1","max-image-preview":"max-image-preview:large","max-video-preview":"max-video-preview:-1"},"canonical":"https:\/\/mhthobbyracing.com.ar\/index.php\/producto\/motor-ielasi-tuned-terra-off-road-18\/","og_locale":"es_ES","og_type":"article","og_title":"Motor Ielasi Tuned Terra Off-Road 1:8 - est\u00e1 en MHTHOBBY","og_description":"Motor Ielasi Tuned Terra Off-Road 1:8 - El tercer motor nuevo de la gama IELASITUNED que presentamos hoy est\u00e1 dedicado a la categor\u00eda OffRoad","og_url":"https:\/\/mhthobbyracing.com.ar\/index.php\/producto\/motor-ielasi-tuned-terra-off-road-18\/","og_site_name":"Racing Team","article_modified_time":"2025-12-03T15:03:34+00:00","og_image":[{"width":1100,"height":1467,"url":"https:\/\/mhthobbyracing.com.ar\/wp-content\/uploads\/2025\/10\/d1002b57-27a1-4fdd-9f72-4becc0dbcc42_1100x.webp","type":"image\/webp"}],"twitter_card":"summary_large_image","twitter_misc":{"Tiempo de lectura":"2 minutos"},"schema":{"@context":"https:\/\/schema.org","@graph":[{"@type":"WebPage","@id":"https:\/\/mhthobbyracing.com.ar\/index.php\/producto\/motor-ielasi-tuned-terra-off-road-18\/","url":"https:\/\/mhthobbyracing.com.ar\/index.php\/producto\/motor-ielasi-tuned-terra-off-road-18\/","name":"Motor Ielasi Tuned Terra Off-Road 1:8 - est\u00e1 en MHTHOBBY","isPartOf":{"@id":"https:\/\/mhthobbyracing.com.ar\/#website"},"primaryImageOfPage":{"@id":"https:\/\/mhthobbyracing.com.ar\/index.php\/producto\/motor-ielasi-tuned-terra-off-road-18\/#primaryimage"},"image":{"@id":"https:\/\/mhthobbyracing.com.ar\/index.php\/producto\/motor-ielasi-tuned-terra-off-road-18\/#primaryimage"},"thumbnailUrl":"https:\/\/mhthobbyracing.com.ar\/wp-content\/uploads\/2025\/10\/d1002b57-27a1-4fdd-9f72-4becc0dbcc42_1100x.webp","datePublished":"2025-10-06T23:00:09+00:00","dateModified":"2025-12-03T15:03:34+00:00","description":"Motor Ielasi Tuned Terra Off-Road 1:8 - El tercer motor nuevo de la gama IELASITUNED que presentamos hoy est\u00e1 dedicado a la categor\u00eda OffRoad","breadcrumb":{"@id":"https:\/\/mhthobbyracing.com.ar\/index.php\/producto\/motor-ielasi-tuned-terra-off-road-18\/#breadcrumb"},"inLanguage":"es-AR","potentialAction":[{"@type":"ReadAction","target":["https:\/\/mhthobbyracing.com.ar\/index.php\/producto\/motor-ielasi-tuned-terra-off-road-18\/"]}]},{"@type":"ImageObject","inLanguage":"es-AR","@id":"https:\/\/mhthobbyracing.com.ar\/index.php\/producto\/motor-ielasi-tuned-terra-off-road-18\/#primaryimage","url":"https:\/\/mhthobbyracing.com.ar\/wp-content\/uploads\/2025\/10\/d1002b57-27a1-4fdd-9f72-4becc0dbcc42_1100x.webp","contentUrl":"https:\/\/mhthobbyracing.com.ar\/wp-content\/uploads\/2025\/10\/d1002b57-27a1-4fdd-9f72-4becc0dbcc42_1100x.webp","width":1100,"height":1467},{"@type":"BreadcrumbList","@id":"https:\/\/mhthobbyracing.com.ar\/index.php\/producto\/motor-ielasi-tuned-terra-off-road-18\/#breadcrumb","itemListElement":[{"@type":"ListItem","position":1,"name":"Inicio","item":"https:\/\/mhthobbyracing.com.ar\/"},{"@type":"ListItem","position":2,"name":"Productos","item":"https:\/\/mhthobbyracing.com.ar\/index.php\/inicio\/tienda\/"},{"@type":"ListItem","position":3,"name":"Motor Ielasi Tuned Terra Off-Road 1:8"}]},{"@type":"WebSite","@id":"https:\/\/mhthobbyracing.com.ar\/#website","url":"https:\/\/mhthobbyracing.com.ar\/","name":"MHT-Hobby- Racing Team","description":"Hobby Automodelismo","publisher":{"@id":"https:\/\/mhthobbyracing.com.ar\/#\/schema\/person\/a6a6ed9c2713fc1826eb2541c6a3e9d1"},"potentialAction":[{"@type":"SearchAction","target":{"@type":"EntryPoint","urlTemplate":"https:\/\/mhthobbyracing.com.ar\/?s={search_term_string}"},"query-input":{"@type":"PropertyValueSpecification","valueRequired":true,"valueName":"search_term_string"}}],"inLanguage":"es-AR"},{"@type":["Person","Organization"],"@id":"https:\/\/mhthobbyracing.com.ar\/#\/schema\/person\/a6a6ed9c2713fc1826eb2541c6a3e9d1","name":"ecomusicpm","image":{"@type":"ImageObject","inLanguage":"es-AR","@id":"https:\/\/mhthobbyracing.com.ar\/wp-content\/uploads\/2020\/05\/cropped-LOGO-MHT16523-1.png","url":"https:\/\/mhthobbyracing.com.ar\/wp-content\/uploads\/2020\/05\/cropped-LOGO-MHT16523-1.png","contentUrl":"https:\/\/mhthobbyracing.com.ar\/wp-content\/uploads\/2020\/05\/cropped-LOGO-MHT16523-1.png","width":1578,"height":564,"caption":"ecomusicpm"},"logo":{"@id":"https:\/\/mhthobbyracing.com.ar\/wp-content\/uploads\/2020\/05\/cropped-LOGO-MHT16523-1.png"},"sameAs":["http:\/\/mhthobbyracing.com.ar"]}]}},"_links":{"self":[{"href":"https:\/\/mhthobbyracing.com.ar\/index.php\/wp-json\/wp\/v2\/product\/1865","targetHints":{"allow":["GET"]}}],"collection":[{"href":"https:\/\/mhthobbyracing.com.ar\/index.php\/wp-json\/wp\/v2\/product"}],"about":[{"href":"https:\/\/mhthobbyracing.com.ar\/index.php\/wp-json\/wp\/v2\/types\/product"}],"replies":[{"embeddable":true,"href":"https:\/\/mhthobbyracing.com.ar\/index.php\/wp-json\/wp\/v2\/comments?post=1865"}],"wp:featuredmedia":[{"embeddable":true,"href":"https:\/\/mhthobbyracing.com.ar\/index.php\/wp-json\/wp\/v2\/media\/1867"}],"wp:attachment":[{"href":"https:\/\/mhthobbyracing.com.ar\/index.php\/wp-json\/wp\/v2\/media?parent=1865"}],"wp:term":[{"taxonomy":"product_brand","embeddable":true,"href":"https:\/\/mhthobbyracing.com.ar\/index.php\/wp-json\/wp\/v2\/product_brand?post=1865"},{"taxonomy":"product_cat","embeddable":true,"href":"https:\/\/mhthobbyracing.com.ar\/index.php\/wp-json\/wp\/v2\/product_cat?post=1865"},{"taxonomy":"product_tag","embeddable":true,"href":"https:\/\/mhthobbyracing.com.ar\/index.php\/wp-json\/wp\/v2\/product_tag?post=1865"}],"curies":[{"name":"wp","href":"https:\/\/api.w.org\/{rel}","templated":true}]}}