{"id":1869,"date":"2025-10-06T20:43:45","date_gmt":"2025-10-06T23:43:45","guid":{"rendered":"https:\/\/mhthobbyracing.com.ar\/?post_type=product&#038;p=1869"},"modified":"2025-12-03T12:03:17","modified_gmt":"2025-12-03T15:03:17","slug":"ielasi-tuned-efra-2186-buggy-truggy","status":"publish","type":"product","link":"https:\/\/mhthobbyracing.com.ar\/index.php\/producto\/ielasi-tuned-efra-2186-buggy-truggy\/","title":{"rendered":"Escape Ielasi Tuned EFRA 2186 Buggy-Truggy Kit"},"content":{"rendered":"<h3>Escape Ielasi Tuned EFRA 2186<\/h3>\n<p>Escape Ielasi Tuned EFRA 2186, el nuevo escape Ielasi Tuned 2186 est\u00e1 dise\u00f1ado en la f\u00e1brica Ielasi para aprovechar al m\u00e1ximo las prestaciones de tu motor.<\/p>\n<p>Visit\u00e1:<a href=\"https:\/\/ielasitunedusa.com\">https:\/\/ielasitunedusa.com<\/a><\/p>\n<p>Te piede interesar:<a href=\"https:\/\/mhthobbyracing.com.ar\/index.php\/categoria-producto\/motores-nitro\/\">https:\/\/mhthobbyracing.com.ar\/index.php\/categoria-producto\/motores-nitro\/<\/a><\/p>\n","protected":false},"excerpt":{"rendered":"<p>En Stock!!!<\/p>\n<p>&nbsp;<\/p>\n","protected":false},"featured_media":1870,"comment_status":"closed","ping_status":"closed","template":"","meta":{"site-sidebar-layout":"default","site-content-layout":"","ast-site-content-layout":"default","site-content-style":"default","site-sidebar-style":"default","ast-global-header-display":"","ast-banner-title-visibility":"","ast-main-header-display":"","ast-hfb-above-header-display":"","ast-hfb-below-header-display":"","ast-hfb-mobile-header-display":"","site-post-title":"","ast-breadcrumbs-content":"","ast-featured-img":"","footer-sml-layout":"","theme-transparent-header-meta":"default","adv-header-id-meta":"","stick-header-meta":"","header-above-stick-meta":"","header-main-stick-meta":"","header-below-stick-meta":"","astra-migrate-meta-layouts":"set","ast-page-background-enabled":"default","ast-page-background-meta":{"desktop":{"background-color":"","background-image":"","background-repeat":"repeat","background-position":"center center","background-size":"auto","background-attachment":"scroll","background-type":"","background-media":"","overlay-type":"","overlay-color":"","overlay-opacity":"","overlay-gradient":""},"tablet":{"background-color":"","background-image":"","background-repeat":"repeat","background-position":"center center","background-size":"auto","background-attachment":"scroll","background-type":"","background-media":"","overlay-type":"","overlay-color":"","overlay-opacity":"","overlay-gradient":""},"mobile":{"background-color":"","background-image":"","background-repeat":"repeat","background-position":"center center","background-size":"auto","background-attachment":"scroll","background-type":"","background-media":"","overlay-type":"","overlay-color":"","overlay-opacity":"","overlay-gradient":""}},"ast-content-background-meta":{"desktop":{"background-color":"var(--ast-global-color-5)","background-image":"","background-repeat":"repeat","background-position":"center center","background-size":"auto","background-attachment":"scroll","background-type":"","background-media":"","overlay-type":"","overlay-color":"","overlay-opacity":"","overlay-gradient":""},"tablet":{"background-color":"var(--ast-global-color-5)","background-image":"","background-repeat":"repeat","background-position":"center center","background-size":"auto","background-attachment":"scroll","background-type":"","background-media":"","overlay-type":"","overlay-color":"","overlay-opacity":"","overlay-gradient":""},"mobile":{"background-color":"var(--ast-global-color-5)","background-image":"","background-repeat":"repeat","background-position":"center center","background-size":"auto","background-attachment":"scroll","background-type":"","background-media":"","overlay-type":"","overlay-color":"","overlay-opacity":"","overlay-gradient":""}},"_joinchat":[]},"product_brand":[276],"product_cat":[31,27],"product_tag":[],"class_list":{"0":"post-1869","1":"product","2":"type-product","3":"status-publish","4":"has-post-thumbnail","6":"product_brand-ielasi-tuned","7":"product_cat-escapes-y-codos","8":"product_cat-motores-nitro","9":"desktop-align-left","10":"tablet-align-left","11":"mobile-align-left","13":"first","14":"instock","15":"shipping-taxable","16":"purchasable","17":"product-type-simple"},"yoast_head":"<!-- This site is optimized with the Yoast SEO plugin v27.4 - https:\/\/yoast.com\/product\/yoast-seo-wordpress\/ -->\n<title>Escape Ielasi Tuned EFRA 2186 - encontralo en MHTHOBBY<\/title>\n<meta name=\"description\" content=\"Escape Ielasi Tuned EFRA 2186 - el nuevo escape Ielasi Tuned 2186 est\u00e1 dise\u00f1ado en la f\u00e1brica Ielasi para aprovechar al m\u00e1ximo las prestaciones de tu motor\" \/>\n<meta name=\"robots\" content=\"index, follow, max-snippet:-1, max-image-preview:large, max-video-preview:-1\" \/>\n<link rel=\"canonical\" href=\"https:\/\/mhthobbyracing.com.ar\/index.php\/producto\/ielasi-tuned-efra-2186-buggy-truggy\/\" \/>\n<meta property=\"og:locale\" content=\"es_ES\" \/>\n<meta property=\"og:type\" content=\"article\" \/>\n<meta property=\"og:title\" content=\"Escape Ielasi Tuned EFRA 2186 - encontralo en MHTHOBBY\" \/>\n<meta property=\"og:description\" content=\"Escape Ielasi Tuned EFRA 2186 - el nuevo escape Ielasi Tuned 2186 est\u00e1 dise\u00f1ado en la f\u00e1brica Ielasi para aprovechar al m\u00e1ximo las prestaciones de tu motor\" \/>\n<meta property=\"og:url\" content=\"https:\/\/mhthobbyracing.com.ar\/index.php\/producto\/ielasi-tuned-efra-2186-buggy-truggy\/\" \/>\n<meta property=\"og:site_name\" content=\"Racing Team\" \/>\n<meta property=\"article:modified_time\" content=\"2025-12-03T15:03:17+00:00\" \/>\n<meta property=\"og:image\" content=\"https:\/\/mhthobbyracing.com.ar\/wp-content\/uploads\/2025\/10\/9423BE7D-CD24-47CA-8AD4-0B4FA9603B3F_1100x.webp\" \/>\n\t<meta property=\"og:image:width\" content=\"1100\" \/>\n\t<meta property=\"og:image:height\" content=\"1148\" \/>\n\t<meta property=\"og:image:type\" content=\"image\/webp\" \/>\n<meta name=\"twitter:card\" content=\"summary_large_image\" \/>\n<meta name=\"twitter:label1\" content=\"Tiempo de lectura\" \/>\n\t<meta name=\"twitter:data1\" content=\"1 minuto\" \/>\n<script type=\"application\/ld+json\" class=\"yoast-schema-graph\">{\"@context\":\"https:\\\/\\\/schema.org\",\"@graph\":[{\"@type\":\"WebPage\",\"@id\":\"https:\\\/\\\/mhthobbyracing.com.ar\\\/index.php\\\/producto\\\/ielasi-tuned-efra-2186-buggy-truggy\\\/\",\"url\":\"https:\\\/\\\/mhthobbyracing.com.ar\\\/index.php\\\/producto\\\/ielasi-tuned-efra-2186-buggy-truggy\\\/\",\"name\":\"Escape Ielasi Tuned EFRA 2186 - encontralo en MHTHOBBY\",\"isPartOf\":{\"@id\":\"https:\\\/\\\/mhthobbyracing.com.ar\\\/#website\"},\"primaryImageOfPage\":{\"@id\":\"https:\\\/\\\/mhthobbyracing.com.ar\\\/index.php\\\/producto\\\/ielasi-tuned-efra-2186-buggy-truggy\\\/#primaryimage\"},\"image\":{\"@id\":\"https:\\\/\\\/mhthobbyracing.com.ar\\\/index.php\\\/producto\\\/ielasi-tuned-efra-2186-buggy-truggy\\\/#primaryimage\"},\"thumbnailUrl\":\"https:\\\/\\\/mhthobbyracing.com.ar\\\/wp-content\\\/uploads\\\/2025\\\/10\\\/9423BE7D-CD24-47CA-8AD4-0B4FA9603B3F_1100x.webp\",\"datePublished\":\"2025-10-06T23:43:45+00:00\",\"dateModified\":\"2025-12-03T15:03:17+00:00\",\"description\":\"Escape Ielasi Tuned EFRA 2186 - el nuevo escape Ielasi Tuned 2186 est\u00e1 dise\u00f1ado en la f\u00e1brica Ielasi para aprovechar al m\u00e1ximo las prestaciones de tu motor\",\"breadcrumb\":{\"@id\":\"https:\\\/\\\/mhthobbyracing.com.ar\\\/index.php\\\/producto\\\/ielasi-tuned-efra-2186-buggy-truggy\\\/#breadcrumb\"},\"inLanguage\":\"es-AR\",\"potentialAction\":[{\"@type\":\"ReadAction\",\"target\":[\"https:\\\/\\\/mhthobbyracing.com.ar\\\/index.php\\\/producto\\\/ielasi-tuned-efra-2186-buggy-truggy\\\/\"]}]},{\"@type\":\"ImageObject\",\"inLanguage\":\"es-AR\",\"@id\":\"https:\\\/\\\/mhthobbyracing.com.ar\\\/index.php\\\/producto\\\/ielasi-tuned-efra-2186-buggy-truggy\\\/#primaryimage\",\"url\":\"https:\\\/\\\/mhthobbyracing.com.ar\\\/wp-content\\\/uploads\\\/2025\\\/10\\\/9423BE7D-CD24-47CA-8AD4-0B4FA9603B3F_1100x.webp\",\"contentUrl\":\"https:\\\/\\\/mhthobbyracing.com.ar\\\/wp-content\\\/uploads\\\/2025\\\/10\\\/9423BE7D-CD24-47CA-8AD4-0B4FA9603B3F_1100x.webp\",\"width\":1100,\"height\":1148},{\"@type\":\"BreadcrumbList\",\"@id\":\"https:\\\/\\\/mhthobbyracing.com.ar\\\/index.php\\\/producto\\\/ielasi-tuned-efra-2186-buggy-truggy\\\/#breadcrumb\",\"itemListElement\":[{\"@type\":\"ListItem\",\"position\":1,\"name\":\"Inicio\",\"item\":\"https:\\\/\\\/mhthobbyracing.com.ar\\\/\"},{\"@type\":\"ListItem\",\"position\":2,\"name\":\"Productos\",\"item\":\"https:\\\/\\\/mhthobbyracing.com.ar\\\/index.php\\\/inicio\\\/tienda\\\/\"},{\"@type\":\"ListItem\",\"position\":3,\"name\":\"Escape Ielasi Tuned EFRA 2186 Buggy-Truggy Kit\"}]},{\"@type\":\"WebSite\",\"@id\":\"https:\\\/\\\/mhthobbyracing.com.ar\\\/#website\",\"url\":\"https:\\\/\\\/mhthobbyracing.com.ar\\\/\",\"name\":\"MHT-Hobby- Racing Team\",\"description\":\"Hobby Automodelismo\",\"publisher\":{\"@id\":\"https:\\\/\\\/mhthobbyracing.com.ar\\\/#\\\/schema\\\/person\\\/a6a6ed9c2713fc1826eb2541c6a3e9d1\"},\"potentialAction\":[{\"@type\":\"SearchAction\",\"target\":{\"@type\":\"EntryPoint\",\"urlTemplate\":\"https:\\\/\\\/mhthobbyracing.com.ar\\\/?s={search_term_string}\"},\"query-input\":{\"@type\":\"PropertyValueSpecification\",\"valueRequired\":true,\"valueName\":\"search_term_string\"}}],\"inLanguage\":\"es-AR\"},{\"@type\":[\"Person\",\"Organization\"],\"@id\":\"https:\\\/\\\/mhthobbyracing.com.ar\\\/#\\\/schema\\\/person\\\/a6a6ed9c2713fc1826eb2541c6a3e9d1\",\"name\":\"ecomusicpm\",\"image\":{\"@type\":\"ImageObject\",\"inLanguage\":\"es-AR\",\"@id\":\"https:\\\/\\\/mhthobbyracing.com.ar\\\/wp-content\\\/uploads\\\/2020\\\/05\\\/cropped-LOGO-MHT16523-1.png\",\"url\":\"https:\\\/\\\/mhthobbyracing.com.ar\\\/wp-content\\\/uploads\\\/2020\\\/05\\\/cropped-LOGO-MHT16523-1.png\",\"contentUrl\":\"https:\\\/\\\/mhthobbyracing.com.ar\\\/wp-content\\\/uploads\\\/2020\\\/05\\\/cropped-LOGO-MHT16523-1.png\",\"width\":1578,\"height\":564,\"caption\":\"ecomusicpm\"},\"logo\":{\"@id\":\"https:\\\/\\\/mhthobbyracing.com.ar\\\/wp-content\\\/uploads\\\/2020\\\/05\\\/cropped-LOGO-MHT16523-1.png\"},\"sameAs\":[\"http:\\\/\\\/mhthobbyracing.com.ar\"]}]}<\/script>\n<!-- \/ Yoast SEO plugin. -->","yoast_head_json":{"title":"Escape Ielasi Tuned EFRA 2186 - encontralo en MHTHOBBY","description":"Escape Ielasi Tuned EFRA 2186 - el nuevo escape Ielasi Tuned 2186 est\u00e1 dise\u00f1ado en la f\u00e1brica Ielasi para aprovechar al m\u00e1ximo las prestaciones de tu motor","robots":{"index":"index","follow":"follow","max-snippet":"max-snippet:-1","max-image-preview":"max-image-preview:large","max-video-preview":"max-video-preview:-1"},"canonical":"https:\/\/mhthobbyracing.com.ar\/index.php\/producto\/ielasi-tuned-efra-2186-buggy-truggy\/","og_locale":"es_ES","og_type":"article","og_title":"Escape Ielasi Tuned EFRA 2186 - encontralo en MHTHOBBY","og_description":"Escape Ielasi Tuned EFRA 2186 - el nuevo escape Ielasi Tuned 2186 est\u00e1 dise\u00f1ado en la f\u00e1brica Ielasi para aprovechar al m\u00e1ximo las prestaciones de tu motor","og_url":"https:\/\/mhthobbyracing.com.ar\/index.php\/producto\/ielasi-tuned-efra-2186-buggy-truggy\/","og_site_name":"Racing Team","article_modified_time":"2025-12-03T15:03:17+00:00","og_image":[{"width":1100,"height":1148,"url":"https:\/\/mhthobbyracing.com.ar\/wp-content\/uploads\/2025\/10\/9423BE7D-CD24-47CA-8AD4-0B4FA9603B3F_1100x.webp","type":"image\/webp"}],"twitter_card":"summary_large_image","twitter_misc":{"Tiempo de lectura":"1 minuto"},"schema":{"@context":"https:\/\/schema.org","@graph":[{"@type":"WebPage","@id":"https:\/\/mhthobbyracing.com.ar\/index.php\/producto\/ielasi-tuned-efra-2186-buggy-truggy\/","url":"https:\/\/mhthobbyracing.com.ar\/index.php\/producto\/ielasi-tuned-efra-2186-buggy-truggy\/","name":"Escape Ielasi Tuned EFRA 2186 - encontralo en MHTHOBBY","isPartOf":{"@id":"https:\/\/mhthobbyracing.com.ar\/#website"},"primaryImageOfPage":{"@id":"https:\/\/mhthobbyracing.com.ar\/index.php\/producto\/ielasi-tuned-efra-2186-buggy-truggy\/#primaryimage"},"image":{"@id":"https:\/\/mhthobbyracing.com.ar\/index.php\/producto\/ielasi-tuned-efra-2186-buggy-truggy\/#primaryimage"},"thumbnailUrl":"https:\/\/mhthobbyracing.com.ar\/wp-content\/uploads\/2025\/10\/9423BE7D-CD24-47CA-8AD4-0B4FA9603B3F_1100x.webp","datePublished":"2025-10-06T23:43:45+00:00","dateModified":"2025-12-03T15:03:17+00:00","description":"Escape Ielasi Tuned EFRA 2186 - el nuevo escape Ielasi Tuned 2186 est\u00e1 dise\u00f1ado en la f\u00e1brica Ielasi para aprovechar al m\u00e1ximo las prestaciones de tu motor","breadcrumb":{"@id":"https:\/\/mhthobbyracing.com.ar\/index.php\/producto\/ielasi-tuned-efra-2186-buggy-truggy\/#breadcrumb"},"inLanguage":"es-AR","potentialAction":[{"@type":"ReadAction","target":["https:\/\/mhthobbyracing.com.ar\/index.php\/producto\/ielasi-tuned-efra-2186-buggy-truggy\/"]}]},{"@type":"ImageObject","inLanguage":"es-AR","@id":"https:\/\/mhthobbyracing.com.ar\/index.php\/producto\/ielasi-tuned-efra-2186-buggy-truggy\/#primaryimage","url":"https:\/\/mhthobbyracing.com.ar\/wp-content\/uploads\/2025\/10\/9423BE7D-CD24-47CA-8AD4-0B4FA9603B3F_1100x.webp","contentUrl":"https:\/\/mhthobbyracing.com.ar\/wp-content\/uploads\/2025\/10\/9423BE7D-CD24-47CA-8AD4-0B4FA9603B3F_1100x.webp","width":1100,"height":1148},{"@type":"BreadcrumbList","@id":"https:\/\/mhthobbyracing.com.ar\/index.php\/producto\/ielasi-tuned-efra-2186-buggy-truggy\/#breadcrumb","itemListElement":[{"@type":"ListItem","position":1,"name":"Inicio","item":"https:\/\/mhthobbyracing.com.ar\/"},{"@type":"ListItem","position":2,"name":"Productos","item":"https:\/\/mhthobbyracing.com.ar\/index.php\/inicio\/tienda\/"},{"@type":"ListItem","position":3,"name":"Escape Ielasi Tuned EFRA 2186 Buggy-Truggy Kit"}]},{"@type":"WebSite","@id":"https:\/\/mhthobbyracing.com.ar\/#website","url":"https:\/\/mhthobbyracing.com.ar\/","name":"MHT-Hobby- Racing Team","description":"Hobby Automodelismo","publisher":{"@id":"https:\/\/mhthobbyracing.com.ar\/#\/schema\/person\/a6a6ed9c2713fc1826eb2541c6a3e9d1"},"potentialAction":[{"@type":"SearchAction","target":{"@type":"EntryPoint","urlTemplate":"https:\/\/mhthobbyracing.com.ar\/?s={search_term_string}"},"query-input":{"@type":"PropertyValueSpecification","valueRequired":true,"valueName":"search_term_string"}}],"inLanguage":"es-AR"},{"@type":["Person","Organization"],"@id":"https:\/\/mhthobbyracing.com.ar\/#\/schema\/person\/a6a6ed9c2713fc1826eb2541c6a3e9d1","name":"ecomusicpm","image":{"@type":"ImageObject","inLanguage":"es-AR","@id":"https:\/\/mhthobbyracing.com.ar\/wp-content\/uploads\/2020\/05\/cropped-LOGO-MHT16523-1.png","url":"https:\/\/mhthobbyracing.com.ar\/wp-content\/uploads\/2020\/05\/cropped-LOGO-MHT16523-1.png","contentUrl":"https:\/\/mhthobbyracing.com.ar\/wp-content\/uploads\/2020\/05\/cropped-LOGO-MHT16523-1.png","width":1578,"height":564,"caption":"ecomusicpm"},"logo":{"@id":"https:\/\/mhthobbyracing.com.ar\/wp-content\/uploads\/2020\/05\/cropped-LOGO-MHT16523-1.png"},"sameAs":["http:\/\/mhthobbyracing.com.ar"]}]}},"_links":{"self":[{"href":"https:\/\/mhthobbyracing.com.ar\/index.php\/wp-json\/wp\/v2\/product\/1869","targetHints":{"allow":["GET"]}}],"collection":[{"href":"https:\/\/mhthobbyracing.com.ar\/index.php\/wp-json\/wp\/v2\/product"}],"about":[{"href":"https:\/\/mhthobbyracing.com.ar\/index.php\/wp-json\/wp\/v2\/types\/product"}],"replies":[{"embeddable":true,"href":"https:\/\/mhthobbyracing.com.ar\/index.php\/wp-json\/wp\/v2\/comments?post=1869"}],"wp:featuredmedia":[{"embeddable":true,"href":"https:\/\/mhthobbyracing.com.ar\/index.php\/wp-json\/wp\/v2\/media\/1870"}],"wp:attachment":[{"href":"https:\/\/mhthobbyracing.com.ar\/index.php\/wp-json\/wp\/v2\/media?parent=1869"}],"wp:term":[{"taxonomy":"product_brand","embeddable":true,"href":"https:\/\/mhthobbyracing.com.ar\/index.php\/wp-json\/wp\/v2\/product_brand?post=1869"},{"taxonomy":"product_cat","embeddable":true,"href":"https:\/\/mhthobbyracing.com.ar\/index.php\/wp-json\/wp\/v2\/product_cat?post=1869"},{"taxonomy":"product_tag","embeddable":true,"href":"https:\/\/mhthobbyracing.com.ar\/index.php\/wp-json\/wp\/v2\/product_tag?post=1869"}],"curies":[{"name":"wp","href":"https:\/\/api.w.org\/{rel}","templated":true}]}}