{"id":288,"date":"2020-05-14T18:41:41","date_gmt":"2020-05-14T21:41:41","guid":{"rendered":"https:\/\/mhthobbyracing.com.ar\/?post_type=product&#038;p=288"},"modified":"2026-04-20T18:11:38","modified_gmt":"2026-04-20T21:11:38","slug":"mylaps-rc4-3-wire-transponder","status":"publish","type":"product","link":"https:\/\/mhthobbyracing.com.ar\/index.php\/producto\/mylaps-rc4-3-wire-transponder\/","title":{"rendered":"MyLaps RC4 (3-wire) Transponder"},"content":{"rendered":"<p>MyLaps RC4<\/p>\n<h4>El sistema ideal para las competiciones por RC<\/h4>\n<p>Llevar un control de los tiempos de vuelta y posiciones en la carrera es complicado en competiciones tan r\u00e1pidas como las carreras por radiocontrol. El sistema de cronometraje est\u00e1 automatizado y optimizado para las carreras de veh\u00edculos controlados por radio. Es f\u00e1cil de configurar y usar. Se utiliza en circuitos cubiertos y al aire libre, con una gran variedad de coches y barcos a escala. El sistema de cronometraje RC4 de MYLAPS no solo muestra la informaci\u00f3n de los tiempos de las vueltas, sino que adem\u00e1s, mide datos de rendimiento como la tensi\u00f3n conectada y la temperatura ambiente del coche.<br \/>\n&amp;nbsp;<\/p>\n<p>El transpondedor RC4 Pro est\u00e1 especialmente dise\u00f1ado para llevar a cualquier corredor RC al siguiente nivel. El transpondedor MyLaps se utiliza en todos los veh\u00edculos de la pista para identificar al corredor y registrar sus resultados.<\/p>\n<p>El transpondedor RC4 Pro cuenta con un cable m\u00e1s corto de 8 cm \/ 3.15 pulgadas, lo que garantiza un ajuste perfecto en todo momento. El dise\u00f1o negro le da a cualquier auto RC ese hermoso acabado que se merece. El transpondedor tiene solo 3 gramos, lo que lo convierte en la versi\u00f3n m\u00e1s ligera jam\u00e1s ofrecida.<\/p>\n<p>MyLaps Speedhive es la plataforma donde los corredores de RC pueden obtener m\u00e1s informaci\u00f3n sobre su rendimiento en carrera. Con la\u00a0<a href=\"https:\/\/speedhive.mylaps.com\/app\" target=\"_blank\" rel=\"noopener\">aplicaci\u00f3n Speedhive<\/a>\u00a0y los servicios web puedes realizar un seguimiento de las carreras, encontrar los resultados de tus pr\u00e1cticas, comparar resultados y compartir tu progreso con tus amigos.<\/p>\n<p>El sistema de cronometraje RC4 de MYLAPS mide los tiempos de vuelta, el voltaje conectado y la temperatura ambiente del coche. Se utiliza en carreras por radiocontrol en circuitos cubiertos y al aire libre.<\/p>\n<p>MyLaps RC4<\/p>\n<p>Visit\u00e1:<a href=\"https:\/\/www.mylaps.com\/es\/\">https:\/\/www.mylaps.com\/es\/<\/a><\/p>\n<p>Te puede interesar:<a href=\"https:\/\/mhthobbyracing.com.ar\/\">https:\/\/mhthobbyracing.com.ar\/<\/a><\/p>\n","protected":false},"excerpt":{"rendered":"<p>En Stock!!!!<\/p>\n","protected":false},"featured_media":210,"comment_status":"open","ping_status":"closed","template":"","meta":{"site-sidebar-layout":"default","site-content-layout":"default","ast-site-content-layout":"","site-content-style":"default","site-sidebar-style":"default","ast-global-header-display":"","ast-banner-title-visibility":"","ast-main-header-display":"","ast-hfb-above-header-display":"","ast-hfb-below-header-display":"","ast-hfb-mobile-header-display":"","site-post-title":"","ast-breadcrumbs-content":"","ast-featured-img":"","footer-sml-layout":"","theme-transparent-header-meta":"default","adv-header-id-meta":"","stick-header-meta":"","header-above-stick-meta":"","header-main-stick-meta":"","header-below-stick-meta":"","astra-migrate-meta-layouts":"default","ast-page-background-enabled":"default","ast-page-background-meta":{"desktop":{"background-color":"","background-image":"","background-repeat":"repeat","background-position":"center center","background-size":"auto","background-attachment":"scroll","background-type":"","background-media":"","overlay-type":"","overlay-color":"","overlay-opacity":"","overlay-gradient":""},"tablet":{"background-color":"","background-image":"","background-repeat":"repeat","background-position":"center center","background-size":"auto","background-attachment":"scroll","background-type":"","background-media":"","overlay-type":"","overlay-color":"","overlay-opacity":"","overlay-gradient":""},"mobile":{"background-color":"","background-image":"","background-repeat":"repeat","background-position":"center center","background-size":"auto","background-attachment":"scroll","background-type":"","background-media":"","overlay-type":"","overlay-color":"","overlay-opacity":"","overlay-gradient":""}},"ast-content-background-meta":{"desktop":{"background-color":"var(--ast-global-color-5)","background-image":"","background-repeat":"repeat","background-position":"center center","background-size":"auto","background-attachment":"scroll","background-type":"","background-media":"","overlay-type":"","overlay-color":"","overlay-opacity":"","overlay-gradient":""},"tablet":{"background-color":"var(--ast-global-color-5)","background-image":"","background-repeat":"repeat","background-position":"center center","background-size":"auto","background-attachment":"scroll","background-type":"","background-media":"","overlay-type":"","overlay-color":"","overlay-opacity":"","overlay-gradient":""},"mobile":{"background-color":"var(--ast-global-color-5)","background-image":"","background-repeat":"repeat","background-position":"center center","background-size":"auto","background-attachment":"scroll","background-type":"","background-media":"","overlay-type":"","overlay-color":"","overlay-opacity":"","overlay-gradient":""}},"_joinchat":[]},"product_brand":[],"product_cat":[215],"product_tag":[44],"class_list":{"0":"post-288","1":"product","2":"type-product","3":"status-publish","4":"has-post-thumbnail","6":"product_cat-transponders","7":"product_tag-part-mlp10r120","8":"desktop-align-left","9":"tablet-align-left","10":"mobile-align-left","12":"first","13":"instock","14":"shipping-taxable","15":"purchasable","16":"product-type-simple"},"yoast_head":"<!-- This site is optimized with the Yoast SEO plugin v27.5 - https:\/\/yoast.com\/product\/yoast-seo-wordpress\/ -->\n<title>MyLaps RC4 - Transponder -encotralo en MHTHOBBY Argentina<\/title>\n<meta name=\"description\" content=\"MyLaps RC4 - El transpondedor MyLaps se utiliza en todos los veh\u00edculos de la pista para identificar al corredor y registrar sus resultados.\" \/>\n<meta name=\"robots\" content=\"index, follow, max-snippet:-1, max-image-preview:large, max-video-preview:-1\" \/>\n<link rel=\"canonical\" href=\"https:\/\/mhthobbyracing.com.ar\/index.php\/producto\/mylaps-rc4-3-wire-transponder\/\" \/>\n<meta property=\"og:locale\" content=\"es_ES\" \/>\n<meta property=\"og:type\" content=\"article\" \/>\n<meta property=\"og:title\" content=\"MyLaps RC4 - Transponder -encotralo en MHTHOBBY Argentina\" \/>\n<meta property=\"og:description\" content=\"MyLaps RC4 - El transpondedor MyLaps se utiliza en todos los veh\u00edculos de la pista para identificar al corredor y registrar sus resultados.\" \/>\n<meta property=\"og:url\" content=\"https:\/\/mhthobbyracing.com.ar\/index.php\/producto\/mylaps-rc4-3-wire-transponder\/\" \/>\n<meta property=\"og:site_name\" content=\"Racing Team\" \/>\n<meta property=\"article:modified_time\" content=\"2026-04-20T21:11:38+00:00\" \/>\n<meta property=\"og:image\" content=\"https:\/\/mhthobbyracing.com.ar\/wp-content\/uploads\/2020\/05\/MLP10R120_md.jpg\" \/>\n\t<meta property=\"og:image:width\" content=\"500\" \/>\n\t<meta property=\"og:image:height\" content=\"500\" \/>\n\t<meta property=\"og:image:type\" content=\"image\/jpeg\" \/>\n<meta name=\"twitter:card\" content=\"summary_large_image\" \/>\n<meta name=\"twitter:label1\" content=\"Tiempo de lectura\" \/>\n\t<meta name=\"twitter:data1\" content=\"2 minutos\" \/>\n<script type=\"application\/ld+json\" class=\"yoast-schema-graph\">{\"@context\":\"https:\\\/\\\/schema.org\",\"@graph\":[{\"@type\":\"WebPage\",\"@id\":\"https:\\\/\\\/mhthobbyracing.com.ar\\\/index.php\\\/producto\\\/mylaps-rc4-3-wire-transponder\\\/\",\"url\":\"https:\\\/\\\/mhthobbyracing.com.ar\\\/index.php\\\/producto\\\/mylaps-rc4-3-wire-transponder\\\/\",\"name\":\"MyLaps RC4 - Transponder -encotralo en MHTHOBBY Argentina\",\"isPartOf\":{\"@id\":\"https:\\\/\\\/mhthobbyracing.com.ar\\\/#website\"},\"primaryImageOfPage\":{\"@id\":\"https:\\\/\\\/mhthobbyracing.com.ar\\\/index.php\\\/producto\\\/mylaps-rc4-3-wire-transponder\\\/#primaryimage\"},\"image\":{\"@id\":\"https:\\\/\\\/mhthobbyracing.com.ar\\\/index.php\\\/producto\\\/mylaps-rc4-3-wire-transponder\\\/#primaryimage\"},\"thumbnailUrl\":\"https:\\\/\\\/mhthobbyracing.com.ar\\\/wp-content\\\/uploads\\\/2020\\\/05\\\/MLP10R120_md.jpg\",\"datePublished\":\"2020-05-14T21:41:41+00:00\",\"dateModified\":\"2026-04-20T21:11:38+00:00\",\"description\":\"MyLaps RC4 - El transpondedor MyLaps se utiliza en todos los veh\u00edculos de la pista para identificar al corredor y registrar sus resultados.\",\"breadcrumb\":{\"@id\":\"https:\\\/\\\/mhthobbyracing.com.ar\\\/index.php\\\/producto\\\/mylaps-rc4-3-wire-transponder\\\/#breadcrumb\"},\"inLanguage\":\"es-AR\",\"potentialAction\":[{\"@type\":\"ReadAction\",\"target\":[\"https:\\\/\\\/mhthobbyracing.com.ar\\\/index.php\\\/producto\\\/mylaps-rc4-3-wire-transponder\\\/\"]}]},{\"@type\":\"ImageObject\",\"inLanguage\":\"es-AR\",\"@id\":\"https:\\\/\\\/mhthobbyracing.com.ar\\\/index.php\\\/producto\\\/mylaps-rc4-3-wire-transponder\\\/#primaryimage\",\"url\":\"https:\\\/\\\/mhthobbyracing.com.ar\\\/wp-content\\\/uploads\\\/2020\\\/05\\\/MLP10R120_md.jpg\",\"contentUrl\":\"https:\\\/\\\/mhthobbyracing.com.ar\\\/wp-content\\\/uploads\\\/2020\\\/05\\\/MLP10R120_md.jpg\",\"width\":500,\"height\":500,\"caption\":\"my laps rc4\"},{\"@type\":\"BreadcrumbList\",\"@id\":\"https:\\\/\\\/mhthobbyracing.com.ar\\\/index.php\\\/producto\\\/mylaps-rc4-3-wire-transponder\\\/#breadcrumb\",\"itemListElement\":[{\"@type\":\"ListItem\",\"position\":1,\"name\":\"Inicio\",\"item\":\"https:\\\/\\\/mhthobbyracing.com.ar\\\/\"},{\"@type\":\"ListItem\",\"position\":2,\"name\":\"Productos\",\"item\":\"https:\\\/\\\/mhthobbyracing.com.ar\\\/index.php\\\/inicio\\\/tienda\\\/\"},{\"@type\":\"ListItem\",\"position\":3,\"name\":\"MyLaps RC4 (3-wire) Transponder\"}]},{\"@type\":\"WebSite\",\"@id\":\"https:\\\/\\\/mhthobbyracing.com.ar\\\/#website\",\"url\":\"https:\\\/\\\/mhthobbyracing.com.ar\\\/\",\"name\":\"MHT-Hobby- Racing Team\",\"description\":\"Hobby Automodelismo\",\"publisher\":{\"@id\":\"https:\\\/\\\/mhthobbyracing.com.ar\\\/#\\\/schema\\\/person\\\/a6a6ed9c2713fc1826eb2541c6a3e9d1\"},\"potentialAction\":[{\"@type\":\"SearchAction\",\"target\":{\"@type\":\"EntryPoint\",\"urlTemplate\":\"https:\\\/\\\/mhthobbyracing.com.ar\\\/?s={search_term_string}\"},\"query-input\":{\"@type\":\"PropertyValueSpecification\",\"valueRequired\":true,\"valueName\":\"search_term_string\"}}],\"inLanguage\":\"es-AR\"},{\"@type\":[\"Person\",\"Organization\"],\"@id\":\"https:\\\/\\\/mhthobbyracing.com.ar\\\/#\\\/schema\\\/person\\\/a6a6ed9c2713fc1826eb2541c6a3e9d1\",\"name\":\"ecomusicpm\",\"image\":{\"@type\":\"ImageObject\",\"inLanguage\":\"es-AR\",\"@id\":\"https:\\\/\\\/mhthobbyracing.com.ar\\\/wp-content\\\/uploads\\\/2020\\\/05\\\/cropped-LOGO-MHT16523-1.png\",\"url\":\"https:\\\/\\\/mhthobbyracing.com.ar\\\/wp-content\\\/uploads\\\/2020\\\/05\\\/cropped-LOGO-MHT16523-1.png\",\"contentUrl\":\"https:\\\/\\\/mhthobbyracing.com.ar\\\/wp-content\\\/uploads\\\/2020\\\/05\\\/cropped-LOGO-MHT16523-1.png\",\"width\":1578,\"height\":564,\"caption\":\"ecomusicpm\"},\"logo\":{\"@id\":\"https:\\\/\\\/mhthobbyracing.com.ar\\\/wp-content\\\/uploads\\\/2020\\\/05\\\/cropped-LOGO-MHT16523-1.png\"},\"sameAs\":[\"http:\\\/\\\/mhthobbyracing.com.ar\"]}]}<\/script>\n<!-- \/ Yoast SEO plugin. -->","yoast_head_json":{"title":"MyLaps RC4 - Transponder -encotralo en MHTHOBBY Argentina","description":"MyLaps RC4 - El transpondedor MyLaps se utiliza en todos los veh\u00edculos de la pista para identificar al corredor y registrar sus resultados.","robots":{"index":"index","follow":"follow","max-snippet":"max-snippet:-1","max-image-preview":"max-image-preview:large","max-video-preview":"max-video-preview:-1"},"canonical":"https:\/\/mhthobbyracing.com.ar\/index.php\/producto\/mylaps-rc4-3-wire-transponder\/","og_locale":"es_ES","og_type":"article","og_title":"MyLaps RC4 - Transponder -encotralo en MHTHOBBY Argentina","og_description":"MyLaps RC4 - El transpondedor MyLaps se utiliza en todos los veh\u00edculos de la pista para identificar al corredor y registrar sus resultados.","og_url":"https:\/\/mhthobbyracing.com.ar\/index.php\/producto\/mylaps-rc4-3-wire-transponder\/","og_site_name":"Racing Team","article_modified_time":"2026-04-20T21:11:38+00:00","og_image":[{"width":500,"height":500,"url":"https:\/\/mhthobbyracing.com.ar\/wp-content\/uploads\/2020\/05\/MLP10R120_md.jpg","type":"image\/jpeg"}],"twitter_card":"summary_large_image","twitter_misc":{"Tiempo de lectura":"2 minutos"},"schema":{"@context":"https:\/\/schema.org","@graph":[{"@type":"WebPage","@id":"https:\/\/mhthobbyracing.com.ar\/index.php\/producto\/mylaps-rc4-3-wire-transponder\/","url":"https:\/\/mhthobbyracing.com.ar\/index.php\/producto\/mylaps-rc4-3-wire-transponder\/","name":"MyLaps RC4 - Transponder -encotralo en MHTHOBBY Argentina","isPartOf":{"@id":"https:\/\/mhthobbyracing.com.ar\/#website"},"primaryImageOfPage":{"@id":"https:\/\/mhthobbyracing.com.ar\/index.php\/producto\/mylaps-rc4-3-wire-transponder\/#primaryimage"},"image":{"@id":"https:\/\/mhthobbyracing.com.ar\/index.php\/producto\/mylaps-rc4-3-wire-transponder\/#primaryimage"},"thumbnailUrl":"https:\/\/mhthobbyracing.com.ar\/wp-content\/uploads\/2020\/05\/MLP10R120_md.jpg","datePublished":"2020-05-14T21:41:41+00:00","dateModified":"2026-04-20T21:11:38+00:00","description":"MyLaps RC4 - El transpondedor MyLaps se utiliza en todos los veh\u00edculos de la pista para identificar al corredor y registrar sus resultados.","breadcrumb":{"@id":"https:\/\/mhthobbyracing.com.ar\/index.php\/producto\/mylaps-rc4-3-wire-transponder\/#breadcrumb"},"inLanguage":"es-AR","potentialAction":[{"@type":"ReadAction","target":["https:\/\/mhthobbyracing.com.ar\/index.php\/producto\/mylaps-rc4-3-wire-transponder\/"]}]},{"@type":"ImageObject","inLanguage":"es-AR","@id":"https:\/\/mhthobbyracing.com.ar\/index.php\/producto\/mylaps-rc4-3-wire-transponder\/#primaryimage","url":"https:\/\/mhthobbyracing.com.ar\/wp-content\/uploads\/2020\/05\/MLP10R120_md.jpg","contentUrl":"https:\/\/mhthobbyracing.com.ar\/wp-content\/uploads\/2020\/05\/MLP10R120_md.jpg","width":500,"height":500,"caption":"my laps rc4"},{"@type":"BreadcrumbList","@id":"https:\/\/mhthobbyracing.com.ar\/index.php\/producto\/mylaps-rc4-3-wire-transponder\/#breadcrumb","itemListElement":[{"@type":"ListItem","position":1,"name":"Inicio","item":"https:\/\/mhthobbyracing.com.ar\/"},{"@type":"ListItem","position":2,"name":"Productos","item":"https:\/\/mhthobbyracing.com.ar\/index.php\/inicio\/tienda\/"},{"@type":"ListItem","position":3,"name":"MyLaps RC4 (3-wire) Transponder"}]},{"@type":"WebSite","@id":"https:\/\/mhthobbyracing.com.ar\/#website","url":"https:\/\/mhthobbyracing.com.ar\/","name":"MHT-Hobby- Racing Team","description":"Hobby Automodelismo","publisher":{"@id":"https:\/\/mhthobbyracing.com.ar\/#\/schema\/person\/a6a6ed9c2713fc1826eb2541c6a3e9d1"},"potentialAction":[{"@type":"SearchAction","target":{"@type":"EntryPoint","urlTemplate":"https:\/\/mhthobbyracing.com.ar\/?s={search_term_string}"},"query-input":{"@type":"PropertyValueSpecification","valueRequired":true,"valueName":"search_term_string"}}],"inLanguage":"es-AR"},{"@type":["Person","Organization"],"@id":"https:\/\/mhthobbyracing.com.ar\/#\/schema\/person\/a6a6ed9c2713fc1826eb2541c6a3e9d1","name":"ecomusicpm","image":{"@type":"ImageObject","inLanguage":"es-AR","@id":"https:\/\/mhthobbyracing.com.ar\/wp-content\/uploads\/2020\/05\/cropped-LOGO-MHT16523-1.png","url":"https:\/\/mhthobbyracing.com.ar\/wp-content\/uploads\/2020\/05\/cropped-LOGO-MHT16523-1.png","contentUrl":"https:\/\/mhthobbyracing.com.ar\/wp-content\/uploads\/2020\/05\/cropped-LOGO-MHT16523-1.png","width":1578,"height":564,"caption":"ecomusicpm"},"logo":{"@id":"https:\/\/mhthobbyracing.com.ar\/wp-content\/uploads\/2020\/05\/cropped-LOGO-MHT16523-1.png"},"sameAs":["http:\/\/mhthobbyracing.com.ar"]}]}},"_links":{"self":[{"href":"https:\/\/mhthobbyracing.com.ar\/index.php\/wp-json\/wp\/v2\/product\/288","targetHints":{"allow":["GET"]}}],"collection":[{"href":"https:\/\/mhthobbyracing.com.ar\/index.php\/wp-json\/wp\/v2\/product"}],"about":[{"href":"https:\/\/mhthobbyracing.com.ar\/index.php\/wp-json\/wp\/v2\/types\/product"}],"replies":[{"embeddable":true,"href":"https:\/\/mhthobbyracing.com.ar\/index.php\/wp-json\/wp\/v2\/comments?post=288"}],"wp:featuredmedia":[{"embeddable":true,"href":"https:\/\/mhthobbyracing.com.ar\/index.php\/wp-json\/wp\/v2\/media\/210"}],"wp:attachment":[{"href":"https:\/\/mhthobbyracing.com.ar\/index.php\/wp-json\/wp\/v2\/media?parent=288"}],"wp:term":[{"taxonomy":"product_brand","embeddable":true,"href":"https:\/\/mhthobbyracing.com.ar\/index.php\/wp-json\/wp\/v2\/product_brand?post=288"},{"taxonomy":"product_cat","embeddable":true,"href":"https:\/\/mhthobbyracing.com.ar\/index.php\/wp-json\/wp\/v2\/product_cat?post=288"},{"taxonomy":"product_tag","embeddable":true,"href":"https:\/\/mhthobbyracing.com.ar\/index.php\/wp-json\/wp\/v2\/product_tag?post=288"}],"curies":[{"name":"wp","href":"https:\/\/api.w.org\/{rel}","templated":true}]}}