{"id":663,"date":"2020-06-29T21:47:53","date_gmt":"2020-06-30T00:47:53","guid":{"rendered":"https:\/\/mhthobbyracing.com.ar\/?post_type=product&#038;p=663"},"modified":"2025-10-13T23:15:06","modified_gmt":"2025-10-14T02:15:06","slug":"varanus-vrx-racing-mc31","status":"publish","type":"product","link":"https:\/\/mhthobbyracing.com.ar\/index.php\/producto\/varanus-vrx-racing-mc31\/","title":{"rendered":"Varanus VRX Racing MC31 RH1050"},"content":{"rendered":"<p>Varanus VRX Racing MC31<\/p>\n<p><span title=\"\">Sistema de radio 2.4ghz<\/span><br \/>\n<span title=\"\">Controlador de velocidad de motor carbonero a prueba de agua 40A<\/span><br \/>\n<span title=\"\">Servo de direcci\u00f3n montado en eje a prueba de agua<\/span><br \/>\n<span title=\"\">Motor carbonero RC550 de alto torque<\/span><br \/>\n<span title=\"\">7.2v 1800mah NiMH bater\u00eda y cargador de pared<\/span><br \/>\n<span title=\"\">Caja del receptor<\/span><br \/>\n<span title=\"\">Rodamientos de bolas<\/span><br \/>\n<span title=\"\">Chasis de estructura met\u00e1lica de doble riel<\/span><br \/>\n<span title=\"\">Suspensi\u00f3n multi brazo para una articulaci\u00f3n suave<\/span><br \/>\n<span title=\"\">Transmisi\u00f3n central compacta de 3 marchas<\/span><br \/>\n<span title=\"\">Ejes bloqueados rectos delanteros y traseros<\/span><br \/>\n<span title=\"\">\u00c1rboles de transmisi\u00f3n universales telesc\u00f3picos<\/span><br \/>\n<span title=\"\">Amortiguadores rellenos de aceite<\/span><br \/>\n<span title=\"\">Enlaces de aleaci\u00f3n y eje de direcci\u00f3n para mayor durabilidad<\/span><br \/>\n<span title=\"\">Neum\u00e1ticos super suaves todo terreno con espuma visco el\u00e1stica<\/span><\/p>\n<p>Varanus VRX Racing MC31<\/p>\n<table border=\"0\" width=\"100%\" cellspacing=\"0\" cellpadding=\"0\">\n<tbody>\n<tr>\n<td valign=\"top\" bgcolor=\"#eeeeee\"><\/td>\n<\/tr>\n<tr>\n<td valign=\"top\" height=\"6\"><img decoding=\"async\" data-src=\"https:\/\/www.gapstore.it\/include\/images\/null.gif\" width=\"1\" height=\"1\" src=\"data:image\/svg+xml;base64,PHN2ZyB3aWR0aD0iMSIgaGVpZ2h0PSIxIiB4bWxucz0iaHR0cDovL3d3dy53My5vcmcvMjAwMC9zdmciPjwvc3ZnPg==\" class=\"lazyload\" style=\"--smush-placeholder-width: 1px; --smush-placeholder-aspect-ratio: 1\/1;\" \/><\/td>\n<\/tr>\n<\/tbody>\n<\/table>\n<table border=\"0\" width=\"100%\" cellspacing=\"0\" cellpadding=\"0\">\n<tbody>\n<tr>\n<td valign=\"top\" width=\"240\"><a href=\"https:\/\/translate.googleusercontent.com\/translate_c?depth=1&amp;hl=es&amp;prev=search&amp;pto=aue&amp;rurl=translate.google.com.ar&amp;sl=it&amp;sp=nmt4&amp;u=https:\/\/www.gapstore.it\/cat466.php%3Fn%3D1&amp;usg=ALkJrhhA26HbWhqATB7479aGiJZg1SMXTQ#\"><img decoding=\"async\" data-src=\"https:\/\/www.gapstore.it\/rh1050_0000.jpg\" width=\"226\" height=\"169\" border=\"0\" src=\"data:image\/svg+xml;base64,PHN2ZyB3aWR0aD0iMSIgaGVpZ2h0PSIxIiB4bWxucz0iaHR0cDovL3d3dy53My5vcmcvMjAwMC9zdmciPjwvc3ZnPg==\" class=\"lazyload\" style=\"--smush-placeholder-width: 226px; --smush-placeholder-aspect-ratio: 226\/169;\" \/><\/a><\/td>\n<td valign=\"top\">\n<table border=\"0\" width=\"100%\" cellspacing=\"0\" cellpadding=\"0\">\n<tbody>\n<tr>\n<td><span class=\"desk\">El VARANUS MC31 Crawler, NUEVO debut de la casa VRX.<br \/>\nModelo a escala 1\/10 incluso si alcanza 530 mm de longitud. <span class=\"goog-text-highlight\">Tiene un marco lateral derecho \/ izquierdo completamente en metal reforzado que soporta toda la mec\u00e1nica. <\/span>3 diferenciales de transmisi\u00f3n: delantero, central y trasero. El tren de ruedas hace su escena gracias al tipo de muescas y al suave material de goma de l\u00e1tex que se utiliz\u00f3. Parachoques delanteros y traseros completos con soportes de remolque.<\/span><\/td>\n<\/tr>\n<\/tbody>\n<\/table>\n<\/td>\n<\/tr>\n<\/tbody>\n<\/table>\n<p><span title=\"\">RH1050-MC31 Varanus<\/span><br \/>\n<span title=\"\">Longitud: 550mm<\/span><br \/>\n<span title=\"\">Ancho: 240 mm.<\/span><br \/>\n<span title=\"\">Altura: 225 mm<\/span><br \/>\n<span title=\"\">Distancia entre ejes: 313 mm<\/span><br \/>\n<span title=\"\">Neum\u00e1ticos: \u03a6120 * 45 mm<\/span><br \/>\n<span title=\"\">Relaci\u00f3n de engranaje: 41.8: 1<\/span><\/p>\n<p><a href=\"https:\/\/www.youtube.com\/watch?v=ZdshjXLQN0Y\">Visit\u00e1\u00a0<\/a><\/p>\n<p><a href=\"https:\/\/mhthobbyracing.com.ar\/index.php\/categoria-producto\/autos-rtr\/\">Te puede interesar<\/a><\/p>\n","protected":false},"excerpt":{"rendered":"<p>Varanus VRX Racing MC31 Sistema de radio 2.4ghz Controlador de velocidad de motor carbonero a prueba de agua 40A Servo de direcci\u00f3n montado en eje a prueba de agua Motor carbonero RC550 de alto torque 7.2v 1800mah NiMH bater\u00eda y cargador de pared Caja del receptor Rodamientos de bolas Chasis de estructura met\u00e1lica de doble [&hellip;]<\/p>\n","protected":false},"featured_media":667,"comment_status":"open","ping_status":"closed","template":"","meta":{"site-sidebar-layout":"default","site-content-layout":"default","ast-site-content-layout":"","site-content-style":"default","site-sidebar-style":"default","ast-global-header-display":"","ast-banner-title-visibility":"","ast-main-header-display":"","ast-hfb-above-header-display":"","ast-hfb-below-header-display":"","ast-hfb-mobile-header-display":"","site-post-title":"","ast-breadcrumbs-content":"","ast-featured-img":"","footer-sml-layout":"","theme-transparent-header-meta":"default","adv-header-id-meta":"","stick-header-meta":"","header-above-stick-meta":"","header-main-stick-meta":"","header-below-stick-meta":"","astra-migrate-meta-layouts":"default","ast-page-background-enabled":"default","ast-page-background-meta":{"desktop":{"background-color":"","background-image":"","background-repeat":"repeat","background-position":"center center","background-size":"auto","background-attachment":"scroll","background-type":"","background-media":"","overlay-type":"","overlay-color":"","overlay-opacity":"","overlay-gradient":""},"tablet":{"background-color":"","background-image":"","background-repeat":"repeat","background-position":"center center","background-size":"auto","background-attachment":"scroll","background-type":"","background-media":"","overlay-type":"","overlay-color":"","overlay-opacity":"","overlay-gradient":""},"mobile":{"background-color":"","background-image":"","background-repeat":"repeat","background-position":"center center","background-size":"auto","background-attachment":"scroll","background-type":"","background-media":"","overlay-type":"","overlay-color":"","overlay-opacity":"","overlay-gradient":""}},"ast-content-background-meta":{"desktop":{"background-color":"var(--ast-global-color-5)","background-image":"","background-repeat":"repeat","background-position":"center center","background-size":"auto","background-attachment":"scroll","background-type":"","background-media":"","overlay-type":"","overlay-color":"","overlay-opacity":"","overlay-gradient":""},"tablet":{"background-color":"var(--ast-global-color-5)","background-image":"","background-repeat":"repeat","background-position":"center center","background-size":"auto","background-attachment":"scroll","background-type":"","background-media":"","overlay-type":"","overlay-color":"","overlay-opacity":"","overlay-gradient":""},"mobile":{"background-color":"var(--ast-global-color-5)","background-image":"","background-repeat":"repeat","background-position":"center center","background-size":"auto","background-attachment":"scroll","background-type":"","background-media":"","overlay-type":"","overlay-color":"","overlay-opacity":"","overlay-gradient":""}},"_joinchat":[]},"product_brand":[],"product_cat":[21],"product_tag":[118],"class_list":{"0":"post-663","1":"product","2":"type-product","3":"status-publish","4":"has-post-thumbnail","6":"product_cat-autos-rtr","7":"product_tag-rh1050","8":"desktop-align-left","9":"tablet-align-left","10":"mobile-align-left","12":"first","13":"outofstock","14":"shipping-taxable","15":"product-type-simple"},"yoast_head":"<!-- This site is optimized with the Yoast SEO plugin v27.5 - https:\/\/yoast.com\/product\/yoast-seo-wordpress\/ -->\n<title>Varanus VRX Racing MC31-conseguilo en MHTHOBBY<\/title>\n<meta name=\"description\" content=\"Varanus VRX Racing MC31- exelente auto rtr para todo terreno , te hara pasr los mejores momentos en conpa\u00f1ia de amigos y familia - encontralo en MHTHOBBY\" \/>\n<meta name=\"robots\" content=\"index, follow, max-snippet:-1, max-image-preview:large, max-video-preview:-1\" \/>\n<link rel=\"canonical\" href=\"https:\/\/mhthobbyracing.com.ar\/index.php\/producto\/varanus-vrx-racing-mc31\/\" \/>\n<meta property=\"og:locale\" content=\"es_ES\" \/>\n<meta property=\"og:type\" content=\"article\" \/>\n<meta property=\"og:title\" content=\"Varanus VRX Racing MC31-conseguilo en MHTHOBBY\" \/>\n<meta property=\"og:description\" content=\"Varanus VRX Racing MC31- exelente auto rtr para todo terreno , te hara pasr los mejores momentos en conpa\u00f1ia de amigos y familia - encontralo en MHTHOBBY\" \/>\n<meta property=\"og:url\" content=\"https:\/\/mhthobbyracing.com.ar\/index.php\/producto\/varanus-vrx-racing-mc31\/\" \/>\n<meta property=\"og:site_name\" content=\"Racing Team\" \/>\n<meta property=\"article:modified_time\" content=\"2025-10-14T02:15:06+00:00\" \/>\n<meta property=\"og:image\" content=\"https:\/\/mhthobbyracing.com.ar\/wp-content\/uploads\/2020\/06\/d2018110517203039-1.png\" \/>\n\t<meta property=\"og:image:width\" content=\"500\" \/>\n\t<meta property=\"og:image:height\" content=\"375\" \/>\n\t<meta property=\"og:image:type\" content=\"image\/png\" \/>\n<meta name=\"twitter:card\" content=\"summary_large_image\" \/>\n<meta name=\"twitter:label1\" content=\"Tiempo de lectura\" \/>\n\t<meta name=\"twitter:data1\" content=\"1 minuto\" \/>\n<script type=\"application\/ld+json\" class=\"yoast-schema-graph\">{\"@context\":\"https:\\\/\\\/schema.org\",\"@graph\":[{\"@type\":\"WebPage\",\"@id\":\"https:\\\/\\\/mhthobbyracing.com.ar\\\/index.php\\\/producto\\\/varanus-vrx-racing-mc31\\\/\",\"url\":\"https:\\\/\\\/mhthobbyracing.com.ar\\\/index.php\\\/producto\\\/varanus-vrx-racing-mc31\\\/\",\"name\":\"Varanus VRX Racing MC31-conseguilo en MHTHOBBY\",\"isPartOf\":{\"@id\":\"https:\\\/\\\/mhthobbyracing.com.ar\\\/#website\"},\"primaryImageOfPage\":{\"@id\":\"https:\\\/\\\/mhthobbyracing.com.ar\\\/index.php\\\/producto\\\/varanus-vrx-racing-mc31\\\/#primaryimage\"},\"image\":{\"@id\":\"https:\\\/\\\/mhthobbyracing.com.ar\\\/index.php\\\/producto\\\/varanus-vrx-racing-mc31\\\/#primaryimage\"},\"thumbnailUrl\":\"https:\\\/\\\/mhthobbyracing.com.ar\\\/wp-content\\\/uploads\\\/2020\\\/06\\\/d2018110517203039-1.png\",\"datePublished\":\"2020-06-30T00:47:53+00:00\",\"dateModified\":\"2025-10-14T02:15:06+00:00\",\"description\":\"Varanus VRX Racing MC31- exelente auto rtr para todo terreno , te hara pasr los mejores momentos en conpa\u00f1ia de amigos y familia - encontralo en MHTHOBBY\",\"breadcrumb\":{\"@id\":\"https:\\\/\\\/mhthobbyracing.com.ar\\\/index.php\\\/producto\\\/varanus-vrx-racing-mc31\\\/#breadcrumb\"},\"inLanguage\":\"es-AR\",\"potentialAction\":[{\"@type\":\"ReadAction\",\"target\":[\"https:\\\/\\\/mhthobbyracing.com.ar\\\/index.php\\\/producto\\\/varanus-vrx-racing-mc31\\\/\"]}]},{\"@type\":\"ImageObject\",\"inLanguage\":\"es-AR\",\"@id\":\"https:\\\/\\\/mhthobbyracing.com.ar\\\/index.php\\\/producto\\\/varanus-vrx-racing-mc31\\\/#primaryimage\",\"url\":\"https:\\\/\\\/mhthobbyracing.com.ar\\\/wp-content\\\/uploads\\\/2020\\\/06\\\/d2018110517203039-1.png\",\"contentUrl\":\"https:\\\/\\\/mhthobbyracing.com.ar\\\/wp-content\\\/uploads\\\/2020\\\/06\\\/d2018110517203039-1.png\",\"width\":500,\"height\":375,\"caption\":\"Varanus VRX Racing MC31\"},{\"@type\":\"BreadcrumbList\",\"@id\":\"https:\\\/\\\/mhthobbyracing.com.ar\\\/index.php\\\/producto\\\/varanus-vrx-racing-mc31\\\/#breadcrumb\",\"itemListElement\":[{\"@type\":\"ListItem\",\"position\":1,\"name\":\"Inicio\",\"item\":\"https:\\\/\\\/mhthobbyracing.com.ar\\\/\"},{\"@type\":\"ListItem\",\"position\":2,\"name\":\"Productos\",\"item\":\"https:\\\/\\\/mhthobbyracing.com.ar\\\/index.php\\\/inicio\\\/tienda\\\/\"},{\"@type\":\"ListItem\",\"position\":3,\"name\":\"Varanus VRX Racing MC31 RH1050\"}]},{\"@type\":\"WebSite\",\"@id\":\"https:\\\/\\\/mhthobbyracing.com.ar\\\/#website\",\"url\":\"https:\\\/\\\/mhthobbyracing.com.ar\\\/\",\"name\":\"MHT-Hobby- Racing Team\",\"description\":\"Hobby Automodelismo\",\"publisher\":{\"@id\":\"https:\\\/\\\/mhthobbyracing.com.ar\\\/#\\\/schema\\\/person\\\/a6a6ed9c2713fc1826eb2541c6a3e9d1\"},\"potentialAction\":[{\"@type\":\"SearchAction\",\"target\":{\"@type\":\"EntryPoint\",\"urlTemplate\":\"https:\\\/\\\/mhthobbyracing.com.ar\\\/?s={search_term_string}\"},\"query-input\":{\"@type\":\"PropertyValueSpecification\",\"valueRequired\":true,\"valueName\":\"search_term_string\"}}],\"inLanguage\":\"es-AR\"},{\"@type\":[\"Person\",\"Organization\"],\"@id\":\"https:\\\/\\\/mhthobbyracing.com.ar\\\/#\\\/schema\\\/person\\\/a6a6ed9c2713fc1826eb2541c6a3e9d1\",\"name\":\"ecomusicpm\",\"image\":{\"@type\":\"ImageObject\",\"inLanguage\":\"es-AR\",\"@id\":\"https:\\\/\\\/mhthobbyracing.com.ar\\\/wp-content\\\/uploads\\\/2020\\\/05\\\/cropped-LOGO-MHT16523-1.png\",\"url\":\"https:\\\/\\\/mhthobbyracing.com.ar\\\/wp-content\\\/uploads\\\/2020\\\/05\\\/cropped-LOGO-MHT16523-1.png\",\"contentUrl\":\"https:\\\/\\\/mhthobbyracing.com.ar\\\/wp-content\\\/uploads\\\/2020\\\/05\\\/cropped-LOGO-MHT16523-1.png\",\"width\":1578,\"height\":564,\"caption\":\"ecomusicpm\"},\"logo\":{\"@id\":\"https:\\\/\\\/mhthobbyracing.com.ar\\\/wp-content\\\/uploads\\\/2020\\\/05\\\/cropped-LOGO-MHT16523-1.png\"},\"sameAs\":[\"http:\\\/\\\/mhthobbyracing.com.ar\"]}]}<\/script>\n<!-- \/ Yoast SEO plugin. -->","yoast_head_json":{"title":"Varanus VRX Racing MC31-conseguilo en MHTHOBBY","description":"Varanus VRX Racing MC31- exelente auto rtr para todo terreno , te hara pasr los mejores momentos en conpa\u00f1ia de amigos y familia - encontralo en MHTHOBBY","robots":{"index":"index","follow":"follow","max-snippet":"max-snippet:-1","max-image-preview":"max-image-preview:large","max-video-preview":"max-video-preview:-1"},"canonical":"https:\/\/mhthobbyracing.com.ar\/index.php\/producto\/varanus-vrx-racing-mc31\/","og_locale":"es_ES","og_type":"article","og_title":"Varanus VRX Racing MC31-conseguilo en MHTHOBBY","og_description":"Varanus VRX Racing MC31- exelente auto rtr para todo terreno , te hara pasr los mejores momentos en conpa\u00f1ia de amigos y familia - encontralo en MHTHOBBY","og_url":"https:\/\/mhthobbyracing.com.ar\/index.php\/producto\/varanus-vrx-racing-mc31\/","og_site_name":"Racing Team","article_modified_time":"2025-10-14T02:15:06+00:00","og_image":[{"width":500,"height":375,"url":"https:\/\/mhthobbyracing.com.ar\/wp-content\/uploads\/2020\/06\/d2018110517203039-1.png","type":"image\/png"}],"twitter_card":"summary_large_image","twitter_misc":{"Tiempo de lectura":"1 minuto"},"schema":{"@context":"https:\/\/schema.org","@graph":[{"@type":"WebPage","@id":"https:\/\/mhthobbyracing.com.ar\/index.php\/producto\/varanus-vrx-racing-mc31\/","url":"https:\/\/mhthobbyracing.com.ar\/index.php\/producto\/varanus-vrx-racing-mc31\/","name":"Varanus VRX Racing MC31-conseguilo en MHTHOBBY","isPartOf":{"@id":"https:\/\/mhthobbyracing.com.ar\/#website"},"primaryImageOfPage":{"@id":"https:\/\/mhthobbyracing.com.ar\/index.php\/producto\/varanus-vrx-racing-mc31\/#primaryimage"},"image":{"@id":"https:\/\/mhthobbyracing.com.ar\/index.php\/producto\/varanus-vrx-racing-mc31\/#primaryimage"},"thumbnailUrl":"https:\/\/mhthobbyracing.com.ar\/wp-content\/uploads\/2020\/06\/d2018110517203039-1.png","datePublished":"2020-06-30T00:47:53+00:00","dateModified":"2025-10-14T02:15:06+00:00","description":"Varanus VRX Racing MC31- exelente auto rtr para todo terreno , te hara pasr los mejores momentos en conpa\u00f1ia de amigos y familia - encontralo en MHTHOBBY","breadcrumb":{"@id":"https:\/\/mhthobbyracing.com.ar\/index.php\/producto\/varanus-vrx-racing-mc31\/#breadcrumb"},"inLanguage":"es-AR","potentialAction":[{"@type":"ReadAction","target":["https:\/\/mhthobbyracing.com.ar\/index.php\/producto\/varanus-vrx-racing-mc31\/"]}]},{"@type":"ImageObject","inLanguage":"es-AR","@id":"https:\/\/mhthobbyracing.com.ar\/index.php\/producto\/varanus-vrx-racing-mc31\/#primaryimage","url":"https:\/\/mhthobbyracing.com.ar\/wp-content\/uploads\/2020\/06\/d2018110517203039-1.png","contentUrl":"https:\/\/mhthobbyracing.com.ar\/wp-content\/uploads\/2020\/06\/d2018110517203039-1.png","width":500,"height":375,"caption":"Varanus VRX Racing MC31"},{"@type":"BreadcrumbList","@id":"https:\/\/mhthobbyracing.com.ar\/index.php\/producto\/varanus-vrx-racing-mc31\/#breadcrumb","itemListElement":[{"@type":"ListItem","position":1,"name":"Inicio","item":"https:\/\/mhthobbyracing.com.ar\/"},{"@type":"ListItem","position":2,"name":"Productos","item":"https:\/\/mhthobbyracing.com.ar\/index.php\/inicio\/tienda\/"},{"@type":"ListItem","position":3,"name":"Varanus VRX Racing MC31 RH1050"}]},{"@type":"WebSite","@id":"https:\/\/mhthobbyracing.com.ar\/#website","url":"https:\/\/mhthobbyracing.com.ar\/","name":"MHT-Hobby- Racing Team","description":"Hobby Automodelismo","publisher":{"@id":"https:\/\/mhthobbyracing.com.ar\/#\/schema\/person\/a6a6ed9c2713fc1826eb2541c6a3e9d1"},"potentialAction":[{"@type":"SearchAction","target":{"@type":"EntryPoint","urlTemplate":"https:\/\/mhthobbyracing.com.ar\/?s={search_term_string}"},"query-input":{"@type":"PropertyValueSpecification","valueRequired":true,"valueName":"search_term_string"}}],"inLanguage":"es-AR"},{"@type":["Person","Organization"],"@id":"https:\/\/mhthobbyracing.com.ar\/#\/schema\/person\/a6a6ed9c2713fc1826eb2541c6a3e9d1","name":"ecomusicpm","image":{"@type":"ImageObject","inLanguage":"es-AR","@id":"https:\/\/mhthobbyracing.com.ar\/wp-content\/uploads\/2020\/05\/cropped-LOGO-MHT16523-1.png","url":"https:\/\/mhthobbyracing.com.ar\/wp-content\/uploads\/2020\/05\/cropped-LOGO-MHT16523-1.png","contentUrl":"https:\/\/mhthobbyracing.com.ar\/wp-content\/uploads\/2020\/05\/cropped-LOGO-MHT16523-1.png","width":1578,"height":564,"caption":"ecomusicpm"},"logo":{"@id":"https:\/\/mhthobbyracing.com.ar\/wp-content\/uploads\/2020\/05\/cropped-LOGO-MHT16523-1.png"},"sameAs":["http:\/\/mhthobbyracing.com.ar"]}]}},"_links":{"self":[{"href":"https:\/\/mhthobbyracing.com.ar\/index.php\/wp-json\/wp\/v2\/product\/663","targetHints":{"allow":["GET"]}}],"collection":[{"href":"https:\/\/mhthobbyracing.com.ar\/index.php\/wp-json\/wp\/v2\/product"}],"about":[{"href":"https:\/\/mhthobbyracing.com.ar\/index.php\/wp-json\/wp\/v2\/types\/product"}],"replies":[{"embeddable":true,"href":"https:\/\/mhthobbyracing.com.ar\/index.php\/wp-json\/wp\/v2\/comments?post=663"}],"wp:featuredmedia":[{"embeddable":true,"href":"https:\/\/mhthobbyracing.com.ar\/index.php\/wp-json\/wp\/v2\/media\/667"}],"wp:attachment":[{"href":"https:\/\/mhthobbyracing.com.ar\/index.php\/wp-json\/wp\/v2\/media?parent=663"}],"wp:term":[{"taxonomy":"product_brand","embeddable":true,"href":"https:\/\/mhthobbyracing.com.ar\/index.php\/wp-json\/wp\/v2\/product_brand?post=663"},{"taxonomy":"product_cat","embeddable":true,"href":"https:\/\/mhthobbyracing.com.ar\/index.php\/wp-json\/wp\/v2\/product_cat?post=663"},{"taxonomy":"product_tag","embeddable":true,"href":"https:\/\/mhthobbyracing.com.ar\/index.php\/wp-json\/wp\/v2\/product_tag?post=663"}],"curies":[{"name":"wp","href":"https:\/\/api.w.org\/{rel}","templated":true}]}}