{"id":691,"date":"2020-07-09T12:53:18","date_gmt":"2020-07-09T15:53:18","guid":{"rendered":"https:\/\/mhthobbyracing.com.ar\/?post_type=product&#038;p=691"},"modified":"2025-09-17T01:22:30","modified_gmt":"2025-09-17T04:22:30","slug":"servo-kopropo-bsx-one","status":"publish","type":"product","link":"https:\/\/mhthobbyracing.com.ar\/index.php\/producto\/servo-kopropo-bsx-one\/","title":{"rendered":"Servo Kopropo BSX One"},"content":{"rendered":"<p>Servo Kopropo BSX One<\/p>\n<p>Type-S ha sido desarrollado con la tecnolog\u00eda de RSx one 10, que utilizan muchos controladores de clase mundial.<br \/>\n<span class=\"goog-text-highlight\"> Te sorprender\u00e1 el rendimiento a bajo precio.<\/span><\/p>\n<p>Perfil bajo es las mejores dimensiones para la categor\u00eda 1\/10. La misma sensaci\u00f3n suave y liner que los servos RSx.<br \/>\nSentir\u00e1s la diferencia de otros servos de bajo precio.<\/p>\n<p>Caja central de aluminio para disipador de calor. Engranaje de metal. Cable servo con conector chapado en oro.<br \/>\nPotente motor sin n\u00facleo.<\/p>\n<p>Servo Kopropo BSX One<\/p>\n<div class=\"imageLinkBody\">\n<p>\u00a0Puede cambiar la configuraci\u00f3n del servo cuando utiliza nuestro software &#8221; <a href=\"https:\/\/translate.googleusercontent.com\/translate_c?depth=1&amp;hl=es&amp;prev=search&amp;pto=aue&amp;rurl=translate.google.com.ar&amp;sl=en&amp;sp=nmt4&amp;u=https:\/\/www.kopropo.co.jp\/en\/supports\/view\/62&amp;usg=ALkJrhiXnnwrfhSsPCxRAzRc8iliJg4QNw\">ICS Servo Manager&#8221;<\/a> .<br \/>\nEj, par\u00e1metro de estiramiento. M\u00e1s retenci\u00f3n en condiciones de agarre alto, menos retenci\u00f3n en situaci\u00f3n de agarre bajo.<br \/>\nPuede seleccionar valor por situaci\u00f3n de agarre para los mejores servos de configuraci\u00f3n.<\/p>\n<p>&nbsp;<\/p>\n<p>&nbsp;<\/p>\n<h2><strong>Los datos de 3 modelos han sido instalados de f\u00e1brica.<\/strong><\/h2>\n<p>Este modelo tiene 3 configuraciones de modelo que se instalaron en nuestra f\u00e1brica.<br \/>\n<strong>Model2<\/strong> ha sido seleccionado por la f\u00e1brica.<\/p>\n<p>Model1: <strong>High<\/strong> \u00a0Esta es la m\u00e1xima potencia y respuesta.<\/p>\n<p>Model2: <strong>Middle<\/strong> \u00a0 Este es el ajuste de f\u00e1brica a la venta. Esta es la mejor configuraci\u00f3n equilibrada para muchos conductores.<\/p>\n<p>Model3: <strong>Low \u00a0<\/strong> Este es un ajuste suave para una conducci\u00f3n f\u00e1cil.<\/p>\n<div><\/div>\n<div>Puede cambiar esta configuraci\u00f3n de <strong><a href=\"https:\/\/translate.googleusercontent.com\/translate_c?depth=1&amp;hl=es&amp;prev=search&amp;pto=aue&amp;rurl=translate.google.com.ar&amp;sl=en&amp;sp=nmt4&amp;u=https:\/\/www.kopropo.co.jp\/en\/products\/view\/61029&amp;usg=ALkJrhgIVt1fU02lEzC7i8oIUO-kdjX-3Q\">modelo con el selector de modelo<\/a><\/strong> No61029\u00a0 <strong><a href=\"https:\/\/translate.googleusercontent.com\/translate_c?depth=1&amp;hl=es&amp;prev=search&amp;pto=aue&amp;rurl=translate.google.com.ar&amp;sl=en&amp;sp=nmt4&amp;u=https:\/\/www.kopropo.co.jp\/en\/products\/view\/61029&amp;usg=ALkJrhgIVt1fU02lEzC7i8oIUO-kdjX-3Q\">Servo<\/a><\/strong> \u00a0sin PC f\u00e1cilmente.<\/div>\n<\/div>\n<h2>Contenido<\/h2>\n<div class=\"imageLinkBody\">\n<p>Servo RSx one10 tipos \u00d7 1<br \/>\nGromet \u00d7 4<br \/>\nTornillo para bocina \u00d7 1<\/p>\n<\/div>\n","protected":false},"excerpt":{"rendered":"<p>Servo Kopropo BSX One Type-S ha sido desarrollado con la tecnolog\u00eda de RSx one 10, que utilizan muchos controladores de clase mundial. Te sorprender\u00e1 el rendimiento a bajo precio. Perfil bajo es las mejores dimensiones para la categor\u00eda 1\/10. La misma sensaci\u00f3n suave y liner que los servos RSx. Sentir\u00e1s la diferencia de otros servos [&hellip;]<\/p>\n","protected":false},"featured_media":693,"comment_status":"open","ping_status":"closed","template":"","meta":{"site-sidebar-layout":"default","site-content-layout":"default","ast-site-content-layout":"","site-content-style":"default","site-sidebar-style":"default","ast-global-header-display":"","ast-banner-title-visibility":"","ast-main-header-display":"","ast-hfb-above-header-display":"","ast-hfb-below-header-display":"","ast-hfb-mobile-header-display":"","site-post-title":"","ast-breadcrumbs-content":"","ast-featured-img":"","footer-sml-layout":"","theme-transparent-header-meta":"default","adv-header-id-meta":"","stick-header-meta":"","header-above-stick-meta":"","header-main-stick-meta":"","header-below-stick-meta":"","astra-migrate-meta-layouts":"default","ast-page-background-enabled":"default","ast-page-background-meta":{"desktop":{"background-color":"","background-image":"","background-repeat":"repeat","background-position":"center center","background-size":"auto","background-attachment":"scroll","background-type":"","background-media":"","overlay-type":"","overlay-color":"","overlay-opacity":"","overlay-gradient":""},"tablet":{"background-color":"","background-image":"","background-repeat":"repeat","background-position":"center center","background-size":"auto","background-attachment":"scroll","background-type":"","background-media":"","overlay-type":"","overlay-color":"","overlay-opacity":"","overlay-gradient":""},"mobile":{"background-color":"","background-image":"","background-repeat":"repeat","background-position":"center center","background-size":"auto","background-attachment":"scroll","background-type":"","background-media":"","overlay-type":"","overlay-color":"","overlay-opacity":"","overlay-gradient":""}},"ast-content-background-meta":{"desktop":{"background-color":"var(--ast-global-color-5)","background-image":"","background-repeat":"repeat","background-position":"center center","background-size":"auto","background-attachment":"scroll","background-type":"","background-media":"","overlay-type":"","overlay-color":"","overlay-opacity":"","overlay-gradient":""},"tablet":{"background-color":"var(--ast-global-color-5)","background-image":"","background-repeat":"repeat","background-position":"center center","background-size":"auto","background-attachment":"scroll","background-type":"","background-media":"","overlay-type":"","overlay-color":"","overlay-opacity":"","overlay-gradient":""},"mobile":{"background-color":"var(--ast-global-color-5)","background-image":"","background-repeat":"repeat","background-position":"center center","background-size":"auto","background-attachment":"scroll","background-type":"","background-media":"","overlay-type":"","overlay-color":"","overlay-opacity":"","overlay-gradient":""}},"_joinchat":[]},"product_brand":[],"product_cat":[26,15],"product_tag":[],"class_list":{"0":"post-691","1":"product","2":"type-product","3":"status-publish","4":"has-post-thumbnail","6":"product_cat-servos","7":"product_cat-sin-categorizar","8":"desktop-align-left","9":"tablet-align-left","10":"mobile-align-left","12":"first","13":"instock","14":"shipping-taxable","15":"purchasable","16":"product-type-simple"},"yoast_head":"<!-- This site is optimized with the Yoast SEO plugin v27.5 - https:\/\/yoast.com\/product\/yoast-seo-wordpress\/ -->\n<title>Servo Kopropo BSX One- encontralo en MHTHOBBY<\/title>\n<meta name=\"description\" content=\"Servo Kopropo BSX One- servo digtal coreless -con este servo vas a notar la diferencia de calidad y prestaciones - encontralo en MHTHOBBY Puerto Madryn.\" \/>\n<meta name=\"robots\" content=\"index, follow, max-snippet:-1, max-image-preview:large, max-video-preview:-1\" \/>\n<link rel=\"canonical\" href=\"https:\/\/mhthobbyracing.com.ar\/index.php\/producto\/servo-kopropo-bsx-one\/\" \/>\n<meta property=\"og:locale\" content=\"es_ES\" \/>\n<meta property=\"og:type\" content=\"article\" \/>\n<meta property=\"og:title\" content=\"Servo Kopropo BSX One- encontralo en MHTHOBBY\" \/>\n<meta property=\"og:description\" content=\"Servo Kopropo BSX One- servo digtal coreless -con este servo vas a notar la diferencia de calidad y prestaciones - encontralo en MHTHOBBY Puerto Madryn.\" \/>\n<meta property=\"og:url\" content=\"https:\/\/mhthobbyracing.com.ar\/index.php\/producto\/servo-kopropo-bsx-one\/\" \/>\n<meta property=\"og:site_name\" content=\"Racing Team\" \/>\n<meta property=\"article:modified_time\" content=\"2025-09-17T04:22:30+00:00\" \/>\n<meta property=\"og:image\" content=\"https:\/\/mhthobbyracing.com.ar\/wp-content\/uploads\/2020\/07\/kop30120.jpg\" \/>\n\t<meta property=\"og:image:width\" content=\"1200\" \/>\n\t<meta property=\"og:image:height\" content=\"960\" \/>\n\t<meta property=\"og:image:type\" content=\"image\/jpeg\" \/>\n<meta name=\"twitter:card\" content=\"summary_large_image\" \/>\n<meta name=\"twitter:label1\" content=\"Tiempo de lectura\" \/>\n\t<meta name=\"twitter:data1\" content=\"1 minuto\" \/>\n<script type=\"application\/ld+json\" class=\"yoast-schema-graph\">{\"@context\":\"https:\\\/\\\/schema.org\",\"@graph\":[{\"@type\":\"WebPage\",\"@id\":\"https:\\\/\\\/mhthobbyracing.com.ar\\\/index.php\\\/producto\\\/servo-kopropo-bsx-one\\\/\",\"url\":\"https:\\\/\\\/mhthobbyracing.com.ar\\\/index.php\\\/producto\\\/servo-kopropo-bsx-one\\\/\",\"name\":\"Servo Kopropo BSX One- encontralo en MHTHOBBY\",\"isPartOf\":{\"@id\":\"https:\\\/\\\/mhthobbyracing.com.ar\\\/#website\"},\"primaryImageOfPage\":{\"@id\":\"https:\\\/\\\/mhthobbyracing.com.ar\\\/index.php\\\/producto\\\/servo-kopropo-bsx-one\\\/#primaryimage\"},\"image\":{\"@id\":\"https:\\\/\\\/mhthobbyracing.com.ar\\\/index.php\\\/producto\\\/servo-kopropo-bsx-one\\\/#primaryimage\"},\"thumbnailUrl\":\"https:\\\/\\\/mhthobbyracing.com.ar\\\/wp-content\\\/uploads\\\/2020\\\/07\\\/kop30120.jpg\",\"datePublished\":\"2020-07-09T15:53:18+00:00\",\"dateModified\":\"2025-09-17T04:22:30+00:00\",\"description\":\"Servo Kopropo BSX One- servo digtal coreless -con este servo vas a notar la diferencia de calidad y prestaciones - encontralo en MHTHOBBY Puerto Madryn.\",\"breadcrumb\":{\"@id\":\"https:\\\/\\\/mhthobbyracing.com.ar\\\/index.php\\\/producto\\\/servo-kopropo-bsx-one\\\/#breadcrumb\"},\"inLanguage\":\"es-AR\",\"potentialAction\":[{\"@type\":\"ReadAction\",\"target\":[\"https:\\\/\\\/mhthobbyracing.com.ar\\\/index.php\\\/producto\\\/servo-kopropo-bsx-one\\\/\"]}]},{\"@type\":\"ImageObject\",\"inLanguage\":\"es-AR\",\"@id\":\"https:\\\/\\\/mhthobbyracing.com.ar\\\/index.php\\\/producto\\\/servo-kopropo-bsx-one\\\/#primaryimage\",\"url\":\"https:\\\/\\\/mhthobbyracing.com.ar\\\/wp-content\\\/uploads\\\/2020\\\/07\\\/kop30120.jpg\",\"contentUrl\":\"https:\\\/\\\/mhthobbyracing.com.ar\\\/wp-content\\\/uploads\\\/2020\\\/07\\\/kop30120.jpg\",\"width\":1200,\"height\":960,\"caption\":\"Servo Kopropo RSX one\"},{\"@type\":\"BreadcrumbList\",\"@id\":\"https:\\\/\\\/mhthobbyracing.com.ar\\\/index.php\\\/producto\\\/servo-kopropo-bsx-one\\\/#breadcrumb\",\"itemListElement\":[{\"@type\":\"ListItem\",\"position\":1,\"name\":\"Inicio\",\"item\":\"https:\\\/\\\/mhthobbyracing.com.ar\\\/\"},{\"@type\":\"ListItem\",\"position\":2,\"name\":\"Productos\",\"item\":\"https:\\\/\\\/mhthobbyracing.com.ar\\\/index.php\\\/inicio\\\/tienda\\\/\"},{\"@type\":\"ListItem\",\"position\":3,\"name\":\"Servo Kopropo BSX One\"}]},{\"@type\":\"WebSite\",\"@id\":\"https:\\\/\\\/mhthobbyracing.com.ar\\\/#website\",\"url\":\"https:\\\/\\\/mhthobbyracing.com.ar\\\/\",\"name\":\"MHT-Hobby- Racing Team\",\"description\":\"Hobby Automodelismo\",\"publisher\":{\"@id\":\"https:\\\/\\\/mhthobbyracing.com.ar\\\/#\\\/schema\\\/person\\\/a6a6ed9c2713fc1826eb2541c6a3e9d1\"},\"potentialAction\":[{\"@type\":\"SearchAction\",\"target\":{\"@type\":\"EntryPoint\",\"urlTemplate\":\"https:\\\/\\\/mhthobbyracing.com.ar\\\/?s={search_term_string}\"},\"query-input\":{\"@type\":\"PropertyValueSpecification\",\"valueRequired\":true,\"valueName\":\"search_term_string\"}}],\"inLanguage\":\"es-AR\"},{\"@type\":[\"Person\",\"Organization\"],\"@id\":\"https:\\\/\\\/mhthobbyracing.com.ar\\\/#\\\/schema\\\/person\\\/a6a6ed9c2713fc1826eb2541c6a3e9d1\",\"name\":\"ecomusicpm\",\"image\":{\"@type\":\"ImageObject\",\"inLanguage\":\"es-AR\",\"@id\":\"https:\\\/\\\/mhthobbyracing.com.ar\\\/wp-content\\\/uploads\\\/2020\\\/05\\\/cropped-LOGO-MHT16523-1.png\",\"url\":\"https:\\\/\\\/mhthobbyracing.com.ar\\\/wp-content\\\/uploads\\\/2020\\\/05\\\/cropped-LOGO-MHT16523-1.png\",\"contentUrl\":\"https:\\\/\\\/mhthobbyracing.com.ar\\\/wp-content\\\/uploads\\\/2020\\\/05\\\/cropped-LOGO-MHT16523-1.png\",\"width\":1578,\"height\":564,\"caption\":\"ecomusicpm\"},\"logo\":{\"@id\":\"https:\\\/\\\/mhthobbyracing.com.ar\\\/wp-content\\\/uploads\\\/2020\\\/05\\\/cropped-LOGO-MHT16523-1.png\"},\"sameAs\":[\"http:\\\/\\\/mhthobbyracing.com.ar\"]}]}<\/script>\n<!-- \/ Yoast SEO plugin. -->","yoast_head_json":{"title":"Servo Kopropo BSX One- encontralo en MHTHOBBY","description":"Servo Kopropo BSX One- servo digtal coreless -con este servo vas a notar la diferencia de calidad y prestaciones - encontralo en MHTHOBBY Puerto Madryn.","robots":{"index":"index","follow":"follow","max-snippet":"max-snippet:-1","max-image-preview":"max-image-preview:large","max-video-preview":"max-video-preview:-1"},"canonical":"https:\/\/mhthobbyracing.com.ar\/index.php\/producto\/servo-kopropo-bsx-one\/","og_locale":"es_ES","og_type":"article","og_title":"Servo Kopropo BSX One- encontralo en MHTHOBBY","og_description":"Servo Kopropo BSX One- servo digtal coreless -con este servo vas a notar la diferencia de calidad y prestaciones - encontralo en MHTHOBBY Puerto Madryn.","og_url":"https:\/\/mhthobbyracing.com.ar\/index.php\/producto\/servo-kopropo-bsx-one\/","og_site_name":"Racing Team","article_modified_time":"2025-09-17T04:22:30+00:00","og_image":[{"width":1200,"height":960,"url":"https:\/\/mhthobbyracing.com.ar\/wp-content\/uploads\/2020\/07\/kop30120.jpg","type":"image\/jpeg"}],"twitter_card":"summary_large_image","twitter_misc":{"Tiempo de lectura":"1 minuto"},"schema":{"@context":"https:\/\/schema.org","@graph":[{"@type":"WebPage","@id":"https:\/\/mhthobbyracing.com.ar\/index.php\/producto\/servo-kopropo-bsx-one\/","url":"https:\/\/mhthobbyracing.com.ar\/index.php\/producto\/servo-kopropo-bsx-one\/","name":"Servo Kopropo BSX One- encontralo en MHTHOBBY","isPartOf":{"@id":"https:\/\/mhthobbyracing.com.ar\/#website"},"primaryImageOfPage":{"@id":"https:\/\/mhthobbyracing.com.ar\/index.php\/producto\/servo-kopropo-bsx-one\/#primaryimage"},"image":{"@id":"https:\/\/mhthobbyracing.com.ar\/index.php\/producto\/servo-kopropo-bsx-one\/#primaryimage"},"thumbnailUrl":"https:\/\/mhthobbyracing.com.ar\/wp-content\/uploads\/2020\/07\/kop30120.jpg","datePublished":"2020-07-09T15:53:18+00:00","dateModified":"2025-09-17T04:22:30+00:00","description":"Servo Kopropo BSX One- servo digtal coreless -con este servo vas a notar la diferencia de calidad y prestaciones - encontralo en MHTHOBBY Puerto Madryn.","breadcrumb":{"@id":"https:\/\/mhthobbyracing.com.ar\/index.php\/producto\/servo-kopropo-bsx-one\/#breadcrumb"},"inLanguage":"es-AR","potentialAction":[{"@type":"ReadAction","target":["https:\/\/mhthobbyracing.com.ar\/index.php\/producto\/servo-kopropo-bsx-one\/"]}]},{"@type":"ImageObject","inLanguage":"es-AR","@id":"https:\/\/mhthobbyracing.com.ar\/index.php\/producto\/servo-kopropo-bsx-one\/#primaryimage","url":"https:\/\/mhthobbyracing.com.ar\/wp-content\/uploads\/2020\/07\/kop30120.jpg","contentUrl":"https:\/\/mhthobbyracing.com.ar\/wp-content\/uploads\/2020\/07\/kop30120.jpg","width":1200,"height":960,"caption":"Servo Kopropo RSX one"},{"@type":"BreadcrumbList","@id":"https:\/\/mhthobbyracing.com.ar\/index.php\/producto\/servo-kopropo-bsx-one\/#breadcrumb","itemListElement":[{"@type":"ListItem","position":1,"name":"Inicio","item":"https:\/\/mhthobbyracing.com.ar\/"},{"@type":"ListItem","position":2,"name":"Productos","item":"https:\/\/mhthobbyracing.com.ar\/index.php\/inicio\/tienda\/"},{"@type":"ListItem","position":3,"name":"Servo Kopropo BSX One"}]},{"@type":"WebSite","@id":"https:\/\/mhthobbyracing.com.ar\/#website","url":"https:\/\/mhthobbyracing.com.ar\/","name":"MHT-Hobby- Racing Team","description":"Hobby Automodelismo","publisher":{"@id":"https:\/\/mhthobbyracing.com.ar\/#\/schema\/person\/a6a6ed9c2713fc1826eb2541c6a3e9d1"},"potentialAction":[{"@type":"SearchAction","target":{"@type":"EntryPoint","urlTemplate":"https:\/\/mhthobbyracing.com.ar\/?s={search_term_string}"},"query-input":{"@type":"PropertyValueSpecification","valueRequired":true,"valueName":"search_term_string"}}],"inLanguage":"es-AR"},{"@type":["Person","Organization"],"@id":"https:\/\/mhthobbyracing.com.ar\/#\/schema\/person\/a6a6ed9c2713fc1826eb2541c6a3e9d1","name":"ecomusicpm","image":{"@type":"ImageObject","inLanguage":"es-AR","@id":"https:\/\/mhthobbyracing.com.ar\/wp-content\/uploads\/2020\/05\/cropped-LOGO-MHT16523-1.png","url":"https:\/\/mhthobbyracing.com.ar\/wp-content\/uploads\/2020\/05\/cropped-LOGO-MHT16523-1.png","contentUrl":"https:\/\/mhthobbyracing.com.ar\/wp-content\/uploads\/2020\/05\/cropped-LOGO-MHT16523-1.png","width":1578,"height":564,"caption":"ecomusicpm"},"logo":{"@id":"https:\/\/mhthobbyracing.com.ar\/wp-content\/uploads\/2020\/05\/cropped-LOGO-MHT16523-1.png"},"sameAs":["http:\/\/mhthobbyracing.com.ar"]}]}},"_links":{"self":[{"href":"https:\/\/mhthobbyracing.com.ar\/index.php\/wp-json\/wp\/v2\/product\/691","targetHints":{"allow":["GET"]}}],"collection":[{"href":"https:\/\/mhthobbyracing.com.ar\/index.php\/wp-json\/wp\/v2\/product"}],"about":[{"href":"https:\/\/mhthobbyracing.com.ar\/index.php\/wp-json\/wp\/v2\/types\/product"}],"replies":[{"embeddable":true,"href":"https:\/\/mhthobbyracing.com.ar\/index.php\/wp-json\/wp\/v2\/comments?post=691"}],"wp:featuredmedia":[{"embeddable":true,"href":"https:\/\/mhthobbyracing.com.ar\/index.php\/wp-json\/wp\/v2\/media\/693"}],"wp:attachment":[{"href":"https:\/\/mhthobbyracing.com.ar\/index.php\/wp-json\/wp\/v2\/media?parent=691"}],"wp:term":[{"taxonomy":"product_brand","embeddable":true,"href":"https:\/\/mhthobbyracing.com.ar\/index.php\/wp-json\/wp\/v2\/product_brand?post=691"},{"taxonomy":"product_cat","embeddable":true,"href":"https:\/\/mhthobbyracing.com.ar\/index.php\/wp-json\/wp\/v2\/product_cat?post=691"},{"taxonomy":"product_tag","embeddable":true,"href":"https:\/\/mhthobbyracing.com.ar\/index.php\/wp-json\/wp\/v2\/product_tag?post=691"}],"curies":[{"name":"wp","href":"https:\/\/api.w.org\/{rel}","templated":true}]}}