{"id":697,"date":"2020-07-09T13:05:03","date_gmt":"2020-07-09T16:05:03","guid":{"rendered":"https:\/\/mhthobbyracing.com.ar\/?post_type=product&#038;p=697"},"modified":"2025-10-14T11:43:15","modified_gmt":"2025-10-14T14:43:15","slug":"servo-kopropo-bsx3-one","status":"publish","type":"product","link":"https:\/\/mhthobbyracing.com.ar\/index.php\/producto\/servo-kopropo-bsx3-one\/","title":{"rendered":"Servo Kopropo BSX3 One"},"content":{"rendered":"<p>Servo Kopropo BSX3 One<\/p>\n<p><img decoding=\"async\" data-src=\"https:\/\/www.kopropo.co.jp\/app\/webroot\/js\/kcfinder\/upload\/images\/HCS-SERVO-Grasper-Banner.jpg\" alt=\"\" src=\"data:image\/svg+xml;base64,PHN2ZyB3aWR0aD0iMSIgaGVpZ2h0PSIxIiB4bWxucz0iaHR0cDovL3d3dy53My5vcmcvMjAwMC9zdmciPjwvc3ZnPg==\" class=\"lazyload\" \/><\/p>\n<h2><strong><span>\u00a1Excelente sensaci\u00f3n de direcci\u00f3n al igual que los neum\u00e1ticos agarrando la carretera!<\/span><\/strong><\/h2>\n<p><span>&#8220;Torque&#8221; y &#8220;Velocidad&#8221; generalmente se consideran especificaciones importantes. <\/span><br \/>\n<span> El one 10 Grasper ha sido desarrollado con la caracter\u00edstica de &#8220;Holding Power&#8221; que proporciona <\/span><br \/>\n<span> la sensaci\u00f3n del par al conducir un autom\u00f3vil. El &#8220;Poder de retenci\u00f3n&#8221; es mantener la posici\u00f3n del servo. <\/span><br \/>\n<span><span class=\"goog-text-highlight\"> Si esta potencia es fuerte, una direcci\u00f3n es estable. <\/span><\/span><br \/>\n<span> &#8220;Grasper&#8221; significa &#8220;sujetar firmemente&#8221;. El nombre de &#8220;Grasper&#8221; proviene de la caracter\u00edstica de agarrar el camino.<\/span><\/p>\n<h2><strong><span>Estuche superior de nuevo dise\u00f1o de aluminio.<\/span><\/strong><\/h2>\n<p><span>La carcasa superior de aluminio admite el estable &#8216;Holding Power&#8217;. <\/span><br \/>\n<span> La carcasa se mecaniza despu\u00e9s del anodizado, creando un dise\u00f1o n\u00edtido y una hermosa l\u00ednea de borde de la carcasa. <\/span><br \/>\n<span> Al rasurar el interior de la caja hasta el extremo, mientras se asegura una resistencia suficiente, la caja se hace m\u00e1s liviana que la antigua caja de aluminio. Los cables de servo de alambre negro con apariencia fresca proporcionan la suavidad adecuada para la instalaci\u00f3n, al tiempo que aseguran la capacidad de corriente necesaria.<\/span><\/p>\n<p>Servo Kopropo BSX3 One<\/p>\n<p><span>CS (Sistema de comunicaci\u00f3n de alta velocidad) es el nuevo sistema de comunicaci\u00f3n de alta velocidad entre el receptor y el servo. <span class=\"goog-text-highlight\">El modo HCS acorta el tiempo de comunicaci\u00f3n de la se\u00f1al comprimida. <\/span>Los servos compatibles con HCS cambian de modo autom\u00e1ticamente por la se\u00f1al del receptor. Por lo tanto, los servos compatibles con HCS pueden usarse con todos los receptores.\u00a0\u00a0<\/span><br \/>\n<span> Si desea utilizar servos de HCS, util\u00edcelo con receptores compatibles con HCS.<\/span><\/p>\n<p><a href=\"https:\/\/mhthobbyracing.com.ar\/index.php\/tienda\/\">Te puede interesar<\/a><\/p>\n<p>&nbsp;<\/p>\n<p><a href=\"https:\/\/www.kopropo.co.jp\/en\/products\/view\/30104\">Visit\u00e1<\/a><\/p>\n","protected":false},"excerpt":{"rendered":"<p>Servo Kopropo BSX3 One \u00a1Excelente sensaci\u00f3n de direcci\u00f3n al igual que los neum\u00e1ticos agarrando la carretera! &#8220;Torque&#8221; y &#8220;Velocidad&#8221; generalmente se consideran especificaciones importantes. El one 10 Grasper ha sido desarrollado con la caracter\u00edstica de &#8220;Holding Power&#8221; que proporciona la sensaci\u00f3n del par al conducir un autom\u00f3vil. El &#8220;Poder de retenci\u00f3n&#8221; es mantener la posici\u00f3n [&hellip;]<\/p>\n","protected":false},"featured_media":692,"comment_status":"open","ping_status":"closed","template":"","meta":{"site-sidebar-layout":"default","site-content-layout":"default","ast-site-content-layout":"","site-content-style":"default","site-sidebar-style":"default","ast-global-header-display":"","ast-banner-title-visibility":"","ast-main-header-display":"","ast-hfb-above-header-display":"","ast-hfb-below-header-display":"","ast-hfb-mobile-header-display":"","site-post-title":"","ast-breadcrumbs-content":"","ast-featured-img":"","footer-sml-layout":"","theme-transparent-header-meta":"default","adv-header-id-meta":"","stick-header-meta":"","header-above-stick-meta":"","header-main-stick-meta":"","header-below-stick-meta":"","astra-migrate-meta-layouts":"default","ast-page-background-enabled":"default","ast-page-background-meta":{"desktop":{"background-color":"","background-image":"","background-repeat":"repeat","background-position":"center center","background-size":"auto","background-attachment":"scroll","background-type":"","background-media":"","overlay-type":"","overlay-color":"","overlay-opacity":"","overlay-gradient":""},"tablet":{"background-color":"","background-image":"","background-repeat":"repeat","background-position":"center center","background-size":"auto","background-attachment":"scroll","background-type":"","background-media":"","overlay-type":"","overlay-color":"","overlay-opacity":"","overlay-gradient":""},"mobile":{"background-color":"","background-image":"","background-repeat":"repeat","background-position":"center center","background-size":"auto","background-attachment":"scroll","background-type":"","background-media":"","overlay-type":"","overlay-color":"","overlay-opacity":"","overlay-gradient":""}},"ast-content-background-meta":{"desktop":{"background-color":"var(--ast-global-color-5)","background-image":"","background-repeat":"repeat","background-position":"center center","background-size":"auto","background-attachment":"scroll","background-type":"","background-media":"","overlay-type":"","overlay-color":"","overlay-opacity":"","overlay-gradient":""},"tablet":{"background-color":"var(--ast-global-color-5)","background-image":"","background-repeat":"repeat","background-position":"center center","background-size":"auto","background-attachment":"scroll","background-type":"","background-media":"","overlay-type":"","overlay-color":"","overlay-opacity":"","overlay-gradient":""},"mobile":{"background-color":"var(--ast-global-color-5)","background-image":"","background-repeat":"repeat","background-position":"center center","background-size":"auto","background-attachment":"scroll","background-type":"","background-media":"","overlay-type":"","overlay-color":"","overlay-opacity":"","overlay-gradient":""}},"_joinchat":[]},"product_brand":[],"product_cat":[26],"product_tag":[123],"class_list":{"0":"post-697","1":"product","2":"type-product","3":"status-publish","4":"has-post-thumbnail","6":"product_cat-servos","7":"product_tag-servo-kopropo-bsx3-one","8":"desktop-align-left","9":"tablet-align-left","10":"mobile-align-left","12":"first","13":"instock","14":"shipping-taxable","15":"purchasable","16":"product-type-simple"},"yoast_head":"<!-- This site is optimized with the Yoast SEO plugin v27.5 - https:\/\/yoast.com\/product\/yoast-seo-wordpress\/ -->\n<title>Servo Kopropo BSX3 One - encontralo en MHTHOBBY Puerto Madryn<\/title>\n<meta name=\"description\" content=\"Servo Kopropo BSX3 One - Excelente sensaci\u00f3n de direcci\u00f3n al igual que los neum\u00e1ticos agarrando la carretera!-Encontralos en MHTHOBBY Puerto Madryn\" \/>\n<meta name=\"robots\" content=\"index, follow, max-snippet:-1, max-image-preview:large, max-video-preview:-1\" \/>\n<link rel=\"canonical\" href=\"https:\/\/mhthobbyracing.com.ar\/index.php\/producto\/servo-kopropo-bsx3-one\/\" \/>\n<meta property=\"og:locale\" content=\"es_ES\" \/>\n<meta property=\"og:type\" content=\"article\" \/>\n<meta property=\"og:title\" content=\"Servo Kopropo BSX3 One - encontralo en MHTHOBBY Puerto Madryn\" \/>\n<meta property=\"og:description\" content=\"Servo Kopropo BSX3 One - Excelente sensaci\u00f3n de direcci\u00f3n al igual que los neum\u00e1ticos agarrando la carretera!-Encontralos en MHTHOBBY Puerto Madryn\" \/>\n<meta property=\"og:url\" content=\"https:\/\/mhthobbyracing.com.ar\/index.php\/producto\/servo-kopropo-bsx3-one\/\" \/>\n<meta property=\"og:site_name\" content=\"Racing Team\" \/>\n<meta property=\"article:modified_time\" content=\"2025-10-14T14:43:15+00:00\" \/>\n<meta property=\"og:image\" content=\"https:\/\/mhthobbyracing.com.ar\/wp-content\/uploads\/2020\/07\/51AwseSJGkL._AC_SX679_.jpg\" \/>\n\t<meta property=\"og:image:width\" content=\"679\" \/>\n\t<meta property=\"og:image:height\" content=\"467\" \/>\n\t<meta property=\"og:image:type\" content=\"image\/jpeg\" \/>\n<meta name=\"twitter:card\" content=\"summary_large_image\" \/>\n<meta name=\"twitter:label1\" content=\"Tiempo de lectura\" \/>\n\t<meta name=\"twitter:data1\" content=\"1 minuto\" \/>\n<script type=\"application\/ld+json\" class=\"yoast-schema-graph\">{\"@context\":\"https:\\\/\\\/schema.org\",\"@graph\":[{\"@type\":\"WebPage\",\"@id\":\"https:\\\/\\\/mhthobbyracing.com.ar\\\/index.php\\\/producto\\\/servo-kopropo-bsx3-one\\\/\",\"url\":\"https:\\\/\\\/mhthobbyracing.com.ar\\\/index.php\\\/producto\\\/servo-kopropo-bsx3-one\\\/\",\"name\":\"Servo Kopropo BSX3 One - encontralo en MHTHOBBY Puerto Madryn\",\"isPartOf\":{\"@id\":\"https:\\\/\\\/mhthobbyracing.com.ar\\\/#website\"},\"primaryImageOfPage\":{\"@id\":\"https:\\\/\\\/mhthobbyracing.com.ar\\\/index.php\\\/producto\\\/servo-kopropo-bsx3-one\\\/#primaryimage\"},\"image\":{\"@id\":\"https:\\\/\\\/mhthobbyracing.com.ar\\\/index.php\\\/producto\\\/servo-kopropo-bsx3-one\\\/#primaryimage\"},\"thumbnailUrl\":\"https:\\\/\\\/mhthobbyracing.com.ar\\\/wp-content\\\/uploads\\\/2020\\\/07\\\/51AwseSJGkL._AC_SX679_.jpg\",\"datePublished\":\"2020-07-09T16:05:03+00:00\",\"dateModified\":\"2025-10-14T14:43:15+00:00\",\"description\":\"Servo Kopropo BSX3 One - Excelente sensaci\u00f3n de direcci\u00f3n al igual que los neum\u00e1ticos agarrando la carretera!-Encontralos en MHTHOBBY Puerto Madryn\",\"breadcrumb\":{\"@id\":\"https:\\\/\\\/mhthobbyracing.com.ar\\\/index.php\\\/producto\\\/servo-kopropo-bsx3-one\\\/#breadcrumb\"},\"inLanguage\":\"es-AR\",\"potentialAction\":[{\"@type\":\"ReadAction\",\"target\":[\"https:\\\/\\\/mhthobbyracing.com.ar\\\/index.php\\\/producto\\\/servo-kopropo-bsx3-one\\\/\"]}]},{\"@type\":\"ImageObject\",\"inLanguage\":\"es-AR\",\"@id\":\"https:\\\/\\\/mhthobbyracing.com.ar\\\/index.php\\\/producto\\\/servo-kopropo-bsx3-one\\\/#primaryimage\",\"url\":\"https:\\\/\\\/mhthobbyracing.com.ar\\\/wp-content\\\/uploads\\\/2020\\\/07\\\/51AwseSJGkL._AC_SX679_.jpg\",\"contentUrl\":\"https:\\\/\\\/mhthobbyracing.com.ar\\\/wp-content\\\/uploads\\\/2020\\\/07\\\/51AwseSJGkL._AC_SX679_.jpg\",\"width\":679,\"height\":467,\"caption\":\"Servo Kopropo BSX3 One\"},{\"@type\":\"BreadcrumbList\",\"@id\":\"https:\\\/\\\/mhthobbyracing.com.ar\\\/index.php\\\/producto\\\/servo-kopropo-bsx3-one\\\/#breadcrumb\",\"itemListElement\":[{\"@type\":\"ListItem\",\"position\":1,\"name\":\"Inicio\",\"item\":\"https:\\\/\\\/mhthobbyracing.com.ar\\\/\"},{\"@type\":\"ListItem\",\"position\":2,\"name\":\"Productos\",\"item\":\"https:\\\/\\\/mhthobbyracing.com.ar\\\/index.php\\\/inicio\\\/tienda\\\/\"},{\"@type\":\"ListItem\",\"position\":3,\"name\":\"Servo Kopropo BSX3 One\"}]},{\"@type\":\"WebSite\",\"@id\":\"https:\\\/\\\/mhthobbyracing.com.ar\\\/#website\",\"url\":\"https:\\\/\\\/mhthobbyracing.com.ar\\\/\",\"name\":\"MHT-Hobby- Racing Team\",\"description\":\"Hobby Automodelismo\",\"publisher\":{\"@id\":\"https:\\\/\\\/mhthobbyracing.com.ar\\\/#\\\/schema\\\/person\\\/a6a6ed9c2713fc1826eb2541c6a3e9d1\"},\"potentialAction\":[{\"@type\":\"SearchAction\",\"target\":{\"@type\":\"EntryPoint\",\"urlTemplate\":\"https:\\\/\\\/mhthobbyracing.com.ar\\\/?s={search_term_string}\"},\"query-input\":{\"@type\":\"PropertyValueSpecification\",\"valueRequired\":true,\"valueName\":\"search_term_string\"}}],\"inLanguage\":\"es-AR\"},{\"@type\":[\"Person\",\"Organization\"],\"@id\":\"https:\\\/\\\/mhthobbyracing.com.ar\\\/#\\\/schema\\\/person\\\/a6a6ed9c2713fc1826eb2541c6a3e9d1\",\"name\":\"ecomusicpm\",\"image\":{\"@type\":\"ImageObject\",\"inLanguage\":\"es-AR\",\"@id\":\"https:\\\/\\\/mhthobbyracing.com.ar\\\/wp-content\\\/uploads\\\/2020\\\/05\\\/cropped-LOGO-MHT16523-1.png\",\"url\":\"https:\\\/\\\/mhthobbyracing.com.ar\\\/wp-content\\\/uploads\\\/2020\\\/05\\\/cropped-LOGO-MHT16523-1.png\",\"contentUrl\":\"https:\\\/\\\/mhthobbyracing.com.ar\\\/wp-content\\\/uploads\\\/2020\\\/05\\\/cropped-LOGO-MHT16523-1.png\",\"width\":1578,\"height\":564,\"caption\":\"ecomusicpm\"},\"logo\":{\"@id\":\"https:\\\/\\\/mhthobbyracing.com.ar\\\/wp-content\\\/uploads\\\/2020\\\/05\\\/cropped-LOGO-MHT16523-1.png\"},\"sameAs\":[\"http:\\\/\\\/mhthobbyracing.com.ar\"]}]}<\/script>\n<!-- \/ Yoast SEO plugin. -->","yoast_head_json":{"title":"Servo Kopropo BSX3 One - encontralo en MHTHOBBY Puerto Madryn","description":"Servo Kopropo BSX3 One - Excelente sensaci\u00f3n de direcci\u00f3n al igual que los neum\u00e1ticos agarrando la carretera!-Encontralos en MHTHOBBY Puerto Madryn","robots":{"index":"index","follow":"follow","max-snippet":"max-snippet:-1","max-image-preview":"max-image-preview:large","max-video-preview":"max-video-preview:-1"},"canonical":"https:\/\/mhthobbyracing.com.ar\/index.php\/producto\/servo-kopropo-bsx3-one\/","og_locale":"es_ES","og_type":"article","og_title":"Servo Kopropo BSX3 One - encontralo en MHTHOBBY Puerto Madryn","og_description":"Servo Kopropo BSX3 One - Excelente sensaci\u00f3n de direcci\u00f3n al igual que los neum\u00e1ticos agarrando la carretera!-Encontralos en MHTHOBBY Puerto Madryn","og_url":"https:\/\/mhthobbyracing.com.ar\/index.php\/producto\/servo-kopropo-bsx3-one\/","og_site_name":"Racing Team","article_modified_time":"2025-10-14T14:43:15+00:00","og_image":[{"width":679,"height":467,"url":"https:\/\/mhthobbyracing.com.ar\/wp-content\/uploads\/2020\/07\/51AwseSJGkL._AC_SX679_.jpg","type":"image\/jpeg"}],"twitter_card":"summary_large_image","twitter_misc":{"Tiempo de lectura":"1 minuto"},"schema":{"@context":"https:\/\/schema.org","@graph":[{"@type":"WebPage","@id":"https:\/\/mhthobbyracing.com.ar\/index.php\/producto\/servo-kopropo-bsx3-one\/","url":"https:\/\/mhthobbyracing.com.ar\/index.php\/producto\/servo-kopropo-bsx3-one\/","name":"Servo Kopropo BSX3 One - encontralo en MHTHOBBY Puerto Madryn","isPartOf":{"@id":"https:\/\/mhthobbyracing.com.ar\/#website"},"primaryImageOfPage":{"@id":"https:\/\/mhthobbyracing.com.ar\/index.php\/producto\/servo-kopropo-bsx3-one\/#primaryimage"},"image":{"@id":"https:\/\/mhthobbyracing.com.ar\/index.php\/producto\/servo-kopropo-bsx3-one\/#primaryimage"},"thumbnailUrl":"https:\/\/mhthobbyracing.com.ar\/wp-content\/uploads\/2020\/07\/51AwseSJGkL._AC_SX679_.jpg","datePublished":"2020-07-09T16:05:03+00:00","dateModified":"2025-10-14T14:43:15+00:00","description":"Servo Kopropo BSX3 One - Excelente sensaci\u00f3n de direcci\u00f3n al igual que los neum\u00e1ticos agarrando la carretera!-Encontralos en MHTHOBBY Puerto Madryn","breadcrumb":{"@id":"https:\/\/mhthobbyracing.com.ar\/index.php\/producto\/servo-kopropo-bsx3-one\/#breadcrumb"},"inLanguage":"es-AR","potentialAction":[{"@type":"ReadAction","target":["https:\/\/mhthobbyracing.com.ar\/index.php\/producto\/servo-kopropo-bsx3-one\/"]}]},{"@type":"ImageObject","inLanguage":"es-AR","@id":"https:\/\/mhthobbyracing.com.ar\/index.php\/producto\/servo-kopropo-bsx3-one\/#primaryimage","url":"https:\/\/mhthobbyracing.com.ar\/wp-content\/uploads\/2020\/07\/51AwseSJGkL._AC_SX679_.jpg","contentUrl":"https:\/\/mhthobbyracing.com.ar\/wp-content\/uploads\/2020\/07\/51AwseSJGkL._AC_SX679_.jpg","width":679,"height":467,"caption":"Servo Kopropo BSX3 One"},{"@type":"BreadcrumbList","@id":"https:\/\/mhthobbyracing.com.ar\/index.php\/producto\/servo-kopropo-bsx3-one\/#breadcrumb","itemListElement":[{"@type":"ListItem","position":1,"name":"Inicio","item":"https:\/\/mhthobbyracing.com.ar\/"},{"@type":"ListItem","position":2,"name":"Productos","item":"https:\/\/mhthobbyracing.com.ar\/index.php\/inicio\/tienda\/"},{"@type":"ListItem","position":3,"name":"Servo Kopropo BSX3 One"}]},{"@type":"WebSite","@id":"https:\/\/mhthobbyracing.com.ar\/#website","url":"https:\/\/mhthobbyracing.com.ar\/","name":"MHT-Hobby- Racing Team","description":"Hobby Automodelismo","publisher":{"@id":"https:\/\/mhthobbyracing.com.ar\/#\/schema\/person\/a6a6ed9c2713fc1826eb2541c6a3e9d1"},"potentialAction":[{"@type":"SearchAction","target":{"@type":"EntryPoint","urlTemplate":"https:\/\/mhthobbyracing.com.ar\/?s={search_term_string}"},"query-input":{"@type":"PropertyValueSpecification","valueRequired":true,"valueName":"search_term_string"}}],"inLanguage":"es-AR"},{"@type":["Person","Organization"],"@id":"https:\/\/mhthobbyracing.com.ar\/#\/schema\/person\/a6a6ed9c2713fc1826eb2541c6a3e9d1","name":"ecomusicpm","image":{"@type":"ImageObject","inLanguage":"es-AR","@id":"https:\/\/mhthobbyracing.com.ar\/wp-content\/uploads\/2020\/05\/cropped-LOGO-MHT16523-1.png","url":"https:\/\/mhthobbyracing.com.ar\/wp-content\/uploads\/2020\/05\/cropped-LOGO-MHT16523-1.png","contentUrl":"https:\/\/mhthobbyracing.com.ar\/wp-content\/uploads\/2020\/05\/cropped-LOGO-MHT16523-1.png","width":1578,"height":564,"caption":"ecomusicpm"},"logo":{"@id":"https:\/\/mhthobbyracing.com.ar\/wp-content\/uploads\/2020\/05\/cropped-LOGO-MHT16523-1.png"},"sameAs":["http:\/\/mhthobbyracing.com.ar"]}]}},"_links":{"self":[{"href":"https:\/\/mhthobbyracing.com.ar\/index.php\/wp-json\/wp\/v2\/product\/697","targetHints":{"allow":["GET"]}}],"collection":[{"href":"https:\/\/mhthobbyracing.com.ar\/index.php\/wp-json\/wp\/v2\/product"}],"about":[{"href":"https:\/\/mhthobbyracing.com.ar\/index.php\/wp-json\/wp\/v2\/types\/product"}],"replies":[{"embeddable":true,"href":"https:\/\/mhthobbyracing.com.ar\/index.php\/wp-json\/wp\/v2\/comments?post=697"}],"wp:featuredmedia":[{"embeddable":true,"href":"https:\/\/mhthobbyracing.com.ar\/index.php\/wp-json\/wp\/v2\/media\/692"}],"wp:attachment":[{"href":"https:\/\/mhthobbyracing.com.ar\/index.php\/wp-json\/wp\/v2\/media?parent=697"}],"wp:term":[{"taxonomy":"product_brand","embeddable":true,"href":"https:\/\/mhthobbyracing.com.ar\/index.php\/wp-json\/wp\/v2\/product_brand?post=697"},{"taxonomy":"product_cat","embeddable":true,"href":"https:\/\/mhthobbyracing.com.ar\/index.php\/wp-json\/wp\/v2\/product_cat?post=697"},{"taxonomy":"product_tag","embeddable":true,"href":"https:\/\/mhthobbyracing.com.ar\/index.php\/wp-json\/wp\/v2\/product_tag?post=697"}],"curies":[{"name":"wp","href":"https:\/\/api.w.org\/{rel}","templated":true}]}}