{"id":895,"date":"2020-12-29T18:29:12","date_gmt":"2020-12-29T21:29:12","guid":{"rendered":"https:\/\/mhthobbyracing.com.ar\/?post_type=product&#038;p=895"},"modified":"2026-04-07T02:38:21","modified_gmt":"2026-04-07T05:38:21","slug":"eartec-ul2s-intercom","status":"publish","type":"product","link":"https:\/\/mhthobbyracing.com.ar\/index.php\/producto\/eartec-ul2s-intercom\/","title":{"rendered":"Eartec UL2S Intercom"},"content":{"rendered":"<p>Eartec UL2S Intercom<\/p>\n<h2>Eartec UL2S EU UltraLITE Sistema de auriculares para 2 personas.<\/h2>\n<p>El sistema de auriculares\u00a0UL2S EU\u00a0UltraLITE para 2 personas de Eartec incluye un auricular UltraLITE Single Master y un auricular UltraLITE Single Remote, dos bater\u00edas, un cargador y un estuche para transporte en tela. Est\u00e1 dise\u00f1ado para llevar equipos de dos personas que necesitan comunicarse de forma inal\u00e1mbrica mientras trabajan simult\u00e1neamente con sus manos en producci\u00f3n.<\/p>\n<p>Los auriculares UltraLITE, sencillo incluido en este kit y uno master single oreja, tienen el transceiver incorporado en el interior de la oreja, lo que elimina los cables de los auriculares y las radios. Proporcionan comunicaci\u00f3n de voz bidireccional y el brazo del micr\u00f3fono puede girar 270 \u00b0. Este kit puede ser llevado hasta 4 usuarios agregando mas UltraLITE Single Remote.<\/p>\n<p><strong>Caracter\u00edsticas:<\/strong><\/p>\n<ul>\n<li>Proporciona comunicaci\u00f3n manos libres<\/li>\n<li>1 Master single \u00a0oreja + 1 UltraLITE Single Remote<\/li>\n<li>2 bater\u00edas recargables<\/li>\n<li>Micr\u00f3fonos\u00a0 flexibles<\/li>\n<li>Proporciona comunicaci\u00f3n manos libres<\/li>\n<li>No requiere de licencia FCC<\/li>\n<\/ul>\n<p>&nbsp;<\/p>\n<p>Especificaciones t\u00e9cnicas:<\/p>\n<p>Standard DECT 6.0 (Digital Enhanced Cordless Telecommunications)<br \/>\nEuro Frequency 1880 \u2013 1900MHz (EURO)<br \/>\nPeso 113 gramos<br \/>\nChannel Bandwidth 1.728 GHz<br \/>\nModulation\u00a0 GFSK<br \/>\nTransmission Speed 1.152 Mbps (Baud Rate)<br \/>\nDuplexing Time Division Duplex (TDD)<br \/>\nSpeech Encoding ADPCM \/ 32bit\/s<br \/>\nRF Accessing Time Division Multiple Access (TDMA)<br \/>\nRango en espacio abierto: 400m<br \/>\nHeadset Power Supply Rechargeable :\u00a0 Lithium 3.7 V\/ 800 mAh 3.0 Wh<br \/>\nCharger Power Supply AC \/ adapter: INPUT 110-40Vac \/ OUTPUT 5.0V \u2013 1 1000mA<br \/>\nTiempo de carga: 3 horas<br \/>\nTiempo de uso aprox: 6 horas<\/p>\n<p>&nbsp;<\/p>\n<p>&nbsp;<\/p>\n<p>Eartec UL2S Intercom<\/p>\n<p>Visit\u00e1:<a href=\"https:\/\/eartec.com\/ultralite-single-wireless-headsets\/\">https:\/\/eartec.com\/ultralite-single-wireless-headsets\/<\/a><\/p>\n<p>Te puede interesar:<a href=\"https:\/\/mhthobbyracing.com.ar\/index.php\/inicio\/tienda\/\">https:\/\/mhthobbyracing.com.ar\/index.php\/inicio\/tienda\/<\/a><\/p>\n","protected":false},"excerpt":{"rendered":"<p>Eartec UL2S Intercom<\/p>\n","protected":false},"featured_media":896,"comment_status":"open","ping_status":"closed","template":"","meta":{"site-sidebar-layout":"default","site-content-layout":"default","ast-site-content-layout":"","site-content-style":"default","site-sidebar-style":"default","ast-global-header-display":"","ast-banner-title-visibility":"","ast-main-header-display":"","ast-hfb-above-header-display":"","ast-hfb-below-header-display":"","ast-hfb-mobile-header-display":"","site-post-title":"","ast-breadcrumbs-content":"","ast-featured-img":"","footer-sml-layout":"","theme-transparent-header-meta":"default","adv-header-id-meta":"","stick-header-meta":"","header-above-stick-meta":"","header-main-stick-meta":"","header-below-stick-meta":"","astra-migrate-meta-layouts":"default","ast-page-background-enabled":"default","ast-page-background-meta":{"desktop":{"background-color":"","background-image":"","background-repeat":"repeat","background-position":"center center","background-size":"auto","background-attachment":"scroll","background-type":"","background-media":"","overlay-type":"","overlay-color":"","overlay-opacity":"","overlay-gradient":""},"tablet":{"background-color":"","background-image":"","background-repeat":"repeat","background-position":"center center","background-size":"auto","background-attachment":"scroll","background-type":"","background-media":"","overlay-type":"","overlay-color":"","overlay-opacity":"","overlay-gradient":""},"mobile":{"background-color":"","background-image":"","background-repeat":"repeat","background-position":"center center","background-size":"auto","background-attachment":"scroll","background-type":"","background-media":"","overlay-type":"","overlay-color":"","overlay-opacity":"","overlay-gradient":""}},"ast-content-background-meta":{"desktop":{"background-color":"var(--ast-global-color-5)","background-image":"","background-repeat":"repeat","background-position":"center center","background-size":"auto","background-attachment":"scroll","background-type":"","background-media":"","overlay-type":"","overlay-color":"","overlay-opacity":"","overlay-gradient":""},"tablet":{"background-color":"var(--ast-global-color-5)","background-image":"","background-repeat":"repeat","background-position":"center center","background-size":"auto","background-attachment":"scroll","background-type":"","background-media":"","overlay-type":"","overlay-color":"","overlay-opacity":"","overlay-gradient":""},"mobile":{"background-color":"var(--ast-global-color-5)","background-image":"","background-repeat":"repeat","background-position":"center center","background-size":"auto","background-attachment":"scroll","background-type":"","background-media":"","overlay-type":"","overlay-color":"","overlay-opacity":"","overlay-gradient":""}},"_joinchat":[]},"product_brand":[],"product_cat":[156],"product_tag":[157],"class_list":{"0":"post-895","1":"product","2":"type-product","3":"status-publish","4":"has-post-thumbnail","6":"product_cat-intercomunicadores","7":"product_tag-eartec-ul2s","8":"desktop-align-left","9":"tablet-align-left","10":"mobile-align-left","12":"first","13":"instock","14":"shipping-taxable","15":"purchasable","16":"product-type-simple"},"yoast_head":"<!-- This site is optimized with the Yoast SEO plugin v27.5 - https:\/\/yoast.com\/product\/yoast-seo-wordpress\/ -->\n<title>Eartec UL2S Intercom - Adquirilo en MHTHOBBY -Puerto Madryn<\/title>\n<meta name=\"description\" content=\"Eartec UL2S Intercom - El sistema de auriculares\u00a0UL2S EU\u00a0UltraLITE para 2 personas de Eartec encontralo en MHTHOBBY-Distribuidor oficial\" \/>\n<meta name=\"robots\" content=\"index, follow, max-snippet:-1, max-image-preview:large, max-video-preview:-1\" \/>\n<link rel=\"canonical\" href=\"https:\/\/mhthobbyracing.com.ar\/index.php\/producto\/eartec-ul2s-intercom\/\" \/>\n<meta property=\"og:locale\" content=\"es_ES\" \/>\n<meta property=\"og:type\" content=\"article\" \/>\n<meta property=\"og:title\" content=\"Eartec UL2S Intercom - Adquirilo en MHTHOBBY -Puerto Madryn\" \/>\n<meta property=\"og:description\" content=\"Eartec UL2S Intercom - El sistema de auriculares\u00a0UL2S EU\u00a0UltraLITE para 2 personas de Eartec encontralo en MHTHOBBY-Distribuidor oficial\" \/>\n<meta property=\"og:url\" content=\"https:\/\/mhthobbyracing.com.ar\/index.php\/producto\/eartec-ul2s-intercom\/\" \/>\n<meta property=\"og:site_name\" content=\"Racing Team\" \/>\n<meta property=\"article:modified_time\" content=\"2026-04-07T05:38:21+00:00\" \/>\n<meta property=\"og:image\" content=\"https:\/\/mhthobbyracing.com.ar\/wp-content\/uploads\/2020\/12\/UL2S-900x900-1.jpg\" \/>\n\t<meta property=\"og:image:width\" content=\"900\" \/>\n\t<meta property=\"og:image:height\" content=\"900\" \/>\n\t<meta property=\"og:image:type\" content=\"image\/jpeg\" \/>\n<meta name=\"twitter:card\" content=\"summary_large_image\" \/>\n<meta name=\"twitter:label1\" content=\"Tiempo de lectura\" \/>\n\t<meta name=\"twitter:data1\" content=\"2 minutos\" \/>\n<script type=\"application\/ld+json\" class=\"yoast-schema-graph\">{\"@context\":\"https:\\\/\\\/schema.org\",\"@graph\":[{\"@type\":\"WebPage\",\"@id\":\"https:\\\/\\\/mhthobbyracing.com.ar\\\/index.php\\\/producto\\\/eartec-ul2s-intercom\\\/\",\"url\":\"https:\\\/\\\/mhthobbyracing.com.ar\\\/index.php\\\/producto\\\/eartec-ul2s-intercom\\\/\",\"name\":\"Eartec UL2S Intercom - Adquirilo en MHTHOBBY -Puerto Madryn\",\"isPartOf\":{\"@id\":\"https:\\\/\\\/mhthobbyracing.com.ar\\\/#website\"},\"primaryImageOfPage\":{\"@id\":\"https:\\\/\\\/mhthobbyracing.com.ar\\\/index.php\\\/producto\\\/eartec-ul2s-intercom\\\/#primaryimage\"},\"image\":{\"@id\":\"https:\\\/\\\/mhthobbyracing.com.ar\\\/index.php\\\/producto\\\/eartec-ul2s-intercom\\\/#primaryimage\"},\"thumbnailUrl\":\"https:\\\/\\\/mhthobbyracing.com.ar\\\/wp-content\\\/uploads\\\/2020\\\/12\\\/UL2S-900x900-1.jpg\",\"datePublished\":\"2020-12-29T21:29:12+00:00\",\"dateModified\":\"2026-04-07T05:38:21+00:00\",\"description\":\"Eartec UL2S Intercom - El sistema de auriculares\u00a0UL2S EU\u00a0UltraLITE para 2 personas de Eartec encontralo en MHTHOBBY-Distribuidor oficial\",\"breadcrumb\":{\"@id\":\"https:\\\/\\\/mhthobbyracing.com.ar\\\/index.php\\\/producto\\\/eartec-ul2s-intercom\\\/#breadcrumb\"},\"inLanguage\":\"es-AR\",\"potentialAction\":[{\"@type\":\"ReadAction\",\"target\":[\"https:\\\/\\\/mhthobbyracing.com.ar\\\/index.php\\\/producto\\\/eartec-ul2s-intercom\\\/\"]}]},{\"@type\":\"ImageObject\",\"inLanguage\":\"es-AR\",\"@id\":\"https:\\\/\\\/mhthobbyracing.com.ar\\\/index.php\\\/producto\\\/eartec-ul2s-intercom\\\/#primaryimage\",\"url\":\"https:\\\/\\\/mhthobbyracing.com.ar\\\/wp-content\\\/uploads\\\/2020\\\/12\\\/UL2S-900x900-1.jpg\",\"contentUrl\":\"https:\\\/\\\/mhthobbyracing.com.ar\\\/wp-content\\\/uploads\\\/2020\\\/12\\\/UL2S-900x900-1.jpg\",\"width\":900,\"height\":900,\"caption\":\"Eartec UL2S Intercom\"},{\"@type\":\"BreadcrumbList\",\"@id\":\"https:\\\/\\\/mhthobbyracing.com.ar\\\/index.php\\\/producto\\\/eartec-ul2s-intercom\\\/#breadcrumb\",\"itemListElement\":[{\"@type\":\"ListItem\",\"position\":1,\"name\":\"Inicio\",\"item\":\"https:\\\/\\\/mhthobbyracing.com.ar\\\/\"},{\"@type\":\"ListItem\",\"position\":2,\"name\":\"Productos\",\"item\":\"https:\\\/\\\/mhthobbyracing.com.ar\\\/index.php\\\/inicio\\\/tienda\\\/\"},{\"@type\":\"ListItem\",\"position\":3,\"name\":\"Eartec UL2S Intercom\"}]},{\"@type\":\"WebSite\",\"@id\":\"https:\\\/\\\/mhthobbyracing.com.ar\\\/#website\",\"url\":\"https:\\\/\\\/mhthobbyracing.com.ar\\\/\",\"name\":\"MHT-Hobby- Racing Team\",\"description\":\"Hobby Automodelismo\",\"publisher\":{\"@id\":\"https:\\\/\\\/mhthobbyracing.com.ar\\\/#\\\/schema\\\/person\\\/a6a6ed9c2713fc1826eb2541c6a3e9d1\"},\"potentialAction\":[{\"@type\":\"SearchAction\",\"target\":{\"@type\":\"EntryPoint\",\"urlTemplate\":\"https:\\\/\\\/mhthobbyracing.com.ar\\\/?s={search_term_string}\"},\"query-input\":{\"@type\":\"PropertyValueSpecification\",\"valueRequired\":true,\"valueName\":\"search_term_string\"}}],\"inLanguage\":\"es-AR\"},{\"@type\":[\"Person\",\"Organization\"],\"@id\":\"https:\\\/\\\/mhthobbyracing.com.ar\\\/#\\\/schema\\\/person\\\/a6a6ed9c2713fc1826eb2541c6a3e9d1\",\"name\":\"ecomusicpm\",\"image\":{\"@type\":\"ImageObject\",\"inLanguage\":\"es-AR\",\"@id\":\"https:\\\/\\\/mhthobbyracing.com.ar\\\/wp-content\\\/uploads\\\/2020\\\/05\\\/cropped-LOGO-MHT16523-1.png\",\"url\":\"https:\\\/\\\/mhthobbyracing.com.ar\\\/wp-content\\\/uploads\\\/2020\\\/05\\\/cropped-LOGO-MHT16523-1.png\",\"contentUrl\":\"https:\\\/\\\/mhthobbyracing.com.ar\\\/wp-content\\\/uploads\\\/2020\\\/05\\\/cropped-LOGO-MHT16523-1.png\",\"width\":1578,\"height\":564,\"caption\":\"ecomusicpm\"},\"logo\":{\"@id\":\"https:\\\/\\\/mhthobbyracing.com.ar\\\/wp-content\\\/uploads\\\/2020\\\/05\\\/cropped-LOGO-MHT16523-1.png\"},\"sameAs\":[\"http:\\\/\\\/mhthobbyracing.com.ar\"]}]}<\/script>\n<!-- \/ Yoast SEO plugin. -->","yoast_head_json":{"title":"Eartec UL2S Intercom - Adquirilo en MHTHOBBY -Puerto Madryn","description":"Eartec UL2S Intercom - El sistema de auriculares\u00a0UL2S EU\u00a0UltraLITE para 2 personas de Eartec encontralo en MHTHOBBY-Distribuidor oficial","robots":{"index":"index","follow":"follow","max-snippet":"max-snippet:-1","max-image-preview":"max-image-preview:large","max-video-preview":"max-video-preview:-1"},"canonical":"https:\/\/mhthobbyracing.com.ar\/index.php\/producto\/eartec-ul2s-intercom\/","og_locale":"es_ES","og_type":"article","og_title":"Eartec UL2S Intercom - Adquirilo en MHTHOBBY -Puerto Madryn","og_description":"Eartec UL2S Intercom - El sistema de auriculares\u00a0UL2S EU\u00a0UltraLITE para 2 personas de Eartec encontralo en MHTHOBBY-Distribuidor oficial","og_url":"https:\/\/mhthobbyracing.com.ar\/index.php\/producto\/eartec-ul2s-intercom\/","og_site_name":"Racing Team","article_modified_time":"2026-04-07T05:38:21+00:00","og_image":[{"width":900,"height":900,"url":"https:\/\/mhthobbyracing.com.ar\/wp-content\/uploads\/2020\/12\/UL2S-900x900-1.jpg","type":"image\/jpeg"}],"twitter_card":"summary_large_image","twitter_misc":{"Tiempo de lectura":"2 minutos"},"schema":{"@context":"https:\/\/schema.org","@graph":[{"@type":"WebPage","@id":"https:\/\/mhthobbyracing.com.ar\/index.php\/producto\/eartec-ul2s-intercom\/","url":"https:\/\/mhthobbyracing.com.ar\/index.php\/producto\/eartec-ul2s-intercom\/","name":"Eartec UL2S Intercom - Adquirilo en MHTHOBBY -Puerto Madryn","isPartOf":{"@id":"https:\/\/mhthobbyracing.com.ar\/#website"},"primaryImageOfPage":{"@id":"https:\/\/mhthobbyracing.com.ar\/index.php\/producto\/eartec-ul2s-intercom\/#primaryimage"},"image":{"@id":"https:\/\/mhthobbyracing.com.ar\/index.php\/producto\/eartec-ul2s-intercom\/#primaryimage"},"thumbnailUrl":"https:\/\/mhthobbyracing.com.ar\/wp-content\/uploads\/2020\/12\/UL2S-900x900-1.jpg","datePublished":"2020-12-29T21:29:12+00:00","dateModified":"2026-04-07T05:38:21+00:00","description":"Eartec UL2S Intercom - El sistema de auriculares\u00a0UL2S EU\u00a0UltraLITE para 2 personas de Eartec encontralo en MHTHOBBY-Distribuidor oficial","breadcrumb":{"@id":"https:\/\/mhthobbyracing.com.ar\/index.php\/producto\/eartec-ul2s-intercom\/#breadcrumb"},"inLanguage":"es-AR","potentialAction":[{"@type":"ReadAction","target":["https:\/\/mhthobbyracing.com.ar\/index.php\/producto\/eartec-ul2s-intercom\/"]}]},{"@type":"ImageObject","inLanguage":"es-AR","@id":"https:\/\/mhthobbyracing.com.ar\/index.php\/producto\/eartec-ul2s-intercom\/#primaryimage","url":"https:\/\/mhthobbyracing.com.ar\/wp-content\/uploads\/2020\/12\/UL2S-900x900-1.jpg","contentUrl":"https:\/\/mhthobbyracing.com.ar\/wp-content\/uploads\/2020\/12\/UL2S-900x900-1.jpg","width":900,"height":900,"caption":"Eartec UL2S Intercom"},{"@type":"BreadcrumbList","@id":"https:\/\/mhthobbyracing.com.ar\/index.php\/producto\/eartec-ul2s-intercom\/#breadcrumb","itemListElement":[{"@type":"ListItem","position":1,"name":"Inicio","item":"https:\/\/mhthobbyracing.com.ar\/"},{"@type":"ListItem","position":2,"name":"Productos","item":"https:\/\/mhthobbyracing.com.ar\/index.php\/inicio\/tienda\/"},{"@type":"ListItem","position":3,"name":"Eartec UL2S Intercom"}]},{"@type":"WebSite","@id":"https:\/\/mhthobbyracing.com.ar\/#website","url":"https:\/\/mhthobbyracing.com.ar\/","name":"MHT-Hobby- Racing Team","description":"Hobby Automodelismo","publisher":{"@id":"https:\/\/mhthobbyracing.com.ar\/#\/schema\/person\/a6a6ed9c2713fc1826eb2541c6a3e9d1"},"potentialAction":[{"@type":"SearchAction","target":{"@type":"EntryPoint","urlTemplate":"https:\/\/mhthobbyracing.com.ar\/?s={search_term_string}"},"query-input":{"@type":"PropertyValueSpecification","valueRequired":true,"valueName":"search_term_string"}}],"inLanguage":"es-AR"},{"@type":["Person","Organization"],"@id":"https:\/\/mhthobbyracing.com.ar\/#\/schema\/person\/a6a6ed9c2713fc1826eb2541c6a3e9d1","name":"ecomusicpm","image":{"@type":"ImageObject","inLanguage":"es-AR","@id":"https:\/\/mhthobbyracing.com.ar\/wp-content\/uploads\/2020\/05\/cropped-LOGO-MHT16523-1.png","url":"https:\/\/mhthobbyracing.com.ar\/wp-content\/uploads\/2020\/05\/cropped-LOGO-MHT16523-1.png","contentUrl":"https:\/\/mhthobbyracing.com.ar\/wp-content\/uploads\/2020\/05\/cropped-LOGO-MHT16523-1.png","width":1578,"height":564,"caption":"ecomusicpm"},"logo":{"@id":"https:\/\/mhthobbyracing.com.ar\/wp-content\/uploads\/2020\/05\/cropped-LOGO-MHT16523-1.png"},"sameAs":["http:\/\/mhthobbyracing.com.ar"]}]}},"_links":{"self":[{"href":"https:\/\/mhthobbyracing.com.ar\/index.php\/wp-json\/wp\/v2\/product\/895","targetHints":{"allow":["GET"]}}],"collection":[{"href":"https:\/\/mhthobbyracing.com.ar\/index.php\/wp-json\/wp\/v2\/product"}],"about":[{"href":"https:\/\/mhthobbyracing.com.ar\/index.php\/wp-json\/wp\/v2\/types\/product"}],"replies":[{"embeddable":true,"href":"https:\/\/mhthobbyracing.com.ar\/index.php\/wp-json\/wp\/v2\/comments?post=895"}],"wp:featuredmedia":[{"embeddable":true,"href":"https:\/\/mhthobbyracing.com.ar\/index.php\/wp-json\/wp\/v2\/media\/896"}],"wp:attachment":[{"href":"https:\/\/mhthobbyracing.com.ar\/index.php\/wp-json\/wp\/v2\/media?parent=895"}],"wp:term":[{"taxonomy":"product_brand","embeddable":true,"href":"https:\/\/mhthobbyracing.com.ar\/index.php\/wp-json\/wp\/v2\/product_brand?post=895"},{"taxonomy":"product_cat","embeddable":true,"href":"https:\/\/mhthobbyracing.com.ar\/index.php\/wp-json\/wp\/v2\/product_cat?post=895"},{"taxonomy":"product_tag","embeddable":true,"href":"https:\/\/mhthobbyracing.com.ar\/index.php\/wp-json\/wp\/v2\/product_tag?post=895"}],"curies":[{"name":"wp","href":"https:\/\/api.w.org\/{rel}","templated":true}]}}