{"id":906,"date":"2020-12-30T18:24:09","date_gmt":"2020-12-30T21:24:09","guid":{"rendered":"https:\/\/mhthobbyracing.com.ar\/?post_type=product&#038;p=906"},"modified":"2026-03-13T18:02:23","modified_gmt":"2026-03-13T21:02:23","slug":"eartec-hub8s-intercom-2","status":"publish","type":"product","link":"https:\/\/mhthobbyracing.com.ar\/index.php\/producto\/eartec-hub8s-intercom-2\/","title":{"rendered":"Eartec HUB8S Intercom"},"content":{"rendered":"<p>Eartec HUB 8-S Intercom<\/p>\n<h2>Eartec HUB 8-S UltraLITE Sistema de auriculares para 8 personas.<\/h2>\n<p>&nbsp;<\/p>\n<p>El sistema de auriculares HUB 8-S .<\/p>\n<p>UltraLITE para 8 personas de Eartec incluye siete (7) auriculares UltraLITE single, una base HU y ocho bater\u00edas, un cargador y un estuche para transporte en tela.<\/p>\n<p>Est\u00e1 dise\u00f1ado para llevar equipos de siete personas que necesitan comunicarse de forma inal\u00e1mbrica mientras trabajan simult\u00e1neamente con sus manos en producci\u00f3n.<\/p>\n<p>Tambi\u00e9n proporcionan comunicaci\u00f3n de voz bidireccional y el brazo del micr\u00f3fono puede girar 270 \u00b0.<\/p>\n<p>Eartec HUB Mini base de transceptor d\u00faplex<\/p>\n<p>Ampl\u00ede la capacidad de los auriculares inal\u00e1mbricos UltraLITE, con la base de transceptor mini d\u00faplex HUB para 1 complemento y hasta 8 auriculares inal\u00e1mbricos UltraLITE de Eartec .<\/p>\n<p>Este transceptor se puede usar mientras viaja, ya que viene equipado con una bater\u00eda LiPo o se puede enchufar usando el adaptador de CA incluido.<\/p>\n<p>Independientemente de c\u00f3mo lo alimente, el HUB ofrece un alcance de 400 metros junto con dos canales de comunicaci\u00f3n, as\u00ed como la tecnolog\u00eda DECT, lo que hace que sea f\u00e1cil mantenerse conectado en el lugar de trabajo.<\/p>\n<p>Base de carga<\/p>\n<p>La base de carga de m\u00faltiples puertos Eartec cuenta con 8 bah\u00edas para recargar las bater\u00edas para UltraLITE, UltraPAK y HUB.<\/p>\n<p>Cuando las bater\u00edas alcanzan la carga completa, el LED correspondiente cambia de rojo a verde, lo que indica que la bater\u00eda est\u00e1 cargada y lista para funcionar.<\/p>\n<p>El uso de bater\u00edas externas permite a los usuarios mantener sus sistemas en funcionamiento con un tiempo de inactividad m\u00ednimo.<\/p>\n<p>El tiempo de carga es de aproximadamente tres horas.<\/p>\n<p>La base de carga se env\u00eda con un adaptador de CA.<\/p>\n<p><strong>Caracter\u00edsticas:<\/strong><\/p>\n<ul>\n<li>Proporciona comunicaci\u00f3n manos libres<\/li>\n<li>8\u00a0 Single oreja +<\/li>\n<li>9 bater\u00edas recargables<\/li>\n<li>Cargador de 10 bater\u00edas<\/li>\n<li>Micr\u00f3fonos\u00a0 flexibles<\/li>\n<li>Proporciona comunicaci\u00f3n manos libres<\/li>\n<li>No requiere de licencia FCC<\/li>\n<\/ul>\n<p>Eartec HUB7S Intercom<\/p>\n<p>Vist\u00e1: <a href=\"https:\/\/eartec.com\/the-hub\/\">https:\/\/eartec.com\/the-hub\/<\/a><\/p>\n<p>Te puede interesar: <a href=\"https:\/\/mhthobbyracing.com.ar\/index.php\/inicio\/tienda\/\">https:\/\/mhthobbyracing.com.ar\/index.php\/inicio\/tienda\/<\/a><\/p>\n<p>&nbsp;<\/p>\n","protected":false},"excerpt":{"rendered":"<p>Eartec HUB7S Intercom<\/p>\n","protected":false},"featured_media":903,"comment_status":"open","ping_status":"closed","template":"","meta":{"site-sidebar-layout":"default","site-content-layout":"default","ast-site-content-layout":"","site-content-style":"default","site-sidebar-style":"default","ast-global-header-display":"","ast-banner-title-visibility":"","ast-main-header-display":"","ast-hfb-above-header-display":"","ast-hfb-below-header-display":"","ast-hfb-mobile-header-display":"","site-post-title":"","ast-breadcrumbs-content":"","ast-featured-img":"","footer-sml-layout":"","theme-transparent-header-meta":"default","adv-header-id-meta":"","stick-header-meta":"","header-above-stick-meta":"","header-main-stick-meta":"","header-below-stick-meta":"","astra-migrate-meta-layouts":"default","ast-page-background-enabled":"default","ast-page-background-meta":{"desktop":{"background-color":"","background-image":"","background-repeat":"repeat","background-position":"center center","background-size":"auto","background-attachment":"scroll","background-type":"","background-media":"","overlay-type":"","overlay-color":"","overlay-opacity":"","overlay-gradient":""},"tablet":{"background-color":"","background-image":"","background-repeat":"repeat","background-position":"center center","background-size":"auto","background-attachment":"scroll","background-type":"","background-media":"","overlay-type":"","overlay-color":"","overlay-opacity":"","overlay-gradient":""},"mobile":{"background-color":"","background-image":"","background-repeat":"repeat","background-position":"center center","background-size":"auto","background-attachment":"scroll","background-type":"","background-media":"","overlay-type":"","overlay-color":"","overlay-opacity":"","overlay-gradient":""}},"ast-content-background-meta":{"desktop":{"background-color":"var(--ast-global-color-5)","background-image":"","background-repeat":"repeat","background-position":"center center","background-size":"auto","background-attachment":"scroll","background-type":"","background-media":"","overlay-type":"","overlay-color":"","overlay-opacity":"","overlay-gradient":""},"tablet":{"background-color":"var(--ast-global-color-5)","background-image":"","background-repeat":"repeat","background-position":"center center","background-size":"auto","background-attachment":"scroll","background-type":"","background-media":"","overlay-type":"","overlay-color":"","overlay-opacity":"","overlay-gradient":""},"mobile":{"background-color":"var(--ast-global-color-5)","background-image":"","background-repeat":"repeat","background-position":"center center","background-size":"auto","background-attachment":"scroll","background-type":"","background-media":"","overlay-type":"","overlay-color":"","overlay-opacity":"","overlay-gradient":""}},"_joinchat":[]},"product_brand":[],"product_cat":[156],"product_tag":[203],"class_list":{"0":"post-906","1":"product","2":"type-product","3":"status-publish","4":"has-post-thumbnail","6":"product_cat-intercomunicadores","7":"product_tag-eartec-hub8s","8":"desktop-align-left","9":"tablet-align-left","10":"mobile-align-left","12":"first","13":"instock","14":"shipping-taxable","15":"purchasable","16":"product-type-simple"},"yoast_head":"<!-- This site is optimized with the Yoast SEO plugin v27.5 - https:\/\/yoast.com\/product\/yoast-seo-wordpress\/ -->\n<title>Eartec HUB8S Intercom - MHTHOBBY-Distribuidor oficial Eartec<\/title>\n<meta name=\"description\" content=\"Eartec HUB8S Intercom - Eartec HUB 7-S UltraLITE Sistema de auriculares para 7 personas. encontralo en MHTHOBBY-Distribuidor oficial Eartec\" \/>\n<meta name=\"robots\" content=\"index, follow, max-snippet:-1, max-image-preview:large, max-video-preview:-1\" \/>\n<link rel=\"canonical\" href=\"https:\/\/mhthobbyracing.com.ar\/index.php\/producto\/eartec-hub8s-intercom-2\/\" \/>\n<meta property=\"og:locale\" content=\"es_ES\" \/>\n<meta property=\"og:type\" content=\"article\" \/>\n<meta property=\"og:title\" content=\"Eartec HUB8S Intercom - MHTHOBBY-Distribuidor oficial Eartec\" \/>\n<meta property=\"og:description\" content=\"Eartec HUB8S Intercom - Eartec HUB 7-S UltraLITE Sistema de auriculares para 7 personas. encontralo en MHTHOBBY-Distribuidor oficial Eartec\" \/>\n<meta property=\"og:url\" content=\"https:\/\/mhthobbyracing.com.ar\/index.php\/producto\/eartec-hub8s-intercom-2\/\" \/>\n<meta property=\"og:site_name\" content=\"Racing Team\" \/>\n<meta property=\"article:modified_time\" content=\"2026-03-13T21:02:23+00:00\" \/>\n<meta property=\"og:image\" content=\"https:\/\/mhthobbyracing.com.ar\/wp-content\/uploads\/2020\/12\/HUB7S-new-900x900-1.jpg\" \/>\n\t<meta property=\"og:image:width\" content=\"900\" \/>\n\t<meta property=\"og:image:height\" content=\"900\" \/>\n\t<meta property=\"og:image:type\" content=\"image\/jpeg\" \/>\n<meta name=\"twitter:card\" content=\"summary_large_image\" \/>\n<meta name=\"twitter:label1\" content=\"Tiempo de lectura\" \/>\n\t<meta name=\"twitter:data1\" content=\"2 minutos\" \/>\n<script type=\"application\/ld+json\" class=\"yoast-schema-graph\">{\"@context\":\"https:\\\/\\\/schema.org\",\"@graph\":[{\"@type\":\"WebPage\",\"@id\":\"https:\\\/\\\/mhthobbyracing.com.ar\\\/index.php\\\/producto\\\/eartec-hub8s-intercom-2\\\/\",\"url\":\"https:\\\/\\\/mhthobbyracing.com.ar\\\/index.php\\\/producto\\\/eartec-hub8s-intercom-2\\\/\",\"name\":\"Eartec HUB8S Intercom - MHTHOBBY-Distribuidor oficial Eartec\",\"isPartOf\":{\"@id\":\"https:\\\/\\\/mhthobbyracing.com.ar\\\/#website\"},\"primaryImageOfPage\":{\"@id\":\"https:\\\/\\\/mhthobbyracing.com.ar\\\/index.php\\\/producto\\\/eartec-hub8s-intercom-2\\\/#primaryimage\"},\"image\":{\"@id\":\"https:\\\/\\\/mhthobbyracing.com.ar\\\/index.php\\\/producto\\\/eartec-hub8s-intercom-2\\\/#primaryimage\"},\"thumbnailUrl\":\"https:\\\/\\\/mhthobbyracing.com.ar\\\/wp-content\\\/uploads\\\/2020\\\/12\\\/HUB7S-new-900x900-1.jpg\",\"datePublished\":\"2020-12-30T21:24:09+00:00\",\"dateModified\":\"2026-03-13T21:02:23+00:00\",\"description\":\"Eartec HUB8S Intercom - Eartec HUB 7-S UltraLITE Sistema de auriculares para 7 personas. encontralo en MHTHOBBY-Distribuidor oficial Eartec\",\"breadcrumb\":{\"@id\":\"https:\\\/\\\/mhthobbyracing.com.ar\\\/index.php\\\/producto\\\/eartec-hub8s-intercom-2\\\/#breadcrumb\"},\"inLanguage\":\"es-AR\",\"potentialAction\":[{\"@type\":\"ReadAction\",\"target\":[\"https:\\\/\\\/mhthobbyracing.com.ar\\\/index.php\\\/producto\\\/eartec-hub8s-intercom-2\\\/\"]}]},{\"@type\":\"ImageObject\",\"inLanguage\":\"es-AR\",\"@id\":\"https:\\\/\\\/mhthobbyracing.com.ar\\\/index.php\\\/producto\\\/eartec-hub8s-intercom-2\\\/#primaryimage\",\"url\":\"https:\\\/\\\/mhthobbyracing.com.ar\\\/wp-content\\\/uploads\\\/2020\\\/12\\\/HUB7S-new-900x900-1.jpg\",\"contentUrl\":\"https:\\\/\\\/mhthobbyracing.com.ar\\\/wp-content\\\/uploads\\\/2020\\\/12\\\/HUB7S-new-900x900-1.jpg\",\"width\":900,\"height\":900,\"caption\":\"Eartec HUB7S Intercom\"},{\"@type\":\"BreadcrumbList\",\"@id\":\"https:\\\/\\\/mhthobbyracing.com.ar\\\/index.php\\\/producto\\\/eartec-hub8s-intercom-2\\\/#breadcrumb\",\"itemListElement\":[{\"@type\":\"ListItem\",\"position\":1,\"name\":\"Inicio\",\"item\":\"https:\\\/\\\/mhthobbyracing.com.ar\\\/\"},{\"@type\":\"ListItem\",\"position\":2,\"name\":\"Productos\",\"item\":\"https:\\\/\\\/mhthobbyracing.com.ar\\\/index.php\\\/inicio\\\/tienda\\\/\"},{\"@type\":\"ListItem\",\"position\":3,\"name\":\"Eartec HUB8S Intercom\"}]},{\"@type\":\"WebSite\",\"@id\":\"https:\\\/\\\/mhthobbyracing.com.ar\\\/#website\",\"url\":\"https:\\\/\\\/mhthobbyracing.com.ar\\\/\",\"name\":\"MHT-Hobby- Racing Team\",\"description\":\"Hobby Automodelismo\",\"publisher\":{\"@id\":\"https:\\\/\\\/mhthobbyracing.com.ar\\\/#\\\/schema\\\/person\\\/a6a6ed9c2713fc1826eb2541c6a3e9d1\"},\"potentialAction\":[{\"@type\":\"SearchAction\",\"target\":{\"@type\":\"EntryPoint\",\"urlTemplate\":\"https:\\\/\\\/mhthobbyracing.com.ar\\\/?s={search_term_string}\"},\"query-input\":{\"@type\":\"PropertyValueSpecification\",\"valueRequired\":true,\"valueName\":\"search_term_string\"}}],\"inLanguage\":\"es-AR\"},{\"@type\":[\"Person\",\"Organization\"],\"@id\":\"https:\\\/\\\/mhthobbyracing.com.ar\\\/#\\\/schema\\\/person\\\/a6a6ed9c2713fc1826eb2541c6a3e9d1\",\"name\":\"ecomusicpm\",\"image\":{\"@type\":\"ImageObject\",\"inLanguage\":\"es-AR\",\"@id\":\"https:\\\/\\\/mhthobbyracing.com.ar\\\/wp-content\\\/uploads\\\/2020\\\/05\\\/cropped-LOGO-MHT16523-1.png\",\"url\":\"https:\\\/\\\/mhthobbyracing.com.ar\\\/wp-content\\\/uploads\\\/2020\\\/05\\\/cropped-LOGO-MHT16523-1.png\",\"contentUrl\":\"https:\\\/\\\/mhthobbyracing.com.ar\\\/wp-content\\\/uploads\\\/2020\\\/05\\\/cropped-LOGO-MHT16523-1.png\",\"width\":1578,\"height\":564,\"caption\":\"ecomusicpm\"},\"logo\":{\"@id\":\"https:\\\/\\\/mhthobbyracing.com.ar\\\/wp-content\\\/uploads\\\/2020\\\/05\\\/cropped-LOGO-MHT16523-1.png\"},\"sameAs\":[\"http:\\\/\\\/mhthobbyracing.com.ar\"]}]}<\/script>\n<!-- \/ Yoast SEO plugin. -->","yoast_head_json":{"title":"Eartec HUB8S Intercom - MHTHOBBY-Distribuidor oficial Eartec","description":"Eartec HUB8S Intercom - Eartec HUB 7-S UltraLITE Sistema de auriculares para 7 personas. encontralo en MHTHOBBY-Distribuidor oficial Eartec","robots":{"index":"index","follow":"follow","max-snippet":"max-snippet:-1","max-image-preview":"max-image-preview:large","max-video-preview":"max-video-preview:-1"},"canonical":"https:\/\/mhthobbyracing.com.ar\/index.php\/producto\/eartec-hub8s-intercom-2\/","og_locale":"es_ES","og_type":"article","og_title":"Eartec HUB8S Intercom - MHTHOBBY-Distribuidor oficial Eartec","og_description":"Eartec HUB8S Intercom - Eartec HUB 7-S UltraLITE Sistema de auriculares para 7 personas. encontralo en MHTHOBBY-Distribuidor oficial Eartec","og_url":"https:\/\/mhthobbyracing.com.ar\/index.php\/producto\/eartec-hub8s-intercom-2\/","og_site_name":"Racing Team","article_modified_time":"2026-03-13T21:02:23+00:00","og_image":[{"width":900,"height":900,"url":"https:\/\/mhthobbyracing.com.ar\/wp-content\/uploads\/2020\/12\/HUB7S-new-900x900-1.jpg","type":"image\/jpeg"}],"twitter_card":"summary_large_image","twitter_misc":{"Tiempo de lectura":"2 minutos"},"schema":{"@context":"https:\/\/schema.org","@graph":[{"@type":"WebPage","@id":"https:\/\/mhthobbyracing.com.ar\/index.php\/producto\/eartec-hub8s-intercom-2\/","url":"https:\/\/mhthobbyracing.com.ar\/index.php\/producto\/eartec-hub8s-intercom-2\/","name":"Eartec HUB8S Intercom - MHTHOBBY-Distribuidor oficial Eartec","isPartOf":{"@id":"https:\/\/mhthobbyracing.com.ar\/#website"},"primaryImageOfPage":{"@id":"https:\/\/mhthobbyracing.com.ar\/index.php\/producto\/eartec-hub8s-intercom-2\/#primaryimage"},"image":{"@id":"https:\/\/mhthobbyracing.com.ar\/index.php\/producto\/eartec-hub8s-intercom-2\/#primaryimage"},"thumbnailUrl":"https:\/\/mhthobbyracing.com.ar\/wp-content\/uploads\/2020\/12\/HUB7S-new-900x900-1.jpg","datePublished":"2020-12-30T21:24:09+00:00","dateModified":"2026-03-13T21:02:23+00:00","description":"Eartec HUB8S Intercom - Eartec HUB 7-S UltraLITE Sistema de auriculares para 7 personas. encontralo en MHTHOBBY-Distribuidor oficial Eartec","breadcrumb":{"@id":"https:\/\/mhthobbyracing.com.ar\/index.php\/producto\/eartec-hub8s-intercom-2\/#breadcrumb"},"inLanguage":"es-AR","potentialAction":[{"@type":"ReadAction","target":["https:\/\/mhthobbyracing.com.ar\/index.php\/producto\/eartec-hub8s-intercom-2\/"]}]},{"@type":"ImageObject","inLanguage":"es-AR","@id":"https:\/\/mhthobbyracing.com.ar\/index.php\/producto\/eartec-hub8s-intercom-2\/#primaryimage","url":"https:\/\/mhthobbyracing.com.ar\/wp-content\/uploads\/2020\/12\/HUB7S-new-900x900-1.jpg","contentUrl":"https:\/\/mhthobbyracing.com.ar\/wp-content\/uploads\/2020\/12\/HUB7S-new-900x900-1.jpg","width":900,"height":900,"caption":"Eartec HUB7S Intercom"},{"@type":"BreadcrumbList","@id":"https:\/\/mhthobbyracing.com.ar\/index.php\/producto\/eartec-hub8s-intercom-2\/#breadcrumb","itemListElement":[{"@type":"ListItem","position":1,"name":"Inicio","item":"https:\/\/mhthobbyracing.com.ar\/"},{"@type":"ListItem","position":2,"name":"Productos","item":"https:\/\/mhthobbyracing.com.ar\/index.php\/inicio\/tienda\/"},{"@type":"ListItem","position":3,"name":"Eartec HUB8S Intercom"}]},{"@type":"WebSite","@id":"https:\/\/mhthobbyracing.com.ar\/#website","url":"https:\/\/mhthobbyracing.com.ar\/","name":"MHT-Hobby- Racing Team","description":"Hobby Automodelismo","publisher":{"@id":"https:\/\/mhthobbyracing.com.ar\/#\/schema\/person\/a6a6ed9c2713fc1826eb2541c6a3e9d1"},"potentialAction":[{"@type":"SearchAction","target":{"@type":"EntryPoint","urlTemplate":"https:\/\/mhthobbyracing.com.ar\/?s={search_term_string}"},"query-input":{"@type":"PropertyValueSpecification","valueRequired":true,"valueName":"search_term_string"}}],"inLanguage":"es-AR"},{"@type":["Person","Organization"],"@id":"https:\/\/mhthobbyracing.com.ar\/#\/schema\/person\/a6a6ed9c2713fc1826eb2541c6a3e9d1","name":"ecomusicpm","image":{"@type":"ImageObject","inLanguage":"es-AR","@id":"https:\/\/mhthobbyracing.com.ar\/wp-content\/uploads\/2020\/05\/cropped-LOGO-MHT16523-1.png","url":"https:\/\/mhthobbyracing.com.ar\/wp-content\/uploads\/2020\/05\/cropped-LOGO-MHT16523-1.png","contentUrl":"https:\/\/mhthobbyracing.com.ar\/wp-content\/uploads\/2020\/05\/cropped-LOGO-MHT16523-1.png","width":1578,"height":564,"caption":"ecomusicpm"},"logo":{"@id":"https:\/\/mhthobbyracing.com.ar\/wp-content\/uploads\/2020\/05\/cropped-LOGO-MHT16523-1.png"},"sameAs":["http:\/\/mhthobbyracing.com.ar"]}]}},"_links":{"self":[{"href":"https:\/\/mhthobbyracing.com.ar\/index.php\/wp-json\/wp\/v2\/product\/906","targetHints":{"allow":["GET"]}}],"collection":[{"href":"https:\/\/mhthobbyracing.com.ar\/index.php\/wp-json\/wp\/v2\/product"}],"about":[{"href":"https:\/\/mhthobbyracing.com.ar\/index.php\/wp-json\/wp\/v2\/types\/product"}],"replies":[{"embeddable":true,"href":"https:\/\/mhthobbyracing.com.ar\/index.php\/wp-json\/wp\/v2\/comments?post=906"}],"wp:featuredmedia":[{"embeddable":true,"href":"https:\/\/mhthobbyracing.com.ar\/index.php\/wp-json\/wp\/v2\/media\/903"}],"wp:attachment":[{"href":"https:\/\/mhthobbyracing.com.ar\/index.php\/wp-json\/wp\/v2\/media?parent=906"}],"wp:term":[{"taxonomy":"product_brand","embeddable":true,"href":"https:\/\/mhthobbyracing.com.ar\/index.php\/wp-json\/wp\/v2\/product_brand?post=906"},{"taxonomy":"product_cat","embeddable":true,"href":"https:\/\/mhthobbyracing.com.ar\/index.php\/wp-json\/wp\/v2\/product_cat?post=906"},{"taxonomy":"product_tag","embeddable":true,"href":"https:\/\/mhthobbyracing.com.ar\/index.php\/wp-json\/wp\/v2\/product_tag?post=906"}],"curies":[{"name":"wp","href":"https:\/\/api.w.org\/{rel}","templated":true}]}}