{"id":965,"date":"2021-02-05T19:11:57","date_gmt":"2021-02-05T22:11:57","guid":{"rendered":"https:\/\/mhthobbyracing.com.ar\/?post_type=product&#038;p=965"},"modified":"2025-10-13T15:02:04","modified_gmt":"2025-10-13T18:02:04","slug":"bateria-lipo-4s-6000","status":"publish","type":"product","link":"https:\/\/mhthobbyracing.com.ar\/index.php\/producto\/bateria-lipo-4s-6000\/","title":{"rendered":"Bater\u00eda LIPO 4s 6000 100C Hard Case"},"content":{"rendered":"<div>Bater\u00eda LIPO 4s 6000,Vaya m\u00e1s lejos y m\u00e1s r\u00e1pido con las bater\u00edas TYPHON Lipo.\u00a0Construidas para un rendimiento confiable y consistente, las bater\u00edas TYPHON Lipo ofrecen un ciclo de vida prolongado con un m\u00ednimo de 150 veces, hasta 230Wh \/ kg de densidad de energ\u00eda y baja resistencia interna (IR) para una salida de voltaje m\u00e1s estable durante toda la duraci\u00f3n de la bater\u00eda.\u00a0Nuestras bater\u00edas de pol\u00edmero de litio est\u00e1n fabricadas con materias primas de primera calidad y fabricadas con soldadura ultras\u00f3nica para proporcionar una potencia constante cuando m\u00e1s la necesita.\u00a0Cada bater\u00eda viene con cables de alto calibre con conectores de calidad para brindarle esa explosi\u00f3n pura y el rendimiento en el que puede confiar.\u00a0Nuestras bater\u00edas ofrecen capacidad y descarga completas, adem\u00e1s de ser las bater\u00edas de mejor valor en el mercado de pasatiempos.\u00a0Son sus opciones ideales para los coches RC, camiones, orugas, aviones, drones y barcos.<\/div>\n<div><\/div>\n<div><\/div>\n<div><\/div>\n<div><strong>Caracter\u00edsticas principales:<\/strong><br \/>\nHecho de materias primas de primera calidad<br \/>\nultras\u00f3nico soldar cables con cableado permanente<br \/>\nreplanteo de la construcci\u00f3n celular<br \/>\nultra-delgado separador de c\u00e9lulas<br \/>\nde baja resistencia, alta fiabilidad y consistencia<br \/>\ncable de calibre alta con conectores de calidad<br \/>\nde vida de ciclo larga con 150 veces como m\u00ednimo, hasta 230Wh \/ kg densidad de energ\u00eda<\/div>\n<div>Bater\u00eda LIPO 4s 6000<\/div>\n<div><\/div>\n<ul>\n<li>Tipo de bater\u00eda: pol\u00edmero de litio (bater\u00eda LiPo)<\/li>\n<li>Tasa C: 100C<\/li>\n<li>Voltios: 14,8<\/li>\n<li>Capacidad: 6000 mAh<\/li>\n<li>Recuento de c\u00e9lulas: 4S<\/li>\n<li>Configuraci\u00f3n de celda: 4S1P<\/li>\n<li>Descarga continua: 100C<\/li>\n<li>Velocidad m\u00e1xima de r\u00e1faga: 50 \u00b0 C<\/li>\n<li>Voltios m\u00e1ximos por paquete: 16,8 V<\/li>\n<li>Voltios m\u00ednimos por paquete: 12V<\/li>\n<li>Tasa de carga: 1C (5.0A)<\/li>\n<li>Compatible con XT90, XT60 Plug, EC5, Deans Plug y EC3 Plug.<\/li>\n<li>Dimensiones: 138 x47 x 48 mm<\/li>\n<li>Horas de Watt: 74<\/li>\n<li>Peso: 545g<\/li>\n<li>Vist\u00e1:<a href=\"https:\/\/typhonrc.com\/products\/typhon-4s-14-8v-5000mah-50c-hard-case-lipo-battery-pack\">https:\/\/typhonrc.com\/products\/typhon-4s-14-8v-5000mah-50c-hard-case-lipo-battery-pack<\/a><\/li>\n<li>Te puede interesar:<a href=\"https:\/\/mhthobbyracing.com.ar\/index.php\/producto\/servo-omg-st-20-df\/\">Servo OMG-ST-20 DF<\/a><\/li>\n<\/ul>\n","protected":false},"excerpt":{"rendered":"<p>Bater\u00eda LIPO 4s 6000<\/p>\n","protected":false},"featured_media":966,"comment_status":"open","ping_status":"closed","template":"","meta":{"site-sidebar-layout":"default","site-content-layout":"default","ast-site-content-layout":"","site-content-style":"default","site-sidebar-style":"default","ast-global-header-display":"","ast-banner-title-visibility":"","ast-main-header-display":"","ast-hfb-above-header-display":"","ast-hfb-below-header-display":"","ast-hfb-mobile-header-display":"","site-post-title":"","ast-breadcrumbs-content":"","ast-featured-img":"","footer-sml-layout":"","theme-transparent-header-meta":"default","adv-header-id-meta":"","stick-header-meta":"","header-above-stick-meta":"","header-main-stick-meta":"","header-below-stick-meta":"","astra-migrate-meta-layouts":"default","ast-page-background-enabled":"default","ast-page-background-meta":{"desktop":{"background-color":"","background-image":"","background-repeat":"repeat","background-position":"center center","background-size":"auto","background-attachment":"scroll","background-type":"","background-media":"","overlay-type":"","overlay-color":"","overlay-opacity":"","overlay-gradient":""},"tablet":{"background-color":"","background-image":"","background-repeat":"repeat","background-position":"center center","background-size":"auto","background-attachment":"scroll","background-type":"","background-media":"","overlay-type":"","overlay-color":"","overlay-opacity":"","overlay-gradient":""},"mobile":{"background-color":"","background-image":"","background-repeat":"repeat","background-position":"center center","background-size":"auto","background-attachment":"scroll","background-type":"","background-media":"","overlay-type":"","overlay-color":"","overlay-opacity":"","overlay-gradient":""}},"ast-content-background-meta":{"desktop":{"background-color":"var(--ast-global-color-5)","background-image":"","background-repeat":"repeat","background-position":"center center","background-size":"auto","background-attachment":"scroll","background-type":"","background-media":"","overlay-type":"","overlay-color":"","overlay-opacity":"","overlay-gradient":""},"tablet":{"background-color":"var(--ast-global-color-5)","background-image":"","background-repeat":"repeat","background-position":"center center","background-size":"auto","background-attachment":"scroll","background-type":"","background-media":"","overlay-type":"","overlay-color":"","overlay-opacity":"","overlay-gradient":""},"mobile":{"background-color":"var(--ast-global-color-5)","background-image":"","background-repeat":"repeat","background-position":"center center","background-size":"auto","background-attachment":"scroll","background-type":"","background-media":"","overlay-type":"","overlay-color":"","overlay-opacity":"","overlay-gradient":""}},"_joinchat":[]},"product_brand":[],"product_cat":[29],"product_tag":[],"class_list":{"0":"post-965","1":"product","2":"type-product","3":"status-publish","4":"has-post-thumbnail","6":"product_cat-baterias","7":"desktop-align-left","8":"tablet-align-left","9":"mobile-align-left","11":"first","12":"instock","13":"shipping-taxable","14":"purchasable","15":"product-type-simple"},"yoast_head":"<!-- This site is optimized with the Yoast SEO plugin v27.5 - https:\/\/yoast.com\/product\/yoast-seo-wordpress\/ -->\n<title>Bater\u00eda LIPO 4s 6000 - Encontralas en MHTHOBBY- Puerto Madryn<\/title>\n<meta name=\"description\" content=\"Bater\u00eda LIPO 4s 6000 lejos y m\u00e1s r\u00e1pido con las bater\u00edas TYPHON Lipo , para los coches RC, camiones, orugas, aviones, drones y barcos-MHTHOBBY\" \/>\n<meta name=\"robots\" content=\"index, follow, max-snippet:-1, max-image-preview:large, max-video-preview:-1\" \/>\n<link rel=\"canonical\" href=\"https:\/\/mhthobbyracing.com.ar\/index.php\/producto\/bateria-lipo-4s-6000\/\" \/>\n<meta property=\"og:locale\" content=\"es_ES\" \/>\n<meta property=\"og:type\" content=\"article\" \/>\n<meta property=\"og:title\" content=\"Bater\u00eda LIPO 4s 6000 - Encontralas en MHTHOBBY- Puerto Madryn\" \/>\n<meta property=\"og:description\" content=\"Bater\u00eda LIPO 4s 6000 lejos y m\u00e1s r\u00e1pido con las bater\u00edas TYPHON Lipo , para los coches RC, camiones, orugas, aviones, drones y barcos-MHTHOBBY\" \/>\n<meta property=\"og:url\" content=\"https:\/\/mhthobbyracing.com.ar\/index.php\/producto\/bateria-lipo-4s-6000\/\" \/>\n<meta property=\"og:site_name\" content=\"Racing Team\" \/>\n<meta property=\"article:modified_time\" content=\"2025-10-13T18:02:04+00:00\" \/>\n<meta property=\"og:image\" content=\"https:\/\/mhthobbyracing.com.ar\/wp-content\/uploads\/2021\/02\/4S6500-100DEANS-H_2048x2048.png\" \/>\n\t<meta property=\"og:image:width\" content=\"1280\" \/>\n\t<meta property=\"og:image:height\" content=\"1280\" \/>\n\t<meta property=\"og:image:type\" content=\"image\/png\" \/>\n<meta name=\"twitter:card\" content=\"summary_large_image\" \/>\n<meta name=\"twitter:label1\" content=\"Tiempo de lectura\" \/>\n\t<meta name=\"twitter:data1\" content=\"2 minutos\" \/>\n<script type=\"application\/ld+json\" class=\"yoast-schema-graph\">{\"@context\":\"https:\\\/\\\/schema.org\",\"@graph\":[{\"@type\":\"WebPage\",\"@id\":\"https:\\\/\\\/mhthobbyracing.com.ar\\\/index.php\\\/producto\\\/bateria-lipo-4s-6000\\\/\",\"url\":\"https:\\\/\\\/mhthobbyracing.com.ar\\\/index.php\\\/producto\\\/bateria-lipo-4s-6000\\\/\",\"name\":\"Bater\u00eda LIPO 4s 6000 - Encontralas en MHTHOBBY- Puerto Madryn\",\"isPartOf\":{\"@id\":\"https:\\\/\\\/mhthobbyracing.com.ar\\\/#website\"},\"primaryImageOfPage\":{\"@id\":\"https:\\\/\\\/mhthobbyracing.com.ar\\\/index.php\\\/producto\\\/bateria-lipo-4s-6000\\\/#primaryimage\"},\"image\":{\"@id\":\"https:\\\/\\\/mhthobbyracing.com.ar\\\/index.php\\\/producto\\\/bateria-lipo-4s-6000\\\/#primaryimage\"},\"thumbnailUrl\":\"https:\\\/\\\/mhthobbyracing.com.ar\\\/wp-content\\\/uploads\\\/2021\\\/02\\\/4S6500-100DEANS-H_2048x2048.png\",\"datePublished\":\"2021-02-05T22:11:57+00:00\",\"dateModified\":\"2025-10-13T18:02:04+00:00\",\"description\":\"Bater\u00eda LIPO 4s 6000 lejos y m\u00e1s r\u00e1pido con las bater\u00edas TYPHON Lipo , para los coches RC, camiones, orugas, aviones, drones y barcos-MHTHOBBY\",\"breadcrumb\":{\"@id\":\"https:\\\/\\\/mhthobbyracing.com.ar\\\/index.php\\\/producto\\\/bateria-lipo-4s-6000\\\/#breadcrumb\"},\"inLanguage\":\"es-AR\",\"potentialAction\":[{\"@type\":\"ReadAction\",\"target\":[\"https:\\\/\\\/mhthobbyracing.com.ar\\\/index.php\\\/producto\\\/bateria-lipo-4s-6000\\\/\"]}]},{\"@type\":\"ImageObject\",\"inLanguage\":\"es-AR\",\"@id\":\"https:\\\/\\\/mhthobbyracing.com.ar\\\/index.php\\\/producto\\\/bateria-lipo-4s-6000\\\/#primaryimage\",\"url\":\"https:\\\/\\\/mhthobbyracing.com.ar\\\/wp-content\\\/uploads\\\/2021\\\/02\\\/4S6500-100DEANS-H_2048x2048.png\",\"contentUrl\":\"https:\\\/\\\/mhthobbyracing.com.ar\\\/wp-content\\\/uploads\\\/2021\\\/02\\\/4S6500-100DEANS-H_2048x2048.png\",\"width\":1280,\"height\":1280,\"caption\":\"4s 6000\"},{\"@type\":\"BreadcrumbList\",\"@id\":\"https:\\\/\\\/mhthobbyracing.com.ar\\\/index.php\\\/producto\\\/bateria-lipo-4s-6000\\\/#breadcrumb\",\"itemListElement\":[{\"@type\":\"ListItem\",\"position\":1,\"name\":\"Inicio\",\"item\":\"https:\\\/\\\/mhthobbyracing.com.ar\\\/\"},{\"@type\":\"ListItem\",\"position\":2,\"name\":\"Productos\",\"item\":\"https:\\\/\\\/mhthobbyracing.com.ar\\\/index.php\\\/inicio\\\/tienda\\\/\"},{\"@type\":\"ListItem\",\"position\":3,\"name\":\"Bater\u00eda LIPO 4s 6000 100C Hard Case\"}]},{\"@type\":\"WebSite\",\"@id\":\"https:\\\/\\\/mhthobbyracing.com.ar\\\/#website\",\"url\":\"https:\\\/\\\/mhthobbyracing.com.ar\\\/\",\"name\":\"MHT-Hobby- Racing Team\",\"description\":\"Hobby Automodelismo\",\"publisher\":{\"@id\":\"https:\\\/\\\/mhthobbyracing.com.ar\\\/#\\\/schema\\\/person\\\/a6a6ed9c2713fc1826eb2541c6a3e9d1\"},\"potentialAction\":[{\"@type\":\"SearchAction\",\"target\":{\"@type\":\"EntryPoint\",\"urlTemplate\":\"https:\\\/\\\/mhthobbyracing.com.ar\\\/?s={search_term_string}\"},\"query-input\":{\"@type\":\"PropertyValueSpecification\",\"valueRequired\":true,\"valueName\":\"search_term_string\"}}],\"inLanguage\":\"es-AR\"},{\"@type\":[\"Person\",\"Organization\"],\"@id\":\"https:\\\/\\\/mhthobbyracing.com.ar\\\/#\\\/schema\\\/person\\\/a6a6ed9c2713fc1826eb2541c6a3e9d1\",\"name\":\"ecomusicpm\",\"image\":{\"@type\":\"ImageObject\",\"inLanguage\":\"es-AR\",\"@id\":\"https:\\\/\\\/mhthobbyracing.com.ar\\\/wp-content\\\/uploads\\\/2020\\\/05\\\/cropped-LOGO-MHT16523-1.png\",\"url\":\"https:\\\/\\\/mhthobbyracing.com.ar\\\/wp-content\\\/uploads\\\/2020\\\/05\\\/cropped-LOGO-MHT16523-1.png\",\"contentUrl\":\"https:\\\/\\\/mhthobbyracing.com.ar\\\/wp-content\\\/uploads\\\/2020\\\/05\\\/cropped-LOGO-MHT16523-1.png\",\"width\":1578,\"height\":564,\"caption\":\"ecomusicpm\"},\"logo\":{\"@id\":\"https:\\\/\\\/mhthobbyracing.com.ar\\\/wp-content\\\/uploads\\\/2020\\\/05\\\/cropped-LOGO-MHT16523-1.png\"},\"sameAs\":[\"http:\\\/\\\/mhthobbyracing.com.ar\"]}]}<\/script>\n<!-- \/ Yoast SEO plugin. -->","yoast_head_json":{"title":"Bater\u00eda LIPO 4s 6000 - Encontralas en MHTHOBBY- Puerto Madryn","description":"Bater\u00eda LIPO 4s 6000 lejos y m\u00e1s r\u00e1pido con las bater\u00edas TYPHON Lipo , para los coches RC, camiones, orugas, aviones, drones y barcos-MHTHOBBY","robots":{"index":"index","follow":"follow","max-snippet":"max-snippet:-1","max-image-preview":"max-image-preview:large","max-video-preview":"max-video-preview:-1"},"canonical":"https:\/\/mhthobbyracing.com.ar\/index.php\/producto\/bateria-lipo-4s-6000\/","og_locale":"es_ES","og_type":"article","og_title":"Bater\u00eda LIPO 4s 6000 - Encontralas en MHTHOBBY- Puerto Madryn","og_description":"Bater\u00eda LIPO 4s 6000 lejos y m\u00e1s r\u00e1pido con las bater\u00edas TYPHON Lipo , para los coches RC, camiones, orugas, aviones, drones y barcos-MHTHOBBY","og_url":"https:\/\/mhthobbyracing.com.ar\/index.php\/producto\/bateria-lipo-4s-6000\/","og_site_name":"Racing Team","article_modified_time":"2025-10-13T18:02:04+00:00","og_image":[{"width":1280,"height":1280,"url":"https:\/\/mhthobbyracing.com.ar\/wp-content\/uploads\/2021\/02\/4S6500-100DEANS-H_2048x2048.png","type":"image\/png"}],"twitter_card":"summary_large_image","twitter_misc":{"Tiempo de lectura":"2 minutos"},"schema":{"@context":"https:\/\/schema.org","@graph":[{"@type":"WebPage","@id":"https:\/\/mhthobbyracing.com.ar\/index.php\/producto\/bateria-lipo-4s-6000\/","url":"https:\/\/mhthobbyracing.com.ar\/index.php\/producto\/bateria-lipo-4s-6000\/","name":"Bater\u00eda LIPO 4s 6000 - Encontralas en MHTHOBBY- Puerto Madryn","isPartOf":{"@id":"https:\/\/mhthobbyracing.com.ar\/#website"},"primaryImageOfPage":{"@id":"https:\/\/mhthobbyracing.com.ar\/index.php\/producto\/bateria-lipo-4s-6000\/#primaryimage"},"image":{"@id":"https:\/\/mhthobbyracing.com.ar\/index.php\/producto\/bateria-lipo-4s-6000\/#primaryimage"},"thumbnailUrl":"https:\/\/mhthobbyracing.com.ar\/wp-content\/uploads\/2021\/02\/4S6500-100DEANS-H_2048x2048.png","datePublished":"2021-02-05T22:11:57+00:00","dateModified":"2025-10-13T18:02:04+00:00","description":"Bater\u00eda LIPO 4s 6000 lejos y m\u00e1s r\u00e1pido con las bater\u00edas TYPHON Lipo , para los coches RC, camiones, orugas, aviones, drones y barcos-MHTHOBBY","breadcrumb":{"@id":"https:\/\/mhthobbyracing.com.ar\/index.php\/producto\/bateria-lipo-4s-6000\/#breadcrumb"},"inLanguage":"es-AR","potentialAction":[{"@type":"ReadAction","target":["https:\/\/mhthobbyracing.com.ar\/index.php\/producto\/bateria-lipo-4s-6000\/"]}]},{"@type":"ImageObject","inLanguage":"es-AR","@id":"https:\/\/mhthobbyracing.com.ar\/index.php\/producto\/bateria-lipo-4s-6000\/#primaryimage","url":"https:\/\/mhthobbyracing.com.ar\/wp-content\/uploads\/2021\/02\/4S6500-100DEANS-H_2048x2048.png","contentUrl":"https:\/\/mhthobbyracing.com.ar\/wp-content\/uploads\/2021\/02\/4S6500-100DEANS-H_2048x2048.png","width":1280,"height":1280,"caption":"4s 6000"},{"@type":"BreadcrumbList","@id":"https:\/\/mhthobbyracing.com.ar\/index.php\/producto\/bateria-lipo-4s-6000\/#breadcrumb","itemListElement":[{"@type":"ListItem","position":1,"name":"Inicio","item":"https:\/\/mhthobbyracing.com.ar\/"},{"@type":"ListItem","position":2,"name":"Productos","item":"https:\/\/mhthobbyracing.com.ar\/index.php\/inicio\/tienda\/"},{"@type":"ListItem","position":3,"name":"Bater\u00eda LIPO 4s 6000 100C Hard Case"}]},{"@type":"WebSite","@id":"https:\/\/mhthobbyracing.com.ar\/#website","url":"https:\/\/mhthobbyracing.com.ar\/","name":"MHT-Hobby- Racing Team","description":"Hobby Automodelismo","publisher":{"@id":"https:\/\/mhthobbyracing.com.ar\/#\/schema\/person\/a6a6ed9c2713fc1826eb2541c6a3e9d1"},"potentialAction":[{"@type":"SearchAction","target":{"@type":"EntryPoint","urlTemplate":"https:\/\/mhthobbyracing.com.ar\/?s={search_term_string}"},"query-input":{"@type":"PropertyValueSpecification","valueRequired":true,"valueName":"search_term_string"}}],"inLanguage":"es-AR"},{"@type":["Person","Organization"],"@id":"https:\/\/mhthobbyracing.com.ar\/#\/schema\/person\/a6a6ed9c2713fc1826eb2541c6a3e9d1","name":"ecomusicpm","image":{"@type":"ImageObject","inLanguage":"es-AR","@id":"https:\/\/mhthobbyracing.com.ar\/wp-content\/uploads\/2020\/05\/cropped-LOGO-MHT16523-1.png","url":"https:\/\/mhthobbyracing.com.ar\/wp-content\/uploads\/2020\/05\/cropped-LOGO-MHT16523-1.png","contentUrl":"https:\/\/mhthobbyracing.com.ar\/wp-content\/uploads\/2020\/05\/cropped-LOGO-MHT16523-1.png","width":1578,"height":564,"caption":"ecomusicpm"},"logo":{"@id":"https:\/\/mhthobbyracing.com.ar\/wp-content\/uploads\/2020\/05\/cropped-LOGO-MHT16523-1.png"},"sameAs":["http:\/\/mhthobbyracing.com.ar"]}]}},"_links":{"self":[{"href":"https:\/\/mhthobbyracing.com.ar\/index.php\/wp-json\/wp\/v2\/product\/965","targetHints":{"allow":["GET"]}}],"collection":[{"href":"https:\/\/mhthobbyracing.com.ar\/index.php\/wp-json\/wp\/v2\/product"}],"about":[{"href":"https:\/\/mhthobbyracing.com.ar\/index.php\/wp-json\/wp\/v2\/types\/product"}],"replies":[{"embeddable":true,"href":"https:\/\/mhthobbyracing.com.ar\/index.php\/wp-json\/wp\/v2\/comments?post=965"}],"wp:featuredmedia":[{"embeddable":true,"href":"https:\/\/mhthobbyracing.com.ar\/index.php\/wp-json\/wp\/v2\/media\/966"}],"wp:attachment":[{"href":"https:\/\/mhthobbyracing.com.ar\/index.php\/wp-json\/wp\/v2\/media?parent=965"}],"wp:term":[{"taxonomy":"product_brand","embeddable":true,"href":"https:\/\/mhthobbyracing.com.ar\/index.php\/wp-json\/wp\/v2\/product_brand?post=965"},{"taxonomy":"product_cat","embeddable":true,"href":"https:\/\/mhthobbyracing.com.ar\/index.php\/wp-json\/wp\/v2\/product_cat?post=965"},{"taxonomy":"product_tag","embeddable":true,"href":"https:\/\/mhthobbyracing.com.ar\/index.php\/wp-json\/wp\/v2\/product_tag?post=965"}],"curies":[{"name":"wp","href":"https:\/\/api.w.org\/{rel}","templated":true}]}}